{"id":1369,"date":"2017-02-21T21:31:09","date_gmt":"2017-02-21T20:31:09","guid":{"rendered":"http:\/\/entreprise.forum.com.tn\/?page_id=1369"},"modified":"2017-03-15T09:40:19","modified_gmt":"2017-03-15T08:40:19","slug":"plan-du-site","status":"publish","type":"page","link":"http:\/\/www.forum.com.tn\/entreprise\/En\/plan-du-site\/","title":{"rendered":"Sitemap"},"content":{"rendered":"<div class=\"wsp-container\"><h2 class=\"wsp-pages-title\">Pages<\/h2>\n<ul class=\"wsp-pages-list\">\n<li class=\"page_item page-item-83\"><a href=\"http:\/\/www.forum.com.tn\/entreprise\/En\/apropos\/\">ABOUT US<\/a><\/li>\n<li class=\"page_item page-item-4\"><a href=\"http:\/\/www.forum.com.tn\/entreprise\/En\/\">ENTREPRISES<\/a><\/li>\n<li class=\"page_item page-item-669\"><a href=\"http:\/\/www.forum.com.tn\/entreprise\/En\/galerie\/\">Ga<\/a><\/li>\n<li class=\"page_item page-item-93\"><a href=\"http:\/\/www.forum.com.tn\/entreprise\/En\/nos-services\/\">OUR SERVICES<\/a><\/li>\n<li class=\"page_item page-item-680\"><a href=\"http:\/\/www.forum.com.tn\/entreprise\/En\/demande-devis\/\">QUOTE REQUEST<\/a><\/li>\n<li class=\"page_item page-item-1369\"><a href=\"http:\/\/www.forum.com.tn\/entreprise\/En\/plan-du-site\/\">Sitemap<\/a><\/li>\n<li class=\"page_item page-item-91\"><a href=\"http:\/\/www.forum.com.tn\/entreprise\/En\/votre-evenement\/\">YOUR EVENT<\/a><\/li>\n<li class=\"page_item page-item-703\"><a href=\"http:\/\/www.forum.com.tn\/entreprise\/En\/actualites\/\">(Fran\u00e7ais) ACTUALIT\u00c9S<\/a><\/li>\n<li class=\"page_item page-item-1650\"><a href=\"http:\/\/www.forum.com.tn\/entreprise\/En\/confirmation-demande-devis\/\">(Fran\u00e7ais) Confirmation Demande Devis<\/a><\/li>\n<li class=\"page_item page-item-1042\"><a href=\"http:\/\/www.forum.com.tn\/entreprise\/En\/ils-nous-font-confiance\/\">(Fran\u00e7ais) ILS NOUS FONT CONFIANCE<\/a><\/li>\n<li class=\"page_item page-item-89\"><a href=\"http:\/\/www.forum.com.tn\/entreprise\/En\/nos-espaces\/\">(Fran\u00e7ais) NOS ESPACES<\/a><\/li>\n<li class=\"page_item page-item-81\"><a href=\"http:\/\/www.forum.com.tn\/entreprise\/En\/particulier\/\">(Fran\u00e7ais) PARTICULIER<\/a><\/li>\n<li class=\"page_item page-item-713\"><a href=\"http:\/\/www.forum.com.tn\/entreprise\/En\/soiree-a-theme\/\">(Fran\u00e7ais) SOIR\u00c9E \u00c0 TH\u00c8ME<\/a><\/li>\n<li class=\"page_item page-item-671\"><a href=\"http:\/\/www.forum.com.tn\/entreprise\/En\/temoignages\/\">(Fran\u00e7ais) T\u00c9MOIGNAGES<\/a><\/li>\n<li class=\"page_item page-item-95 page_item_has_children\"><a href=\"http:\/\/www.forum.com.tn\/entreprise\/En\/banquets\/\">BANQUETS<\/a>\n<ul class='children'>\n\t<li class=\"page_item page-item-502 page_item_has_children\"><a href=\"http:\/\/www.forum.com.tn\/entreprise\/En\/banquets\/menu-a-la-carte\/\">A La Carte Menu<\/a>\n\t<ul class='children'>\n\t\t<li class=\"page_item page-item-567\"><a href=\"http:\/\/www.forum.com.tn\/entreprise\/En\/banquets\/menu-a-la-carte\/garnitures\/\">Side Dishes<\/a><\/li>\n\t\t<li class=\"page_item page-item-565\"><a href=\"http:\/\/www.forum.com.tn\/entreprise\/En\/banquets\/menu-a-la-carte\/pates\/\">Pasta<\/a><\/li>\n\t\t<li class=\"page_item page-item-569\"><a href=\"http:\/\/www.forum.com.tn\/entreprise\/En\/banquets\/menu-a-la-carte\/plat-principal\/\">Main Course<\/a><\/li>\n\t\t<li class=\"page_item page-item-563\"><a href=\"http:\/\/www.forum.com.tn\/entreprise\/En\/banquets\/menu-a-la-carte\/salades\/\">Salads<\/a><\/li>\n\t\t<li class=\"page_item page-item-561\"><a href=\"http:\/\/www.forum.com.tn\/entreprise\/En\/banquets\/menu-a-la-carte\/entrees\/\">Appetizers<\/a><\/li>\n\t\t<li class=\"page_item page-item-571\"><a href=\"http:\/\/www.forum.com.tn\/entreprise\/En\/banquets\/menu-a-la-carte\/desserts\/\">DESSERTS<\/a><\/li>\n\t<\/ul>\n<\/li>\n\t<li class=\"page_item page-item-498 page_item_has_children\"><a href=\"http:\/\/www.forum.com.tn\/entreprise\/En\/banquets\/cocktail\/\">Cocktail<\/a>\n\t<ul class='children'>\n\t\t<li class=\"page_item page-item-541\"><a href=\"http:\/\/www.forum.com.tn\/entreprise\/En\/banquets\/cocktail\/elite\/\">Elite<\/a><\/li>\n\t\t<li class=\"page_item page-item-543\"><a href=\"http:\/\/www.forum.com.tn\/entreprise\/En\/banquets\/cocktail\/jet-set\/\">Jet Set<\/a><\/li>\n\t\t<li class=\"page_item page-item-547\"><a href=\"http:\/\/www.forum.com.tn\/entreprise\/En\/banquets\/cocktail\/top\/\">Top<\/a><\/li>\n\t\t<li class=\"page_item page-item-545\"><a href=\"http:\/\/www.forum.com.tn\/entreprise\/En\/banquets\/cocktail\/v-i-p\/\">V.I.P<\/a><\/li>\n\t<\/ul>\n<\/li>\n\t<li class=\"page_item page-item-500 page_item_has_children\"><a href=\"http:\/\/www.forum.com.tn\/entreprise\/En\/banquets\/diner-gala\/\">Gala Dinner<\/a>\n\t<ul class='children'>\n\t\t<li class=\"page_item page-item-557\"><a href=\"http:\/\/www.forum.com.tn\/entreprise\/En\/banquets\/diner-gala\/cinq-etoiles\/\">Five Stars<\/a><\/li>\n\t\t<li class=\"page_item page-item-549\"><a href=\"http:\/\/www.forum.com.tn\/entreprise\/En\/banquets\/diner-gala\/palace\/\">Palace<\/a><\/li>\n\t\t<li class=\"page_item page-item-555\"><a href=\"http:\/\/www.forum.com.tn\/entreprise\/En\/banquets\/diner-gala\/quatre-etoiles\/\">Four Stars<\/a><\/li>\n\t\t<li class=\"page_item page-item-559\"><a href=\"http:\/\/www.forum.com.tn\/entreprise\/En\/banquets\/diner-gala\/star-buffet\/\">STAR (Buffet)<\/a><\/li>\n\t<\/ul>\n<\/li>\n\t<li class=\"page_item page-item-473 page_item_has_children\"><a href=\"http:\/\/www.forum.com.tn\/entreprise\/En\/banquets\/dejeuner-ou-diner\/\">Lunch or Dinner<\/a>\n\t<ul class='children'>\n\t\t<li class=\"page_item page-item-482\"><a href=\"http:\/\/www.forum.com.tn\/entreprise\/En\/banquets\/dejeuner-ou-diner\/business-cocktail-dejeunatoire\/\">Business (Lunch Cocktail)<\/a><\/li>\n\t\t<li class=\"page_item page-item-480\"><a href=\"http:\/\/www.forum.com.tn\/entreprise\/En\/banquets\/dejeuner-ou-diner\/executive\/\">Executive<\/a><\/li>\n\t\t<li class=\"page_item page-item-484\"><a href=\"http:\/\/www.forum.com.tn\/entreprise\/En\/banquets\/dejeuner-ou-diner\/first\/\">FIRST<\/a><\/li>\n\t\t<li class=\"page_item page-item-477\"><a href=\"http:\/\/www.forum.com.tn\/entreprise\/En\/banquets\/dejeuner-ou-diner\/pro\/\">PRO<\/a><\/li>\n\t<\/ul>\n<\/li>\n\t<li class=\"page_item page-item-494 page_item_has_children\"><a href=\"http:\/\/www.forum.com.tn\/entreprise\/En\/banquets\/le-sale-fin\/\">Salty Tidbids<\/a>\n\t<ul class='children'>\n\t\t<li class=\"page_item page-item-504\"><a href=\"http:\/\/www.forum.com.tn\/entreprise\/En\/banquets\/le-sale-fin\/les-bouchees-chaudes-froides\/\">Hot &#038; Cold Bites<\/a><\/li>\n\t\t<li class=\"page_item page-item-527\"><a href=\"http:\/\/www.forum.com.tn\/entreprise\/En\/banquets\/le-sale-fin\/les-bouchees-traditionnelles\/\">Traditional Bites<\/a><\/li>\n\t\t<li class=\"page_item page-item-529\"><a href=\"http:\/\/www.forum.com.tn\/entreprise\/En\/banquets\/le-sale-fin\/les-brochettes\/\">Skewers<\/a><\/li>\n\t\t<li class=\"page_item page-item-531\"><a href=\"http:\/\/www.forum.com.tn\/entreprise\/En\/banquets\/le-sale-fin\/les-verrines\/\">Verrines<\/a><\/li>\n\t<\/ul>\n<\/li>\n\t<li class=\"page_item page-item-449 page_item_has_children\"><a href=\"http:\/\/www.forum.com.tn\/entreprise\/En\/banquets\/collation-ou-pause-cafe\/\">Snack or Coffee-Break<\/a>\n\t<ul class='children'>\n\t\t<li class=\"page_item page-item-492\"><a href=\"http:\/\/www.forum.com.tn\/entreprise\/En\/banquets\/collation-ou-pause-cafe\/cocktail-dejeunatoire-chrono\/\">Chrono (Lunch Cocktail)<\/a><\/li>\n\t\t<li class=\"page_item page-item-490\"><a href=\"http:\/\/www.forum.com.tn\/entreprise\/En\/banquets\/collation-ou-pause-cafe\/encas-dejeunatoire\/\">Lunch Snack<\/a><\/li>\n\t\t<li class=\"page_item page-item-486\"><a href=\"http:\/\/www.forum.com.tn\/entreprise\/En\/banquets\/collation-ou-pause-cafe\/pause-cafe-matin\/\">Rich Coffee-Break<\/a><\/li>\n\t\t<li class=\"page_item page-item-488\"><a href=\"http:\/\/www.forum.com.tn\/entreprise\/En\/banquets\/collation-ou-pause-cafe\/pause-cafe-riche\/\">Rich Coffee-Break<\/a><\/li>\n\t<\/ul>\n<\/li>\n\t<li class=\"page_item page-item-496 page_item_has_children\"><a href=\"http:\/\/www.forum.com.tn\/entreprise\/En\/banquets\/delice-sucre\/\">Sweet Tidbits<\/a>\n\t<ul class='children'>\n\t\t<li class=\"page_item page-item-533\"><a href=\"http:\/\/www.forum.com.tn\/entreprise\/En\/banquets\/delice-sucre\/les-bouchees-sucrees\/\">Sweet Bites<\/a><\/li>\n\t\t<li class=\"page_item page-item-539\"><a href=\"http:\/\/www.forum.com.tn\/entreprise\/En\/banquets\/delice-sucre\/les-gateaux-de-ceremonie\/\">Ceremony Cakes<\/a><\/li>\n\t\t<li class=\"page_item page-item-535\"><a href=\"http:\/\/www.forum.com.tn\/entreprise\/En\/banquets\/delice-sucre\/patisseries-tunisiennes\/\">Tunisian Pastries<\/a><\/li>\n\t\t<li class=\"page_item page-item-537\"><a href=\"http:\/\/www.forum.com.tn\/entreprise\/En\/banquets\/delice-sucre\/traditions-revisitees\/\">Tradition Revisited<\/a><\/li>\n\t<\/ul>\n<\/li>\n<\/ul>\n<\/li>\n<li class=\"page_item page-item-1545\"><a href=\"http:\/\/www.forum.com.tn\/entreprise\/En\/confirmation-reservation\/\">Confirmation R\u00e9servation<\/a><\/li>\n<li class=\"page_item page-item-87\"><a href=\"http:\/\/www.forum.com.tn\/entreprise\/En\/contact\/\">CONTACT<\/a><\/li>\n<li class=\"page_item page-item-1532\"><a href=\"http:\/\/www.forum.com.tn\/entreprise\/En\/demande-devis-mariage\/\">Demande Devis Mariage<\/a><\/li>\n<li class=\"page_item page-item-1535\"><a href=\"http:\/\/www.forum.com.tn\/entreprise\/En\/english-demande-devis-professionnel\/\">Demande Devis Professionnel<\/a><\/li>\n<li class=\"page_item page-item-1874\"><a href=\"http:\/\/www.forum.com.tn\/entreprise\/En\/organisation-seminaire-tunisie\/\">Organisation S\u00e9minaire Tunisie<\/a><\/li>\n<li class=\"page_item page-item-779\"><a href=\"http:\/\/www.forum.com.tn\/entreprise\/En\/reservation\/\">R\u00c9SERVATION<\/a><\/li>\n<li class=\"page_item\"><a href=\"http:\/\/www.forum.com.tn\/entreprise\">Forum Entreprise<\/a><\/li><li class=\"page_item\"><a href=\"http:\/\/www.forum.com.tn\/particulier\">Forum Particulier<\/a><\/li><\/ul>\n<\/div>","protected":false},"excerpt":{"rendered":"","protected":false},"author":1,"featured_media":0,"parent":0,"menu_order":0,"comment_status":"closed","ping_status":"closed","template":"templates\/plan.php","meta":[],"_links":{"self":[{"href":"http:\/\/www.forum.com.tn\/entreprise\/En\/wp-json\/wp\/v2\/pages\/1369"}],"collection":[{"href":"http:\/\/www.forum.com.tn\/entreprise\/En\/wp-json\/wp\/v2\/pages"}],"about":[{"href":"http:\/\/www.forum.com.tn\/entreprise\/En\/wp-json\/wp\/v2\/types\/page"}],"author":[{"embeddable":true,"href":"http:\/\/www.forum.com.tn\/entreprise\/En\/wp-json\/wp\/v2\/users\/1"}],"replies":[{"embeddable":true,"href":"http:\/\/www.forum.com.tn\/entreprise\/En\/wp-json\/wp\/v2\/comments?post=1369"}],"version-history":[{"count":2,"href":"http:\/\/www.forum.com.tn\/entreprise\/En\/wp-json\/wp\/v2\/pages\/1369\/revisions"}],"predecessor-version":[{"id":1525,"href":"http:\/\/www.forum.com.tn\/entreprise\/En\/wp-json\/wp\/v2\/pages\/1369\/revisions\/1525"}],"wp:attachment":[{"href":"http:\/\/www.forum.com.tn\/entreprise\/En\/wp-json\/wp\/v2\/media?parent=1369"}],"curies":[{"name":"wp","href":"https:\/\/api.w.org\/{rel}","templated":true}]}}