{"id":713,"date":"2017-01-20T11:34:45","date_gmt":"2017-01-20T10:34:45","guid":{"rendered":"http:\/\/entreprise.forum.com.tn\/?page_id=713"},"modified":"2017-01-20T11:34:45","modified_gmt":"2017-01-20T10:34:45","slug":"soiree-a-theme","status":"publish","type":"page","link":"http:\/\/www.forum.com.tn\/entreprise\/En\/soiree-a-theme\/","title":{"rendered":"(Fran\u00e7ais) SOIR\u00c9E \u00c0 TH\u00c8ME"},"content":{"rendered":"","protected":false},"excerpt":{"rendered":"","protected":false},"author":1,"featured_media":0,"parent":0,"menu_order":0,"comment_status":"closed","ping_status":"closed","template":"","meta":[],"_links":{"self":[{"href":"http:\/\/www.forum.com.tn\/entreprise\/En\/wp-json\/wp\/v2\/pages\/713"}],"collection":[{"href":"http:\/\/www.forum.com.tn\/entreprise\/En\/wp-json\/wp\/v2\/pages"}],"about":[{"href":"http:\/\/www.forum.com.tn\/entreprise\/En\/wp-json\/wp\/v2\/types\/page"}],"author":[{"embeddable":true,"href":"http:\/\/www.forum.com.tn\/entreprise\/En\/wp-json\/wp\/v2\/users\/1"}],"replies":[{"embeddable":true,"href":"http:\/\/www.forum.com.tn\/entreprise\/En\/wp-json\/wp\/v2\/comments?post=713"}],"version-history":[{"count":1,"href":"http:\/\/www.forum.com.tn\/entreprise\/En\/wp-json\/wp\/v2\/pages\/713\/revisions"}],"predecessor-version":[{"id":714,"href":"http:\/\/www.forum.com.tn\/entreprise\/En\/wp-json\/wp\/v2\/pages\/713\/revisions\/714"}],"wp:attachment":[{"href":"http:\/\/www.forum.com.tn\/entreprise\/En\/wp-json\/wp\/v2\/media?parent=713"}],"curies":[{"name":"wp","href":"https:\/\/api.w.org\/{rel}","templated":true}]}}