{"id":1369,"date":"2017-02-21T21:31:09","date_gmt":"2017-02-21T20:31:09","guid":{"rendered":"http:\/\/entreprise.forum.com.tn\/?page_id=1369"},"modified":"2017-03-15T09:40:19","modified_gmt":"2017-03-15T08:40:19","slug":"plan-du-site","status":"publish","type":"page","link":"http:\/\/www.forum.com.tn\/entreprise\/Fr\/plan-du-site\/","title":{"rendered":"PLAN DU SITE"},"content":{"rendered":"<div class=\"wsp-container\"><h2 class=\"wsp-pages-title\">Pages<\/h2>\n<ul class=\"wsp-pages-list\">\n<li class=\"page_item page-item-83\"><a href=\"http:\/\/www.forum.com.tn\/entreprise\/Fr\/apropos\/\">\u00c0 PROPOS<\/a><\/li>\n<li class=\"page_item page-item-4\"><a href=\"http:\/\/www.forum.com.tn\/entreprise\/Fr\/\">ENTREPRISES<\/a><\/li>\n<li class=\"page_item page-item-669\"><a href=\"http:\/\/www.forum.com.tn\/entreprise\/Fr\/galerie\/\">Galerie<\/a><\/li>\n<li class=\"page_item page-item-93\"><a href=\"http:\/\/www.forum.com.tn\/entreprise\/Fr\/nos-services\/\">NOS SERVICES<\/a><\/li>\n<li class=\"page_item page-item-680\"><a href=\"http:\/\/www.forum.com.tn\/entreprise\/Fr\/demande-devis\/\">Demande Devis<\/a><\/li>\n<li class=\"page_item page-item-1369\"><a href=\"http:\/\/www.forum.com.tn\/entreprise\/Fr\/plan-du-site\/\">PLAN DU SITE<\/a><\/li>\n<li class=\"page_item page-item-91\"><a href=\"http:\/\/www.forum.com.tn\/entreprise\/Fr\/votre-evenement\/\">VOTRE \u00c9V\u00c9NEMENT<\/a><\/li>\n<li class=\"page_item page-item-703\"><a href=\"http:\/\/www.forum.com.tn\/entreprise\/Fr\/actualites\/\">ACTUALIT\u00c9S<\/a><\/li>\n<li class=\"page_item page-item-1650\"><a href=\"http:\/\/www.forum.com.tn\/entreprise\/Fr\/confirmation-demande-devis\/\">Confirmation Demande Devis<\/a><\/li>\n<li class=\"page_item page-item-1042\"><a href=\"http:\/\/www.forum.com.tn\/entreprise\/Fr\/ils-nous-font-confiance\/\">ILS NOUS FONT CONFIANCE<\/a><\/li>\n<li class=\"page_item page-item-89\"><a href=\"http:\/\/www.forum.com.tn\/entreprise\/Fr\/nos-espaces\/\">NOS ESPACES<\/a><\/li>\n<li class=\"page_item page-item-81\"><a href=\"http:\/\/www.forum.com.tn\/entreprise\/Fr\/particulier\/\">PARTICULIER<\/a><\/li>\n<li class=\"page_item page-item-713\"><a href=\"http:\/\/www.forum.com.tn\/entreprise\/Fr\/soiree-a-theme\/\">SOIR\u00c9E \u00c0 TH\u00c8ME<\/a><\/li>\n<li class=\"page_item page-item-671\"><a href=\"http:\/\/www.forum.com.tn\/entreprise\/Fr\/temoignages\/\">T\u00c9MOIGNAGES<\/a><\/li>\n<li class=\"page_item page-item-95 page_item_has_children\"><a href=\"http:\/\/www.forum.com.tn\/entreprise\/Fr\/banquets\/\">BANQUETS<\/a>\n<ul class='children'>\n\t<li class=\"page_item page-item-502 page_item_has_children\"><a href=\"http:\/\/www.forum.com.tn\/entreprise\/Fr\/banquets\/menu-a-la-carte\/\">MENU \u00c0 LA CARTE<\/a>\n\t<ul class='children'>\n\t\t<li class=\"page_item page-item-567\"><a href=\"http:\/\/www.forum.com.tn\/entreprise\/Fr\/banquets\/menu-a-la-carte\/garnitures\/\">GARNITURES<\/a><\/li>\n\t\t<li class=\"page_item page-item-565\"><a href=\"http:\/\/www.forum.com.tn\/entreprise\/Fr\/banquets\/menu-a-la-carte\/pates\/\">P\u00c2TES<\/a><\/li>\n\t\t<li class=\"page_item page-item-569\"><a href=\"http:\/\/www.forum.com.tn\/entreprise\/Fr\/banquets\/menu-a-la-carte\/plat-principal\/\">PLAT PRINCIPAL<\/a><\/li>\n\t\t<li class=\"page_item page-item-563\"><a href=\"http:\/\/www.forum.com.tn\/entreprise\/Fr\/banquets\/menu-a-la-carte\/salades\/\">SALADES<\/a><\/li>\n\t\t<li class=\"page_item page-item-561\"><a href=\"http:\/\/www.forum.com.tn\/entreprise\/Fr\/banquets\/menu-a-la-carte\/entrees\/\">Appetizers<\/a><\/li>\n\t\t<li class=\"page_item page-item-571\"><a href=\"http:\/\/www.forum.com.tn\/entreprise\/Fr\/banquets\/menu-a-la-carte\/desserts\/\">DESSERTS<\/a><\/li>\n\t<\/ul>\n<\/li>\n\t<li class=\"page_item page-item-498 page_item_has_children\"><a href=\"http:\/\/www.forum.com.tn\/entreprise\/Fr\/banquets\/cocktail\/\">COCKTAIL<\/a>\n\t<ul class='children'>\n\t\t<li class=\"page_item page-item-541\"><a href=\"http:\/\/www.forum.com.tn\/entreprise\/Fr\/banquets\/cocktail\/elite\/\">ELITE<\/a><\/li>\n\t\t<li class=\"page_item page-item-543\"><a href=\"http:\/\/www.forum.com.tn\/entreprise\/Fr\/banquets\/cocktail\/jet-set\/\">JET SET<\/a><\/li>\n\t\t<li class=\"page_item page-item-547\"><a href=\"http:\/\/www.forum.com.tn\/entreprise\/Fr\/banquets\/cocktail\/top\/\">TOP<\/a><\/li>\n\t\t<li class=\"page_item page-item-545\"><a href=\"http:\/\/www.forum.com.tn\/entreprise\/Fr\/banquets\/cocktail\/v-i-p\/\">V.I.P<\/a><\/li>\n\t<\/ul>\n<\/li>\n\t<li class=\"page_item page-item-500 page_item_has_children\"><a href=\"http:\/\/www.forum.com.tn\/entreprise\/Fr\/banquets\/diner-gala\/\">DINER GALA<\/a>\n\t<ul class='children'>\n\t\t<li class=\"page_item page-item-557\"><a href=\"http:\/\/www.forum.com.tn\/entreprise\/Fr\/banquets\/diner-gala\/cinq-etoiles\/\">CINQ \u00c9TOILES<\/a><\/li>\n\t\t<li class=\"page_item page-item-549\"><a href=\"http:\/\/www.forum.com.tn\/entreprise\/Fr\/banquets\/diner-gala\/palace\/\">PALACE<\/a><\/li>\n\t\t<li class=\"page_item page-item-555\"><a href=\"http:\/\/www.forum.com.tn\/entreprise\/Fr\/banquets\/diner-gala\/quatre-etoiles\/\">QUATRE \u00c9TOILES<\/a><\/li>\n\t\t<li class=\"page_item page-item-559\"><a href=\"http:\/\/www.forum.com.tn\/entreprise\/Fr\/banquets\/diner-gala\/star-buffet\/\">STAR (Buffet)<\/a><\/li>\n\t<\/ul>\n<\/li>\n\t<li class=\"page_item page-item-473 page_item_has_children\"><a href=\"http:\/\/www.forum.com.tn\/entreprise\/Fr\/banquets\/dejeuner-ou-diner\/\">D\u00c9JEUNER OU DINER<\/a>\n\t<ul class='children'>\n\t\t<li class=\"page_item page-item-482\"><a href=\"http:\/\/www.forum.com.tn\/entreprise\/Fr\/banquets\/dejeuner-ou-diner\/business-cocktail-dejeunatoire\/\">BUSINESS (COCKTAIL D\u00c9JEUNATOIRE)<\/a><\/li>\n\t\t<li class=\"page_item page-item-480\"><a href=\"http:\/\/www.forum.com.tn\/entreprise\/Fr\/banquets\/dejeuner-ou-diner\/executive\/\">EX\u00c9CUTIVE<\/a><\/li>\n\t\t<li class=\"page_item page-item-484\"><a href=\"http:\/\/www.forum.com.tn\/entreprise\/Fr\/banquets\/dejeuner-ou-diner\/first\/\">FIRST<\/a><\/li>\n\t\t<li class=\"page_item page-item-477\"><a href=\"http:\/\/www.forum.com.tn\/entreprise\/Fr\/banquets\/dejeuner-ou-diner\/pro\/\">PRO<\/a><\/li>\n\t<\/ul>\n<\/li>\n\t<li class=\"page_item page-item-494 page_item_has_children\"><a href=\"http:\/\/www.forum.com.tn\/entreprise\/Fr\/banquets\/le-sale-fin\/\">LE SAL\u00c9 FIN<\/a>\n\t<ul class='children'>\n\t\t<li class=\"page_item page-item-504\"><a href=\"http:\/\/www.forum.com.tn\/entreprise\/Fr\/banquets\/le-sale-fin\/les-bouchees-chaudes-froides\/\">LES BOUCH\u00c9ES CHAUDES &#038; FROIDES<\/a><\/li>\n\t\t<li class=\"page_item page-item-527\"><a href=\"http:\/\/www.forum.com.tn\/entreprise\/Fr\/banquets\/le-sale-fin\/les-bouchees-traditionnelles\/\">LES BOUCH\u00c9ES TRADITIONNELLES<\/a><\/li>\n\t\t<li class=\"page_item page-item-529\"><a href=\"http:\/\/www.forum.com.tn\/entreprise\/Fr\/banquets\/le-sale-fin\/les-brochettes\/\">LES BROCHETTES<\/a><\/li>\n\t\t<li class=\"page_item page-item-531\"><a href=\"http:\/\/www.forum.com.tn\/entreprise\/Fr\/banquets\/le-sale-fin\/les-verrines\/\">LES VERRINES<\/a><\/li>\n\t<\/ul>\n<\/li>\n\t<li class=\"page_item page-item-449 page_item_has_children\"><a href=\"http:\/\/www.forum.com.tn\/entreprise\/Fr\/banquets\/collation-ou-pause-cafe\/\">COLLATION OU PAUSE CAF\u00c9<\/a>\n\t<ul class='children'>\n\t\t<li class=\"page_item page-item-492\"><a href=\"http:\/\/www.forum.com.tn\/entreprise\/Fr\/banquets\/collation-ou-pause-cafe\/cocktail-dejeunatoire-chrono\/\">COCKTAIL D\u00c9JEUNATOIRE (CHRONO)<\/a><\/li>\n\t\t<li class=\"page_item page-item-490\"><a href=\"http:\/\/www.forum.com.tn\/entreprise\/Fr\/banquets\/collation-ou-pause-cafe\/encas-dejeunatoire\/\">ENCAS D\u00c9JEUNATOIRE<\/a><\/li>\n\t\t<li class=\"page_item page-item-486\"><a href=\"http:\/\/www.forum.com.tn\/entreprise\/Fr\/banquets\/collation-ou-pause-cafe\/pause-cafe-matin\/\">PAUSE CAF\u00c9 MATIN<\/a><\/li>\n\t\t<li class=\"page_item page-item-488\"><a href=\"http:\/\/www.forum.com.tn\/entreprise\/Fr\/banquets\/collation-ou-pause-cafe\/pause-cafe-riche\/\">PAUSE CAF\u00c9 RICHE<\/a><\/li>\n\t<\/ul>\n<\/li>\n\t<li class=\"page_item page-item-496 page_item_has_children\"><a href=\"http:\/\/www.forum.com.tn\/entreprise\/Fr\/banquets\/delice-sucre\/\">D\u00c9LICE SUCR\u00c9<\/a>\n\t<ul class='children'>\n\t\t<li class=\"page_item page-item-533\"><a href=\"http:\/\/www.forum.com.tn\/entreprise\/Fr\/banquets\/delice-sucre\/les-bouchees-sucrees\/\">LES BOUCH\u00c9ES SUCR\u00c9ES<\/a><\/li>\n\t\t<li class=\"page_item page-item-539\"><a href=\"http:\/\/www.forum.com.tn\/entreprise\/Fr\/banquets\/delice-sucre\/les-gateaux-de-ceremonie\/\">LES G\u00c2TEAUX DE C\u00c9R\u00c9MONIE<\/a><\/li>\n\t\t<li class=\"page_item page-item-535\"><a href=\"http:\/\/www.forum.com.tn\/entreprise\/Fr\/banquets\/delice-sucre\/patisseries-tunisiennes\/\">P\u00c2TISSERIES TUNISIENNES<\/a><\/li>\n\t\t<li class=\"page_item page-item-537\"><a href=\"http:\/\/www.forum.com.tn\/entreprise\/Fr\/banquets\/delice-sucre\/traditions-revisitees\/\">TRADITIONS REVISIT\u00c9ES<\/a><\/li>\n\t<\/ul>\n<\/li>\n<\/ul>\n<\/li>\n<li class=\"page_item page-item-1545\"><a href=\"http:\/\/www.forum.com.tn\/entreprise\/Fr\/confirmation-reservation\/\">Confirmation R\u00e9servation<\/a><\/li>\n<li class=\"page_item page-item-87\"><a href=\"http:\/\/www.forum.com.tn\/entreprise\/Fr\/contact\/\">CONTACT<\/a><\/li>\n<li class=\"page_item page-item-1532\"><a href=\"http:\/\/www.forum.com.tn\/entreprise\/Fr\/demande-devis-mariage\/\">Demande Devis Mariage<\/a><\/li>\n<li class=\"page_item page-item-1535\"><a href=\"http:\/\/www.forum.com.tn\/entreprise\/Fr\/english-demande-devis-professionnel\/\">Demande Devis Professionnel<\/a><\/li>\n<li class=\"page_item page-item-1874\"><a href=\"http:\/\/www.forum.com.tn\/entreprise\/Fr\/organisation-seminaire-tunisie\/\">Organisation S\u00e9minaire Tunisie<\/a><\/li>\n<li class=\"page_item page-item-779\"><a href=\"http:\/\/www.forum.com.tn\/entreprise\/Fr\/reservation\/\">R\u00c9SERVATION<\/a><\/li>\n<li class=\"page_item\"><a href=\"http:\/\/www.forum.com.tn\/entreprise\">Forum Entreprise<\/a><\/li><li class=\"page_item\"><a href=\"http:\/\/www.forum.com.tn\/particulier\">Forum Particulier<\/a><\/li><\/ul>\n<\/div>","protected":false},"excerpt":{"rendered":"","protected":false},"author":1,"featured_media":0,"parent":0,"menu_order":0,"comment_status":"closed","ping_status":"closed","template":"templates\/plan.php","meta":[],"_links":{"self":[{"href":"http:\/\/www.forum.com.tn\/entreprise\/Fr\/wp-json\/wp\/v2\/pages\/1369"}],"collection":[{"href":"http:\/\/www.forum.com.tn\/entreprise\/Fr\/wp-json\/wp\/v2\/pages"}],"about":[{"href":"http:\/\/www.forum.com.tn\/entreprise\/Fr\/wp-json\/wp\/v2\/types\/page"}],"author":[{"embeddable":true,"href":"http:\/\/www.forum.com.tn\/entreprise\/Fr\/wp-json\/wp\/v2\/users\/1"}],"replies":[{"embeddable":true,"href":"http:\/\/www.forum.com.tn\/entreprise\/Fr\/wp-json\/wp\/v2\/comments?post=1369"}],"version-history":[{"count":2,"href":"http:\/\/www.forum.com.tn\/entreprise\/Fr\/wp-json\/wp\/v2\/pages\/1369\/revisions"}],"predecessor-version":[{"id":1525,"href":"http:\/\/www.forum.com.tn\/entreprise\/Fr\/wp-json\/wp\/v2\/pages\/1369\/revisions\/1525"}],"wp:attachment":[{"href":"http:\/\/www.forum.com.tn\/entreprise\/Fr\/wp-json\/wp\/v2\/media?parent=1369"}],"curies":[{"name":"wp","href":"https:\/\/api.w.org\/{rel}","templated":true}]}}