{"id":1650,"date":"2017-04-04T15:12:24","date_gmt":"2017-04-04T13:12:24","guid":{"rendered":"http:\/\/entreprise.forum.com.tn\/?page_id=1650"},"modified":"2017-04-04T15:41:47","modified_gmt":"2017-04-04T13:41:47","slug":"confirmation-demande-devis","status":"publish","type":"page","link":"http:\/\/www.forum.com.tn\/entreprise\/Fr\/confirmation-demande-devis\/","title":{"rendered":"Confirmation Demande Devis"},"content":{"rendered":"<div class=\"container intro\">\r\n<strong>{civilit\u00e9} {prenom} {nom}<\/strong>\r\nNous vous remercions pour votre demande et de l'int\u00e9r\u00eat que vous portez pour LE FORUM\r\n\r\nNous vous contacterons dans les meilleurs d\u00e9lais concernant votre {type} en date du {date} avec {nombre} personnes invit\u00e9es.Nous vous convions d\u00e8s \u00e0 pr\u00e9sent \u00e0 une prochaine visite de rep\u00e9rage sur place au FORUM pour appr\u00e9cier les avantages de nos 2 espaces PRESTIGE au RDC (300 pax) et SUPREME au 1er \u00e9tage (600pax).\r\n\r\nMerci pour votre pr\u00e9-r\u00e9servation et \u00e0 bient\u00f4t.\r\n<\/div>","protected":false},"excerpt":{"rendered":"{civilit\u00e9} {prenom} {nom} Nous vous remercions pour votre demande et de l&rsquo;int\u00e9r\u00eat que vous portez pour LE FORUM Nous vous contacterons dans les meilleurs d\u00e9lais concernant votre {type} en date du {date} avec {nombre} personnes invit\u00e9es.Nous vous convions d\u00e8s \u00e0 pr\u00e9sent \u00e0 une prochaine visite de rep\u00e9rage sur place au FORUM pour appr\u00e9cier les avantages <a class=\"read-more\" href=\"http:\/\/www.forum.com.tn\/entreprise\/Fr\/confirmation-demande-devis\/\">&#8230;<\/a>","protected":false},"author":1,"featured_media":0,"parent":0,"menu_order":0,"comment_status":"closed","ping_status":"closed","template":"templates\/confirmation-reservation.php","meta":[],"_links":{"self":[{"href":"http:\/\/www.forum.com.tn\/entreprise\/Fr\/wp-json\/wp\/v2\/pages\/1650"}],"collection":[{"href":"http:\/\/www.forum.com.tn\/entreprise\/Fr\/wp-json\/wp\/v2\/pages"}],"about":[{"href":"http:\/\/www.forum.com.tn\/entreprise\/Fr\/wp-json\/wp\/v2\/types\/page"}],"author":[{"embeddable":true,"href":"http:\/\/www.forum.com.tn\/entreprise\/Fr\/wp-json\/wp\/v2\/users\/1"}],"replies":[{"embeddable":true,"href":"http:\/\/www.forum.com.tn\/entreprise\/Fr\/wp-json\/wp\/v2\/comments?post=1650"}],"version-history":[{"count":3,"href":"http:\/\/www.forum.com.tn\/entreprise\/Fr\/wp-json\/wp\/v2\/pages\/1650\/revisions"}],"predecessor-version":[{"id":1656,"href":"http:\/\/www.forum.com.tn\/entreprise\/Fr\/wp-json\/wp\/v2\/pages\/1650\/revisions\/1656"}],"wp:attachment":[{"href":"http:\/\/www.forum.com.tn\/entreprise\/Fr\/wp-json\/wp\/v2\/media?parent=1650"}],"curies":[{"name":"wp","href":"https:\/\/api.w.org\/{rel}","templated":true}]}}