{"id":1874,"date":"2017-05-22T11:06:07","date_gmt":"2017-05-22T09:06:07","guid":{"rendered":"http:\/\/entreprise.forum.com.tn\/?page_id=1874"},"modified":"2017-05-22T16:30:19","modified_gmt":"2017-05-22T14:30:19","slug":"organisation-seminaire-tunisie","status":"publish","type":"page","link":"http:\/\/www.forum.com.tn\/entreprise\/Fr\/organisation-seminaire-tunisie\/","title":{"rendered":"Organisation S\u00e9minaire Tunisie"},"content":{"rendered":"<H1>Organisation de s\u00e9minaire en Tunisie : l\u2019importance des professionnels<\/H1>\r\n\r\nL\u2019organisation d\u2019un s\u00e9minaire en Tunisie n\u00e9cessite l\u2019intervention de nombreux professionnels. Pour r\u00e9ussir l\u2019organisation de votre s\u00e9minaire, il faut pouvoir tout coordonner et cela demande beaucoup de temps et d\u2019efforts ; Le mieux est donc de se diriger vers un sp\u00e9cialiste de l\u2019organisation de s\u00e9minaires en Tunisie. En revanche, ce sp\u00e9cialiste devra savoir ma\u00eetriser tous les d\u00e9tails de l\u2019organisation allant de la location de salle, jusqu\u2019\u00e0 la logistique n\u00e9cessaire en offrant des mets savoureux lors de la pause-caf\u00e9, d\u00e9jeuner, cocktail, diner-gala et en y incluant des services associ\u00e9s de qualit\u00e9 tel que le son, lumi\u00e8re, projection, d\u00e9co, accueil, traduction, \u2026etc\r\n\r\n<H2> Organiser un s\u00e9minaire en Tunisie : L\u2019importance du d\u00e9tail<\/H2>\r\n\r\nOrganiser un s\u00e9minaire en Tunisie n\u00e9cessite une d\u00e9marche r\u00e9fl\u00e9chie et rigoureuse. Le professionnel de l\u2019organisation d\u2019\u00e9v\u00e9nements d\u2019entreprises doit conna\u00eetre parfaitement le th\u00e8me de votre meeting mais aussi son d\u00e9roulement afin de r\u00e9pondre parfaitement aux attentes. Il y a une grande diff\u00e9rence entre un s\u00e9minaire d\u00e9di\u00e9 \u00e0 am\u00e9liorer la coh\u00e9sion entre les \u00e9quipes et un s\u00e9minaire de pr\u00e9sentation d\u2019une offre ou d\u2019un service. Il faut que le professionnel s\u2019occupe aussi de tous les d\u00e9tails car leur maitrise est un gage de r\u00e9ussite de l\u2019organisation du s\u00e9minaire.\r\n\r\n<H2> Le Forum, pour l\u2019organisation de votre s\u00e9minaire<\/H2>\r\n\r\nLe Forum, situ\u00e9 \u00e0 Tunis vous propose l\u2019organisation de votre s\u00e9minaire professionnel. Nous accordons beaucoup d\u2019importance \u00e0 vous satisfaire et \u00e0 apporter une r\u00e9ponse d\u00e9di\u00e9e. Que vous soyez \u00e0 la recherche d\u2019une salle de commissions ou d\u2019une grande salle pouvant accueillir jusqu\u2019\u00e0 600 personnes, le Forum est un lieu d\u2019exception ind\u00e9niable pour la r\u00e9ussite de votre s\u00e9minaire et en g\u00e9n\u00e9ral vos \u00e9v\u00e9nements d\u2019entreprises.","protected":false},"excerpt":{"rendered":"Organisation de s\u00e9minaire en Tunisie : l\u2019importance des professionnels L\u2019organisation d\u2019un s\u00e9minaire en Tunisie n\u00e9cessite l\u2019intervention de nombreux professionnels. Pour r\u00e9ussir l\u2019organisation de votre s\u00e9minaire, il faut pouvoir tout coordonner et cela demande beaucoup de temps et d\u2019efforts ; Le mieux est donc de se diriger vers un sp\u00e9cialiste de l\u2019organisation de s\u00e9minaires en Tunisie. <a class=\"read-more\" href=\"http:\/\/www.forum.com.tn\/entreprise\/Fr\/organisation-seminaire-tunisie\/\">&#8230;<\/a>","protected":false},"author":1,"featured_media":0,"parent":0,"menu_order":0,"comment_status":"closed","ping_status":"closed","template":"templates\/seminaire.php","meta":[],"_links":{"self":[{"href":"http:\/\/www.forum.com.tn\/entreprise\/Fr\/wp-json\/wp\/v2\/pages\/1874"}],"collection":[{"href":"http:\/\/www.forum.com.tn\/entreprise\/Fr\/wp-json\/wp\/v2\/pages"}],"about":[{"href":"http:\/\/www.forum.com.tn\/entreprise\/Fr\/wp-json\/wp\/v2\/types\/page"}],"author":[{"embeddable":true,"href":"http:\/\/www.forum.com.tn\/entreprise\/Fr\/wp-json\/wp\/v2\/users\/1"}],"replies":[{"embeddable":true,"href":"http:\/\/www.forum.com.tn\/entreprise\/Fr\/wp-json\/wp\/v2\/comments?post=1874"}],"version-history":[{"count":4,"href":"http:\/\/www.forum.com.tn\/entreprise\/Fr\/wp-json\/wp\/v2\/pages\/1874\/revisions"}],"predecessor-version":[{"id":1879,"href":"http:\/\/www.forum.com.tn\/entreprise\/Fr\/wp-json\/wp\/v2\/pages\/1874\/revisions\/1879"}],"wp:attachment":[{"href":"http:\/\/www.forum.com.tn\/entreprise\/Fr\/wp-json\/wp\/v2\/media?parent=1874"}],"curies":[{"name":"wp","href":"https:\/\/api.w.org\/{rel}","templated":true}]}}