{"id":449,"date":"2016-12-26T15:36:00","date_gmt":"2016-12-26T14:36:00","guid":{"rendered":"http:\/\/entreprise.forum.com.tn\/?page_id=449"},"modified":"2017-02-17T00:34:07","modified_gmt":"2017-02-16T23:34:07","slug":"collation-ou-pause-cafe","status":"publish","type":"page","link":"http:\/\/www.forum.com.tn\/entreprise\/Fr\/banquets\/collation-ou-pause-cafe\/","title":{"rendered":"COLLATION OU PAUSE CAF\u00c9"},"content":{"rendered":"<div class=\"main-container-ceromonie\">\r\n<div class=\"container text-ceremonie-full-bg padding-bot\">\r\n<div class=\"row\">\r\n<div class=\"col-md-6 padding-left lesser-padding-right ceremonie-text-p\">LE FORUM propose une pause-caf\u00e9 en buffet au cr\u00e9neau horaire de votre choix. Caf\u00e9, th\u00e9, lait, jus de fruits frais, eau Min\u00e9rale, viennoiseries & g\u00e2teaux secs \u2026 \r\n<\/div>\r\n<div class=\"col-md-6 padding-right lesser-padding-left ceremonie-text-p\">\r\nPour la collation, nous vous offrons le choix d\u2019un en-cas lunch box ou un cocktail chrono avec ses salades fraiches, sandwich de qualit\u00e9, fromage et charcuterie du pays, p\u00e2tisserie fran\u00e7aise\u2026\r\n<\/div>\r\n<\/div>\r\n<\/div>\r\n<\/div>","protected":false},"excerpt":{"rendered":"LE FORUM propose une pause-caf\u00e9 en buffet au cr\u00e9neau horaire de votre choix. Caf\u00e9, th\u00e9, lait, jus de fruits frais, eau Min\u00e9rale, viennoiseries &#038; g\u00e2teaux secs \u2026 Pour la collation, nous vous offrons le choix d\u2019un en-cas lunch box ou un cocktail chrono avec ses salades fraiches, sandwich de qualit\u00e9, fromage et charcuterie du pays, <a class=\"read-more\" href=\"http:\/\/www.forum.com.tn\/entreprise\/Fr\/banquets\/collation-ou-pause-cafe\/\">&#8230;<\/a>","protected":false},"author":1,"featured_media":0,"parent":95,"menu_order":0,"comment_status":"closed","ping_status":"closed","template":"single-collation.php","meta":[],"_links":{"self":[{"href":"http:\/\/www.forum.com.tn\/entreprise\/Fr\/wp-json\/wp\/v2\/pages\/449"}],"collection":[{"href":"http:\/\/www.forum.com.tn\/entreprise\/Fr\/wp-json\/wp\/v2\/pages"}],"about":[{"href":"http:\/\/www.forum.com.tn\/entreprise\/Fr\/wp-json\/wp\/v2\/types\/page"}],"author":[{"embeddable":true,"href":"http:\/\/www.forum.com.tn\/entreprise\/Fr\/wp-json\/wp\/v2\/users\/1"}],"replies":[{"embeddable":true,"href":"http:\/\/www.forum.com.tn\/entreprise\/Fr\/wp-json\/wp\/v2\/comments?post=449"}],"version-history":[{"count":4,"href":"http:\/\/www.forum.com.tn\/entreprise\/Fr\/wp-json\/wp\/v2\/pages\/449\/revisions"}],"predecessor-version":[{"id":1262,"href":"http:\/\/www.forum.com.tn\/entreprise\/Fr\/wp-json\/wp\/v2\/pages\/449\/revisions\/1262"}],"up":[{"embeddable":true,"href":"http:\/\/www.forum.com.tn\/entreprise\/Fr\/wp-json\/wp\/v2\/pages\/95"}],"wp:attachment":[{"href":"http:\/\/www.forum.com.tn\/entreprise\/Fr\/wp-json\/wp\/v2\/media?parent=449"}],"curies":[{"name":"wp","href":"https:\/\/api.w.org\/{rel}","templated":true}]}}