{"id":477,"date":"2016-12-27T17:53:02","date_gmt":"2016-12-27T16:53:02","guid":{"rendered":"http:\/\/entreprise.forum.com.tn\/?page_id=477"},"modified":"2018-05-21T11:48:08","modified_gmt":"2018-05-21T09:48:08","slug":"pro","status":"publish","type":"page","link":"http:\/\/www.forum.com.tn\/entreprise\/Fr\/banquets\/dejeuner-ou-diner\/pro\/","title":{"rendered":"PRO"},"content":{"rendered":"<div class=\"inner-detail-text container\">\r\n<div class=\"liste-fine-bouch\u00e9es\">\r\n<ul>\r\n \t<li><strong>Salade Grecque<\/strong><\/li>\r\n \t<li>Concombre, tomate, poivron, oignon rouge et fromage feta en mac\u00e9doine, thon,<\/li>\r\n \t<li>olives violettes, vinaigrette a l\u2019 Oregon<\/li>\r\n \t<li>***<\/li>\r\n<\/ul>\r\n<\/div>\r\n<div class=\"liste-fine-bouch\u00e9es\">\r\n<ul>\r\n \t<li><strong>Brochette de Poulet aux 15 \u00e9pices<\/strong><\/li>\r\n \t<li>L\u00e9gumes saut\u00e9s aux herbes et ail, Patate au four au beurre ou Riz basmati au<\/li>\r\n \t<li>beurre safran\u00e9<\/li>\r\n \t<li>***<\/li>\r\n<\/ul>\r\n<\/div>\r\n<div class=\"liste-fine-bouch\u00e9es\">\r\n<ul>\r\n \t<li><strong>Coupe Tiramisu<\/strong><\/li>\r\n \t<li>***<\/li>\r\n<\/ul>\r\n<\/div>\r\n<div class=\"tarif\"><span class=\"consulter\"> Tarif (nous consulter)<\/span><\/div>\r\n<div class=\"bottom-footer\"><\/div>\r\n<\/div>\r\n<div class=\"download-section\">\r\n<div class=\"detail-icons\">\r\n<div class=\"send-detail\"><a href=\"#myModal\" data-toggle=\"modal\"> <span id=\"hidden-text\">abcd<\/span><\/a><\/div>\r\n<div class=\"download-detail\"><a href=\"http:\/\/entreprise.forum.com.tn\/wp-content\/uploads\/sites\/2\/2017\/03\/2-Pro.pdf\" target=\"_blank\"> <span id=\"hidden-text\">abcd<\/span><\/a><\/div>\r\n<div class=\"print-detail\"><a href=\"http:\/\/entreprise.forum.com.tn\/wp-content\/uploads\/sites\/2\/2017\/03\/2-Pro.pdf\" target=\"_blank\"> <span id=\"hidden-text\">abcd<\/span><\/a><\/div>\r\n<\/div>\r\n<\/div>","protected":false},"excerpt":{"rendered":"Salade Grecque Concombre, tomate, poivron, oignon rouge et fromage feta en mac\u00e9doine, thon, olives violettes, vinaigrette a l\u2019 Oregon *** Brochette de Poulet aux 15 \u00e9pices L\u00e9gumes saut\u00e9s aux herbes et ail, Patate au four au beurre ou Riz basmati au beurre safran\u00e9 *** Coupe Tiramisu *** Tarif (nous consulter) abcd abcd abcd","protected":false},"author":1,"featured_media":1114,"parent":473,"menu_order":0,"comment_status":"closed","ping_status":"closed","template":"single-detail.php","meta":[],"_links":{"self":[{"href":"http:\/\/www.forum.com.tn\/entreprise\/Fr\/wp-json\/wp\/v2\/pages\/477"}],"collection":[{"href":"http:\/\/www.forum.com.tn\/entreprise\/Fr\/wp-json\/wp\/v2\/pages"}],"about":[{"href":"http:\/\/www.forum.com.tn\/entreprise\/Fr\/wp-json\/wp\/v2\/types\/page"}],"author":[{"embeddable":true,"href":"http:\/\/www.forum.com.tn\/entreprise\/Fr\/wp-json\/wp\/v2\/users\/1"}],"replies":[{"embeddable":true,"href":"http:\/\/www.forum.com.tn\/entreprise\/Fr\/wp-json\/wp\/v2\/comments?post=477"}],"version-history":[{"count":14,"href":"http:\/\/www.forum.com.tn\/entreprise\/Fr\/wp-json\/wp\/v2\/pages\/477\/revisions"}],"predecessor-version":[{"id":1929,"href":"http:\/\/www.forum.com.tn\/entreprise\/Fr\/wp-json\/wp\/v2\/pages\/477\/revisions\/1929"}],"up":[{"embeddable":true,"href":"http:\/\/www.forum.com.tn\/entreprise\/Fr\/wp-json\/wp\/v2\/pages\/473"}],"wp:featuredmedia":[{"embeddable":true,"href":"http:\/\/www.forum.com.tn\/entreprise\/Fr\/wp-json\/wp\/v2\/media\/1114"}],"wp:attachment":[{"href":"http:\/\/www.forum.com.tn\/entreprise\/Fr\/wp-json\/wp\/v2\/media?parent=477"}],"curies":[{"name":"wp","href":"https:\/\/api.w.org\/{rel}","templated":true}]}}