{"id":480,"date":"2016-12-27T18:12:25","date_gmt":"2016-12-27T17:12:25","guid":{"rendered":"http:\/\/entreprise.forum.com.tn\/?page_id=480"},"modified":"2017-07-11T17:50:10","modified_gmt":"2017-07-11T15:50:10","slug":"executive","status":"publish","type":"page","link":"http:\/\/www.forum.com.tn\/entreprise\/Fr\/banquets\/dejeuner-ou-diner\/executive\/","title":{"rendered":"EX\u00c9CUTIVE"},"content":{"rendered":"<div class=\"inner-detail-text container\">\r\n                          \r\n <div class=\"liste-fine-bouch\u00e9es\">\r\n  <ul>\r\n \t<li><strong>Vermicelle chinoise<\/strong><\/li>\r\n\r\n \t<li>Crevette, Poulet et ses l\u00e9gumes croquants <\/li>\r\n\r\n<li> \t*** <\/li>\r\n\r\n\r\n   <\/ul>\r\n  <\/div>\r\n <div class=\"liste-fine-bouch\u00e9es\">\r\n  <ul>\r\n \t<li><strong>Brais\u00e9 de B\u0153uf \u00e0 l\u2019estragon <\/strong><\/li>\r\n\r\n \t<li>Riz au beurre safran\u00e9 et fruits secs \u00e0 la perse, l\u00e9gumes saut\u00e9s aux fines  <\/li>\r\n\r\n<li>herbes <\/li>\r\n\r\n<li> \t*** <\/li>\r\n\r\n\r\n   <\/ul>\r\n  <\/div>\r\n<div class=\"liste-fine-bouch\u00e9es\">\r\n  <ul>\r\n \t<li><strong>Salade de fruits ou fruits de saison<\/strong><\/li>\r\n\r\n \r\n<li> \t*** <\/li>\r\n\r\n\r\n   <\/ul>\r\n  <\/div>\r\n\r\n<div class=\"tarif\">\r\n<span class=\"consulter\"> Tarif (nous consulter)<\/span>\r\n<\/div>\r\n<div class=\"bottom-footer\">\r\n <\/div>\r\n\r\n\r\n\r\n <\/div>\r\n<div class=\"download-section\">\r\n        <div class=\"detail-icons\">\r\n\r\n             <div class=\"send-detail\" >\r\n                <a href=\"#myModal\"  data-toggle=\"modal\"> <span id=\"hidden-text\">abcd<\/span><\/a>\r\n            <\/div>\r\n\r\n\r\n            <div class=\"download-detail\">\r\n                <a href=\"http:\/\/entreprise.forum.com.tn\/wp-content\/uploads\/sites\/2\/2017\/07\/3-Executive.pdf\" target=\"_blank\"> <span id=\"hidden-text\">abcd<\/span><\/a>\r\n            <\/div>\r\n\r\n            <div class=\"print-detail\">\r\n                <a href=\"http:\/\/entreprise.forum.com.tn\/wp-content\/uploads\/sites\/2\/2017\/07\/3-Executive.pdf\" target=\"_blank\"> <span id=\"hidden-text\">abcd<\/span><\/a>\r\n            <\/div>\r\n\r\n        <\/div>\r\n    <\/div>","protected":false},"excerpt":{"rendered":"Vermicelle chinoise Crevette, Poulet et ses l\u00e9gumes croquants *** Brais\u00e9 de B\u0153uf \u00e0 l\u2019estragon Riz au beurre safran\u00e9 et fruits secs \u00e0 la perse, l\u00e9gumes saut\u00e9s aux fines herbes *** Salade de fruits ou fruits de saison *** Tarif (nous consulter) abcd abcd abcd","protected":false},"author":1,"featured_media":1115,"parent":473,"menu_order":0,"comment_status":"closed","ping_status":"closed","template":"single-detail.php","meta":[],"_links":{"self":[{"href":"http:\/\/www.forum.com.tn\/entreprise\/Fr\/wp-json\/wp\/v2\/pages\/480"}],"collection":[{"href":"http:\/\/www.forum.com.tn\/entreprise\/Fr\/wp-json\/wp\/v2\/pages"}],"about":[{"href":"http:\/\/www.forum.com.tn\/entreprise\/Fr\/wp-json\/wp\/v2\/types\/page"}],"author":[{"embeddable":true,"href":"http:\/\/www.forum.com.tn\/entreprise\/Fr\/wp-json\/wp\/v2\/users\/1"}],"replies":[{"embeddable":true,"href":"http:\/\/www.forum.com.tn\/entreprise\/Fr\/wp-json\/wp\/v2\/comments?post=480"}],"version-history":[{"count":12,"href":"http:\/\/www.forum.com.tn\/entreprise\/Fr\/wp-json\/wp\/v2\/pages\/480\/revisions"}],"predecessor-version":[{"id":1893,"href":"http:\/\/www.forum.com.tn\/entreprise\/Fr\/wp-json\/wp\/v2\/pages\/480\/revisions\/1893"}],"up":[{"embeddable":true,"href":"http:\/\/www.forum.com.tn\/entreprise\/Fr\/wp-json\/wp\/v2\/pages\/473"}],"wp:featuredmedia":[{"embeddable":true,"href":"http:\/\/www.forum.com.tn\/entreprise\/Fr\/wp-json\/wp\/v2\/media\/1115"}],"wp:attachment":[{"href":"http:\/\/www.forum.com.tn\/entreprise\/Fr\/wp-json\/wp\/v2\/media?parent=480"}],"curies":[{"name":"wp","href":"https:\/\/api.w.org\/{rel}","templated":true}]}}