{"id":482,"date":"2016-12-27T18:27:14","date_gmt":"2016-12-27T17:27:14","guid":{"rendered":"http:\/\/entreprise.forum.com.tn\/?page_id=482"},"modified":"2017-04-27T16:53:31","modified_gmt":"2017-04-27T14:53:31","slug":"business-cocktail-dejeunatoire","status":"publish","type":"page","link":"http:\/\/www.forum.com.tn\/entreprise\/Fr\/banquets\/dejeuner-ou-diner\/business-cocktail-dejeunatoire\/","title":{"rendered":"BUSINESS (COCKTAIL D\u00c9JEUNATOIRE)"},"content":{"rendered":"<div class=\"inner-detail-text container\">\r\n                          \r\n <div class=\"liste-fine-bouch\u00e9es\">\r\n  <ul>\r\n \t<li><strong>La palette froide <\/strong><\/li>\r\n\r\n \t<li>Miroir de Fromages du pays ou Mini-Brochette Fromage-Olive  <\/li>\r\n\r\n<li>Miroir de Charcuteries ou Mini brochette Jambon-Ananas<\/li>\r\n<li>Salade 2 vari\u00e9t\u00e9s au choix  (C\u00e9sar, de Pates, de Riz, mac\u00e9doine,)<\/li>\r\n\r\n<li>Condiment (olives, harissa, oignon) <\/li>\r\n\r\n<li>B\u00e2tonnet concombre carotte fromage a\u00e9r\u00e9<\/li>\r\n\r\n\r\n<li> \t*** <\/li>\r\n\r\n\r\n   <\/ul>\r\n  <\/div>\r\n<div class=\"liste-fine-bouch\u00e9es\">\r\n  <ul>\r\n \t<li><strong>Notre Sp\u00e9cialit\u00e9<\/strong><\/li>\r\n\r\n \t<li>Verrine du Chef au choix  <\/li>\r\n\r\n<li>(Poulet \/ champignon - Seiche\/l\u00e9gume  -  Tomate \/ mozzarella - Verrine Risotto <\/li>\r\n<li>Salade 2 vari\u00e9t\u00e9s au choix  (C\u00e9sar, de Pates, de Riz, mac\u00e9doine,)<\/li>\r\n\r\n<li>fruits de mer)   <\/li>\r\n\r\n<li>Verrine Exotique au choix<\/li>\r\n<li>(Crevette\/ananas - Nouille chinoise au poulet & crevette)<\/li>\r\n\r\n<li> \t*** <\/li>\r\n\r\n\r\n   <\/ul>\r\n  <\/div>\r\n<div class=\"liste-fine-bouch\u00e9es\">\r\n  <ul>\r\n \t<li><strong>Canap\u00e9s Chauds <\/strong><\/li>\r\n\r\n \t<li>Notre S\u00e9lection de D\u00e9licieuses bouch\u00e9es gourmandes Monte \/ Mare <\/li>\r\n\r\n<li>Mini tartes vari\u00e9s  (poulet \u2013 viande) <\/li>\r\n\r\n<li> \t*** <\/li>\r\n\r\n\r\n   <\/ul>\r\n  <\/div>\r\n<div class=\"liste-fine-bouch\u00e9es\">\r\n  <ul>\r\n \t<li><strong>En passaround<\/strong><\/li>\r\n\r\n \t<li>Crevette Malsouka<\/li>\r\n\r\n<li>Mini Brochette Bnadek aux l\u00e9gumes <\/li>\r\n<li>Mini Brochette Poulet<\/li>\r\n<li>Mini Brochette Viande<\/li>\r\n\r\n<li> \t*** <\/li>\r\n\r\n\r\n   <\/ul>\r\n  <\/div>\r\n<div class=\"liste-fine-bouch\u00e9es\">\r\n  <ul>\r\n \t<li><strong>Nos Entremets<\/strong><\/li>\r\n\r\n \t<li>Mini G\u00e2teaux Soir\u00e9es<\/li>\r\n\r\n<li>Verrines de Mousses Diverses<\/li>\r\n<li>Mini Tartelettes aux Fruits<\/li>\r\n\r\n\r\n<li> \t*** <\/li>\r\n<div class=\"liste-fine-bouch\u00e9es\">\r\n  <ul>\r\n \t<li><strong>Nos Fruits<\/strong><\/li>\r\n\r\n \t<li>Palette de Fruits de Saison Frais<\/li>\r\n\r\n<li>ou<\/li>\r\n<li>Fontaine de Chocolat & Ses Mini Brochettes de Fruits Frais & Exotiques <\/li>\r\n\r\n\r\n<li> \t*** <\/li>\r\n\r\n\r\n   <\/ul>\r\n  <\/div>\r\n<div class=\"liste-fine-bouch\u00e9es\">\r\n  <ul>\r\n \t<li><strong>Nos Boissons non Alcoolis\u00e9es \u00e0 Volont\u00e9 <\/strong><\/li>\r\n\r\n \t<li>Eau Min\u00e9rale, Sodas, Jus de fruits frais (kiwi, fraise, citronnade fraiche, <\/li>\r\n\r\n<li>autre parfum au choix selon saison)<\/li>\r\n\r\n\r\n\r\n<li> \t*** <\/li>\r\n\r\n\r\n   <\/ul>\r\n  <\/div>\r\n<div class=\"tarif\">\r\n<span class=\"consulter\">Tarif (nous consulter)<\/span>\r\n<\/div>\r\n<div class=\"bottom-footer\">\r\n <\/div>\r\n <\/div>\r\n <\/div>\r\n<div class=\"download-section\">\r\n        <div class=\"detail-icons\">\r\n\r\n             <div class=\"send-detail\" >\r\n                <a href=\"#myModal\"  data-toggle=\"modal\"> <span id=\"hidden-text\">abcd<\/span><\/a>\r\n            <\/div>\r\n\r\n            <div class=\"download-detail\">\r\n                <a href=\"http:\/\/entreprise.forum.com.tn\/wp-content\/uploads\/sites\/2\/2017\/03\/4-Business-BUFFET.pdf\" target=\"_blank\"> <span id=\"hidden-text\">abcd<\/span><\/a>\r\n            <\/div>\r\n\r\n            <div class=\"print-detail\">\r\n                <a href=\"http:\/\/entreprise.forum.com.tn\/wp-content\/uploads\/sites\/2\/2017\/03\/4-Business-BUFFET.pdf\" target=\"_blank\"> <span id=\"hidden-text\">abcd<\/span><\/a>\r\n            <\/div>\r\n\r\n        <\/div>\r\n    <\/div>","protected":false},"excerpt":{"rendered":"La palette froide Miroir de Fromages du pays ou Mini-Brochette Fromage-Olive Miroir de Charcuteries ou Mini brochette Jambon-Ananas Salade 2 vari\u00e9t\u00e9s au choix (C\u00e9sar, de Pates, de Riz, mac\u00e9doine,) Condiment (olives, harissa, oignon) B\u00e2tonnet concombre carotte fromage a\u00e9r\u00e9 *** Notre Sp\u00e9cialit\u00e9 Verrine du Chef au choix (Poulet \/ champignon &#8211; Seiche\/l\u00e9gume &#8211; Tomate \/ mozzarella <a class=\"read-more\" href=\"http:\/\/www.forum.com.tn\/entreprise\/Fr\/banquets\/dejeuner-ou-diner\/business-cocktail-dejeunatoire\/\">&#8230;<\/a>","protected":false},"author":1,"featured_media":1112,"parent":473,"menu_order":0,"comment_status":"closed","ping_status":"closed","template":"single-detail.php","meta":[],"_links":{"self":[{"href":"http:\/\/www.forum.com.tn\/entreprise\/Fr\/wp-json\/wp\/v2\/pages\/482"}],"collection":[{"href":"http:\/\/www.forum.com.tn\/entreprise\/Fr\/wp-json\/wp\/v2\/pages"}],"about":[{"href":"http:\/\/www.forum.com.tn\/entreprise\/Fr\/wp-json\/wp\/v2\/types\/page"}],"author":[{"embeddable":true,"href":"http:\/\/www.forum.com.tn\/entreprise\/Fr\/wp-json\/wp\/v2\/users\/1"}],"replies":[{"embeddable":true,"href":"http:\/\/www.forum.com.tn\/entreprise\/Fr\/wp-json\/wp\/v2\/comments?post=482"}],"version-history":[{"count":14,"href":"http:\/\/www.forum.com.tn\/entreprise\/Fr\/wp-json\/wp\/v2\/pages\/482\/revisions"}],"predecessor-version":[{"id":1843,"href":"http:\/\/www.forum.com.tn\/entreprise\/Fr\/wp-json\/wp\/v2\/pages\/482\/revisions\/1843"}],"up":[{"embeddable":true,"href":"http:\/\/www.forum.com.tn\/entreprise\/Fr\/wp-json\/wp\/v2\/pages\/473"}],"wp:featuredmedia":[{"embeddable":true,"href":"http:\/\/www.forum.com.tn\/entreprise\/Fr\/wp-json\/wp\/v2\/media\/1112"}],"wp:attachment":[{"href":"http:\/\/www.forum.com.tn\/entreprise\/Fr\/wp-json\/wp\/v2\/media?parent=482"}],"curies":[{"name":"wp","href":"https:\/\/api.w.org\/{rel}","templated":true}]}}