{"id":484,"date":"2016-12-27T18:30:21","date_gmt":"2016-12-27T17:30:21","guid":{"rendered":"http:\/\/entreprise.forum.com.tn\/?page_id=484"},"modified":"2017-04-27T16:54:33","modified_gmt":"2017-04-27T14:54:33","slug":"first","status":"publish","type":"page","link":"http:\/\/www.forum.com.tn\/entreprise\/Fr\/banquets\/dejeuner-ou-diner\/first\/","title":{"rendered":"FIRST"},"content":{"rendered":"<div class=\"inner-detail-text container\">\r\n                          \r\n <div class=\"liste-fine-bouch\u00e9es\">\r\n  <ul>\r\n \t<li><strong>Salade C\u00e9sar<\/strong><\/li>\r\n\r\n \t<li>Poulet parmesan <\/li>\r\n\r\n<li> \t*** <\/li>\r\n\r\n\r\n   <\/ul>\r\n  <\/div>\r\n<div class=\"liste-fine-bouch\u00e9es\">\r\n  <ul>\r\n \t<li><strong>Loup de mer <\/strong><\/li>\r\n\r\n \t<li>En papillote et ses l\u00e9gumes croquants <\/li>\r\n\r\n<li>L\u00e9gumes grill\u00e9s confits au vinaigre de x\u00e9r\u00e8s, <\/li>\r\n<li>Accompagn\u00e9 de savonnettes de pomme de terre po\u00eal\u00e9es<\/li>\r\n<li> \t*** <\/li>\r\n\r\n\r\n   <\/ul>\r\n  <\/div>\r\n<div class=\"liste-fine-bouch\u00e9es\">\r\n  <ul>\r\n \t<li><strong>Fondant au chocolat \u00e0 la mode<\/strong><\/li>\r\n\r\n \t<li> et boule de glace \u00e0 la vanille de Madagascar <\/li>\r\n\r\n<li> \t*** <\/li>\r\n\r\n\r\n   <\/ul>\r\n  <\/div>\r\n<div class=\"liste-fine-bouch\u00e9es\">\r\n  <ul>\r\n \t<li><strong>En passaround<\/strong><\/li>\r\n\r\n \t<li>Crevette Malsouka<\/li>\r\n\r\n<li>Mini Brochette Bnadek aux l\u00e9gumes <\/li>\r\n<li>Mini Brochette Poulet<\/li>\r\n<li>Mini Brochette Viande<\/li>\r\n\r\n<li> \t*** <\/li>\r\n\r\n\r\n   <\/ul>\r\n  <\/div>\r\n<div class=\"liste-fine-bouch\u00e9es\">\r\n  <ul>\r\n \t<li><strong>Nos Entremets<\/strong><\/li>\r\n\r\n \t<li>Mini G\u00e2teaux Soir\u00e9es<\/li>\r\n\r\n<li>Verrines de Mousses Diverses<\/li>\r\n<li>Mini Tartelettes aux Fruits<\/li>\r\n\r\n\r\n<li> \t*** <\/li>\r\n<div class=\"liste-fine-bouch\u00e9es\">\r\n  <ul>\r\n \t<li><strong>Nos Fruits<\/strong><\/li>\r\n\r\n \t<li>Palette de Fruits de Saison Frais<\/li>\r\n\r\n<li>ou<\/li>\r\n<li>Fontaine de Chocolat & Ses Mini Brochettes de Fruits Frais & Exotiques <\/li>\r\n\r\n\r\n<li> \t*** <\/li>\r\n\r\n\r\n   <\/ul>\r\n  <\/div>\r\n<div class=\"liste-fine-bouch\u00e9es\">\r\n  <ul>\r\n \t<li><strong>Nos Boissons non Alcoolis\u00e9es \u00e0 Volont\u00e9 <\/strong><\/li>\r\n\r\n \t<li>Eau Min\u00e9rale, Sodas, Jus de fruits frais (kiwi, fraise, citronnade fraiche, <\/li>\r\n\r\n<li>autre parfum au choix selon saison)<\/li>\r\n\r\n\r\n\r\n<li> \t*** <\/li>\r\n\r\n\r\n   <\/ul>\r\n  <\/div>\r\n<div class=\"tarif\">\r\n <span class=\"consulter\">Tarif (nous consulter)<\/span>\r\n<\/div>\r\n<div class=\"bottom-footer\">\r\n <\/div>\r\n            <\/div>\r\n\r\n\r\n\r\n <\/div>\r\n<div class=\"download-section\">\r\n        <div class=\"detail-icons\">\r\n\r\n            <div class=\"send-detail\" >\r\n                <a href=\"#myModal\"  data-toggle=\"modal\"> <span id=\"hidden-text\">abcd<\/span><\/a>\r\n            <\/div>\r\n\r\n\r\n            <div class=\"download-detail\">\r\n                <a href=\"http:\/\/entreprise.forum.com.tn\/wp-content\/uploads\/sites\/2\/2017\/03\/5-First.pdf\" target=\"_blank\"> <span id=\"hidden-text\">abcd<\/span><\/a>\r\n            <\/div>\r\n\r\n            <div class=\"print-detail\">\r\n                <a href=\"http:\/\/entreprise.forum.com.tn\/wp-content\/uploads\/sites\/2\/2017\/03\/5-First.pdf\" target=\"_blank\"> <span id=\"hidden-text\">abcd<\/span><\/a>\r\n            <\/div>\r\n\r\n        <\/div>\r\n    <\/div>","protected":false},"excerpt":{"rendered":"Salade C\u00e9sar Poulet parmesan *** Loup de mer En papillote et ses l\u00e9gumes croquants L\u00e9gumes grill\u00e9s confits au vinaigre de x\u00e9r\u00e8s, Accompagn\u00e9 de savonnettes de pomme de terre po\u00eal\u00e9es *** Fondant au chocolat \u00e0 la mode et boule de glace \u00e0 la vanille de Madagascar *** En passaround Crevette Malsouka Mini Brochette Bnadek aux l\u00e9gumes <a class=\"read-more\" href=\"http:\/\/www.forum.com.tn\/entreprise\/Fr\/banquets\/dejeuner-ou-diner\/first\/\">&#8230;<\/a>","protected":false},"author":1,"featured_media":1113,"parent":473,"menu_order":0,"comment_status":"closed","ping_status":"closed","template":"single-detail.php","meta":[],"_links":{"self":[{"href":"http:\/\/www.forum.com.tn\/entreprise\/Fr\/wp-json\/wp\/v2\/pages\/484"}],"collection":[{"href":"http:\/\/www.forum.com.tn\/entreprise\/Fr\/wp-json\/wp\/v2\/pages"}],"about":[{"href":"http:\/\/www.forum.com.tn\/entreprise\/Fr\/wp-json\/wp\/v2\/types\/page"}],"author":[{"embeddable":true,"href":"http:\/\/www.forum.com.tn\/entreprise\/Fr\/wp-json\/wp\/v2\/users\/1"}],"replies":[{"embeddable":true,"href":"http:\/\/www.forum.com.tn\/entreprise\/Fr\/wp-json\/wp\/v2\/comments?post=484"}],"version-history":[{"count":13,"href":"http:\/\/www.forum.com.tn\/entreprise\/Fr\/wp-json\/wp\/v2\/pages\/484\/revisions"}],"predecessor-version":[{"id":1844,"href":"http:\/\/www.forum.com.tn\/entreprise\/Fr\/wp-json\/wp\/v2\/pages\/484\/revisions\/1844"}],"up":[{"embeddable":true,"href":"http:\/\/www.forum.com.tn\/entreprise\/Fr\/wp-json\/wp\/v2\/pages\/473"}],"wp:featuredmedia":[{"embeddable":true,"href":"http:\/\/www.forum.com.tn\/entreprise\/Fr\/wp-json\/wp\/v2\/media\/1113"}],"wp:attachment":[{"href":"http:\/\/www.forum.com.tn\/entreprise\/Fr\/wp-json\/wp\/v2\/media?parent=484"}],"curies":[{"name":"wp","href":"https:\/\/api.w.org\/{rel}","templated":true}]}}