{"id":486,"date":"2016-12-27T18:33:56","date_gmt":"2016-12-27T17:33:56","guid":{"rendered":"http:\/\/entreprise.forum.com.tn\/?page_id=486"},"modified":"2017-04-27T16:56:37","modified_gmt":"2017-04-27T14:56:37","slug":"pause-cafe-matin","status":"publish","type":"page","link":"http:\/\/www.forum.com.tn\/entreprise\/Fr\/banquets\/collation-ou-pause-cafe\/pause-cafe-matin\/","title":{"rendered":"PAUSE CAF\u00c9 MATIN"},"content":{"rendered":"<div class=\"inner-detail-text container\">\r\n<div class=\"liste-fine-bouch\u00e9es\">\r\n<ul>\r\n \t<li>Caf\u00e9, Th\u00e9 &amp; Lait<\/li>\r\n \t<li>***<\/li>\r\n \t<li>Jus de fruits frais<\/li>\r\n \t<li>***<\/li>\r\n \t<li>Viennoiseries &amp; G\u00e2teaux secs<\/li>\r\n \t<li>***<\/li>\r\n \t<li>Eau Min\u00e9rale<\/li>\r\n \t<li>***<\/li>\r\n<\/ul>\r\n<\/div>\r\n<div class=\"personnalisez-formule\"><\/div>\r\n<\/div>\r\n<div class=\"tarif\">\r\n <span class=\"consulter\"> Tarif (nous consulter)<\/span>\r\n<\/div>\r\n<\/div>\r\n<div class=\"download-section\">\r\n<div class=\"detail-icons\">\r\n <div class=\"send-detail\" >\r\n                <a href=\"#myModal\"  data-toggle=\"modal\"> <span id=\"hidden-text\">abcd<\/span><\/a>\r\n            <\/div><div class=\"download-detail\"><a href=\"http:\/\/entreprise.forum.com.tn\/wp-content\/uploads\/sites\/2\/2017\/03\/1-Pause-Cafe-Matin.pdf\" target=\"_blank\"> <span id=\"hidden-text\">abcd<\/span><\/a><\/div>\r\n<div class=\"print-detail\"><a href=\"http:\/\/entreprise.forum.com.tn\/wp-content\/uploads\/sites\/2\/2017\/03\/1-Pause-Cafe-Matin.pdf\" target=\"_blank\"> <span id=\"hidden-text\">abcd<\/span><\/a><\/div>\r\n<\/div>\r\n<\/div>","protected":false},"excerpt":{"rendered":"Caf\u00e9, Th\u00e9 &amp; Lait *** Jus de fruits frais *** Viennoiseries &amp; G\u00e2teaux secs *** Eau Min\u00e9rale *** Tarif (nous consulter) abcd abcd abcd","protected":false},"author":1,"featured_media":1118,"parent":449,"menu_order":0,"comment_status":"closed","ping_status":"closed","template":"single-detail.php","meta":[],"_links":{"self":[{"href":"http:\/\/www.forum.com.tn\/entreprise\/Fr\/wp-json\/wp\/v2\/pages\/486"}],"collection":[{"href":"http:\/\/www.forum.com.tn\/entreprise\/Fr\/wp-json\/wp\/v2\/pages"}],"about":[{"href":"http:\/\/www.forum.com.tn\/entreprise\/Fr\/wp-json\/wp\/v2\/types\/page"}],"author":[{"embeddable":true,"href":"http:\/\/www.forum.com.tn\/entreprise\/Fr\/wp-json\/wp\/v2\/users\/1"}],"replies":[{"embeddable":true,"href":"http:\/\/www.forum.com.tn\/entreprise\/Fr\/wp-json\/wp\/v2\/comments?post=486"}],"version-history":[{"count":12,"href":"http:\/\/www.forum.com.tn\/entreprise\/Fr\/wp-json\/wp\/v2\/pages\/486\/revisions"}],"predecessor-version":[{"id":1845,"href":"http:\/\/www.forum.com.tn\/entreprise\/Fr\/wp-json\/wp\/v2\/pages\/486\/revisions\/1845"}],"up":[{"embeddable":true,"href":"http:\/\/www.forum.com.tn\/entreprise\/Fr\/wp-json\/wp\/v2\/pages\/449"}],"wp:featuredmedia":[{"embeddable":true,"href":"http:\/\/www.forum.com.tn\/entreprise\/Fr\/wp-json\/wp\/v2\/media\/1118"}],"wp:attachment":[{"href":"http:\/\/www.forum.com.tn\/entreprise\/Fr\/wp-json\/wp\/v2\/media?parent=486"}],"curies":[{"name":"wp","href":"https:\/\/api.w.org\/{rel}","templated":true}]}}