{"id":488,"date":"2016-12-27T18:35:13","date_gmt":"2016-12-27T17:35:13","guid":{"rendered":"http:\/\/entreprise.forum.com.tn\/?page_id=488"},"modified":"2017-04-27T16:57:02","modified_gmt":"2017-04-27T14:57:02","slug":"pause-cafe-riche","status":"publish","type":"page","link":"http:\/\/www.forum.com.tn\/entreprise\/Fr\/banquets\/collation-ou-pause-cafe\/pause-cafe-riche\/","title":{"rendered":"PAUSE CAF\u00c9 RICHE"},"content":{"rendered":"<div class=\"inner-detail-text container\">\r\n                          \r\n <div class=\"liste-fine-bouch\u00e9es\">\r\n  <ul>\r\n \t<li>Caf\u00e9, Th\u00e9 & Lait<\/li>\r\n<li> \t*** <\/li>\r\n        \r\n \t<li>Jus de fruits frais<\/li>\r\n<li> \t*** <\/li>\r\n<li>Sal\u00e9s & P\u00e2tisseries Fran\u00e7aises<\/li>\r\n\r\n<li> \t*** <\/li>\r\n<li>Eau Min\u00e9rale<\/li>\r\n<li> \t*** <\/li>\r\n\r\n   <\/ul>\r\n  <\/div>\r\n\r\n<div class=\"tarif\">\r\n <span class=\"consulter\"> Tarif (nous consulter)<\/span>\r\n<\/div>\r\n<\/div>\r\n<div class=\"download-section\">\r\n        <div class=\"detail-icons\">\r\n\r\n            <div class=\"send-detail\" >\r\n                <a href=\"#myModal\"  data-toggle=\"modal\"> <span id=\"hidden-text\">abcd<\/span><\/a>\r\n            <\/div>\r\n\r\n\r\n            <div class=\"download-detail\">\r\n                <a href=\"http:\/\/entreprise.forum.com.tn\/wp-content\/uploads\/sites\/2\/2017\/03\/2-Pause-Cafe-Riche.pdf\" target=\"_blank\"> <span id=\"hidden-text\">abcd<\/span><\/a>\r\n            <\/div>\r\n\r\n            <div class=\"print-detail\">\r\n                <a href=\"http:\/\/entreprise.forum.com.tn\/wp-content\/uploads\/sites\/2\/2017\/03\/2-Pause-Cafe-Riche.pdf\" target=\"_blank\"> <span id=\"hidden-text\">abcd<\/span><\/a>\r\n            <\/div>\r\n\r\n        <\/div>\r\n    <\/div>","protected":false},"excerpt":{"rendered":"Caf\u00e9, Th\u00e9 &#038; Lait *** Jus de fruits frais *** Sal\u00e9s &#038; P\u00e2tisseries Fran\u00e7aises *** Eau Min\u00e9rale *** Tarif (nous consulter) abcd abcd abcd","protected":false},"author":1,"featured_media":1119,"parent":449,"menu_order":0,"comment_status":"closed","ping_status":"closed","template":"single-detail.php","meta":[],"_links":{"self":[{"href":"http:\/\/www.forum.com.tn\/entreprise\/Fr\/wp-json\/wp\/v2\/pages\/488"}],"collection":[{"href":"http:\/\/www.forum.com.tn\/entreprise\/Fr\/wp-json\/wp\/v2\/pages"}],"about":[{"href":"http:\/\/www.forum.com.tn\/entreprise\/Fr\/wp-json\/wp\/v2\/types\/page"}],"author":[{"embeddable":true,"href":"http:\/\/www.forum.com.tn\/entreprise\/Fr\/wp-json\/wp\/v2\/users\/1"}],"replies":[{"embeddable":true,"href":"http:\/\/www.forum.com.tn\/entreprise\/Fr\/wp-json\/wp\/v2\/comments?post=488"}],"version-history":[{"count":11,"href":"http:\/\/www.forum.com.tn\/entreprise\/Fr\/wp-json\/wp\/v2\/pages\/488\/revisions"}],"predecessor-version":[{"id":1846,"href":"http:\/\/www.forum.com.tn\/entreprise\/Fr\/wp-json\/wp\/v2\/pages\/488\/revisions\/1846"}],"up":[{"embeddable":true,"href":"http:\/\/www.forum.com.tn\/entreprise\/Fr\/wp-json\/wp\/v2\/pages\/449"}],"wp:featuredmedia":[{"embeddable":true,"href":"http:\/\/www.forum.com.tn\/entreprise\/Fr\/wp-json\/wp\/v2\/media\/1119"}],"wp:attachment":[{"href":"http:\/\/www.forum.com.tn\/entreprise\/Fr\/wp-json\/wp\/v2\/media?parent=488"}],"curies":[{"name":"wp","href":"https:\/\/api.w.org\/{rel}","templated":true}]}}