{"id":490,"date":"2016-12-27T18:37:14","date_gmt":"2016-12-27T17:37:14","guid":{"rendered":"http:\/\/entreprise.forum.com.tn\/?page_id=490"},"modified":"2017-04-27T16:57:27","modified_gmt":"2017-04-27T14:57:27","slug":"encas-dejeunatoire","status":"publish","type":"page","link":"http:\/\/www.forum.com.tn\/entreprise\/Fr\/banquets\/collation-ou-pause-cafe\/encas-dejeunatoire\/","title":{"rendered":"ENCAS D\u00c9JEUNATOIRE"},"content":{"rendered":"<div class=\"inner-detail-text\">\r\n                          \r\n <div class=\"liste-fine-bouch\u00e9es\">\r\n  <ul>\r\n \t<li>Salade C\u00e9sar ou Salade Grecque<\/li>\r\n<li> \t*** <\/li>\r\n        \r\n \t<li>Mini-Sandwich thon ou poulet<\/li>\r\n<li> \t*** <\/li>\r\n<li>Mini fricass\u00e9 ou mini pizza<\/li>\r\n\r\n<li> \t*** <\/li>\r\n<li>Plateau charcuterie ou Plateau fromage<\/li>\r\n<li> \t*** <\/li>\r\n<li>P\u00e2tisseries Fran\u00e7aises ou Fruits frais<\/li>\r\n<li> \t*** <\/li>\r\n<li>Boissons gazeuses<\/li>\r\n<li> \t*** <\/li>\r\n<li>Eau Min\u00e9rale<\/li>\r\n<li> \t*** <\/li>\r\n\r\n   <\/ul>\r\n  <\/div>\r\n\r\n<div class=\"personnalisez-formule\">\r\n               \r\n            <\/div>\r\n\r\n<div class=\"tarif\">\r\n <span class=\"consulter\"> Tarif (nous consulter)<\/span>\r\n<\/div>\r\n\r\n <\/div>\r\n<div class=\"download-section\">\r\n        <div class=\"detail-icons\">\r\n  <div class=\"send-detail\" >\r\n                <a href=\"#myModal\"  data-toggle=\"modal\"> <span id=\"hidden-text\">abcd<\/span><\/a>\r\n            <\/div>\r\n\r\n\r\n            <div class=\"download-detail\">\r\n                <a href=\"http:\/\/entreprise.forum.com.tn\/wp-content\/uploads\/sites\/2\/2017\/03\/3-Encas-Dejeunatoire.pdf\" target=\"_blank\"> <span id=\"hidden-text\">abcd<\/span><\/a>\r\n            <\/div>\r\n\r\n            <div class=\"print-detail\">\r\n                <a href=\"http:\/\/entreprise.forum.com.tn\/wp-content\/uploads\/sites\/2\/2017\/03\/3-Encas-Dejeunatoire.pdf\" target=\"_blank\"> <span id=\"hidden-text\">abcd<\/span><\/a>\r\n            <\/div>\r\n\r\n        <\/div>\r\n    <\/div>","protected":false},"excerpt":{"rendered":"Salade C\u00e9sar ou Salade Grecque *** Mini-Sandwich thon ou poulet *** Mini fricass\u00e9 ou mini pizza *** Plateau charcuterie ou Plateau fromage *** P\u00e2tisseries Fran\u00e7aises ou Fruits frais *** Boissons gazeuses *** Eau Min\u00e9rale *** Tarif (nous consulter) abcd abcd abcd","protected":false},"author":1,"featured_media":1117,"parent":449,"menu_order":0,"comment_status":"closed","ping_status":"closed","template":"single-detail.php","meta":[],"_links":{"self":[{"href":"http:\/\/www.forum.com.tn\/entreprise\/Fr\/wp-json\/wp\/v2\/pages\/490"}],"collection":[{"href":"http:\/\/www.forum.com.tn\/entreprise\/Fr\/wp-json\/wp\/v2\/pages"}],"about":[{"href":"http:\/\/www.forum.com.tn\/entreprise\/Fr\/wp-json\/wp\/v2\/types\/page"}],"author":[{"embeddable":true,"href":"http:\/\/www.forum.com.tn\/entreprise\/Fr\/wp-json\/wp\/v2\/users\/1"}],"replies":[{"embeddable":true,"href":"http:\/\/www.forum.com.tn\/entreprise\/Fr\/wp-json\/wp\/v2\/comments?post=490"}],"version-history":[{"count":10,"href":"http:\/\/www.forum.com.tn\/entreprise\/Fr\/wp-json\/wp\/v2\/pages\/490\/revisions"}],"predecessor-version":[{"id":1847,"href":"http:\/\/www.forum.com.tn\/entreprise\/Fr\/wp-json\/wp\/v2\/pages\/490\/revisions\/1847"}],"up":[{"embeddable":true,"href":"http:\/\/www.forum.com.tn\/entreprise\/Fr\/wp-json\/wp\/v2\/pages\/449"}],"wp:featuredmedia":[{"embeddable":true,"href":"http:\/\/www.forum.com.tn\/entreprise\/Fr\/wp-json\/wp\/v2\/media\/1117"}],"wp:attachment":[{"href":"http:\/\/www.forum.com.tn\/entreprise\/Fr\/wp-json\/wp\/v2\/media?parent=490"}],"curies":[{"name":"wp","href":"https:\/\/api.w.org\/{rel}","templated":true}]}}