{"id":492,"date":"2016-12-27T18:42:12","date_gmt":"2016-12-27T17:42:12","guid":{"rendered":"http:\/\/entreprise.forum.com.tn\/?page_id=492"},"modified":"2017-04-27T16:58:04","modified_gmt":"2017-04-27T14:58:04","slug":"cocktail-dejeunatoire-chrono","status":"publish","type":"page","link":"http:\/\/www.forum.com.tn\/entreprise\/Fr\/banquets\/collation-ou-pause-cafe\/cocktail-dejeunatoire-chrono\/","title":{"rendered":"COCKTAIL D\u00c9JEUNATOIRE (CHRONO)"},"content":{"rendered":"<div class=\"inner-detail-text container\">\r\n                          \r\n <div class=\"liste-fine-bouch\u00e9es\">\r\n  <ul>\r\n \t<li><strong>La palette froide <\/strong><\/li>\r\n\r\n \t<li>Miroir de Fromages du pays ou Mini-Brochette Fromage-Olive  <\/li>\r\n\r\n<li>Miroir de Charcuteries ou Mini brochette Jambon-Ananas<\/li>\r\n<li>Salade 2 vari\u00e9t\u00e9s au choix  (C\u00e9sar, de Pates, de Riz, mac\u00e9doine,)<\/li>\r\n\r\n<li>Mini-Sandwiches 2 vari\u00e9t\u00e9s au choix  (Poulet, thon, saumon, hamburger) <\/li>\r\n\r\n<li>B\u00e2tonnet concombre carotte fromage a\u00e9r\u00e9<\/li>\r\n\r\n\r\n<li> \t*** <\/li>\r\n\r\n\r\n   <\/ul>\r\n  <\/div>\r\n<div class=\"liste-fine-bouch\u00e9es\">\r\n  <ul>\r\n \t<li><strong>Canap\u00e9s Chauds <\/strong><\/li>\r\n\r\n \t<li>Notre S\u00e9lection de D\u00e9licieuses bouch\u00e9es gourmandes Monte \/ Mare<\/li>\r\n\r\n<li>Mini tarte au choix poulet <\/li>\r\n<li> Duo de Mini pizza  & Mini fricass\u00e9<\/li>\r\n\r\n\r\n\r\n<li> \t*** <\/li>\r\n\r\n\r\n   <\/ul>\r\n  <\/div>\r\n\r\n<div class=\"liste-fine-bouch\u00e9es\">\r\n  <ul>\r\n \t<li><strong>Notre Sp\u00e9cialit\u00e9<\/strong><\/li>\r\n\r\n \t<li>Verrine du Chef au choix  <\/li>\r\n\r\n<li>(Poulet \/ champignon - Seiche\/l\u00e9gume  -  Tomate \/ mozzarella)<\/li>\r\n\r\n<li> \t*** <\/li>\r\n\r\n\r\n   <\/ul>\r\n  <\/div>\r\n<div class=\"liste-fine-bouch\u00e9es\">\r\n  <ul>\r\n \t<li><strong>En passaround<\/strong><\/li>\r\n\r\n \t<li>Mini Brochette poulet  <\/li>\r\n<li> \t*** <\/li>\r\n\r\n\r\n   <\/ul>\r\n  <\/div>\r\n<div class=\"liste-fine-bouch\u00e9es\">\r\n  <ul>\r\n \t<li><strong>Nos Entremets<\/strong><\/li>\r\n\r\n \t<li>Mini G\u00e2teaux Soir\u00e9es<\/li>\r\n\r\n<li>Mini Tartelettes aux Fruits<\/li>\r\n<li>Palette de Fruits de Saison Frais<\/li>\r\n\r\n\r\n<li> \t*** <\/li>\r\n<div class=\"liste-fine-bouch\u00e9es\">\r\n  <ul>\r\n \t<li><strong>Nos Boissons <\/strong><\/li>\r\n\r\n \t<li>Eau Min\u00e9rale, Sodas, Jus de fruits frais (fraise, citronnade fraiche)<\/li>\r\n\r\n\r\n\r\n<li> \t*** <\/li>\r\n\r\n\r\n   <\/ul>\r\n  <\/div>\r\n\r\n\r\n<div class=\"personnalisez-formule\">\r\n               \r\n            <\/div>\r\n<div class=\"tarif\">\r\n <span class=\"consulter\"> Tarif (nous consulter)<\/span>\r\n<\/div>\r\n <\/div>\r\n\r\n <\/div>\r\n<div class=\"download-section\">\r\n        <div class=\"detail-icons\">\r\n\r\n             <div class=\"send-detail\" >\r\n                <a href=\"#myModal\"  data-toggle=\"modal\"> <span id=\"hidden-text\">abcd<\/span><\/a>\r\n            <\/div>\r\n\r\n\r\n            <div class=\"download-detail\">\r\n                <a href=\"http:\/\/entreprise.forum.com.tn\/wp-content\/uploads\/sites\/2\/2017\/03\/4-Cocktail-Dejeunatoire-CHRONO.pdf\" target=\"_blank\"> <span id=\"hidden-text\">abcd<\/span><\/a>\r\n            <\/div>\r\n\r\n            <div class=\"print-detail\">\r\n                <a href=\"http:\/\/entreprise.forum.com.tn\/wp-content\/uploads\/sites\/2\/2017\/03\/4-Cocktail-Dejeunatoire-CHRONO.pdf\" target=\"_blank\"> <span id=\"hidden-text\">abcd<\/span><\/a>\r\n            <\/div>\r\n\r\n        <\/div>\r\n    <\/div>","protected":false},"excerpt":{"rendered":"La palette froide Miroir de Fromages du pays ou Mini-Brochette Fromage-Olive Miroir de Charcuteries ou Mini brochette Jambon-Ananas Salade 2 vari\u00e9t\u00e9s au choix (C\u00e9sar, de Pates, de Riz, mac\u00e9doine,) Mini-Sandwiches 2 vari\u00e9t\u00e9s au choix (Poulet, thon, saumon, hamburger) B\u00e2tonnet concombre carotte fromage a\u00e9r\u00e9 *** Canap\u00e9s Chauds Notre S\u00e9lection de D\u00e9licieuses bouch\u00e9es gourmandes Monte \/ Mare <a class=\"read-more\" href=\"http:\/\/www.forum.com.tn\/entreprise\/Fr\/banquets\/collation-ou-pause-cafe\/cocktail-dejeunatoire-chrono\/\">&#8230;<\/a>","protected":false},"author":1,"featured_media":1116,"parent":449,"menu_order":0,"comment_status":"closed","ping_status":"closed","template":"single-detail.php","meta":[],"_links":{"self":[{"href":"http:\/\/www.forum.com.tn\/entreprise\/Fr\/wp-json\/wp\/v2\/pages\/492"}],"collection":[{"href":"http:\/\/www.forum.com.tn\/entreprise\/Fr\/wp-json\/wp\/v2\/pages"}],"about":[{"href":"http:\/\/www.forum.com.tn\/entreprise\/Fr\/wp-json\/wp\/v2\/types\/page"}],"author":[{"embeddable":true,"href":"http:\/\/www.forum.com.tn\/entreprise\/Fr\/wp-json\/wp\/v2\/users\/1"}],"replies":[{"embeddable":true,"href":"http:\/\/www.forum.com.tn\/entreprise\/Fr\/wp-json\/wp\/v2\/comments?post=492"}],"version-history":[{"count":11,"href":"http:\/\/www.forum.com.tn\/entreprise\/Fr\/wp-json\/wp\/v2\/pages\/492\/revisions"}],"predecessor-version":[{"id":1848,"href":"http:\/\/www.forum.com.tn\/entreprise\/Fr\/wp-json\/wp\/v2\/pages\/492\/revisions\/1848"}],"up":[{"embeddable":true,"href":"http:\/\/www.forum.com.tn\/entreprise\/Fr\/wp-json\/wp\/v2\/pages\/449"}],"wp:featuredmedia":[{"embeddable":true,"href":"http:\/\/www.forum.com.tn\/entreprise\/Fr\/wp-json\/wp\/v2\/media\/1116"}],"wp:attachment":[{"href":"http:\/\/www.forum.com.tn\/entreprise\/Fr\/wp-json\/wp\/v2\/media?parent=492"}],"curies":[{"name":"wp","href":"https:\/\/api.w.org\/{rel}","templated":true}]}}