{"id":494,"date":"2016-12-27T18:46:48","date_gmt":"2016-12-27T17:46:48","guid":{"rendered":"http:\/\/entreprise.forum.com.tn\/?page_id=494"},"modified":"2017-03-02T11:07:14","modified_gmt":"2017-03-02T10:07:14","slug":"le-sale-fin","status":"publish","type":"page","link":"http:\/\/www.forum.com.tn\/entreprise\/Fr\/banquets\/le-sale-fin\/","title":{"rendered":"LE SAL\u00c9 FIN"},"content":{"rendered":"<div class=\"main-container-ceromonie\">\r\n<div class=\"container text-ceremonie-full-bg padding-bot\">\r\n<div class=\"row\">\r\n<div class=\"col-md-6 padding-left lesser-padding-right ceremonie-text-p\">\r\nPour votre \u00e9v\u00e9nement professionnel, vous pouvez opter pour une vari\u00e9t\u00e9 de canap\u00e9s, de verrines et autres brochettes.  LE FORUM vous propose le \r\n<\/div>\r\n<div class=\"col-md-6 padding-right lesser-padding-left ceremonie-text-p\">ainsi que la diversit\u00e9 de ses saveurs raffin\u00e9es.\r\nraffinement en bouche pour \u00e9pater tous vos collaborateurs. Sublimez l\u2019instant et profitez-en pour rapprocher vos collaborateurs.<\/div>\r\n<\/div>\r\n<\/div>\r\n<\/div>","protected":false},"excerpt":{"rendered":"Pour votre \u00e9v\u00e9nement professionnel, vous pouvez opter pour une vari\u00e9t\u00e9 de canap\u00e9s, de verrines et autres brochettes. LE FORUM vous propose le ainsi que la diversit\u00e9 de ses saveurs raffin\u00e9es. raffinement en bouche pour \u00e9pater tous vos collaborateurs. Sublimez l\u2019instant et profitez-en pour rapprocher vos collaborateurs.","protected":false},"author":1,"featured_media":0,"parent":95,"menu_order":0,"comment_status":"closed","ping_status":"closed","template":"single-le-sale-fin.php","meta":[],"_links":{"self":[{"href":"http:\/\/www.forum.com.tn\/entreprise\/Fr\/wp-json\/wp\/v2\/pages\/494"}],"collection":[{"href":"http:\/\/www.forum.com.tn\/entreprise\/Fr\/wp-json\/wp\/v2\/pages"}],"about":[{"href":"http:\/\/www.forum.com.tn\/entreprise\/Fr\/wp-json\/wp\/v2\/types\/page"}],"author":[{"embeddable":true,"href":"http:\/\/www.forum.com.tn\/entreprise\/Fr\/wp-json\/wp\/v2\/users\/1"}],"replies":[{"embeddable":true,"href":"http:\/\/www.forum.com.tn\/entreprise\/Fr\/wp-json\/wp\/v2\/comments?post=494"}],"version-history":[{"count":3,"href":"http:\/\/www.forum.com.tn\/entreprise\/Fr\/wp-json\/wp\/v2\/pages\/494\/revisions"}],"predecessor-version":[{"id":1465,"href":"http:\/\/www.forum.com.tn\/entreprise\/Fr\/wp-json\/wp\/v2\/pages\/494\/revisions\/1465"}],"up":[{"embeddable":true,"href":"http:\/\/www.forum.com.tn\/entreprise\/Fr\/wp-json\/wp\/v2\/pages\/95"}],"wp:attachment":[{"href":"http:\/\/www.forum.com.tn\/entreprise\/Fr\/wp-json\/wp\/v2\/media?parent=494"}],"curies":[{"name":"wp","href":"https:\/\/api.w.org\/{rel}","templated":true}]}}