{"id":539,"date":"2016-12-27T19:04:23","date_gmt":"2016-12-27T18:04:23","guid":{"rendered":"http:\/\/entreprise.forum.com.tn\/?page_id=539"},"modified":"2017-04-27T17:05:41","modified_gmt":"2017-04-27T15:05:41","slug":"les-gateaux-de-ceremonie","status":"publish","type":"page","link":"http:\/\/www.forum.com.tn\/entreprise\/Fr\/banquets\/delice-sucre\/les-gateaux-de-ceremonie\/","title":{"rendered":"LES G\u00c2TEAUX DE C\u00c9R\u00c9MONIE"},"content":{"rendered":"<div class=\"inner-detail-text container\">\r\n                          \r\n <div class=\"liste-fine-bouch\u00e9es\">\r\n  <ul>\r\n \t<li>Bouquet d'arums<\/li>\r\n<li> \t*** <\/li>\r\n        \r\n \t<li>Couture<\/li>\r\n<li> \t*** <\/li>\r\n<li>Cube Macaron<\/li>\r\n<li> \t*** <\/li>\r\n<li>Fantaisie<\/li>\r\n<li> \t*** <\/li>\r\n<li>Fatma<\/li>\r\n<li> \t*** <\/li>\r\n<li>Flamenco<\/li>\r\n<li> \t*** <\/li>\r\n<li>Fleurs de champs<\/li>\r\n<li> \t*** <\/li>\r\n<li>Harmonie<\/li>\r\n<li> \t*** <\/li>\r\n<li>Macarons en pyramide<\/li>\r\n<li> \t*** <\/li>\r\n<li>Mlabess en pyramide<\/li>\r\n<li> \t*** <\/li>\r\n<li>Perles<\/li>\r\n<li> \t*** <\/li>\r\n<li>Pyramide Brochettes de fruits<\/li>\r\n<li> \t*** <\/li>\r\n<li>Pyramide Calisson<\/li>\r\n<li> \t*** <\/li>\r\n<li>Rubans<\/li>\r\n<li> \t*** <\/li>\r\n<li>Torsade <\/li>\r\n<li> \t*** <\/li>\r\n<li>Vive la mari\u00e9e<\/li>\r\n<li> \t*** <\/li>\r\n\r\n   <\/ul>\r\n  <\/div>\r\n\r\n<div class=\"personnalisez-formule\">\r\n              \r\n            <\/div>\r\n\r\n<div class=\"tarif\">\r\n <span class=\"consulter\">Tarif (nous consulter)<\/span>\r\n<\/div>\r\n\r\n <\/div>\r\n<div class=\"download-section\">\r\n        <div class=\"detail-icons\">\r\n\r\n             <div class=\"send-detail\" >\r\n                <a href=\"#myModal\"  data-toggle=\"modal\"> <span id=\"hidden-text\">abcd<\/span><\/a>\r\n            <\/div>\r\n\r\n            <div class=\"download-detail\">\r\n                <a href=\"http:\/\/entreprise.forum.com.tn\/wp-content\/uploads\/sites\/2\/2017\/03\/4-Les-Gateaux.pdf\" target=\"_blank\"> <span id=\"hidden-text\">abcd<\/span><\/a>\r\n            <\/div>\r\n\r\n            <div class=\"print-detail\">\r\n                <a href=\"http:\/\/entreprise.forum.com.tn\/wp-content\/uploads\/sites\/2\/2017\/03\/4-Les-Gateaux.pdf\" target=\"_blank\"> <span id=\"hidden-text\">abcd<\/span><\/a>\r\n            <\/div>\r\n\r\n        <\/div>\r\n    <\/div>","protected":false},"excerpt":{"rendered":"Bouquet d&rsquo;arums *** Couture *** Cube Macaron *** Fantaisie *** Fatma *** Flamenco *** Fleurs de champs *** Harmonie *** Macarons en pyramide *** Mlabess en pyramide *** Perles *** Pyramide Brochettes de fruits *** Pyramide Calisson *** Rubans *** Torsade *** Vive la mari\u00e9e *** Tarif (nous consulter) abcd abcd abcd","protected":false},"author":1,"featured_media":522,"parent":496,"menu_order":0,"comment_status":"closed","ping_status":"closed","template":"single-detail.php","meta":[],"_links":{"self":[{"href":"http:\/\/www.forum.com.tn\/entreprise\/Fr\/wp-json\/wp\/v2\/pages\/539"}],"collection":[{"href":"http:\/\/www.forum.com.tn\/entreprise\/Fr\/wp-json\/wp\/v2\/pages"}],"about":[{"href":"http:\/\/www.forum.com.tn\/entreprise\/Fr\/wp-json\/wp\/v2\/types\/page"}],"author":[{"embeddable":true,"href":"http:\/\/www.forum.com.tn\/entreprise\/Fr\/wp-json\/wp\/v2\/users\/1"}],"replies":[{"embeddable":true,"href":"http:\/\/www.forum.com.tn\/entreprise\/Fr\/wp-json\/wp\/v2\/comments?post=539"}],"version-history":[{"count":11,"href":"http:\/\/www.forum.com.tn\/entreprise\/Fr\/wp-json\/wp\/v2\/pages\/539\/revisions"}],"predecessor-version":[{"id":1856,"href":"http:\/\/www.forum.com.tn\/entreprise\/Fr\/wp-json\/wp\/v2\/pages\/539\/revisions\/1856"}],"up":[{"embeddable":true,"href":"http:\/\/www.forum.com.tn\/entreprise\/Fr\/wp-json\/wp\/v2\/pages\/496"}],"wp:featuredmedia":[{"embeddable":true,"href":"http:\/\/www.forum.com.tn\/entreprise\/Fr\/wp-json\/wp\/v2\/media\/522"}],"wp:attachment":[{"href":"http:\/\/www.forum.com.tn\/entreprise\/Fr\/wp-json\/wp\/v2\/media?parent=539"}],"curies":[{"name":"wp","href":"https:\/\/api.w.org\/{rel}","templated":true}]}}