{"id":541,"date":"2016-12-27T19:05:56","date_gmt":"2016-12-27T18:05:56","guid":{"rendered":"http:\/\/entreprise.forum.com.tn\/?page_id=541"},"modified":"2018-06-01T11:36:46","modified_gmt":"2018-06-01T09:36:46","slug":"elite","status":"publish","type":"page","link":"http:\/\/www.forum.com.tn\/entreprise\/Fr\/banquets\/cocktail\/elite\/","title":{"rendered":"ELITE"},"content":{"rendered":"<div class=\"inner-detail-text container\">\r\n<div class=\"liste-fine-bouch\u00e9es\">\r\n<ul>\r\n \t<li><strong>Nos Canap\u00e9s Froids <\/strong><\/li>\r\n \t<li>***<\/li>\r\n<\/ul>\r\n<\/div>\r\n<div class=\"liste-fine-bouch\u00e9es\">\r\n<ul>\r\n \t<li><strong>Notre s\u00e9lection d\u2019amuse bouches gourmandes<\/strong><\/li>\r\n \t<li>Tartelette b\u0153uf<\/li>\r\n \t<li>Tartelette aux 4 fromages<\/li>\r\n \t<li>Poulet champignon<\/li>\r\n \t<li>Nems poulet crevettes<\/li>\r\n \t<li>Brochettes de b\u0153uf \u00e0 la citronnelle<\/li>\r\n \t<li>Dattes farcies au roquefort<\/li>\r\n \t<li>Carpaccio de poulpes<\/li>\r\n \t<li>Cocktail de verrines du Chef<\/li>\r\n \t<li>***<\/li>\r\n<\/ul>\r\n<\/div>\r\n<div class=\"liste-fine-bouch\u00e9es\">\r\n<ul>\r\n \t<li><strong>Cot\u00e9 Douceur<\/strong><\/li>\r\n \t<li>Tartes aux fruits<\/li>\r\n \t<li>Entremets &amp; g\u00e2teaux soir\u00e9es<\/li>\r\n \t<li>Tiramisu<\/li>\r\n \t<li>Mousse aux fruits<\/li>\r\n \t<li>***<\/li>\r\n<\/ul>\r\n<\/div>\r\n<div class=\"liste-fine-bouch\u00e9es\">\r\n<ul>\r\n \t<li><strong>Nos Boissons non Alcoolis\u00e9es \u00e0 Volont\u00e9 <\/strong><\/li>\r\n \t<li>Eau Min\u00e9rale, Sodas<\/li>\r\n \t<li>Jus de fruits frais (kiwi, fraise, citronnade fraiche,<\/li>\r\n \t<li>autre parfum au choix selon saison)<\/li>\r\n \t<li>***<\/li>\r\n<\/ul>\r\n<\/div>\r\n<div class=\"personnalisez-formule\"><\/div>\r\n<div class=\"tarif\"><span class=\"consulter\"> Tarif (nous consulter)<\/span><\/div>\r\n<\/div>\r\n<div class=\"download-section\">\r\n<div class=\"detail-icons\">\r\n<div class=\"send-detail\"><a href=\"#myModal\" data-toggle=\"modal\"> <span id=\"hidden-text\">abcd<\/span><\/a><\/div>\r\n<div class=\"download-detail\"><a href=\"http:\/\/entreprise.forum.com.tn\/wp-content\/uploads\/sites\/2\/2017\/03\/2-ELITE.pdf\" target=\"_blank\"> <span id=\"hidden-text\">abcd<\/span><\/a><\/div>\r\n<div class=\"print-detail\"><a href=\"http:\/\/entreprise.forum.com.tn\/wp-content\/uploads\/sites\/2\/2017\/03\/2-ELITE.pdf\" target=\"_blank\"> <span id=\"hidden-text\">abcd<\/span><\/a><\/div>\r\n<\/div>\r\n<\/div>","protected":false},"excerpt":{"rendered":"Nos Canap\u00e9s Froids *** Notre s\u00e9lection d\u2019amuse bouches gourmandes Tartelette b\u0153uf Tartelette aux 4 fromages Poulet champignon Nems poulet crevettes Brochettes de b\u0153uf \u00e0 la citronnelle Dattes farcies au roquefort Carpaccio de poulpes Cocktail de verrines du Chef *** Cot\u00e9 Douceur Tartes aux fruits Entremets &amp; g\u00e2teaux soir\u00e9es Tiramisu Mousse aux fruits *** Nos Boissons <a class=\"read-more\" href=\"http:\/\/www.forum.com.tn\/entreprise\/Fr\/banquets\/cocktail\/elite\/\">&#8230;<\/a>","protected":false},"author":1,"featured_media":512,"parent":498,"menu_order":0,"comment_status":"closed","ping_status":"closed","template":"single-detail.php","meta":[],"_links":{"self":[{"href":"http:\/\/www.forum.com.tn\/entreprise\/Fr\/wp-json\/wp\/v2\/pages\/541"}],"collection":[{"href":"http:\/\/www.forum.com.tn\/entreprise\/Fr\/wp-json\/wp\/v2\/pages"}],"about":[{"href":"http:\/\/www.forum.com.tn\/entreprise\/Fr\/wp-json\/wp\/v2\/types\/page"}],"author":[{"embeddable":true,"href":"http:\/\/www.forum.com.tn\/entreprise\/Fr\/wp-json\/wp\/v2\/users\/1"}],"replies":[{"embeddable":true,"href":"http:\/\/www.forum.com.tn\/entreprise\/Fr\/wp-json\/wp\/v2\/comments?post=541"}],"version-history":[{"count":17,"href":"http:\/\/www.forum.com.tn\/entreprise\/Fr\/wp-json\/wp\/v2\/pages\/541\/revisions"}],"predecessor-version":[{"id":1935,"href":"http:\/\/www.forum.com.tn\/entreprise\/Fr\/wp-json\/wp\/v2\/pages\/541\/revisions\/1935"}],"up":[{"embeddable":true,"href":"http:\/\/www.forum.com.tn\/entreprise\/Fr\/wp-json\/wp\/v2\/pages\/498"}],"wp:featuredmedia":[{"embeddable":true,"href":"http:\/\/www.forum.com.tn\/entreprise\/Fr\/wp-json\/wp\/v2\/media\/512"}],"wp:attachment":[{"href":"http:\/\/www.forum.com.tn\/entreprise\/Fr\/wp-json\/wp\/v2\/media?parent=541"}],"curies":[{"name":"wp","href":"https:\/\/api.w.org\/{rel}","templated":true}]}}