{"id":549,"date":"2016-12-27T19:10:45","date_gmt":"2016-12-27T18:10:45","guid":{"rendered":"http:\/\/entreprise.forum.com.tn\/?page_id=549"},"modified":"2017-04-27T17:25:54","modified_gmt":"2017-04-27T15:25:54","slug":"palace","status":"publish","type":"page","link":"http:\/\/www.forum.com.tn\/entreprise\/Fr\/banquets\/diner-gala\/palace\/","title":{"rendered":"PALACE"},"content":{"rendered":"<div class=\"inner-detail-text container\">\r\n                          \r\n <div class=\"liste-fine-bouch\u00e9es\">\r\n  <ul>\r\n \t<li><strong>L\u2019O \u00e0 la bouche<\/strong><\/li>\r\n        <li>Chanterelles* po\u00eal\u00e9es au beurre, poivre de Madagascar et fleur de sel sur crouton au bleu  <\/li>\r\n \t<li>Tartine de foie-gras, herbes et coulis de framboises  <\/li>\r\n<li>Mini burger gourmet Louisiane chorizo de b\u0153uf et crevette <\/li>\r\n<li>Terrine de saumon fum\u00e9 \u00e0 la mascarpone et herbes <\/li>\r\n<li> \t*** <\/li>\r\n   <\/ul>\r\n  <\/div>\r\n<div class=\"liste-fine-bouch\u00e9es\">\r\n  <ul>\r\n \t<li><strong>B\u0153uf croustillant <\/strong><\/li>\r\n        <li>\u00e0 l'orientale, sur nid de riz basmati au beurre safran\u00e9<\/li>\r\n\r\n<li> \t*** <\/li>\r\n   <\/ul>\r\n  <\/div>\r\n<div class=\"liste-fine-bouch\u00e9es\">\r\n  <ul>\r\n \t<li><strong>Risotto<\/strong><\/li>\r\n        <li> aux champignons sauvages*, \u00e0 la cr\u00e8me et parmesan  <\/li>\r\n \t\r\n<li> \t*** <\/li>\r\n   <\/ul>\r\n  <\/div>\r\n<div class=\"liste-fine-bouch\u00e9es\">\r\n  <ul>\r\n \t<li><strong>Jarret d'agneau <\/strong><\/li>\r\n        <li>\u00e0 la cro\u00fbte de pistache, clafoutis de courgettes et poivrons rouges, savonnettes de pommes de terre po\u00eal\u00e9es <\/li>\r\n\r\n<li> \t*** <\/li>\r\n   <\/ul>\r\n  <\/div>\r\n<div class=\"liste-fine-bouch\u00e9es\">\r\n  <ul>\r\n \t<li><strong>Sorbet de lime verte et gingembre <\/strong><\/li>\r\n       \r\n<li> \t*** <\/li>\r\n   <\/ul>\r\n  <\/div>\r\n<div class=\"liste-fine-bouch\u00e9es\">\r\n  <ul>\r\n \t<li><strong>Le p\u00each\u00e9 permis <\/strong><\/li>\r\n        <li>Crevettes et Calamars saut\u00e9es  \u00e0 l'huile  verte, rillette de m\u00e9rou caram\u00e9lis\u00e9e au <\/li>\r\n<li>teryaki, sur nid de vermicelles saut\u00e9es aux l\u00e9gumes et ananas<\/li>\r\n\r\n\r\n<li> \t*** <\/li>\r\n   <\/ul>\r\n  <\/div>\r\n<div class=\"liste-fine-bouch\u00e9es\">\r\n  <ul>\r\n \t<li><strong>Le plaisir des gourmets <\/strong><\/li>\r\n        <li>Religieuses \u00e0 la glace de vanille amandes saut\u00e9es au beurre en juliennes et  <\/li>\r\n<li>coulis de chocolat ti\u00e8de<\/li>\r\n<li>Choco- framboise en mousse <\/li>\r\n\r\n\r\n<li> \t*** <\/li>\r\n   <\/ul>\r\n  <\/div>\r\n\r\n<div class=\"remarque\">\r\n  *Selon disponibilit\u00e9\r\n<\/div>\r\n\r\n<div class=\"personnalisez-formule-fine-bouchees\">\r\n               \r\n            <\/div>\r\n<div class=\"tarif\">\r\n<span class=\"consulter\"> Tarif (nous consulter)<\/span>\r\n<\/div>\r\n\r\n <\/div>\r\n<div class=\"download-section\">\r\n        <div class=\"detail-icons\">\r\n\r\n            <div class=\"send-detail\" >\r\n                <a href=\"#myModal\"  data-toggle=\"modal\"> <span id=\"hidden-text\">abcd<\/span><\/a>\r\n            <\/div>\r\n\r\n            <div class=\"download-detail\">\r\n                <a href=\"http:\/\/entreprise.forum.com.tn\/wp-content\/uploads\/sites\/2\/2017\/03\/4-Palace.pdf\" target=\"_blank\"> <span id=\"hidden-text\">abcd<\/span><\/a>\r\n            <\/div>\r\n\r\n            <div class=\"print-detail\">\r\n                <a href=\"http:\/\/entreprise.forum.com.tn\/wp-content\/uploads\/sites\/2\/2017\/03\/4-Palace.pdf\" target=\"_blank\"> <span id=\"hidden-text\">abcd<\/span><\/a>\r\n            <\/div>\r\n\r\n        <\/div>\r\n    <\/div>","protected":false},"excerpt":{"rendered":"L\u2019O \u00e0 la bouche Chanterelles* po\u00eal\u00e9es au beurre, poivre de Madagascar et fleur de sel sur crouton au bleu Tartine de foie-gras, herbes et coulis de framboises Mini burger gourmet Louisiane chorizo de b\u0153uf et crevette Terrine de saumon fum\u00e9 \u00e0 la mascarpone et herbes *** B\u0153uf croustillant \u00e0 l&rsquo;orientale, sur nid de riz basmati <a class=\"read-more\" href=\"http:\/\/www.forum.com.tn\/entreprise\/Fr\/banquets\/diner-gala\/palace\/\">&#8230;<\/a>","protected":false},"author":1,"featured_media":552,"parent":500,"menu_order":0,"comment_status":"closed","ping_status":"closed","template":"single-detail.php","meta":[],"_links":{"self":[{"href":"http:\/\/www.forum.com.tn\/entreprise\/Fr\/wp-json\/wp\/v2\/pages\/549"}],"collection":[{"href":"http:\/\/www.forum.com.tn\/entreprise\/Fr\/wp-json\/wp\/v2\/pages"}],"about":[{"href":"http:\/\/www.forum.com.tn\/entreprise\/Fr\/wp-json\/wp\/v2\/types\/page"}],"author":[{"embeddable":true,"href":"http:\/\/www.forum.com.tn\/entreprise\/Fr\/wp-json\/wp\/v2\/users\/1"}],"replies":[{"embeddable":true,"href":"http:\/\/www.forum.com.tn\/entreprise\/Fr\/wp-json\/wp\/v2\/comments?post=549"}],"version-history":[{"count":10,"href":"http:\/\/www.forum.com.tn\/entreprise\/Fr\/wp-json\/wp\/v2\/pages\/549\/revisions"}],"predecessor-version":[{"id":1864,"href":"http:\/\/www.forum.com.tn\/entreprise\/Fr\/wp-json\/wp\/v2\/pages\/549\/revisions\/1864"}],"up":[{"embeddable":true,"href":"http:\/\/www.forum.com.tn\/entreprise\/Fr\/wp-json\/wp\/v2\/pages\/500"}],"wp:featuredmedia":[{"embeddable":true,"href":"http:\/\/www.forum.com.tn\/entreprise\/Fr\/wp-json\/wp\/v2\/media\/552"}],"wp:attachment":[{"href":"http:\/\/www.forum.com.tn\/entreprise\/Fr\/wp-json\/wp\/v2\/media?parent=549"}],"curies":[{"name":"wp","href":"https:\/\/api.w.org\/{rel}","templated":true}]}}