{"id":557,"date":"2016-12-27T19:12:24","date_gmt":"2016-12-27T18:12:24","guid":{"rendered":"http:\/\/entreprise.forum.com.tn\/?page_id=557"},"modified":"2017-04-27T17:13:21","modified_gmt":"2017-04-27T15:13:21","slug":"cinq-etoiles","status":"publish","type":"page","link":"http:\/\/www.forum.com.tn\/entreprise\/Fr\/banquets\/diner-gala\/cinq-etoiles\/","title":{"rendered":"CINQ \u00c9TOILES"},"content":{"rendered":"<div class=\"inner-detail-text container\">\r\n                   <div class=\"liste-fine-bouch\u00e9es\">\r\n  <ul>\r\n \t<li><strong>Nos Canap\u00e9s Froids  <\/strong><\/li>\r\n        <li>Toast d\u2019\u0152ufs de Lompe Rouge & Noir et Zeste de Citron<\/li>\r\n <li>Tr\u00e8fle de Mousse de Fromage & Fines Herbes<\/li>\r\n <li>Carr\u00e9 d\u2019As de Chevrettes<\/li>\r\n<li> \t*** <\/li>\r\n   <\/ul>\r\n  <\/div>       \r\n <div class=\"liste-fine-bouch\u00e9es\">\r\n  <ul>\r\n \t<li><strong>Nos condiments <\/strong><\/li>\r\n        <li>B\u00e2tonnet concombre carotte sur fromage a\u00e9r\u00e9 <\/li>\r\n \t<li>Mini-Brochette Fromage-Olive    <\/li>\r\n<li>Mini Brochette Jambon-Ananas  <\/li>\r\n<li>Fruits secs (25g\/pax)<\/li>\r\n<li> \t*** <\/li>\r\n   <\/ul>\r\n  <\/div>\r\n\r\n<div class=\"liste-fine-bouch\u00e9es\">\r\n  <ul>\r\n \t<li><strong>Nos Fines Bouch\u00e9es <\/strong><\/li>\r\n        <li>Dattes roquefort<\/li>\r\n \t<li>Carpaccio poulpe<\/li>\r\n<li>Brochette caprese<\/li>\r\n<li>Concombre scandinave <\/li>\r\n\r\n<li> \t*** <\/li>\r\n   <\/ul>\r\n  <\/div>\r\n<div class=\"liste-fine-bouch\u00e9es\">\r\n  <ul>\r\n \t<li><strong>Vermicelle chinoise<\/strong><\/li>\r\n        <li>Crevette, Poulet et ses l\u00e9gumes croquantes<\/li>\r\n<li> \t*** <\/li>\r\n   <\/ul>\r\n  <\/div>\r\n<div class=\"liste-fine-bouch\u00e9es\">\r\n  <ul>\r\n \t<li><strong>M\u00e9rou Grill\u00e9  <\/strong><\/li>\r\n        <li>Avec ses demoiselles de Gabes sauce amoureuse<\/li>\r\n \t<li>Barque de courgette avec ses l\u00e9gumes vierges<\/li>\r\n<li>Pomme de terre r\u00f4ti aux fines herbes sur son nid de poireau<\/li>\r\n\r\n<li> \t*** <\/li>\r\n   <\/ul>\r\n  <\/div>\r\n<div class=\"liste-fine-bouch\u00e9es\">\r\n  <ul>\r\n \t<li><strong>Trio de Chocolat <\/strong><\/li>\r\n        <li>(Moelleux au chocolat, Sorbet chocolat orange, Moka chocolat blanc)<\/li>\r\n\r\n\r\n<li> \t*** <\/li>\r\n   <\/ul>\r\n  <\/div>\r\n\r\n<div class=\"personnalisez-formule\">\r\n              \r\n            <\/div>\r\n<div class=\"tarif\">\r\n<span class=\"consulter\"> Tarif (nous consulter)<\/span>\r\n<\/div>\r\n\r\n <\/div>\r\n<div class=\"download-section\">\r\n        <div class=\"detail-icons\">\r\n\r\n             <div class=\"send-detail\" >\r\n                <a href=\"#myModal\"  data-toggle=\"modal\"> <span id=\"hidden-text\">abcd<\/span><\/a>\r\n            <\/div>\r\n\r\n            <div class=\"download-detail\">\r\n                <a href=\"http:\/\/entreprise.forum.com.tn\/wp-content\/uploads\/sites\/2\/2017\/03\/3-5-Etoiles.pdf\" target=\"_blank\"> <span id=\"hidden-text\">abcd<\/span><\/a>\r\n            <\/div>\r\n\r\n            <div class=\"print-detail\">\r\n                <a href=\"http:\/\/entreprise.forum.com.tn\/wp-content\/uploads\/sites\/2\/2017\/03\/3-5-Etoiles.pdf\" target=\"_blank\"> <span id=\"hidden-text\">abcd<\/span><\/a>\r\n            <\/div>\r\n\r\n        <\/div>\r\n    <\/div>","protected":false},"excerpt":{"rendered":"Nos Canap\u00e9s Froids Toast d\u2019\u0152ufs de Lompe Rouge &#038; Noir et Zeste de Citron Tr\u00e8fle de Mousse de Fromage &#038; Fines Herbes Carr\u00e9 d\u2019As de Chevrettes *** Nos condiments B\u00e2tonnet concombre carotte sur fromage a\u00e9r\u00e9 Mini-Brochette Fromage-Olive Mini Brochette Jambon-Ananas Fruits secs (25g\/pax) *** Nos Fines Bouch\u00e9es Dattes roquefort Carpaccio poulpe Brochette caprese Concombre scandinave <a class=\"read-more\" href=\"http:\/\/www.forum.com.tn\/entreprise\/Fr\/banquets\/diner-gala\/cinq-etoiles\/\">&#8230;<\/a>","protected":false},"author":1,"featured_media":550,"parent":500,"menu_order":0,"comment_status":"closed","ping_status":"closed","template":"single-detail.php","meta":[],"_links":{"self":[{"href":"http:\/\/www.forum.com.tn\/entreprise\/Fr\/wp-json\/wp\/v2\/pages\/557"}],"collection":[{"href":"http:\/\/www.forum.com.tn\/entreprise\/Fr\/wp-json\/wp\/v2\/pages"}],"about":[{"href":"http:\/\/www.forum.com.tn\/entreprise\/Fr\/wp-json\/wp\/v2\/types\/page"}],"author":[{"embeddable":true,"href":"http:\/\/www.forum.com.tn\/entreprise\/Fr\/wp-json\/wp\/v2\/users\/1"}],"replies":[{"embeddable":true,"href":"http:\/\/www.forum.com.tn\/entreprise\/Fr\/wp-json\/wp\/v2\/comments?post=557"}],"version-history":[{"count":11,"href":"http:\/\/www.forum.com.tn\/entreprise\/Fr\/wp-json\/wp\/v2\/pages\/557\/revisions"}],"predecessor-version":[{"id":1863,"href":"http:\/\/www.forum.com.tn\/entreprise\/Fr\/wp-json\/wp\/v2\/pages\/557\/revisions\/1863"}],"up":[{"embeddable":true,"href":"http:\/\/www.forum.com.tn\/entreprise\/Fr\/wp-json\/wp\/v2\/pages\/500"}],"wp:featuredmedia":[{"embeddable":true,"href":"http:\/\/www.forum.com.tn\/entreprise\/Fr\/wp-json\/wp\/v2\/media\/550"}],"wp:attachment":[{"href":"http:\/\/www.forum.com.tn\/entreprise\/Fr\/wp-json\/wp\/v2\/media?parent=557"}],"curies":[{"name":"wp","href":"https:\/\/api.w.org\/{rel}","templated":true}]}}