{"id":559,"date":"2016-12-27T19:14:12","date_gmt":"2016-12-27T18:14:12","guid":{"rendered":"http:\/\/entreprise.forum.com.tn\/?page_id=559"},"modified":"2017-04-27T17:11:52","modified_gmt":"2017-04-27T15:11:52","slug":"star-buffet","status":"publish","type":"page","link":"http:\/\/www.forum.com.tn\/entreprise\/Fr\/banquets\/diner-gala\/star-buffet\/","title":{"rendered":"STAR (Buffet)"},"content":{"rendered":"<div class=\"inner-detail-text container\">\r\n                          \r\n <div class=\"liste-fine-bouch\u00e9es\">\r\n  <ul>\r\n \t<li>Salade grecque<\/li>\r\n        <li>Salade c\u00e9sar<\/li>\r\n \t<li>L\u00e9gumes grill\u00e9s marin\u00e9s<\/li>\r\n<li>Salade de fruits de mer<\/li>\r\n<li> \t*** <\/li>\r\n   <\/ul>\r\n  <\/div>\r\n<div class=\"liste-fine-bouch\u00e9es\">\r\n  <ul>\r\n \t<li>M\u00e9daillon de veau \u00e0 la cr\u00e8me et parmesan<\/li>\r\n        <li>Poulet \u00e0 la marocaine<\/li>\r\n <li>Loup en papillote avec ses l\u00e9gumes croquantes<\/li>\r\n <li>B\u0153uf brais\u00e9 \u00e0 la moutarde \u00e9pic\u00e9e<\/li>\r\n <li>Seiche grill\u00e9e \u00e0 l'ail<\/li>\r\n \t\r\n\r\n\r\n<li> \t*** <\/li>\r\n   <\/ul>\r\n  <\/div>\r\n<div class=\"liste-fine-bouch\u00e9es\">\r\n  <ul>\r\n \t<li>Pur\u00e9e de pomme de terre<\/li>\r\n        <li>Riz saut\u00e9 aux l\u00e9gumes<\/li>\r\n \t<li>Penne sauce ros\u00e9e<\/li>\r\n\r\n<li>Filet sauce fromage poivre vert<\/li>\r\n\r\n<li> \t*** <\/li>\r\n   <\/ul>\r\n  <\/div>\r\n<div class=\"liste-fine-bouch\u00e9es\">\r\n  <ul>\r\n \t<li>Fontaine de Chocolat & Ses Mini Brochettes de Fruits Frais & Exotiques <\/li>\r\n        <li>Tartes aux fruits<\/li>\r\n<li>Tiramisu <\/li>\r\n<li>Mousse aux fruits<\/li>\r\n\r\n<li> \t*** <\/li>\r\n   <\/ul>\r\n  <\/div>\r\n<div class=\"liste-fine-bouch\u00e9es\">\r\n  <ul>\r\n \t<li><strong>En Option <\/strong><\/li>\r\n        <li>Virgin Mocchito<\/li>\r\n<div class=\"top-space-list\">\r\n \t<li>Stand d\u2019Agneau Farci au Riz ou Couscous aux Fruits Secs (01Agneau pour 50 Personnes)<\/li>\r\n<\/div>\r\n<li>Grand m\u00e9rou farci  (minimum 50 pax) <\/li>\r\n<li>Station de Saumon Fum\u00e9 et Ses Condiments<\/li>\r\n<li>Buisson de Crevettes Royales (A.A)<\/li>\r\n<li>Station d'Assortiment de Sushi et Makis <\/li>\r\n<li>Stand de Cr\u00eapes Sal\u00e9es et Sucr\u00e9es <\/li>\r\n<li>Stand Mini Chawarma Poulet <\/li>\r\n<li>Stand Mini Chawarma Viande <\/li>\r\n<li>Stand Farfalle monte mare champignons crevette seiche<\/li>\r\n<div class=\"top-space-list\">\r\n<li>G\u00e2teau pi\u00e8ce mont\u00e9e personnalis\u00e9e de chez GOURMANDISE <\/li>\r\n<\/div>\r\n<li>Pyramide de macarons<\/li>\r\n\r\n<li> \t*** <\/li>\r\n   <\/ul>\r\n  <\/div>\r\n\r\n<div class=\"personnalisez-formule\">\r\n                \r\n            <\/div>\r\n\r\n<div class=\"tarif\">\r\n<span class=\"consulter\"> Tarif (nous consulter)<\/span>\r\n<\/div>\r\n <\/div>\r\n<div class=\"download-section\">\r\n        <div class=\"detail-icons\">\r\n\r\n             <div class=\"send-detail\" >\r\n                <a href=\"#myModal\"  data-toggle=\"modal\"> <span id=\"hidden-text\">abcd<\/span><\/a>\r\n            <\/div>\r\n\r\n\r\n            <div class=\"download-detail\">\r\n                <a href=\"http:\/\/entreprise.forum.com.tn\/wp-content\/uploads\/sites\/2\/2017\/03\/1-Star-BUFFET.pdf\" target=\"_blank\"> <span id=\"hidden-text\">abcd<\/span><\/a>\r\n            <\/div>\r\n\r\n            <div class=\"print-detail\">\r\n                <a href=\"http:\/\/entreprise.forum.com.tn\/wp-content\/uploads\/sites\/2\/2017\/03\/1-Star-BUFFET.pdf\" target=\"_blank\"> <span id=\"hidden-text\">abcd<\/span><\/a>\r\n            <\/div>\r\n\r\n        <\/div>\r\n    <\/div>","protected":false},"excerpt":{"rendered":"Salade grecque Salade c\u00e9sar L\u00e9gumes grill\u00e9s marin\u00e9s Salade de fruits de mer *** M\u00e9daillon de veau \u00e0 la cr\u00e8me et parmesan Poulet \u00e0 la marocaine Loup en papillote avec ses l\u00e9gumes croquantes B\u0153uf brais\u00e9 \u00e0 la moutarde \u00e9pic\u00e9e Seiche grill\u00e9e \u00e0 l&rsquo;ail *** Pur\u00e9e de pomme de terre Riz saut\u00e9 aux l\u00e9gumes Penne sauce ros\u00e9e <a class=\"read-more\" href=\"http:\/\/www.forum.com.tn\/entreprise\/Fr\/banquets\/diner-gala\/star-buffet\/\">&#8230;<\/a>","protected":false},"author":1,"featured_media":553,"parent":500,"menu_order":0,"comment_status":"closed","ping_status":"closed","template":"single-detail.php","meta":[],"_links":{"self":[{"href":"http:\/\/www.forum.com.tn\/entreprise\/Fr\/wp-json\/wp\/v2\/pages\/559"}],"collection":[{"href":"http:\/\/www.forum.com.tn\/entreprise\/Fr\/wp-json\/wp\/v2\/pages"}],"about":[{"href":"http:\/\/www.forum.com.tn\/entreprise\/Fr\/wp-json\/wp\/v2\/types\/page"}],"author":[{"embeddable":true,"href":"http:\/\/www.forum.com.tn\/entreprise\/Fr\/wp-json\/wp\/v2\/users\/1"}],"replies":[{"embeddable":true,"href":"http:\/\/www.forum.com.tn\/entreprise\/Fr\/wp-json\/wp\/v2\/comments?post=559"}],"version-history":[{"count":11,"href":"http:\/\/www.forum.com.tn\/entreprise\/Fr\/wp-json\/wp\/v2\/pages\/559\/revisions"}],"predecessor-version":[{"id":1861,"href":"http:\/\/www.forum.com.tn\/entreprise\/Fr\/wp-json\/wp\/v2\/pages\/559\/revisions\/1861"}],"up":[{"embeddable":true,"href":"http:\/\/www.forum.com.tn\/entreprise\/Fr\/wp-json\/wp\/v2\/pages\/500"}],"wp:featuredmedia":[{"embeddable":true,"href":"http:\/\/www.forum.com.tn\/entreprise\/Fr\/wp-json\/wp\/v2\/media\/553"}],"wp:attachment":[{"href":"http:\/\/www.forum.com.tn\/entreprise\/Fr\/wp-json\/wp\/v2\/media?parent=559"}],"curies":[{"name":"wp","href":"https:\/\/api.w.org\/{rel}","templated":true}]}}