{"id":680,"date":"2017-01-09T18:16:10","date_gmt":"2017-01-09T17:16:10","guid":{"rendered":"http:\/\/entreprise.forum.com.tn\/?page_id=680"},"modified":"2017-03-22T10:27:16","modified_gmt":"2017-03-22T09:27:16","slug":"demande-devis","status":"publish","type":"page","link":"http:\/\/www.forum.com.tn\/entreprise\/Fr\/demande-devis\/","title":{"rendered":"Demande Devis"},"content":{"rendered":"<div class=\"container intro\">\r\n                    D\u00e8s \u00e0 pr\u00e9sent, r\u00e9servez la date de votre  \u00e9v\u00e9nement en remplissant les champs ci-dessous .\r\n                    Nous vous confirmerons rapidement la disponibilit\u00e9 de la date choisie .\r\n                    La r\u00e9servation d\u00e9finitive de l'espace se fait lors de la signature du bon de commande .\r\n                <\/div>\r\n                <div class=\"container devisform demande\">\r\n                   \r\n                <div class='gf_browser_gecko gform_wrapper' id='gform_wrapper_2' ><form method='post' enctype='multipart\/form-data'  id='gform_2'  action='\/entreprise\/Fr\/wp-json\/wp\/v2\/pages\/680'>\r\n                        <div class='gform_body'><ul id='gform_fields_2' class='gform_fields top_label form_sublabel_below description_below'><li id='field_2_1' class='gfield gsection nom-section field_sublabel_below field_description_below gfield_visibility_visible' ><h2 class='gsection_title'>Pr\u00e9-r\u00e9servation<\/h2><\/li><li id='field_2_2' class='gfield gf_list_3col gf_left_third gfield_contains_required field_sublabel_below field_description_below gfield_visibility_visible' ><label class='gfield_label'  >Civilit\u00e9<span class='gfield_required'>*<\/span><\/label><div class='ginput_container ginput_container_radio'><ul class='gfield_radio' id='input_2_2'><li class='gchoice_2_2_0'><input name='input_2' type='radio' value='Cher Mr'  id='choice_2_2_0' tabindex='49'    \/><label for='choice_2_2_0' id='label_2_2_0'>Mr<\/label><\/li><li class='gchoice_2_2_1'><input name='input_2' type='radio' value='Ch\u00e8re Mme'  id='choice_2_2_1' tabindex='50'    \/><label for='choice_2_2_1' id='label_2_2_1'>Mme<\/label><\/li><li class='gchoice_2_2_2'><input name='input_2' type='radio' value='Ch\u00e8re Mlle'  id='choice_2_2_2' tabindex='51'    \/><label for='choice_2_2_2' id='label_2_2_2'>Mlle<\/label><\/li><\/ul><\/div><\/li><li id='field_2_3' class='gfield gfield_contains_required field_sublabel_below field_description_below gfield_visibility_visible' ><label class='gfield_label gfield_label_before_complex' for='input_2_3_3' >Pr\u00e9nom &amp; Nom<span class='gfield_required'>*<\/span><\/label><div class='ginput_complex ginput_container no_prefix has_first_name no_middle_name has_last_name no_suffix gf_name_has_2 ginput_container_name gfield_trigger_change' id='input_2_3'>\r\n                            \r\n                            <span id='input_2_3_3_container' class='name_first' >\r\n                                                    <input type='text' name='input_3.3' id='input_2_3_3' value='' aria-label='Pr\u00e9nom' tabindex='53'  aria-required=\"true\" aria-invalid=\"false\" \/>\r\n                                                    <label for='input_2_3_3' >Pr\u00e9nom<\/label>\r\n                                                <\/span>\r\n                            \r\n                            <span id='input_2_3_6_container' class='name_last' >\r\n                                                    <input type='text' name='input_3.6' id='input_2_3_6' value='' aria-label='Nom' tabindex='55'  aria-required=\"true\" aria-invalid=\"false\" \/>\r\n                                                    <label for='input_2_3_6' >Nom<\/label>\r\n                                                <\/span>\r\n                            \r\n                        <\/div><\/li><li id='field_2_9' class='gfield gf_right_half field_sublabel_below field_description_below gfield_visibility_visible' ><label class='gfield_label' for='input_2_9' >Type d&#039;\u00e9v\u00e8nements<\/label><div class='ginput_container ginput_container_select'><select name='input_9' id='input_2_9'  class='medium gfield_select' tabindex='57'   aria-invalid=\"false\"><option value='\u00e9v\u00e8nement professionnel' >Ev\u00e8nement professionnel<\/option><\/select><\/div><\/li><li id='field_2_4' class='gfield gf_left_half field_sublabel_below field_description_below gfield_visibility_visible' ><label class='gfield_label' for='input_2_4' >Soci\u00e9t\u00e9<\/label><div class='ginput_container ginput_container_text'><input name='input_4' id='input_2_4' type='text' value='' class='medium'  tabindex='58'    aria-invalid=\"false\" \/><\/div><\/li><li id='field_2_5' class='gfield gf_right_half field_sublabel_below field_description_below gfield_visibility_visible' ><label class='gfield_label' for='input_2_5' >Fonction<\/label><div class='ginput_container ginput_container_text'><input name='input_5' id='input_2_5' type='text' value='' class='medium'  tabindex='59'    aria-invalid=\"false\" \/><\/div><\/li><li id='field_2_6' class='gfield gf_left_half field_sublabel_below field_description_below gfield_visibility_visible' ><label class='gfield_label' for='input_2_6' >T\u00e9l\u00e9phone Fixe<\/label><div class='ginput_container ginput_container_phone'><input name='input_6' id='input_2_6' type='text' value='' class='medium' tabindex='60'    aria-invalid=\"false\" \/><\/div><\/li><li id='field_2_7' class='gfield gf_right_half gfield_contains_required field_sublabel_below field_description_below gfield_visibility_visible' ><label class='gfield_label' for='input_2_7' >T\u00e9l\u00e9phone Mobile<span class='gfield_required'>*<\/span><\/label><div class='ginput_container ginput_container_phone'><input name='input_7' id='input_2_7' type='text' value='' class='medium' tabindex='61'   aria-required=\"true\" aria-invalid=\"false\" \/><\/div><div class='mm_tooltip_text' style='display:none'><p>En cas de besoin, nous vous contacterons pour avoir plus de d\u00e9tail sur votre demande<\/p><\/div><\/li><li id='field_2_8' class='gfield gf_left_half gfield_contains_required field_sublabel_below field_description_below gfield_visibility_visible' ><label class='gfield_label' for='input_2_8' >E-mail<span class='gfield_required'>*<\/span><\/label><div class='ginput_container ginput_container_email'>\r\n                            <input name='input_8' id='input_2_8' type='text' value='' class='medium' tabindex='62'   \/>\r\n                        <\/div><\/li><li id='field_2_10' class='gfield gf_left_third gfield_contains_required field_sublabel_below field_description_below gfield_visibility_visible' ><label class='gfield_label' for='input_2_10' >Date d&#039;\u00e9v\u00e8nement<span class='gfield_required'>*<\/span><\/label><div class='ginput_container ginput_container_date'>\r\n                            <input name='input_10' id='input_2_10' type='text' value='' class='datepicker medium dmy datepicker_no_icon' tabindex='63'  \/>\r\n                        <\/div>\r\n                        <input type='hidden' id='gforms_calendar_icon_input_2_10' class='gform_hidden' value='http:\/\/www.forum.com.tn\/entreprise\/wp-content\/plugins\/gravityform21119\/images\/calendar.png'\/><\/li><li id='field_2_12' class='gfield gf_middle_third field_sublabel_below field_description_below gfield_visibility_visible' ><label class='gfield_label gfield_label_before_complex' for='input_2_12_1' >Heure de d\u00e9but<\/label><div class='clear-multi'>\r\n                        <div class='gfield_time_hour ginput_container ginput_container_time' id='input_2_12'>\r\n                            <input type='text' maxlength='2' name='input_12[]' id='input_2_12_1' value='' tabindex='64'   \/> <i>:<\/i>\r\n                            <label for='input_2_12_1' >HH<\/label>\r\n                        <\/div>\r\n                        <div class='gfield_time_minute ginput_container ginput_container_time'>\r\n                            <input type='text' maxlength='2' name='input_12[]' id='input_2_12_2' value='' tabindex='65'   \/>\r\n                            <label for='input_2_12_2' >MM<\/label>\r\n                        <\/div>\r\n                        \r\n                    <\/div><\/li><li id='field_2_13' class='gfield gf_right_third field_sublabel_below field_description_below gfield_visibility_visible' ><label class='gfield_label gfield_label_before_complex' for='input_2_13_1' >Heure de fin<\/label><div class='clear-multi'>\r\n                        <div class='gfield_time_hour ginput_container ginput_container_time' id='input_2_13'>\r\n                            <input type='text' maxlength='2' name='input_13[]' id='input_2_13_1' value='' tabindex='67'   \/> <i>:<\/i>\r\n                            <label for='input_2_13_1' >HH<\/label>\r\n                        <\/div>\r\n                        <div class='gfield_time_minute ginput_container ginput_container_time'>\r\n                            <input type='text' maxlength='2' name='input_13[]' id='input_2_13_2' value='' tabindex='68'   \/>\r\n                            <label for='input_2_13_2' >MM<\/label>\r\n                        <\/div>\r\n                        \r\n                    <\/div><\/li><li id='field_2_11' class='gfield gfield_contains_required field_sublabel_below field_description_below gfield_visibility_visible' ><label class='gfield_label' for='input_2_11' >Nombre d&#039;invit\u00e9s<span class='gfield_required'>*<\/span><\/label><div class='ginput_container ginput_container_select'><select name='input_11' id='input_2_11'  class='medium gfield_select' tabindex='70'  aria-required=\"true\" aria-invalid=\"false\"><option value='100' >100<\/option><option value='100-150' >100-150<\/option><option value='200-250' >200-250<\/option><option value='250-300' >250-300<\/option><option value='300-350' >300-350<\/option><option value='350-400' >350-400<\/option><option value='400-450' >400-450<\/option><option value='450-500' >450-500<\/option><option value='550-600' >550-600<\/option><\/select><\/div><\/li><li id='field_2_37' class='gfield field_sublabel_below field_description_below gfield_visibility_visible' ><label class='gfield_label' for='input_2_37' >Message<\/label><div class='ginput_container ginput_container_textarea'><textarea name='input_37' id='input_2_37' class='textarea medium' tabindex='71'    aria-invalid=\"false\"   rows='10' cols='50'><\/textarea><\/div><\/li><li id='field_2_36' class='gfield field_sublabel_below field_description_below gfield_visibility_visible' ><label class='gfield_label'  ><\/label><div class='ginput_container ginput_container_radio'><ul class='gfield_radio' id='input_2_36'><li class='gchoice_2_36_0'><input name='input_36' type='radio' value='Recevoir le mail en copie'  id='choice_2_36_0' tabindex='72'    \/><label for='choice_2_36_0' id='label_2_36_0'>Recevoir le mail en copie<\/label><\/li><\/ul><\/div><\/li><li id='field_2_38' class='gfield gform_validation_container field_sublabel_below field_description_below gfield_visibility_' ><label class='gfield_label' for='input_2_38' >Comments<\/label><div class='ginput_container'><input name='input_38' id='input_2_38' type='text' value='' \/><\/div><div class='gfield_description'>Ce champ n\u2019est utilis\u00e9 qu\u2019\u00e0 des fins de validation et devrait rester inchang\u00e9.<\/div><\/li>\r\n                            <\/ul><\/div>\r\n        <div class='gform_footer top_label'> <input type='submit' id='gform_submit_button_2' class='gform_button button' value='Envoyer' tabindex='73' onclick='if(window[\"gf_submitting_2\"]){return false;}  window[\"gf_submitting_2\"]=true;  ' onkeypress='if( event.keyCode == 13 ){ if(window[\"gf_submitting_2\"]){return false;} window[\"gf_submitting_2\"]=true;  jQuery(\"#gform_2\").trigger(\"submit\",[true]); }' \/> \r\n            <input type='hidden' class='gform_hidden' name='is_submit_2' value='1' \/>\r\n            <input type='hidden' class='gform_hidden' name='gform_submit' value='2' \/>\r\n            \r\n            <input type='hidden' class='gform_hidden' name='gform_unique_id' value='' \/>\r\n            <input type='hidden' class='gform_hidden' name='state_2' value='WyJbXSIsIjQxMDFkYzBhMzVkNWFlZDgyOTVkYjVlNmQ1MjQzNmQzIl0=' \/>\r\n            <input type='hidden' class='gform_hidden' name='gform_target_page_number_2' id='gform_target_page_number_2' value='0' \/>\r\n            <input type='hidden' class='gform_hidden' name='gform_source_page_number_2' id='gform_source_page_number_2' value='1' \/>\r\n            <input type='hidden' name='gform_field_values' value='' \/>\r\n            \r\n        <\/div>\r\n                        <\/form>\r\n                        <\/div><script type='text\/javascript'> if(typeof gf_global == 'undefined') var gf_global = {\"gf_currency_config\":{\"name\":\"Dollar US\",\"symbol_left\":\"$\",\"symbol_right\":\"\",\"symbol_padding\":\"\",\"thousand_separator\":\",\",\"decimal_separator\":\".\",\"decimals\":2},\"base_url\":\"http:\\\/\\\/www.forum.com.tn\\\/entreprise\\\/wp-content\\\/plugins\\\/gravityform21119\",\"number_formats\":[],\"spinnerUrl\":\"http:\\\/\\\/www.forum.com.tn\\\/entreprise\\\/wp-content\\\/plugins\\\/gravityform21119\\\/images\\\/spinner.gif\"};jQuery(document).bind('gform_post_render', function(event, formId, currentPage){if(formId == 2) {} } );jQuery(document).bind('gform_post_conditional_logic', function(event, formId, fields, isInit){} );<\/script><script type='text\/javascript'> jQuery(document).ready(function(){jQuery(document).trigger('gform_post_render', [2, 1]) } ); <\/script>\r\n\r\n                <\/div>","protected":false},"excerpt":{"rendered":"D\u00e8s \u00e0 pr\u00e9sent, r\u00e9servez la date de votre \u00e9v\u00e9nement en remplissant les champs ci-dessous . Nous vous confirmerons rapidement la disponibilit\u00e9 de la date choisie . La r\u00e9servation d\u00e9finitive de l&rsquo;espace se fait lors de la signature du bon de commande .","protected":false},"author":1,"featured_media":0,"parent":0,"menu_order":0,"comment_status":"closed","ping_status":"closed","template":"templates\/reservation.php","meta":[],"_links":{"self":[{"href":"http:\/\/www.forum.com.tn\/entreprise\/Fr\/wp-json\/wp\/v2\/pages\/680"}],"collection":[{"href":"http:\/\/www.forum.com.tn\/entreprise\/Fr\/wp-json\/wp\/v2\/pages"}],"about":[{"href":"http:\/\/www.forum.com.tn\/entreprise\/Fr\/wp-json\/wp\/v2\/types\/page"}],"author":[{"embeddable":true,"href":"http:\/\/www.forum.com.tn\/entreprise\/Fr\/wp-json\/wp\/v2\/users\/1"}],"replies":[{"embeddable":true,"href":"http:\/\/www.forum.com.tn\/entreprise\/Fr\/wp-json\/wp\/v2\/comments?post=680"}],"version-history":[{"count":5,"href":"http:\/\/www.forum.com.tn\/entreprise\/Fr\/wp-json\/wp\/v2\/pages\/680\/revisions"}],"predecessor-version":[{"id":1550,"href":"http:\/\/www.forum.com.tn\/entreprise\/Fr\/wp-json\/wp\/v2\/pages\/680\/revisions\/1550"}],"wp:attachment":[{"href":"http:\/\/www.forum.com.tn\/entreprise\/Fr\/wp-json\/wp\/v2\/media?parent=680"}],"curies":[{"name":"wp","href":"https:\/\/api.w.org\/{rel}","templated":true}]}}