{"id":83,"date":"2016-12-14T15:29:17","date_gmt":"2016-12-14T14:29:17","guid":{"rendered":"http:\/\/entreprise.forum.com.tn\/?page_id=83"},"modified":"2017-02-10T18:38:16","modified_gmt":"2017-02-10T17:38:16","slug":"apropos","status":"publish","type":"page","link":"http:\/\/www.forum.com.tn\/entreprise\/Fr\/apropos\/","title":{"rendered":"\u00c0 PROPOS"},"content":{"rendered":"[vc_row][vc_column][vc_row_inner][vc_column_inner width=\"1\/3\"][vc_single_image image=\"652\" img_size=\"full\"][\/vc_column_inner][vc_column_inner width=\"2\/3\"][vc_column_text el_class=\"propos-text\"]A l\u2019origine de l\u2019histoire du FORUM, un homme, Abdelmonem TRABELSI, qui apr\u00e8s une longue carri\u00e8re dans les affaires, d\u00e9cida dans les ann\u00e9es 90 de cr\u00e9er une salle polyvalente \u00e0 Sfax : Le FORUM. Ce choix \u00e9tait dict\u00e9 par son d\u00e9sir de diversifier ses affaires. Apr\u00e8s cette premi\u00e8re exp\u00e9rience r\u00e9ussie, il d\u00e9cida de vendre cet espace pour construire un autre espace plus grand et plus luxueux dans la capitale Tunis et a confi\u00e9 sa gestion \u00e0 son fils Mahmoud TRABELSI[\/vc_column_text][\/vc_column_inner][\/vc_row_inner][\/vc_column][\/vc_row][vc_row el_class=\"padding-top-propos\"][vc_column][vc_row_inner][vc_column_inner width=\"1\/3\"][vc_column_text]\r\n<h5 class=\"entry-title\" style=\"text-align: center;\"><img loading=\"lazy\" class=\"alignnone wp-image-64\" src=\"http:\/\/www.forum.com.tn\/wp-content\/uploads\/2016\/11\/ic_ev_prives_apropos_leforum.png\" alt=\"ic_ev_prives_apropos_leforum\" width=\"86\" height=\"85\" \/><\/h5>\r\n<h5 class=\"entry-title propos-eve-titre\" style=\"text-align: center;\">\u00c9V\u00c9NEMENTS PRIV\u00c9S<\/h5>\r\n\r\n<hr \/>\r\n\r\n<div class=\"propos-eve-text\">Le premier espace SUPREME (capacit\u00e9 600 pax) fut ouvert en 2010. D\u00e8s le d\u00e9marrage, LE FORUM s\u2019est sp\u00e9cialis\u00e9 dans les grandes soir\u00e9es priv\u00e9es organis\u00e9es cl\u00e9 en main.Ensuite et gr\u00e2ce \u00e0 l\u2019adjonction en 2013 du second espace PRESTIGE (capacit\u00e9 300 pax), LE FORUM a accueilli des clients avec un nombre d\u2019invit\u00e9s moindre et plusieurs s\u00e9minaires, conf\u00e9rences, formations, ateliers et expositions, \u00e9v\u00e8nements tr\u00e8s souvent organis\u00e9s sur mesure.<\/div>\r\n[\/vc_column_text][\/vc_column_inner][vc_column_inner width=\"1\/3\"][vc_column_text]\r\n<h5 class=\"entry-title\" style=\"text-align: center;\"><img loading=\"lazy\" class=\"alignnone wp-image-65\" src=\"http:\/\/www.forum.com.tn\/wp-content\/uploads\/2016\/11\/ic_ev_pro_apropos_leforum.png\" alt=\"ic_ev_pro_apropos_leforum\" width=\"86\" height=\"85\" \/><\/h5>\r\n<h5 class=\"entry-title propos-eve-titre\" style=\"text-align: center;\">\u00c9V\u00c9NEMENTS PROFESSIONNELS<\/h5>\r\n\r\n<hr \/>\r\n<p class=\"propos-eve-text\">L\u2019activit\u00e9 ENTREPRISE au FORUM est disponible pour plusieurs clients prestigieux, grands groupes de soci\u00e9t\u00e9s, organismes internationaux, associations locales ou mondiales qui font confiance au FORUM en y organisant leurs \u00e9v\u00e8nements professionnels ou conviviaux.<\/p>\r\n[\/vc_column_text][\/vc_column_inner][vc_column_inner width=\"1\/3\"][vc_column_text]\r\n<h5 class=\"entry-title\" style=\"text-align: center;\"><img loading=\"lazy\" class=\"alignnone wp-image-66\" src=\"http:\/\/www.forum.com.tn\/wp-content\/uploads\/2016\/11\/ic_banquets_apropos_leforum.png\" alt=\"ic_banquets_apropos_leforum\" width=\"86\" height=\"85\" \/><\/h5>\r\n<h5 class=\"entry-title propos-eve-titre\" style=\"text-align: center;\">BANQUETS<\/h5>\r\n\r\n<hr \/>\r\n<p class=\"propos-eve-text\">L\u2019activit\u00e9 BANQUET s\u2019est d\u00e9velopp\u00e9e gr\u00e2ce \u00e0 l\u2019adjonction en 2014 d\u2019une cuisine centrale et surtout au passage de plusieurs Chefs r\u00e9put\u00e9s, qui ont su faire preuve d\u2019innovation et de cr\u00e9ativit\u00e9 dans les mets pr\u00e9sent\u00e9s. Lors des diners galas ou soir\u00e9es VIP, les clients invit\u00e9s au FORUM sont souvent \u00e0 l\u2019aff\u00fbt des nouvelles bouch\u00e9es, des derni\u00e8res recettes fusion et des d\u00e9lices sucr\u00e9s tendance. Les formes, les couleurs, les m\u00e9langes et les go\u00fbts sont aussi surprenants qu\u2019agr\u00e9ables, de quoi \u00e9veiller l'app\u00e9tit des plus fins gourmets.<\/p>\r\n[\/vc_column_text][\/vc_column_inner][\/vc_row_inner][\/vc_column][\/vc_row][vc_row css=\".vc_custom_1480510078810{background-color: #f7f7f7 !important;}\"][vc_column][vc_row_inner][vc_column_inner width=\"1\/2\"][vc_column_text el_class=\"propos-text2\"]LE FORUM accueille p\u00e9riodiquement plusieurs manifestations culturelles, concert, stand up, pi\u00e8ce de th\u00e9\u00e2tre, ballet. La derni\u00e8re \u00e9dition du FORUM, RIRE &amp; CHANSON, a \u00e9t\u00e9 un grand succ\u00e8s, avec des artistes r\u00e9put\u00e9s.\r\n\r\nEn conseillant de jour en jour ses clients pour les choix de troupe musicale, audio-visuel, reportage photo-vid\u00e9o, h\u00f4tesse, s\u00e9jour, r\u00e9servation\u2026, la mission du FORUM s\u2019est \u00e9largie \u00e0 l\u2019organisation \u00e9v\u00e8nementielle avec toujours une qualit\u00e9 de service irr\u00e9prochable.\r\n\r\nD\u2019un espace polyvalent au d\u00e9part, LE FORUM se positionne aujourd\u2019hui comme un organisateur global d\u2019\u00e9v\u00e8nements \u00ab EVENT\u2019S PLANNER \u00bb int\u00e9grant l\u2019activit\u00e9 BANQUETS au service des ENTREPRISES et des PARTICULIERS offrant un choix d\u2019espaces, et une multitude de services associ\u00e9s de qualit\u00e9.[\/vc_column_text][\/vc_column_inner][vc_column_inner width=\"1\/2\"][vc_single_image image=\"653\" img_size=\"full\"][\/vc_column_inner][\/vc_row_inner][\/vc_column][\/vc_row][vc_row el_class=\"notre-mission-padding\"][vc_column][vc_column_text]\r\n<div class=\"center-txt\">\r\n<h3 class=\"ha notre-mission\" style=\"text-align: center;\">NOTRE MISSION<\/h3>\r\n&nbsp;\r\n<p class=\"notre-mission-txt\" style=\"text-align: center;\">\u00c9laborer un environnement vous permettant de rester l'acteur principal de votre<\/p>\r\n<p class=\"notre-mission-txt\" style=\"text-align: center;\">\u00e9v\u00e8nement et d'assurer sa r\u00e9ussite.<\/p>\r\n<p class=\"notre-mission-txt\" style=\"text-align: center;\"><\/p>\r\n\r\n<\/div>\r\n[\/vc_column_text][\/vc_column][\/vc_row][vc_row css=\".vc_custom_1480090764088{background-color: #0099de !important;}\"][vc_column][vc_column_text]\r\n<div class=\"center-txt\">\r\n<h3 class=\"hav nos-valeurs\" style=\"text-align: center;\">NOS VALEURS<\/h3>\r\n<\/div>\r\n[\/vc_column_text][vc_row_inner el_class=\"nos-valeur-padding\"][vc_column_inner width=\"1\/4\"][vc_column_text el_class=\"white-font\"]\r\n<h2 class=\"nos-valeurs-title\">La confiance<\/h2>\r\n<div class=\"nos-val-text\">est au c\u0153ur des\u00a0relations que nous\u00a0entretenons avec\u00a0nos clients traduisant le respect strict des\u00a0<strong>engagements<\/strong> pris.<\/div>\r\n[\/vc_column_text][\/vc_column_inner][vc_column_inner width=\"1\/4\"][vc_column_text el_class=\"white-font\"]\r\n<h2 class=\"nos-valeurs-title\">La satisfaction client<\/h2>\r\n<div class=\"nos-val-text\">est notre raison d\u2019\u00eatre \u00e0 tous les niveaux de l'entreprise.<\/div>\r\n[\/vc_column_text][\/vc_column_inner][vc_column_inner width=\"1\/4\"][vc_column_text el_class=\"white-font\"]\r\n<h2 class=\"nos-valeurs-title\">L'innovation,<\/h2>\r\n<div class=\"nos-val-text\">par la recherche perp\u00e9tuelle de solutions innovantes, nos \u00e9quipes contribuent \u00e0 faire la diff\u00e9rence.<\/div>\r\n[\/vc_column_text][\/vc_column_inner][vc_column_inner width=\"1\/4\"][vc_column_text el_class=\"white-font\"]\r\n<h2 class=\"nos-valeurs-title\">L'esprit d'\u00e9quipe<\/h2>\r\n<div class=\"nos-val-text\">qui contribue \u00e0 construire chaque jour pour vous,\u00abl'esprit service\u00bb du <strong>FORUM<\/strong>\u00a0visant en permanence \u00a0<strong>l'excellence\u00a0<\/strong>.<\/div>\r\n[\/vc_column_text][\/vc_column_inner][\/vc_row_inner][\/vc_column][\/vc_row]","protected":false},"excerpt":{"rendered":"[vc_row][vc_column][vc_row_inner][vc_column_inner width=\u00a0\u00bb1\/3&Prime;][vc_single_image image=\u00a0\u00bb652&Prime; img_size=\u00a0\u00bbfull\u00a0\u00bb][\/vc_column_inner][vc_column_inner width=\u00a0\u00bb2\/3&Prime;][vc_column_text el_class=\u00a0\u00bbpropos-text\u00a0\u00bb]A l\u2019origine de l\u2019histoire du FORUM, un homme, Abdelmonem TRABELSI, qui apr\u00e8s une longue carri\u00e8re dans les affaires, d\u00e9cida dans les ann\u00e9es 90 de cr\u00e9er une salle polyvalente \u00e0 Sfax : Le FORUM. Ce choix \u00e9tait dict\u00e9 par son d\u00e9sir de diversifier ses affaires. Apr\u00e8s cette premi\u00e8re exp\u00e9rience r\u00e9ussie, il <a class=\"read-more\" href=\"http:\/\/www.forum.com.tn\/entreprise\/Fr\/apropos\/\">&#8230;<\/a>","protected":false},"author":1,"featured_media":0,"parent":0,"menu_order":0,"comment_status":"closed","ping_status":"closed","template":"single-apropos.php","meta":[],"_links":{"self":[{"href":"http:\/\/www.forum.com.tn\/entreprise\/Fr\/wp-json\/wp\/v2\/pages\/83"}],"collection":[{"href":"http:\/\/www.forum.com.tn\/entreprise\/Fr\/wp-json\/wp\/v2\/pages"}],"about":[{"href":"http:\/\/www.forum.com.tn\/entreprise\/Fr\/wp-json\/wp\/v2\/types\/page"}],"author":[{"embeddable":true,"href":"http:\/\/www.forum.com.tn\/entreprise\/Fr\/wp-json\/wp\/v2\/users\/1"}],"replies":[{"embeddable":true,"href":"http:\/\/www.forum.com.tn\/entreprise\/Fr\/wp-json\/wp\/v2\/comments?post=83"}],"version-history":[{"count":8,"href":"http:\/\/www.forum.com.tn\/entreprise\/Fr\/wp-json\/wp\/v2\/pages\/83\/revisions"}],"predecessor-version":[{"id":1047,"href":"http:\/\/www.forum.com.tn\/entreprise\/Fr\/wp-json\/wp\/v2\/pages\/83\/revisions\/1047"}],"wp:attachment":[{"href":"http:\/\/www.forum.com.tn\/entreprise\/Fr\/wp-json\/wp\/v2\/media?parent=83"}],"curies":[{"name":"wp","href":"https:\/\/api.w.org\/{rel}","templated":true}]}}