{"id":91,"date":"2016-12-14T15:33:32","date_gmt":"2016-12-14T14:33:32","guid":{"rendered":"http:\/\/entreprise.forum.com.tn\/?page_id=91"},"modified":"2017-02-21T22:07:03","modified_gmt":"2017-02-21T21:07:03","slug":"votre-evenement","status":"publish","type":"page","link":"http:\/\/www.forum.com.tn\/entreprise\/Fr\/votre-evenement\/","title":{"rendered":"VOTRE \u00c9V\u00c9NEMENT"},"content":{"rendered":"<div class=\"main-container-ceromonie\">\r\n<div class=\"container text-ceremonie-full-bg padding-top\">\r\n\r\n<p><span class=\"ceromonie-text-field\">VOTRE \u00c9V\u00c9NEMENT<\/span><br>\r\n\r\n<span class=\"ceremonie-text-sous-titre less-padding-bot\">\"\u00a0Faites de votre \u00e9v\u00e9nement un moment d\u2019exception et de succ\u00e8s.\u00a0\"<\/span><\/p>\r\n<div class=\"row less-padding-bot\">\r\n<div class=\"col-md-6 padding-left lesser-padding-right ceremonie-text-p\">LE FORUM n\u2019est pas uniquement un simple espace d\u00e9di\u00e9 aux \u00e9v\u00e9nements professionnels. C\u2019est un vrai lieu de vie. Rien n\u2019a \u00e9t\u00e9 laiss\u00e9 au d\u00e9tail. Aussi bien l\u2019accueil que le s\u00e9rieux du service, font de votre \u00e9v\u00e9nement, un moment de convivialit\u00e9 inoubliable pour tous vos convives.<\/div>\r\n<div class=\"col-md-6 padding-right lesser-padding-left ceremonie-text-p\">Notre engagement est de vous satisfaire au-del\u00e0 de vos attentes et gr\u00e2ce \u00e0 nos diff\u00e9rents partenaires, nous sommes en mesure de vous offrir l\u2019excellence.<\/div>\r\n<\/div>\r\n<\/div>\r\n<\/div>","protected":false},"excerpt":{"rendered":"VOTRE \u00c9V\u00c9NEMENT \u00a0\u00bb\u00a0Faites de votre \u00e9v\u00e9nement un moment d\u2019exception et de succ\u00e8s.\u00a0\u00a0\u00bb LE FORUM n\u2019est pas uniquement un simple espace d\u00e9di\u00e9 aux \u00e9v\u00e9nements professionnels. C\u2019est un vrai lieu de vie. Rien n\u2019a \u00e9t\u00e9 laiss\u00e9 au d\u00e9tail. Aussi bien l\u2019accueil que le s\u00e9rieux du service, font de votre \u00e9v\u00e9nement, un moment de convivialit\u00e9 inoubliable pour tous <a class=\"read-more\" href=\"http:\/\/www.forum.com.tn\/entreprise\/Fr\/votre-evenement\/\">&#8230;<\/a>","protected":false},"author":1,"featured_media":0,"parent":0,"menu_order":0,"comment_status":"closed","ping_status":"closed","template":"single-evenement.php","meta":[],"_links":{"self":[{"href":"http:\/\/www.forum.com.tn\/entreprise\/Fr\/wp-json\/wp\/v2\/pages\/91"}],"collection":[{"href":"http:\/\/www.forum.com.tn\/entreprise\/Fr\/wp-json\/wp\/v2\/pages"}],"about":[{"href":"http:\/\/www.forum.com.tn\/entreprise\/Fr\/wp-json\/wp\/v2\/types\/page"}],"author":[{"embeddable":true,"href":"http:\/\/www.forum.com.tn\/entreprise\/Fr\/wp-json\/wp\/v2\/users\/1"}],"replies":[{"embeddable":true,"href":"http:\/\/www.forum.com.tn\/entreprise\/Fr\/wp-json\/wp\/v2\/comments?post=91"}],"version-history":[{"count":9,"href":"http:\/\/www.forum.com.tn\/entreprise\/Fr\/wp-json\/wp\/v2\/pages\/91\/revisions"}],"predecessor-version":[{"id":957,"href":"http:\/\/www.forum.com.tn\/entreprise\/Fr\/wp-json\/wp\/v2\/pages\/91\/revisions\/957"}],"wp:attachment":[{"href":"http:\/\/www.forum.com.tn\/entreprise\/Fr\/wp-json\/wp\/v2\/media?parent=91"}],"curies":[{"name":"wp","href":"https:\/\/api.w.org\/{rel}","templated":true}]}}