{"id":93,"date":"2016-12-14T15:34:00","date_gmt":"2016-12-14T14:34:00","guid":{"rendered":"http:\/\/entreprise.forum.com.tn\/?page_id=93"},"modified":"2017-02-21T22:12:17","modified_gmt":"2017-02-21T21:12:17","slug":"nos-services","status":"publish","type":"page","link":"http:\/\/www.forum.com.tn\/entreprise\/Fr\/nos-services\/","title":{"rendered":"NOS SERVICES"},"content":{"rendered":"<div class=\"main-container-ceromonie\">\r\n<div class=\"container text-ceremonie-full-bg padding-top\">\r\n\r\n<p><span class=\"ceromonie-text-field\">NOS SERVICES<\/span>\r\n<br>\r\n<span class=\"ceremonie-text-sous-titre less-padding-bot\">\" L\u2019exigence d\u2019un service Professionnel \"<\/span><\/p>\r\n<div class=\"row less-padding-bot\">\r\n<div class=\"col-md-6 padding-left lesser-padding-right ceremonie-text-p\">\r\nPour la r\u00e9ussite de vos \u00e9v\u00e9nements professionnels, LE FORUM et ses partenaires sont \u00e0 votre disposition pour <\/div>\r\n<div class=\"col-md-6 padding-right lesser-padding-left ceremonie-text-p\">vous offrir le meilleur service en audio-Visuel, Photo Vid\u00e9o, S\u00e9jour, Musique, H\u00f4tesse, Traducteur\u2026<\/div>\r\n<\/div>\r\n<\/div>\r\n<\/div>","protected":false},"excerpt":{"rendered":"NOS SERVICES \u00a0\u00bb L\u2019exigence d\u2019un service Professionnel \u00a0\u00bb Pour la r\u00e9ussite de vos \u00e9v\u00e9nements professionnels, LE FORUM et ses partenaires sont \u00e0 votre disposition pour vous offrir le meilleur service en audio-Visuel, Photo Vid\u00e9o, S\u00e9jour, Musique, H\u00f4tesse, Traducteur\u2026","protected":false},"author":1,"featured_media":0,"parent":0,"menu_order":0,"comment_status":"closed","ping_status":"closed","template":"single-nosservices.php","meta":[],"_links":{"self":[{"href":"http:\/\/www.forum.com.tn\/entreprise\/Fr\/wp-json\/wp\/v2\/pages\/93"}],"collection":[{"href":"http:\/\/www.forum.com.tn\/entreprise\/Fr\/wp-json\/wp\/v2\/pages"}],"about":[{"href":"http:\/\/www.forum.com.tn\/entreprise\/Fr\/wp-json\/wp\/v2\/types\/page"}],"author":[{"embeddable":true,"href":"http:\/\/www.forum.com.tn\/entreprise\/Fr\/wp-json\/wp\/v2\/users\/1"}],"replies":[{"embeddable":true,"href":"http:\/\/www.forum.com.tn\/entreprise\/Fr\/wp-json\/wp\/v2\/comments?post=93"}],"version-history":[{"count":6,"href":"http:\/\/www.forum.com.tn\/entreprise\/Fr\/wp-json\/wp\/v2\/pages\/93\/revisions"}],"predecessor-version":[{"id":955,"href":"http:\/\/www.forum.com.tn\/entreprise\/Fr\/wp-json\/wp\/v2\/pages\/93\/revisions\/955"}],"wp:attachment":[{"href":"http:\/\/www.forum.com.tn\/entreprise\/Fr\/wp-json\/wp\/v2\/media?parent=93"}],"curies":[{"name":"wp","href":"https:\/\/api.w.org\/{rel}","templated":true}]}}