{"id":1095,"date":"2016-12-22T17:37:52","date_gmt":"2016-12-22T16:37:52","guid":{"rendered":"http:\/\/particulier.forum.com.tn\/?page_id=1095"},"modified":"2022-01-19T08:37:50","modified_gmt":"2022-01-19T07:37:50","slug":"plaisir","status":"publish","type":"page","link":"http:\/\/www.forum.com.tn\/particulier\/En\/votre-ceremonie\/formules-mariage-attable\/plaisir\/","title":{"rendered":"Pleasure"},"content":{"rendered":"<div class=\"inner-detail-text container\">You wish to organize a successful wedding ceremony and make it a memorable evening.\r\nThe FORUM team is committed to offer you a unique wedding, planned with fanciness and professionalism and guarantees you a classy service that exceeds that of a 5 star hotel*****.\r\n<div class=\"liste\">\r\n<ul>\r\n<ul>\r\n \t<li>Unlimited mineral water<\/li>\r\n \t<li>Mint tea with pine nuts<\/li>\r\n \t<li>Fresh fruit juice (strawberry, fresh lemonade, cocktail)<\/li>\r\n \t<li>Tunisian pastries (maximum of 3) from GOURMANDISE<\/li>\r\n \t<li>Hazelnut and almond Baklava<\/li>\r\n \t<li>Mixed pastries (pine nut square + nut bourgeoise+ pistachio kaak mrachek + almond Bjawia + Raw Almond Mlabess)<\/li>\r\n \t<li>Almond Kaak warka<\/li>\r\n \t<li>Our selection of savory bites from GOURMANDISE (maximum of 3)<\/li>\r\n \t<li>Bride and groom sofa (without decoration)<\/li>\r\n \t<li>White tablecloths<\/li>\r\n \t<li>Floral centerpieces<\/li>\r\n \t<li>Experienced Ma\u00eetre d\u2019h\u00f4tel and qualified waiters depending on the number of guests<\/li>\r\n \t<li>Ambient color lighting of your choice<\/li>\r\n \t<li>Enhanced security on the outside<\/li>\r\n<\/ul>\r\n<\/ul>\r\n<div class=\"liste-interne\">\r\n<ul>\r\n \t<li>Baklaoua noisette amande<\/li>\r\n \t<li>G\u00e2teaux Mixtes (carr\u00e9 pignon + bourgeoise noix + kaak mrachek pistache + Bjaouia amande +Mlabess amande cru)<\/li>\r\n \t<li>Kaak warka amande<\/li>\r\n<\/ul>\r\n<\/div>\r\n<ul>\r\n \t<li>Notre S\u00e9lection de d\u00e9licieuses bouch\u00e9es Sal\u00e9es de GOURMANDISE (3 \/ pax)<\/li>\r\n \t<li>Fauteuil mari\u00e9s fournis (sans d\u00e9coration)<\/li>\r\n \t<li>Nappes blanches<\/li>\r\n \t<li>D\u00e9coration centre de table fleurie<\/li>\r\n \t<li>Maitre d'h\u00f4tel exp\u00e9riment\u00e9 et serveurs qualifi\u00e9s selon le nombre d'invit\u00e9s<\/li>\r\n \t<li>Ambiance lumi\u00e8re de couleur au choix<\/li>\r\n \t<li>S\u00e9curit\u00e9 renforc\u00e9e \u00e0 l'ext\u00e9rieur<\/li>\r\n<\/ul>\r\n<\/div>\r\n<div class=\"more-options\">\r\n<div id=\"personnalisez\" class=\"personnalisez-formule\">CUSTOMIZE YOUR FORMULA<\/div>\r\n<div id=\"tarifs\" class=\"tarif-formule\">Tariff<\/div>\r\n<\/div>\r\n<div id=\"options-formule\">\r\n<div class=\"liste\">\r\n<ul>\r\n \t<li>2 nd service mixture between Juice and soft drinks<\/li>\r\n \t<li>Tiered cake design and flavor of your choice from GOURMANDISE<\/li>\r\n \t<li>Mixed nuts (25g \/ per person)<\/li>\r\n \t<li>Sweet verrines ( Strawberry, Chocolate, other flavors of your choice)<\/li>\r\n \t<li>Podium for bride and groom furnished with floral or luminous decoration of yourchoice<\/li>\r\n \t<li>Table toppings of your choice silver, white, or gold<\/li>\r\n \t<li>Floral centerpieces or luminous decoration of your choice<\/li>\r\n \t<li>Floral centerpieces or luminous decoration of your choice<\/li>\r\n \t<li>Floral decoration on staircase handrail (Supreme) or in the space entrance (Prestige)<\/li>\r\n<\/ul>\r\n<\/div>\r\n<\/div>\r\n<div id=\"tarif\" class=\"toggle-content\">\r\n<ul>\r\n<ul>Prices are for 200pax PRESTIGE GF venue (maximum capacity 300pax):\r\n \t<li style=\"margin-top: 20px;\">* Out of summer season<\/li>\r\n<\/ul>\r\n<\/ul>\r\n<span class=\"azur\" style=\"margin-right: 20px;\">5 470DT<\/span><span class=\"orange\" style=\"margin-right: 20px;\"> 6 490 DT<\/span><span class=\"rouge\"> 7 480DT<\/span>\r\n<ul>\r\n<ul>\r\n \t<li style=\"margin-top: 20px;\">* Summer starting June 21 st until September 20 th<\/li>\r\n<\/ul>\r\n<\/ul>\r\n<span class=\"orange\" style=\"margin-right: 20px;\">7 490 DT <\/span><span class=\"rouge\" style=\"margin-right: 20px;\"> 8 460 DT<\/span>\r\n<ul style=\"margin-top: 20px;\">\r\n<ul style=\"margin-top: 20px;\">Prices are for 200pax SUPREME first floor venue (maximum capacity 600pax):\r\n \t<li style=\"margin-top: 20px;\">* Out of summer season<\/li>\r\n<\/ul>\r\n<\/ul>\r\n<span class=\"azur\" style=\"margin-right: 20px;\">6 490 DT <\/span><span class=\"orange\" style=\"margin-right: 20px;\"> 7 490 DT <\/span><span class=\"rouge\" style=\"margin-right: 20px;\"> 8 480DT <\/span>\r\n<ul style=\"margin-top: 20px;\">\r\n<ul style=\"margin-top: 20px;\">\r\n \t<li style=\"margin-top: 20px;\">* Summer starting June 21 st until September 20 th<\/li>\r\n<\/ul>\r\n<\/ul>\r\n<span class=\"orange\" style=\"margin-right: 20px;\">8 490 DT<\/span><span class=\"rouge\" style=\"margin-right: 20px;\"> 9 480 DT<\/span>\r\n<div class=\"remarque-tarif\">(Quoted prices are for 200pax, contact us if more visitors)<\/div>\r\n<div class=\"consultez\">CHOOSE YOUR PRICE PERIOD UPON THE DATE <a href=\"http:\/\/forum.loc\/particulier\/selecteur-de-date\/\">Selecteur de Date<\/a><\/div>\r\n<\/div>\r\n<\/div>\r\n<div class=\"download-section\">\r\n<div class=\"detail-icons\">\r\n<div class=\"send-detail\"><a href=\"#myModal\" data-toggle=\"modal\"> <span id=\"hidden-text\">abcd<\/span><\/a><\/div>\r\n<div class=\"download-detail\"><a href=\"http:\/\/forum.loc\/particulier\/wp-content\/uploads\/sites\/3\/2017\/04\/2-Plaisir-en.pdf\"> <span id=\"hidden-text\">abcd<\/span><\/a><\/div>\r\n<div class=\"print-detail\"><a href=\"http:\/\/forum.loc\/particulier\/wp-content\/uploads\/sites\/3\/2017\/04\/2-Plaisir-en.pdf\"> <span id=\"hidden-text\">abcd<\/span><\/a><\/div>\r\n<\/div>\r\n<\/div>","protected":false},"excerpt":{"rendered":"You wish to organize a successful wedding ceremony and make it a memorable evening. The FORUM team is committed to offer you a unique wedding, planned with fanciness and professionalism and guarantees you a classy service that exceeds that of a 5 star hotel*****. Unlimited mineral water Mint tea with pine nuts Fresh fruit juice <a class=\"read-more\" href=\"http:\/\/www.forum.com.tn\/particulier\/En\/votre-ceremonie\/formules-mariage-attable\/plaisir\/\">&#8230;<\/a>","protected":false},"author":1,"featured_media":835,"parent":575,"menu_order":0,"comment_status":"closed","ping_status":"closed","template":"single-detail.php","meta":[],"_links":{"self":[{"href":"http:\/\/www.forum.com.tn\/particulier\/En\/wp-json\/wp\/v2\/pages\/1095"}],"collection":[{"href":"http:\/\/www.forum.com.tn\/particulier\/En\/wp-json\/wp\/v2\/pages"}],"about":[{"href":"http:\/\/www.forum.com.tn\/particulier\/En\/wp-json\/wp\/v2\/types\/page"}],"author":[{"embeddable":true,"href":"http:\/\/www.forum.com.tn\/particulier\/En\/wp-json\/wp\/v2\/users\/1"}],"replies":[{"embeddable":true,"href":"http:\/\/www.forum.com.tn\/particulier\/En\/wp-json\/wp\/v2\/comments?post=1095"}],"version-history":[{"count":38,"href":"http:\/\/www.forum.com.tn\/particulier\/En\/wp-json\/wp\/v2\/pages\/1095\/revisions"}],"predecessor-version":[{"id":5049,"href":"http:\/\/www.forum.com.tn\/particulier\/En\/wp-json\/wp\/v2\/pages\/1095\/revisions\/5049"}],"up":[{"embeddable":true,"href":"http:\/\/www.forum.com.tn\/particulier\/En\/wp-json\/wp\/v2\/pages\/575"}],"wp:featuredmedia":[{"embeddable":true,"href":"http:\/\/www.forum.com.tn\/particulier\/En\/wp-json\/wp\/v2\/media\/835"}],"wp:attachment":[{"href":"http:\/\/www.forum.com.tn\/particulier\/En\/wp-json\/wp\/v2\/media?parent=1095"}],"curies":[{"name":"wp","href":"https:\/\/api.w.org\/{rel}","templated":true}]}}