{"id":1488,"date":"2017-01-23T01:30:44","date_gmt":"2017-01-23T00:30:44","guid":{"rendered":"http:\/\/particulier.forum.com.tn\/?page_id=1488"},"modified":"2017-04-27T16:30:06","modified_gmt":"2017-04-27T14:30:06","slug":"cuisine-du-monde-zorba-en-cavale","status":"publish","type":"page","link":"http:\/\/www.forum.com.tn\/particulier\/En\/banquets\/soiree-cuisine-du-monde\/cuisine-du-monde-zorba-en-cavale\/","title":{"rendered":"Cuisine du monde ZORBA EN CAVALE"},"content":{"rendered":"<div class=\"inner-detail-text container\">\r\n <div class=\"liste-fine-bouch\u00e9es\">\r\n  <ul>\r\n \t<li><strong>ZORBA EN CAVALE<\/strong><\/li>\r\n<\/ul>\r\n<\/div>\r\n <div class=\"liste-fine-bouch\u00e9es\">\r\n  <ul>\r\n \t<li><strong>Tzatziki<\/strong><\/li>\r\n <li>Tartinade de yaourt, concombre et ail<\/li>\r\n<\/ul>\r\n<\/div>\r\n<div class=\"liste-fine-bouch\u00e9es\">\r\n  <ul>\r\n \t<li><strong>Taramosalata<\/strong><\/li>\r\n <li>Tartinade \u0153ufs et c\u00e2pres<\/li>\r\n \r\n<\/ul>\r\n<\/div>\r\n<div class=\"liste-fine-bouch\u00e9es\">\r\n  <ul>\r\n \t<li><strong>Tyrokafteri<\/strong><\/li>\r\n\t\r\n\r\n <li>Tartinade de l\u00e9gumes, piment doux et fort avec fromage feta<\/li>\r\n <li>Pita grecque accompagnera ces d\u00e9lices m\u00e9diterran\u00e9ens<\/li>\r\n<\/ul>\r\n<\/div>\r\n <div class=\"liste-fine-bouch\u00e9es\">\r\n  <ul>\r\n \t<li><strong>Spanakopita Spitisia<\/strong><\/li>\r\n\t<li>P\u00e2t\u00e9 aux \u00e9pinards et feta<\/li>\r\n<\/ul>\r\n<\/div>      \r\n <div class=\"liste-fine-bouch\u00e9es\">\r\n  <ul>\r\n \t<li><strong>The Zorba dance<\/strong><\/li>\r\n\r\n <li>Une combinaison magique de saveurs qui vous fera voyager aux fonds des \u00eeles accompagn\u00e9e de musique<\/li>\r\n\r\n <li>typique des r\u00e9gions<\/li> \r\n<\/ul>\r\n<\/div>  \r\n <div class=\"liste-fine-bouch\u00e9es\">\r\n  <ul>\r\n \t<li><strong>Garides saganaki \"Nisiotiko\"<\/strong><\/li>\r\n\r\n <li>Crevettes grill\u00e9es \u00e0 la sauce tomate, feta, c\u00e2pres et origan<\/li>\r\n\r\n<\/ul>\r\n<\/div> \r\n <div class=\"liste-fine-bouch\u00e9es\">\r\n  <ul>\r\n \t<li><strong>Pieuvre grill\u00e9e<\/strong><\/li>\r\n\r\n <li>servie avec piment rouge doux, c\u00e2pres, oignons rouges et huile d'olives<\/li>\r\n\r\n<\/ul>\r\n<\/div> \r\n <div class=\"liste-fine-bouch\u00e9es\">\r\n  <ul>\r\n \t<li><strong>Moussaka \u00e0 l'agneau<\/strong><\/li>\r\n\r\n <li>P\u00e2t\u00e9 d'aubergines, pommes de terre, sauce \u00e0 l'agneau et b\u00e9chamel<\/li>\r\n\r\n<\/ul>\r\n<\/div> \r\n <div class=\"liste-fine-bouch\u00e9es\">\r\n  <ul>\r\n \t<li><strong>Calamaria gemista sharas<\/strong><\/li>\r\n\r\n <li>Calamars grill\u00e9s farcis avec fromage fafoloytiri, riz et l\u00e9gumes<\/li>\r\n\r\n<\/ul>\r\n<\/div> \r\n <div class=\"liste-fine-bouch\u00e9es\">\r\n  <ul>\r\n \t<li><strong>Agneau grecque au four \u00e0 l'ancienne<\/strong><\/li>\r\n\r\n <li>Gigot d'agneau grill\u00e9 puis brais\u00e9 \u00e0 feu doux 9heurs de temps aux herbes, patates et orge<\/li>\r\n\r\n<\/ul>\r\n<\/div> \r\n <div class=\"liste-fine-bouch\u00e9es\">\r\n  <ul>\r\n \t<li><strong>Palette de g\u00e2teaux grecs yaourt de ch\u00e8vre au miel et sorbets<\/strong><\/li>\r\n\r\n \r\n<\/ul>\r\n<\/div> \r\n<div class=\"tarif\">\r\n<span class=\"consulter\">Tarif (nous consulter)<\/span>\r\n<\/div>\r\n<div class=\"bottom-footer\">\r\n <\/div>\r\n\r\n <\/div>\r\n\r\n<div class=\"download-section\">\r\n        <div class=\"detail-icons\">\r\n\r\n             <div class=\"send-detail\" >\r\n                <a href=\"#myModal\"  data-toggle=\"modal\"> <span id=\"hidden-text\">abcd<\/span><\/a>\r\n            <\/div>\r\n\r\n            <div class=\"download-detail\">\r\n                <a href=\"http:\/\/particulier.forum.com.tn\/wp-content\/uploads\/sites\/3\/2017\/03\/Cuisine-du-Monde-ZORBA-EN-CAVALE.pdf\"> <span id=\"hidden-text\">abcd<\/span><\/a>\r\n            <\/div>\r\n\r\n            <div class=\"print-detail\">\r\n                <a href=\"http:\/\/particulier.forum.com.tn\/wp-content\/uploads\/sites\/3\/2017\/03\/Cuisine-du-Monde-ZORBA-EN-CAVALE.pdf\"> <span id=\"hidden-text\">abcd<\/span><\/a>\r\n            <\/div>\r\n\r\n        <\/div>\r\n    <\/div>","protected":false},"excerpt":{"rendered":"ZORBA EN CAVALE Tzatziki Tartinade de yaourt, concombre et ail Taramosalata Tartinade \u0153ufs et c\u00e2pres Tyrokafteri Tartinade de l\u00e9gumes, piment doux et fort avec fromage feta Pita grecque accompagnera ces d\u00e9lices m\u00e9diterran\u00e9ens Spanakopita Spitisia P\u00e2t\u00e9 aux \u00e9pinards et feta The Zorba dance Une combinaison magique de saveurs qui vous fera voyager aux fonds des \u00eeles <a class=\"read-more\" href=\"http:\/\/www.forum.com.tn\/particulier\/En\/banquets\/soiree-cuisine-du-monde\/cuisine-du-monde-zorba-en-cavale\/\">&#8230;<\/a>","protected":false},"author":1,"featured_media":0,"parent":1448,"menu_order":0,"comment_status":"closed","ping_status":"closed","template":"single-detail.php","meta":[],"_links":{"self":[{"href":"http:\/\/www.forum.com.tn\/particulier\/En\/wp-json\/wp\/v2\/pages\/1488"}],"collection":[{"href":"http:\/\/www.forum.com.tn\/particulier\/En\/wp-json\/wp\/v2\/pages"}],"about":[{"href":"http:\/\/www.forum.com.tn\/particulier\/En\/wp-json\/wp\/v2\/types\/page"}],"author":[{"embeddable":true,"href":"http:\/\/www.forum.com.tn\/particulier\/En\/wp-json\/wp\/v2\/users\/1"}],"replies":[{"embeddable":true,"href":"http:\/\/www.forum.com.tn\/particulier\/En\/wp-json\/wp\/v2\/comments?post=1488"}],"version-history":[{"count":10,"href":"http:\/\/www.forum.com.tn\/particulier\/En\/wp-json\/wp\/v2\/pages\/1488\/revisions"}],"predecessor-version":[{"id":3001,"href":"http:\/\/www.forum.com.tn\/particulier\/En\/wp-json\/wp\/v2\/pages\/1488\/revisions\/3001"}],"up":[{"embeddable":true,"href":"http:\/\/www.forum.com.tn\/particulier\/En\/wp-json\/wp\/v2\/pages\/1448"}],"wp:attachment":[{"href":"http:\/\/www.forum.com.tn\/particulier\/En\/wp-json\/wp\/v2\/media?parent=1488"}],"curies":[{"name":"wp","href":"https:\/\/api.w.org\/{rel}","templated":true}]}}