{"id":1494,"date":"2017-01-23T02:07:38","date_gmt":"2017-01-23T01:07:38","guid":{"rendered":"http:\/\/particulier.forum.com.tn\/?page_id=1494"},"modified":"2017-04-27T16:26:57","modified_gmt":"2017-04-27T14:26:57","slug":"cuisine-du-monde-casa-del-tapas","status":"publish","type":"page","link":"http:\/\/www.forum.com.tn\/particulier\/En\/banquets\/soiree-cuisine-du-monde\/cuisine-du-monde-casa-del-tapas\/","title":{"rendered":"Cuisine du monde Casa del Tapas"},"content":{"rendered":"<div class=\"inner-detail-text container\">\r\n <div class=\"liste-fine-bouch\u00e9es\">\r\n  <ul>\r\n \t<li><strong>Casa del Tapas<\/strong><\/li>\r\n<li>Une d\u00e9clinaison de saveurs qui feront plaisir \u00e0 vos papilles, accompagn\u00e9 de guitare et de<\/li>\r\n<li>vocal de flamenco de qualit\u00e9<\/li>\r\n<\/ul>\r\n<\/div>\r\n <div class=\"liste-fine-bouch\u00e9es\">\r\n  <ul>\r\n \t<li><strong>Dattes catalanes<\/strong><\/li>\r\n <li>Dattes farcies aux amandes et chorizo saut\u00e9s, en roul\u00e9s de bacon<\/li>\r\n<\/ul>\r\n<\/div>\r\n<div class=\"liste-fine-bouch\u00e9es\">\r\n  <ul>\r\n \t<li><strong>Moules \u00e0 la valencienne<\/strong><\/li>\r\n\r\n <li>Moules et poisson blanc pann\u00e9es \u00e0 la valencienne<\/li>\r\n \r\n<\/ul>\r\n<\/div>\r\n<div class=\"liste-fine-bouch\u00e9es\">\r\n  <ul>\r\n \t<li><strong>Cannellonis de poivrons rouges<\/strong><\/li>\r\n\t\r\n\r\n <li>Poivrons rouges marin\u00e9s, farcis au fromage de ch\u00e8vre et chorizo<\/li>\r\n \r\n<\/ul>\r\n<\/div>\r\n <div class=\"liste-fine-bouch\u00e9es\">\r\n  <ul>\r\n \t<li><strong>Poulpes \u00e0 la gallega<\/strong><\/li>\r\n\t<li>Anchois, fromage de confitures de poivron sur tartines<\/li>\r\n<li>Pain d'accompagnement grill\u00e9 frott\u00e9 \u00e0 l'ail et tomate fra\u00eeches<\/li>\r\n<\/ul>\r\n<\/div>      \r\n <div class=\"liste-fine-bouch\u00e9es\">\r\n  <ul>\r\n \t<li><strong>Le festin valencien<\/strong><\/li>\r\n\r\n <li><strong>Paella terre et mer en show cooking<\/strong><\/li>\r\n <li>Crevettes, s\u00e8ches, moules, clovisses, poisson blanc, poulet, agneau et chorizo au riz relev\u00e9 au<\/li>\r\n <li>safran et pois<\/li>\r\n<\/ul>\r\n<\/div>  \r\n <div class=\"liste-fine-bouch\u00e9es\">\r\n  <ul>\r\n \t<li><strong>G\u00e2teries sucr\u00e9es<\/strong><\/li>\r\n<li>G\u00e2teau poire, ganache et chocolat noir<\/li>\r\n\r\n <li>La bastilla<\/li>\r\n \r\n<\/ul>\r\n<\/div> \r\n\r\n<div class=\"tarif\">\r\n <span class=\"consulter\">Tarif (nous consulter)<\/span>\r\n<\/div>\r\n<div class=\"bottom-footer\">\r\n <\/div>\r\n\r\n\r\n <\/div>\r\n\r\n<div class=\"download-section\">\r\n        <div class=\"detail-icons\">\r\n\r\n           <div class=\"send-detail\" >\r\n                <a href=\"#myModal\"  data-toggle=\"modal\"> <span id=\"hidden-text\">abcd<\/span><\/a>\r\n            <\/div>\r\n\r\n\r\n            <div class=\"download-detail\">\r\n                <a href=\"http:\/\/particulier.forum.com.tn\/wp-content\/uploads\/sites\/3\/2017\/03\/Cuisine-du-Monde-Casa-del-Tapas.pdf\"> <span id=\"hidden-text\">abcd<\/span><\/a>\r\n            <\/div>\r\n\r\n            <div class=\"print-detail\">\r\n                <a href=\"http:\/\/particulier.forum.com.tn\/wp-content\/uploads\/sites\/3\/2017\/03\/Cuisine-du-Monde-Casa-del-Tapas.pdf\"> <span id=\"hidden-text\">abcd<\/span><\/a>\r\n            <\/div>\r\n\r\n        <\/div>\r\n    <\/div>","protected":false},"excerpt":{"rendered":"Casa del Tapas Une d\u00e9clinaison de saveurs qui feront plaisir \u00e0 vos papilles, accompagn\u00e9 de guitare et de vocal de flamenco de qualit\u00e9 Dattes catalanes Dattes farcies aux amandes et chorizo saut\u00e9s, en roul\u00e9s de bacon Moules \u00e0 la valencienne Moules et poisson blanc pann\u00e9es \u00e0 la valencienne Cannellonis de poivrons rouges Poivrons rouges marin\u00e9s, <a class=\"read-more\" href=\"http:\/\/www.forum.com.tn\/particulier\/En\/banquets\/soiree-cuisine-du-monde\/cuisine-du-monde-casa-del-tapas\/\">&#8230;<\/a>","protected":false},"author":1,"featured_media":0,"parent":1448,"menu_order":0,"comment_status":"closed","ping_status":"closed","template":"single-detail.php","meta":[],"_links":{"self":[{"href":"http:\/\/www.forum.com.tn\/particulier\/En\/wp-json\/wp\/v2\/pages\/1494"}],"collection":[{"href":"http:\/\/www.forum.com.tn\/particulier\/En\/wp-json\/wp\/v2\/pages"}],"about":[{"href":"http:\/\/www.forum.com.tn\/particulier\/En\/wp-json\/wp\/v2\/types\/page"}],"author":[{"embeddable":true,"href":"http:\/\/www.forum.com.tn\/particulier\/En\/wp-json\/wp\/v2\/users\/1"}],"replies":[{"embeddable":true,"href":"http:\/\/www.forum.com.tn\/particulier\/En\/wp-json\/wp\/v2\/comments?post=1494"}],"version-history":[{"count":10,"href":"http:\/\/www.forum.com.tn\/particulier\/En\/wp-json\/wp\/v2\/pages\/1494\/revisions"}],"predecessor-version":[{"id":2998,"href":"http:\/\/www.forum.com.tn\/particulier\/En\/wp-json\/wp\/v2\/pages\/1494\/revisions\/2998"}],"up":[{"embeddable":true,"href":"http:\/\/www.forum.com.tn\/particulier\/En\/wp-json\/wp\/v2\/pages\/1448"}],"wp:attachment":[{"href":"http:\/\/www.forum.com.tn\/particulier\/En\/wp-json\/wp\/v2\/media?parent=1494"}],"curies":[{"name":"wp","href":"https:\/\/api.w.org\/{rel}","templated":true}]}}