{"id":2046,"date":"2017-02-19T22:11:59","date_gmt":"2017-02-19T21:11:59","guid":{"rendered":"http:\/\/particulier.forum.com.tn\/?page_id=2046"},"modified":"2017-03-15T09:40:38","modified_gmt":"2017-03-15T08:40:38","slug":"plan-du-site","status":"publish","type":"page","link":"http:\/\/www.forum.com.tn\/particulier\/En\/plan-du-site\/","title":{"rendered":"Sitemap"},"content":{"rendered":"<div class=\"wsp-container\"><h2 class=\"wsp-pages-title\">Pages<\/h2>\n<ul class=\"wsp-pages-list\">\n<li class=\"page_item page-item-2046\"><a href=\"http:\/\/www.forum.com.tn\/particulier\/En\/plan-du-site\/\">Sitemap<\/a><\/li>\n<li class=\"page_item page-item-4\"><a href=\"http:\/\/www.forum.com.tn\/particulier\/En\/apropos\/\">ABOUT US<\/a><\/li>\n<li class=\"page_item page-item-1372 page_item_has_children\"><a href=\"http:\/\/www.forum.com.tn\/particulier\/En\/actualites\/\">(Fran\u00e7ais) ACTUALIT\u00c9S<\/a>\n<ul class='children'>\n\t<li class=\"page_item page-item-1399\"><a href=\"http:\/\/www.forum.com.tn\/particulier\/En\/actualites\/wajiha-jendoubi-au-lake-forum\/\">(Fran\u00e7ais) WAJIHA JENDOUBI AU LAKE FORUM<\/a><\/li>\n<\/ul>\n<\/li>\n<li class=\"page_item page-item-20 page_item_has_children\"><a href=\"http:\/\/www.forum.com.tn\/particulier\/En\/banquets\/\">Banquets<\/a>\n<ul class='children'>\n\t<li class=\"page_item page-item-682 page_item_has_children\"><a href=\"http:\/\/www.forum.com.tn\/particulier\/En\/banquets\/menu-a-la-carte\/\">A La Carte Menu<\/a>\n\t<ul class='children'>\n\t\t<li class=\"page_item page-item-1188\"><a href=\"http:\/\/www.forum.com.tn\/particulier\/En\/banquets\/menu-a-la-carte\/desserts\/\">Desserts<\/a><\/li>\n\t\t<li class=\"page_item page-item-1177\"><a href=\"http:\/\/www.forum.com.tn\/particulier\/En\/banquets\/menu-a-la-carte\/entrees\/\">Appetizers<\/a><\/li>\n\t\t<li class=\"page_item page-item-1186\"><a href=\"http:\/\/www.forum.com.tn\/particulier\/En\/banquets\/menu-a-la-carte\/garnitures\/\">Side Dishes<\/a><\/li>\n\t\t<li class=\"page_item page-item-1181\"><a href=\"http:\/\/www.forum.com.tn\/particulier\/En\/banquets\/menu-a-la-carte\/pates\/\">Pasta<\/a><\/li>\n\t\t<li class=\"page_item page-item-1184\"><a href=\"http:\/\/www.forum.com.tn\/particulier\/En\/banquets\/menu-a-la-carte\/plat-principal\/\">Main Course<\/a><\/li>\n\t\t<li class=\"page_item page-item-1179\"><a href=\"http:\/\/www.forum.com.tn\/particulier\/En\/banquets\/menu-a-la-carte\/salades\/\">Salads<\/a><\/li>\n\t<\/ul>\n<\/li>\n\t<li class=\"page_item page-item-652 page_item_has_children\"><a href=\"http:\/\/www.forum.com.tn\/particulier\/En\/banquets\/cocktail\/\">Cocktail<\/a>\n\t<ul class='children'>\n\t\t<li class=\"page_item page-item-1161\"><a href=\"http:\/\/www.forum.com.tn\/particulier\/En\/banquets\/cocktail\/elite\/\">ELITE<\/a><\/li>\n\t\t<li class=\"page_item page-item-1167\"><a href=\"http:\/\/www.forum.com.tn\/particulier\/En\/banquets\/cocktail\/jet-set\/\">JET SET<\/a><\/li>\n\t\t<li class=\"page_item page-item-1140\"><a href=\"http:\/\/www.forum.com.tn\/particulier\/En\/banquets\/cocktail\/top\/\">TOP<\/a><\/li>\n\t\t<li class=\"page_item page-item-1165\"><a href=\"http:\/\/www.forum.com.tn\/particulier\/En\/banquets\/cocktail\/v-i-p\/\">V.I.P<\/a><\/li>\n\t<\/ul>\n<\/li>\n\t<li class=\"page_item page-item-542 page_item_has_children\"><a href=\"http:\/\/www.forum.com.tn\/particulier\/En\/banquets\/le-sale-fin\/\">Fine Salty Tidbits<\/a>\n\t<ul class='children'>\n\t\t<li class=\"page_item page-item-1196\"><a href=\"http:\/\/www.forum.com.tn\/particulier\/En\/banquets\/le-sale-fin\/les-bouchees-chaudes-froides\/\">Hot &#038; Cold Bites<\/a><\/li>\n\t\t<li class=\"page_item page-item-1197\"><a href=\"http:\/\/www.forum.com.tn\/particulier\/En\/banquets\/le-sale-fin\/les-bouchees-traditionnelles\/\">Traditional Bites<\/a><\/li>\n\t\t<li class=\"page_item page-item-1202\"><a href=\"http:\/\/www.forum.com.tn\/particulier\/En\/banquets\/le-sale-fin\/les-brochettes\/\">Skewers<\/a><\/li>\n\t\t<li class=\"page_item page-item-1198\"><a href=\"http:\/\/www.forum.com.tn\/particulier\/En\/banquets\/le-sale-fin\/les-verrines\/\">Verrines<\/a><\/li>\n\t<\/ul>\n<\/li>\n\t<li class=\"page_item page-item-666 page_item_has_children\"><a href=\"http:\/\/www.forum.com.tn\/particulier\/En\/banquets\/diner-gala\/\">Gala Dinner<\/a>\n\t<ul class='children'>\n\t\t<li class=\"page_item page-item-1173\"><a href=\"http:\/\/www.forum.com.tn\/particulier\/En\/banquets\/diner-gala\/cinq-etoiles\/\">Five Stars<\/a><\/li>\n\t\t<li class=\"page_item page-item-1171\"><a href=\"http:\/\/www.forum.com.tn\/particulier\/En\/banquets\/diner-gala\/quatre-etoiles\/\">Four Stars<\/a><\/li>\n\t\t<li class=\"page_item page-item-1169\"><a href=\"http:\/\/www.forum.com.tn\/particulier\/En\/banquets\/diner-gala\/star-buffet\/\">Star (Buffet)<\/a><\/li>\n\t\t<li class=\"page_item page-item-1175\"><a href=\"http:\/\/www.forum.com.tn\/particulier\/En\/banquets\/diner-gala\/palace\/\">PALACE<\/a><\/li>\n\t<\/ul>\n<\/li>\n\t<li class=\"page_item page-item-633 page_item_has_children\"><a href=\"http:\/\/www.forum.com.tn\/particulier\/En\/banquets\/delice-sucre\/\">Sweet Tidbits<\/a>\n\t<ul class='children'>\n\t\t<li class=\"page_item page-item-1219\"><a href=\"http:\/\/www.forum.com.tn\/particulier\/En\/banquets\/delice-sucre\/traditions-revisitees\/\">Tradition Revisited<\/a><\/li>\n\t\t<li class=\"page_item page-item-1215\"><a href=\"http:\/\/www.forum.com.tn\/particulier\/En\/banquets\/delice-sucre\/les-bouchees-sucrees\/\">Sweet Bites<\/a><\/li>\n\t\t<li class=\"page_item page-item-1217\"><a href=\"http:\/\/www.forum.com.tn\/particulier\/En\/banquets\/delice-sucre\/les-gateaux-de-ceremonie\/\">Ceremony Cakes<\/a><\/li>\n\t\t<li class=\"page_item page-item-1204\"><a href=\"http:\/\/www.forum.com.tn\/particulier\/En\/banquets\/delice-sucre\/patisseries-tunisiennes\/\">Tunisian Pastries<\/a><\/li>\n\t<\/ul>\n<\/li>\n\t<li class=\"page_item page-item-1448 page_item_has_children\"><a href=\"http:\/\/www.forum.com.tn\/particulier\/En\/banquets\/soiree-cuisine-du-monde\/\">World Cuisine Party<\/a>\n\t<ul class='children'>\n\t\t<li class=\"page_item page-item-1494\"><a href=\"http:\/\/www.forum.com.tn\/particulier\/En\/banquets\/soiree-cuisine-du-monde\/cuisine-du-monde-casa-del-tapas\/\">Cuisine du monde Casa del Tapas<\/a><\/li>\n\t\t<li class=\"page_item page-item-1496\"><a href=\"http:\/\/www.forum.com.tn\/particulier\/En\/banquets\/soiree-cuisine-du-monde\/cuisine-du-monde-degustation\/\">Cuisine du monde D\u00e9gustation<\/a><\/li>\n\t\t<li class=\"page_item page-item-1492\"><a href=\"http:\/\/www.forum.com.tn\/particulier\/En\/banquets\/soiree-cuisine-du-monde\/cuisine-du-monde-la-salsatequa\/\">Cuisine du monde La Salsatequa<\/a><\/li>\n\t\t<li class=\"page_item page-item-1486\"><a href=\"http:\/\/www.forum.com.tn\/particulier\/En\/banquets\/soiree-cuisine-du-monde\/cuisine-du-monde-pic-nic-perse\/\">Cuisine du monde Pic-nic Perse<\/a><\/li>\n\t\t<li class=\"page_item page-item-1490\"><a href=\"http:\/\/www.forum.com.tn\/particulier\/En\/banquets\/soiree-cuisine-du-monde\/cuisine-du-monde-the-bankok-stop\/\">Cuisine du monde The Bankok Stop<\/a><\/li>\n\t\t<li class=\"page_item page-item-1488\"><a href=\"http:\/\/www.forum.com.tn\/particulier\/En\/banquets\/soiree-cuisine-du-monde\/cuisine-du-monde-zorba-en-cavale\/\">Cuisine du monde ZORBA EN CAVALE<\/a><\/li>\n\t<\/ul>\n<\/li>\n<\/ul>\n<\/li>\n<li class=\"page_item page-item-2730\"><a href=\"http:\/\/www.forum.com.tn\/particulier\/En\/confirmation-demande-devis\/\">Con<\/a><\/li>\n<li class=\"page_item page-item-8\"><a href=\"http:\/\/www.forum.com.tn\/particulier\/En\/contact\/\">CONTACT<\/a><\/li>\n<li class=\"page_item page-item-74\"><a href=\"http:\/\/www.forum.com.tn\/particulier\/En\/entreprises\/\">ENTREPRISES<\/a><\/li>\n<li class=\"page_item page-item-1239\"><a href=\"http:\/\/www.forum.com.tn\/particulier\/En\/galerie\/\">(Fran\u00e7ais) Galerie<\/a><\/li>\n<li class=\"page_item page-item-1389\"><a href=\"http:\/\/www.forum.com.tn\/particulier\/En\/guide-des-mariees\/\">(Fran\u00e7ais) GUIDE DES MARI\u00c9ES<\/a><\/li>\n<li class=\"page_item page-item-2207\"><a href=\"http:\/\/www.forum.com.tn\/particulier\/En\/mariage-prestige-lapres-midi\/\">(Fran\u00e7ais) Mariage PRESTIGE ( l&#8217;apr\u00e8s midi )<\/a><\/li>\n<li class=\"page_item page-item-14\"><a href=\"http:\/\/www.forum.com.tn\/particulier\/En\/nos-espaces\/\">OUR VENUES<\/a><\/li>\n<li class=\"page_item page-item-2121 page_item_has_children\"><a href=\"http:\/\/www.forum.com.tn\/particulier\/En\/nos-services\/\">OUR SERVICES<\/a>\n<ul class='children'>\n\t<li class=\"page_item page-item-451\"><a href=\"http:\/\/www.forum.com.tn\/particulier\/En\/nos-services\/services-mariage\/\">Wedding Services<\/a><\/li>\n\t<li class=\"page_item page-item-2123\"><a href=\"http:\/\/www.forum.com.tn\/particulier\/En\/nos-services\/autres-services\/\">(Fran\u00e7ais) AUTRES SERVICES<\/a><\/li>\n\t<li class=\"page_item page-item-949\"><a href=\"http:\/\/www.forum.com.tn\/particulier\/En\/nos-services\/decoration-mariage\/\">Wedding Decoration<\/a><\/li>\n<\/ul>\n<\/li>\n<li class=\"page_item page-item-76\"><a href=\"http:\/\/www.forum.com.tn\/particulier\/En\/\">PARTICULIER<\/a><\/li>\n<li class=\"page_item page-item-6\"><a href=\"http:\/\/www.forum.com.tn\/particulier\/En\/reservation\/\">RESERVATION<\/a><\/li>\n<li class=\"page_item page-item-3104\"><a href=\"http:\/\/www.forum.com.tn\/particulier\/En\/salle-mariage-tunis\/\">(Fran\u00e7ais) Salle de mariage<\/a><\/li>\n<li class=\"page_item page-item-3107\"><a href=\"http:\/\/www.forum.com.tn\/particulier\/En\/salle-fetes-tunisie\/\">(Fran\u00e7ais) Salle des F\u00eates<\/a><\/li>\n<li class=\"page_item page-item-1402\"><a href=\"http:\/\/www.forum.com.tn\/particulier\/En\/selecteur-de-date\/\">(Fran\u00e7ais) Selecteur de Date<\/a><\/li>\n<li class=\"page_item page-item-1259\"><a href=\"http:\/\/www.forum.com.tn\/particulier\/En\/temoignages\/\">(Fran\u00e7ais) T\u00c9MOIGNAGES<\/a><\/li>\n<li class=\"page_item page-item-16 page_item_has_children\"><a href=\"http:\/\/www.forum.com.tn\/particulier\/En\/votre-ceremonie\/\">YOUR CEREMONY<\/a>\n<ul class='children'>\n\t<li class=\"page_item page-item-575 page_item_has_children\"><a href=\"http:\/\/www.forum.com.tn\/particulier\/En\/votre-ceremonie\/formules-mariage-attable\/\">Seated wedding formula<\/a>\n\t<ul class='children'>\n\t\t<li class=\"page_item page-item-1119\"><a href=\"http:\/\/www.forum.com.tn\/particulier\/En\/votre-ceremonie\/formules-mariage-attable\/bonheur\/\">Happiness<\/a><\/li>\n\t\t<li class=\"page_item page-item-1075\"><a href=\"http:\/\/www.forum.com.tn\/particulier\/En\/votre-ceremonie\/formules-mariage-attable\/brillance\/\">Brightness<\/a><\/li>\n\t\t<li class=\"page_item page-item-1123\"><a href=\"http:\/\/www.forum.com.tn\/particulier\/En\/votre-ceremonie\/formules-mariage-attable\/euphorie\/\">Euphoria<\/a><\/li>\n\t\t<li class=\"page_item page-item-1127\"><a href=\"http:\/\/www.forum.com.tn\/particulier\/En\/votre-ceremonie\/formules-mariage-attable\/fine-bouchees\/\">Fine bites<\/a><\/li>\n\t\t<li class=\"page_item page-item-1121\"><a href=\"http:\/\/www.forum.com.tn\/particulier\/En\/votre-ceremonie\/formules-mariage-attable\/passion\/\">Passion<\/a><\/li>\n\t\t<li class=\"page_item page-item-1095\"><a href=\"http:\/\/www.forum.com.tn\/particulier\/En\/votre-ceremonie\/formules-mariage-attable\/plaisir\/\">Pleasure<\/a><\/li>\n\t<\/ul>\n<\/li>\n\t<li class=\"page_item page-item-4609 page_item_has_children\"><a href=\"http:\/\/www.forum.com.tn\/particulier\/En\/votre-ceremonie\/contrat-de-mariage\/\">(Fran\u00e7ais) Contrat de mariage<\/a>\n\t<ul class='children'>\n\t\t<li class=\"page_item page-item-4615\"><a href=\"http:\/\/www.forum.com.tn\/particulier\/En\/votre-ceremonie\/contrat-de-mariage\/supreme-1-heure\/\">(Fran\u00e7ais) SUPR\u00caME 1 Heure<\/a><\/li>\n\t<\/ul>\n<\/li>\n\t<li class=\"page_item page-item-635 page_item_has_children\"><a href=\"http:\/\/www.forum.com.tn\/particulier\/En\/votre-ceremonie\/formule-reception-buffet\/\">Buffet Reception Formula<\/a>\n\t<ul class='children'>\n\t\t<li class=\"page_item page-item-1138\"><a href=\"http:\/\/www.forum.com.tn\/particulier\/En\/votre-ceremonie\/formule-reception-buffet\/amuse-bouches\/\">Appetizer<\/a><\/li>\n\t\t<li class=\"page_item page-item-1131\"><a href=\"http:\/\/www.forum.com.tn\/particulier\/En\/votre-ceremonie\/formule-reception-buffet\/eclat\/\">Eclat<\/a><\/li>\n\t\t<li class=\"page_item page-item-1133\"><a href=\"http:\/\/www.forum.com.tn\/particulier\/En\/votre-ceremonie\/formule-reception-buffet\/joie\/\">JOY<\/a><\/li>\n\t\t<li class=\"page_item page-item-1136\"><a href=\"http:\/\/www.forum.com.tn\/particulier\/En\/votre-ceremonie\/formule-reception-buffet\/intense\/\">INTENSE<\/a><\/li>\n\t<\/ul>\n<\/li>\n\t<li class=\"page_item page-item-4584 page_item_has_children\"><a href=\"http:\/\/www.forum.com.tn\/particulier\/En\/votre-ceremonie\/reception-contrat-de-mariage\/\">(Fran\u00e7ais) R\u00e9ception &#038; Contrat de mariage<\/a>\n\t<ul class='children'>\n\t\t<li class=\"page_item page-item-4597\"><a href=\"http:\/\/www.forum.com.tn\/particulier\/En\/votre-ceremonie\/reception-contrat-de-mariage\/supreme-2-heures\/\">(Fran\u00e7ais) SUPR\u00caME 2 heures<\/a><\/li>\n\t\t<li class=\"page_item page-item-4602\"><a href=\"http:\/\/www.forum.com.tn\/particulier\/En\/votre-ceremonie\/reception-contrat-de-mariage\/supreme-4-heures\/\">(Fran\u00e7ais) SUPR\u00caME 4 heures<\/a><\/li>\n\t<\/ul>\n<\/li>\n<\/ul>\n<\/li>\n<li class=\"page_item page-item-2547\"><a href=\"http:\/\/www.forum.com.tn\/particulier\/En\/confirmation-reservation\/\">Confirmation Reservation<\/a><\/li>\n<li class=\"page_item page-item-1315\"><a href=\"http:\/\/www.forum.com.tn\/particulier\/En\/demande-devis\/\">Demande Devis<\/a><\/li>\n<li class=\"page_item page-item-2092\"><a href=\"http:\/\/www.forum.com.tn\/particulier\/En\/demande-devis-2\/\">DEMANDE DEVIS Mariage<\/a><\/li>\n<li class=\"page_item page-item-2523\"><a href=\"http:\/\/www.forum.com.tn\/particulier\/En\/demande-devis-professionnel\/\">Demande Devis Professionnel<\/a><\/li>\n<li class=\"page_item page-item-3040\"><a href=\"http:\/\/www.forum.com.tn\/particulier\/En\/organisation-mariage-tunisie\/\">Organisation Mariage Tunisie<\/a><\/li>\n<li class=\"page_item\"><a href=\"http:\/\/www.forum.com.tn\/entreprise\">Forum Entreprise<\/a><\/li><li class=\"page_item\"><a href=\"http:\/\/www.forum.com.tn\/particulier\">Forum Particulier<\/a><\/li><\/ul>\n<\/div>","protected":false},"excerpt":{"rendered":"Pages Sitemap ABOUT US (Fran\u00e7ais) ACTUALIT\u00c9S (Fran\u00e7ais) WAJIHA JENDOUBI AU LAKE FORUM Banquets A La Carte Menu Desserts Appetizers Side Dishes Pasta Main Course Salads Cocktail ELITE JET SET TOP V.I.P Fine Salty Tidbits Hot &#038; Cold Bites Traditional Bites Skewers Verrines Gala Dinner Five Stars Four Stars Star (Buffet) PALACE Sweet Tidbits Tradition Revisited <a class=\"read-more\" href=\"http:\/\/www.forum.com.tn\/particulier\/En\/plan-du-site\/\">...<\/a>","protected":false},"author":1,"featured_media":0,"parent":0,"menu_order":0,"comment_status":"closed","ping_status":"closed","template":"templates\/plan.php","meta":[],"_links":{"self":[{"href":"http:\/\/www.forum.com.tn\/particulier\/En\/wp-json\/wp\/v2\/pages\/2046"}],"collection":[{"href":"http:\/\/www.forum.com.tn\/particulier\/En\/wp-json\/wp\/v2\/pages"}],"about":[{"href":"http:\/\/www.forum.com.tn\/particulier\/En\/wp-json\/wp\/v2\/types\/page"}],"author":[{"embeddable":true,"href":"http:\/\/www.forum.com.tn\/particulier\/En\/wp-json\/wp\/v2\/users\/1"}],"replies":[{"embeddable":true,"href":"http:\/\/www.forum.com.tn\/particulier\/En\/wp-json\/wp\/v2\/comments?post=2046"}],"version-history":[{"count":3,"href":"http:\/\/www.forum.com.tn\/particulier\/En\/wp-json\/wp\/v2\/pages\/2046\/revisions"}],"predecessor-version":[{"id":2478,"href":"http:\/\/www.forum.com.tn\/particulier\/En\/wp-json\/wp\/v2\/pages\/2046\/revisions\/2478"}],"wp:attachment":[{"href":"http:\/\/www.forum.com.tn\/particulier\/En\/wp-json\/wp\/v2\/media?parent=2046"}],"curies":[{"name":"wp","href":"https:\/\/api.w.org\/{rel}","templated":true}]}}