{"id":2547,"date":"2017-03-21T21:44:13","date_gmt":"2017-03-21T20:44:13","guid":{"rendered":"http:\/\/particulier.forum.com.tn\/?page_id=2547"},"modified":"2017-04-03T21:53:14","modified_gmt":"2017-04-03T19:53:14","slug":"confirmation-reservation","status":"publish","type":"page","link":"http:\/\/www.forum.com.tn\/particulier\/En\/confirmation-reservation\/","title":{"rendered":"Confirmation Reservation"},"content":{"rendered":"<div class=\"container intro\">Cher\/Ch\u00e8re <strong>{Civilit\u00e9} {Pr\u00e9nom & Nom (Pr\u00e9nom)} {Pr\u00e9nom & Nom (Nom)}<\/strong>\r\nNous vous remercions pour votre demande et de l'int\u00e9r\u00eat que vous portez pour LE FORUM\r\nNous vous contacterons dans les meilleurs d\u00e9lais concernant votre <strong>{Type d'\u00e9v\u00e8nements}<\/strong> en date du <strong>{Date d'\u00e9v\u00e8nement}<\/strong> avec <strong>{Nombre d'invit\u00e9s}<\/strong> personnes invit\u00e9es. Nous vous convions d\u00e8s \u00e0 pr\u00e9sent \u00e0 une prochaine visite de rep\u00e9rage sur place au FORUM pour appr\u00e9cier les avantages de nos 2 espaces PRESTIGE au RDC (300 pax) et SUPREME au 1er \u00e9tage (600pax).\r\n\r\nMerci pour votre pr\u00e9-r\u00e9servation et \u00e0 bient\u00f4t.\r\n\r\n<\/div>","protected":false},"excerpt":{"rendered":"Cher\/Ch\u00e8re {Civilit\u00e9} {Pr\u00e9nom &#038; Nom (Pr\u00e9nom)} {Pr\u00e9nom &#038; Nom (Nom)} Nous vous remercions pour votre demande et de l&#8217;int\u00e9r\u00eat que vous portez pour LE FORUM Nous vous contacterons dans les meilleurs d\u00e9lais concernant votre {Type d&#8217;\u00e9v\u00e8nements} en date du {Date d&#8217;\u00e9v\u00e8nement} avec {Nombre d&#8217;invit\u00e9s} personnes invit\u00e9es. Nous vous convions d\u00e8s \u00e0 pr\u00e9sent \u00e0 une prochaine <a class=\"read-more\" href=\"http:\/\/www.forum.com.tn\/particulier\/En\/confirmation-reservation\/\">&#8230;<\/a>","protected":false},"author":1,"featured_media":0,"parent":0,"menu_order":0,"comment_status":"closed","ping_status":"closed","template":"templates\/confirmation-reservation.php","meta":[],"_links":{"self":[{"href":"http:\/\/www.forum.com.tn\/particulier\/En\/wp-json\/wp\/v2\/pages\/2547"}],"collection":[{"href":"http:\/\/www.forum.com.tn\/particulier\/En\/wp-json\/wp\/v2\/pages"}],"about":[{"href":"http:\/\/www.forum.com.tn\/particulier\/En\/wp-json\/wp\/v2\/types\/page"}],"author":[{"embeddable":true,"href":"http:\/\/www.forum.com.tn\/particulier\/En\/wp-json\/wp\/v2\/users\/1"}],"replies":[{"embeddable":true,"href":"http:\/\/www.forum.com.tn\/particulier\/En\/wp-json\/wp\/v2\/comments?post=2547"}],"version-history":[{"count":3,"href":"http:\/\/www.forum.com.tn\/particulier\/En\/wp-json\/wp\/v2\/pages\/2547\/revisions"}],"predecessor-version":[{"id":2727,"href":"http:\/\/www.forum.com.tn\/particulier\/En\/wp-json\/wp\/v2\/pages\/2547\/revisions\/2727"}],"wp:attachment":[{"href":"http:\/\/www.forum.com.tn\/particulier\/En\/wp-json\/wp\/v2\/media?parent=2547"}],"curies":[{"name":"wp","href":"https:\/\/api.w.org\/{rel}","templated":true}]}}