{"id":1075,"date":"2016-12-21T15:42:25","date_gmt":"2016-12-21T14:42:25","guid":{"rendered":"http:\/\/particulier.forum.com.tn\/?page_id=1075"},"modified":"2022-03-08T22:13:42","modified_gmt":"2022-03-08T21:13:42","slug":"brillance","status":"publish","type":"page","link":"http:\/\/www.forum.com.tn\/particulier\/Fr\/votre-ceremonie\/formules-mariage-attable\/brillance\/","title":{"rendered":"BRILLANCE"},"content":{"rendered":"[vc_row][vc_column][vc_column_text css_animation=\"appear\"]\n<div class=\"inner-detail-text container\">\n\nL\u2019organisation d'un mariage \u00e9tant le pr\u00e9lude incontournable \u00e0 l'un des moments les plus heureux d'une vie et pour que la f\u00eate soit r\u00e9ussie, elle doit \u00eatre r\u00e9gl\u00e9e dans les moindres d\u00e9tails par des professionnels rigoureux.\n\nL'\u00e9quipe du FORUM s'engage \u00e0 vous aider \u00e0 organiser avec Brillance votre mariage en toute s\u00e9r\u00e9nit\u00e9 avec un service impeccable d\u00e9passant celui des h\u00f4tels 5 * * * * * les plus r\u00e9put\u00e9s.\n<div class=\"liste\">\n<ul>\n \t<li>Eau min\u00e9rale \u00e0 volont\u00e9<\/li>\n \t<li>Th\u00e9 \u00e0 la menthe<\/li>\n \t<li>Jus de fruits frais (fraise, citronnade fraiche, cocktail)<\/li>\n \t<li>Fauteuil mari\u00e9s fournis (sans d\u00e9coration)<\/li>\n \t<li>Nappes blanches<\/li>\n \t<li>Fauteuil mari\u00e9s fournis (sans d\u00e9coration)<\/li>\n \t<li>Nappes blanches<\/li>\n \t<li>D\u00e9coration centre de table fleurie<\/li>\n \t<li>Ma\u00eetre d'h\u00f4tel exp\u00e9riment\u00e9 et serveurs qualifi\u00e9s selon le nombre d'invit\u00e9s<\/li>\n \t<li>Ambiance lumi\u00e8re de couleur au choix<\/li>\n \t<li>S\u00e9curit\u00e9 renforc\u00e9e \u00e0 l'ext\u00e9rieur<\/li>\n<\/ul>\n<\/div>\n<div class=\"more-options\">\n<div id=\"personnalisez\" class=\"personnalisez-formule\">PERSONNALISEZ VOTRE FORMULE<\/div>\n<div id=\"tarifs\" class=\"tarif-formule\">Tarif<\/div>\n<\/div>\n<div id=\"options-formule\" class=\"toggle-content\">\n<div class=\"liste\">\n<ul>\n \t<li><strong>Pour plus de plaisir, rajoutez les options suivantes <\/strong><\/li>\n \t<li>G\u00e2teaux tunisiens (3 \/ pax) de chez GOURMANDISE\n<ul class=\"liste-interne\">\n \t<li>Baklaoua noisette amande<\/li>\n \t<li>G\u00e2teaux Mixtes (carr\u00e9 pignon + bourgeoise noix + kaak mrachek pistache + Bjaouia amande +Mlabess amande cru)<\/li>\n \t<li>Kaak warka amande<\/li>\n<\/ul>\n<\/li>\n \t<li>Notre S\u00e9lection de d\u00e9licieuses bouch\u00e9es Sal\u00e9es de GOURMANDISE (3 \/ pax)<\/li>\n \t<li>Pignon (Th\u00e9 au pignon)<\/li>\n<\/ul>\n<\/div>\n<\/div>\n<div id=\"tarif\" class=\"toggle-content\">\n<ul>\n \t<li style=\"list-style-type: none;\">\n<ul>Tarifs pour 200 personnes Espace PRESTIGE RDC (maximum 300 pax) :\n \t<li style=\"margin-top: 20px;\">* Basse Saison<\/li>\n<\/ul>\n<\/li>\n<\/ul>\n<span class=\"azur\" style=\"margin-right: 20px;\">3 050DT<\/span><span class=\"orange\" style=\"margin-right: 20px;\"> 3 865 DT<\/span><span class=\"rouge\"> 4 680 DT<\/span>\n<ul>\n \t<li style=\"list-style-type: none;\">\n<ul>\n \t<li style=\"margin-top: 20px;\">** Haute Saison<\/li>\n<\/ul>\n<\/li>\n<\/ul>\n<span class=\"orange\" style=\"margin-right: 20px;\">4 865 DT <\/span><span class=\"rouge\" style=\"margin-right: 20px;\"> 5 680 DT<\/span>\n<ul>\n \t<li style=\"list-style-type: none;\">\n<ul style=\"margin-top: 20px;\">Tarifs pour 200 personnes Espace SUPREME 1er (maximum 600 pax) :<\/ul>\n<\/li>\n \t<li style=\"margin-top: 20px;\">* Basse Saison<\/li>\n<\/ul>\n<span class=\"azur\" style=\"margin-right: 20px;\">4 690 DT <\/span><span class=\"orange\" style=\"margin-right: 20px;\"> 5 685 DT <\/span><span class=\"rouge\" style=\"margin-right: 20px;\"> 6 680 DT <\/span>\n<ul style=\"margin-top: 20px;\">\n \t<li style=\"margin-top: 20px;\">** Haute Saison<\/li>\n<\/ul>\n<span class=\"orange\" style=\"margin-right: 20px;\"> 6 600 DT<\/span><span class=\"rouge\" style=\"margin-right: 20px;\"> 7 600 DT<\/span>\n<div class=\"remarque-tarif\">(Tarif pour 200 personnes, au-del\u00e0 nous consulter)<\/div>\n<div class=\"consultez\">\n\nPour plus d'infos sur les tarifs applicables selon la date, consultez la page <a href=\"http:\/\/www.forum.com.tn\/particulier\/selecteur-de-date\/\">Selecteur de Date<\/a>\n\n&nbsp;\n<p style=\"font-size: 12px;\">* Basse Saison : D'octobre \u00e0 mai \u00e0 l'exclusion des p\u00e9riodes du 15 \u00e0 31 des mois de mars &amp; d\u00e9cembre ainsi que les jours f\u00e9ri\u00e9s et veille de jours f\u00e9ri\u00e9s<\/p>\n** Haute Saison : De juin \u00e0 Septembre et du 15 au 31 des mois de mars &amp; d\u00e9cembre ainsi que les jours f\u00e9ri\u00e9s et veille de jours f\u00e9ri\u00e9s\n\n<\/div>\n<div class=\"download-section\">\n<div class=\"detail-icons\">\n<div class=\"send-detail\"><a href=\"#myModal\" data-toggle=\"modal\"> <span id=\"hidden-text\">abcd<\/span><\/a><\/div>\n<div class=\"download-detail\"><a href=\"http:\/\/www.forum.com.tn\/particulier\/wp-content\/uploads\/sites\/3\/2017\/03\/1-Brillance.pdf\"> <span id=\"hidden-text\">abcd<\/span><\/a><\/div>\n<div class=\"print-detail\"><a href=\"http:\/\/www.forum.com.tn\/particulier\/wp-content\/uploads\/sites\/3\/2017\/03\/1-Brillance.pdf\"> <span id=\"hidden-text\">abcd<\/span><\/a><\/div>\n<\/div>\n<\/div>\n<\/div>\n<\/div>\n[\/vc_column_text][\/vc_column][\/vc_row][vc_row][vc_column][\/vc_column][\/vc_row]","protected":false},"excerpt":{"rendered":"[vc_row][vc_column][vc_column_text css_animation=\u00a0\u00bbappear\u00a0\u00bb] L\u2019organisation d&rsquo;un mariage \u00e9tant le pr\u00e9lude incontournable \u00e0 l&rsquo;un des moments les plus heureux d&rsquo;une vie et pour que la f\u00eate soit r\u00e9ussie, elle doit \u00eatre r\u00e9gl\u00e9e dans les moindres d\u00e9tails par des professionnels rigoureux. L&rsquo;\u00e9quipe du FORUM s&rsquo;engage \u00e0 vous aider \u00e0 organiser avec Brillance votre mariage en toute s\u00e9r\u00e9nit\u00e9 avec un <a class=\"read-more\" href=\"http:\/\/www.forum.com.tn\/particulier\/Fr\/votre-ceremonie\/formules-mariage-attable\/brillance\/\">&#8230;<\/a>","protected":false},"author":1,"featured_media":836,"parent":575,"menu_order":0,"comment_status":"closed","ping_status":"closed","template":"single-detail.php","meta":[],"_links":{"self":[{"href":"http:\/\/www.forum.com.tn\/particulier\/Fr\/wp-json\/wp\/v2\/pages\/1075"}],"collection":[{"href":"http:\/\/www.forum.com.tn\/particulier\/Fr\/wp-json\/wp\/v2\/pages"}],"about":[{"href":"http:\/\/www.forum.com.tn\/particulier\/Fr\/wp-json\/wp\/v2\/types\/page"}],"author":[{"embeddable":true,"href":"http:\/\/www.forum.com.tn\/particulier\/Fr\/wp-json\/wp\/v2\/users\/1"}],"replies":[{"embeddable":true,"href":"http:\/\/www.forum.com.tn\/particulier\/Fr\/wp-json\/wp\/v2\/comments?post=1075"}],"version-history":[{"count":137,"href":"http:\/\/www.forum.com.tn\/particulier\/Fr\/wp-json\/wp\/v2\/pages\/1075\/revisions"}],"predecessor-version":[{"id":5084,"href":"http:\/\/www.forum.com.tn\/particulier\/Fr\/wp-json\/wp\/v2\/pages\/1075\/revisions\/5084"}],"up":[{"embeddable":true,"href":"http:\/\/www.forum.com.tn\/particulier\/Fr\/wp-json\/wp\/v2\/pages\/575"}],"wp:featuredmedia":[{"embeddable":true,"href":"http:\/\/www.forum.com.tn\/particulier\/Fr\/wp-json\/wp\/v2\/media\/836"}],"wp:attachment":[{"href":"http:\/\/www.forum.com.tn\/particulier\/Fr\/wp-json\/wp\/v2\/media?parent=1075"}],"curies":[{"name":"wp","href":"https:\/\/api.w.org\/{rel}","templated":true}]}}