{"id":1095,"date":"2016-12-22T17:37:52","date_gmt":"2016-12-22T16:37:52","guid":{"rendered":"http:\/\/particulier.forum.com.tn\/?page_id=1095"},"modified":"2022-01-19T08:37:50","modified_gmt":"2022-01-19T07:37:50","slug":"plaisir","status":"publish","type":"page","link":"http:\/\/www.forum.com.tn\/particulier\/Fr\/votre-ceremonie\/formules-mariage-attable\/plaisir\/","title":{"rendered":"PLAISIR"},"content":{"rendered":"[vc_row][vc_column][vc_column_text]\n<div class=\"inner-detail-text container \">\n\nVous souhaitez r\u00e9ussir votre c\u00e9r\u00e9monie de mariage et en faire une soir\u00e9e inoubliable.\n\nL'\u00e9quipe du FORUM s'engage \u00e0 vous faire vivre un mariage unique organis\u00e9 avec beaucoup de classe et de professionnalisme et vous garantit un service sup\u00e9rieur \u00e0 celui d'un h\u00f4tel 5 \u00e9toiles * * * * *\n<div class=\"liste\">\n<ul>\n \t<li style=\"list-style-type: none;\">\n<ul>\n \t<li>Eau min\u00e9rale \u00e0 volont\u00e9<\/li>\n \t<li>Th\u00e9 au pignon<\/li>\n \t<li>Jus de fruits frais (fraise, citronnade fraiche, cocktail)<\/li>\n \t<li>G\u00e2teaux tunisiens (3 \/ pax) de chez GOURMANDISE<\/li>\n<\/ul>\n<\/li>\n<\/ul>\n<div class=\"liste-interne\">\n<ul>\n \t<li style=\"list-style-type: none;\">\n<ul>\n \t<li>Baklaoua noisette amande<\/li>\n \t<li>G\u00e2teaux Mixtes<\/li>\n<\/ul>\n<\/li>\n<\/ul>\n<div class=\"liste-interne-third\">\n<ul>\n \t<li>carr\u00e9 pignon<\/li>\n \t<li>bourgeoise noix<\/li>\n \t<li>kaak mrachek pistache<\/li>\n \t<li>Bjaouia amande<\/li>\n \t<li>Mlabess amande cru<\/li>\n<\/ul>\n<\/div>\n<ul>\n \t<li>Kaak warka amande<\/li>\n<\/ul>\n<\/div>\n<ul>\n \t<li>Notre S\u00e9lection de d\u00e9licieuses bouch\u00e9es Sal\u00e9es de chez GOURMANDISE (3 \/ pax)<\/li>\n \t<li>Fauteuil mari\u00e9s fournis (sans d\u00e9coration)<\/li>\n \t<li>Nappes blanches<\/li>\n \t<li>D\u00e9coration centre de table fleurie<\/li>\n \t<li>Maitre d'h\u00f4tel exp\u00e9riment\u00e9 et serveurs qualifi\u00e9s selon le nombre d'invit\u00e9s<\/li>\n \t<li>Ambiance lumi\u00e8re de couleur au choix<\/li>\n \t<li>S\u00e9curit\u00e9 renforc\u00e9e \u00e0 l'ext\u00e9rieur<\/li>\n<\/ul>\n<\/div>\n<div class=\"more-options\">\n<div id=\"personnalisez\" class=\"personnalisez-formule\">PERSONNALISEZ VOTRE FORMULE<\/div>\n<div id=\"tarifs\" class=\"tarif-formule\">Tarif<\/div>\n<\/div>\n<div id=\"options-formule\" class=\"toggle-content\">\n<div class=\"liste\">\n<ul>\n \t<li style=\"list-style-type: none;\">\n<ul>\n \t<li><strong>Pour plus de bonheur, rajoutez les options suivantes <\/strong><\/li>\n \t<li>Suppl\u00e9ment Jus parfum Kiwi<\/li>\n \t<li>2\u00e8me service mixte Jus et boissons gazeuses<\/li>\n \t<li>Fruits secs (25g \/ pax)<\/li>\n \t<li>Pi\u00e8ce mont\u00e9e mod\u00e8le et parfum au choix de GOURMANDISE<\/li>\n \t<li>Verrines sucr\u00e9es<\/li>\n<\/ul>\n<\/li>\n<\/ul>\n<div class=\"liste-interne\">\n<ul>\n \t<li>Tiramisu<\/li>\n \t<li>Fraise<\/li>\n \t<li>Chocolat<\/li>\n \t<li>autre parfum au choix<\/li>\n<\/ul>\n<\/div>\n<ul>\n \t<li><strong>D\u00e9coration en option <\/strong><\/li>\n \t<li>Podium mari\u00e9s fourni am\u00e9nag\u00e9 avec d\u00e9coration florale ou lumineuse au choix<\/li>\n \t<li>Nappage Tables au choix argent, blanc ou dor\u00e9<\/li>\n \t<li>D\u00e9coration centre de table fleurie ou lumineuse au choix<\/li>\n \t<li>D\u00e9coration florale de la rampe d\u2019escalier (Supr\u00eame) ou de l\u2019entr\u00e9e de l\u2019espace (Prestige)<\/li>\n<\/ul>\n<\/div>\n<\/div>\n<div id=\"tarif\" class=\"toggle-content\">\n<ul>\n \t<li style=\"list-style-type: none;\">\n<ul>Tarifs pour 200 personnes Espace PRESTIGE RDC (maximum 300 pax) :\n \t<li style=\"margin-top: 20px;\">* Basse Saison<\/li>\n<\/ul>\n<\/li>\n<\/ul>\n<span class=\"azur\" style=\"margin-right: 20px;\">5 470T<\/span><span class=\"orange\" style=\"margin-right: 20px;\"> 6 285 DT<\/span><span class=\"rouge\"> 7 100 DT<\/span>\n<ul>\n \t<li style=\"list-style-type: none;\">\n<ul>\n \t<li style=\"margin-top: 20px;\">** Haute Saison<\/li>\n<\/ul>\n<\/li>\n<\/ul>\n<span class=\"orange\" style=\"margin-right: 20px;\">7 285 DT <\/span><span class=\"rouge\" style=\"margin-right: 20px;\"> 8 100 DT<\/span>\n<ul style=\"margin-top: 20px;\">\n \t<li style=\"list-style-type: none;\">\n<ul style=\"margin-top: 20px;\">Tarifs pour 200 personnes Espace SUPREME 1er (maximum 600 pax) :\n \t<li style=\"margin-top: 20px;\">* Basse Saison<\/li>\n<\/ul>\n<\/li>\n<\/ul>\n<span class=\"azur\" style=\"margin-right: 20px;\">7 110 DT <\/span><span class=\"orange\" style=\"margin-right: 20px;\">8 105 DT <\/span><span class=\"rouge\" style=\"margin-right: 20px;\"> 9 100 DT <\/span>\n<ul style=\"margin-top: 20px;\">\n \t<li style=\"list-style-type: none;\">\n<ul style=\"margin-top: 20px;\">\n \t<li style=\"margin-top: 20px;\">** Haute Saison<\/li>\n<\/ul>\n<\/li>\n<\/ul>\n<span class=\"orange\" style=\"margin-right: 20px;\">9 000 DT<\/span><span class=\"rouge\" style=\"margin-right: 20px;\">10 000 DT<\/span>\n<div class=\"remarque-tarif\">(Tarif pour 200 personnes, au-del\u00e0 nous consulter)<\/div>\n<div class=\"consultez\">Pour plus d'infos sur les tarifs applicables selon la date, consultez la page <a href=\"http:\/\/forum.loc\/particulier\/selecteur-de-date\/\">Selecteur de Date<\/a><\/div>\n&nbsp;\n<p style=\"font-size: 12px;\">* Basse Saison : D'octobre \u00e0 mai \u00e0 l'exclusion des p\u00e9riodes du 15 \u00e0 31 des mois de mars &amp; d\u00e9cembre ainsi que les jours f\u00e9ri\u00e9s et veille de jours f\u00e9ri\u00e9s<\/p>\n** Haute Saison : De juin \u00e0 Septembre et du 15 au 31 des mois de mars &amp; d\u00e9cembre ainsi que les jours f\u00e9ri\u00e9s et veille de jours f\u00e9ri\u00e9s\n\n<\/div>\n<\/div>\n<div class=\"download-section\">\n<div class=\"detail-icons\">\n<div class=\"send-detail\"><a href=\"#myModal\" data-toggle=\"modal\"> <span id=\"hidden-text\">abcd<\/span><\/a><\/div>\n<div class=\"download-detail\"><a href=\"http:\/\/forum.loc\/particulier\/wp-content\/uploads\/sites\/3\/2017\/03\/2-Plaisir.pdf\"> <span id=\"hidden-text\">abcd<\/span><\/a><\/div>\n<div class=\"print-detail\"><a href=\"http:\/\/forum.loc\/particulier\/wp-content\/uploads\/sites\/3\/2017\/03\/2-Plaisir.pdf\"> <span id=\"hidden-text\">abcd<\/span><\/a><\/div>\n<\/div>\n<\/div>\n[\/vc_column_text][\/vc_column][\/vc_row]","protected":false},"excerpt":{"rendered":"[vc_row][vc_column][vc_column_text] Vous souhaitez r\u00e9ussir votre c\u00e9r\u00e9monie de mariage et en faire une soir\u00e9e inoubliable. L&rsquo;\u00e9quipe du FORUM s&rsquo;engage \u00e0 vous faire vivre un mariage unique organis\u00e9 avec beaucoup de classe et de professionnalisme et vous garantit un service sup\u00e9rieur \u00e0 celui d&rsquo;un h\u00f4tel 5 \u00e9toiles * * * * * Eau min\u00e9rale \u00e0 volont\u00e9 Th\u00e9 <a class=\"read-more\" href=\"http:\/\/www.forum.com.tn\/particulier\/Fr\/votre-ceremonie\/formules-mariage-attable\/plaisir\/\">&#8230;<\/a>","protected":false},"author":1,"featured_media":835,"parent":575,"menu_order":0,"comment_status":"closed","ping_status":"closed","template":"single-detail.php","meta":[],"_links":{"self":[{"href":"http:\/\/www.forum.com.tn\/particulier\/Fr\/wp-json\/wp\/v2\/pages\/1095"}],"collection":[{"href":"http:\/\/www.forum.com.tn\/particulier\/Fr\/wp-json\/wp\/v2\/pages"}],"about":[{"href":"http:\/\/www.forum.com.tn\/particulier\/Fr\/wp-json\/wp\/v2\/types\/page"}],"author":[{"embeddable":true,"href":"http:\/\/www.forum.com.tn\/particulier\/Fr\/wp-json\/wp\/v2\/users\/1"}],"replies":[{"embeddable":true,"href":"http:\/\/www.forum.com.tn\/particulier\/Fr\/wp-json\/wp\/v2\/comments?post=1095"}],"version-history":[{"count":38,"href":"http:\/\/www.forum.com.tn\/particulier\/Fr\/wp-json\/wp\/v2\/pages\/1095\/revisions"}],"predecessor-version":[{"id":5049,"href":"http:\/\/www.forum.com.tn\/particulier\/Fr\/wp-json\/wp\/v2\/pages\/1095\/revisions\/5049"}],"up":[{"embeddable":true,"href":"http:\/\/www.forum.com.tn\/particulier\/Fr\/wp-json\/wp\/v2\/pages\/575"}],"wp:featuredmedia":[{"embeddable":true,"href":"http:\/\/www.forum.com.tn\/particulier\/Fr\/wp-json\/wp\/v2\/media\/835"}],"wp:attachment":[{"href":"http:\/\/www.forum.com.tn\/particulier\/Fr\/wp-json\/wp\/v2\/media?parent=1095"}],"curies":[{"name":"wp","href":"https:\/\/api.w.org\/{rel}","templated":true}]}}