{"id":1119,"date":"2016-12-23T11:35:56","date_gmt":"2016-12-23T10:35:56","guid":{"rendered":"http:\/\/particulier.forum.com.tn\/?page_id=1119"},"modified":"2023-11-04T10:22:02","modified_gmt":"2023-11-04T09:22:02","slug":"bonheur","status":"publish","type":"page","link":"http:\/\/www.forum.com.tn\/particulier\/Fr\/votre-ceremonie\/formules-mariage-attable\/bonheur\/","title":{"rendered":"BONHEUR"},"content":{"rendered":"[vc_row][vc_column][vc_column_text]\n<div class=\"inner-detail-text container\">\n\nVous avez d\u00e9cid\u00e9 de vous marier et vous souhaitez que votre mariage, cet \u00e9v\u00e9nement unique, soit une r\u00e9ussite totale, organis\u00e9 avec beaucoup de classe et de raffinement par des professionnels du mariage avec un service digne d'un h\u00f4tel 5 \u00e9toiles de luxe* * * * *\n<div class=\"liste\">\n<ul>\n \t<li style=\"list-style-type: none;\">\n<ul>\n \t<li>Eau min\u00e9rale \u00e0 volont\u00e9<\/li>\n \t<li>Th\u00e9 au pignon<\/li>\n \t<li>2 services de Jus de fruits frais (kiwi, fraise, citronnade fra\u00eeche, autre parfum au choix selon saison)<\/li>\n \t<li>Fruits secs (25g \/ pax)<\/li>\n \t<li>G\u00e2teaux tunisiens (3 \/ pax) de chez GOURMANDISE<\/li>\n<\/ul>\n<\/li>\n<\/ul>\n<div class=\"liste-interne\">\n<ul>\n \t<li style=\"list-style-type: none;\">\n<ul>\n \t<li>Baklaoua noisette amande<\/li>\n \t<li>G\u00e2teaux Mixtes<\/li>\n \t<li>carr\u00e9 pignon<\/li>\n \t<li>bourgeoise noix<\/li>\n \t<li>kaak mrachek pistache<\/li>\n \t<li>Bjaouia amande<\/li>\n \t<li>Mlabess amande cru<\/li>\n \t<li>Kaak warka amande<\/li>\n<\/ul>\n<\/li>\n<\/ul>\n<div class=\"liste-interne-third\"><\/div>\n<\/div>\n<ul>\n \t<li>Pi\u00e8ce mont\u00e9e mod\u00e8le et parfum au choix de chez GOURMANDISE<\/li>\n \t<li>Verrines sucr\u00e9es (Tiramisu, Fraise, Chocolat, autre parfum au choix)<\/li>\n \t<li>Notre S\u00e9lection de d\u00e9licieuses bouch\u00e9es Sal\u00e9es de chez GOURMANDISE (3 \/ pax)<\/li>\n \t<li>Podium mari\u00e9s fourni am\u00e9nag\u00e9 avec d\u00e9coration florale ou lumineuse au choix<\/li>\n \t<li>Nappage Tables au choix argent, blanc ou dor\u00e9<\/li>\n \t<li>D\u00e9coration centre de table fleurie ou lumineuse au choix<\/li>\n \t<li>D\u00e9coration florale de la rampe d\u2019escalier (Supr\u00eame) ou de l\u2019entr\u00e9e de l\u2019espace (Prestige)<\/li>\n \t<li>Ma\u00eetre d'h\u00f4tel exp\u00e9riment\u00e9 et serveurs qualifi\u00e9s selon le nombre d'invit\u00e9s<\/li>\n \t<li>Ambiance lumi\u00e8re de couleur au choix<\/li>\n \t<li>Ambiance lumi\u00e8re multiple &amp; anim\u00e9e<\/li>\n \t<li>S\u00e9curit\u00e9 renforc\u00e9e \u00e0 l'ext\u00e9rieur<\/li>\n<\/ul>\n<\/div>\n<div class=\"more-options\">\n<div id=\"personnalisez\" class=\"personnalisez-formule\">PERSONNALISEZ VOTRE FORMULE<\/div>\n<div id=\"tarifs\" class=\"tarif-formule\">Tarif<\/div>\n<\/div>\n<div id=\"options-formule\" class=\"toggle-content\">\n<div class=\"liste\">\n<ul>\n \t<li><strong>Pour la passion, rajoutez en plus les options suivantes<\/strong><\/li>\n \t<li>2 services de Jus de fruits frais (kiwi, fraise, citronnade fraiche, autre parfum au choix selon saison)<\/li>\n \t<li>Brochettes Poulet marin\u00e9 aux \u00e9pices, pruneau ou ananas au choix<\/li>\n \t<li>Crevette malsouka croquante<\/li>\n \t<li>Podium mari\u00e9s ou table d\u2019honneur fourni am\u00e9nag\u00e9 avec d\u00e9coration florale ou lumineuse au choix<\/li>\n \t<li>Nuit de noces dans un palace 5 \u00e9toiles de luxe * * * * * \u00e0 Gammarth en LPD chambre Double Ex\u00e9cutive vue mer avec d\u00e9coration florale.<\/li>\n<\/ul>\n<\/div>\n<\/div>\n<div id=\"tarif\" class=\"toggle-content\">\n<ul>\n \t<li style=\"list-style-type: none;\">\n<ul>Tarifs pour 200 personnes Espace PRESTIGE RDC (maximum 300 pax) :\n \t<li style=\"margin-top: 20px;\">* Basse Saison<\/li>\n<\/ul>\n<\/li>\n<\/ul>\n<span class=\"azur\" style=\"margin-right: 20px;\">8 110DT<\/span><span class=\"orange\" style=\"margin-right: 20px;\"> 9 105 DT<\/span><span class=\"rouge\"> 10 120 DT<\/span>\n<ul>\n \t<li style=\"list-style-type: none;\">\n<ul>\n \t<li style=\"margin-top: 20px;\">** Haute Saison<\/li>\n<\/ul>\n<\/li>\n<\/ul>\n<span class=\"orange\" style=\"margin-right: 20px;\">10 105 DT <\/span><span class=\"rouge\" style=\"margin-right: 20px;\"> 11 120 DT<\/span>\n<ul style=\"margin-top: 20px;\">\n \t<li style=\"list-style-type: none;\">\n<ul style=\"margin-top: 20px;\">Tarifs pour 200 personnes Espace SUPREME 1er (maximum 600 pax) :\n \t<li style=\"margin-top: 20px;\">* Basse Saison<\/li>\n<\/ul>\n<\/li>\n<\/ul>\n<span class=\"azur\" style=\"margin-right: 20px;\">9 710 DT <\/span><span class=\"orange\" style=\"margin-right: 20px;\">10 925 DT <\/span><span class=\"rouge\" style=\"margin-right: 20px;\"> 12 140 DT <\/span>\n<ul style=\"margin-top: 20px;\">\n \t<li style=\"list-style-type: none;\">\n<ul style=\"margin-top: 20px;\">\n \t<li style=\"margin-top: 20px;\">** Haute Saison<\/li>\n<\/ul>\n<\/li>\n<\/ul>\n<span class=\"orange\" style=\"margin-right: 20px;\">11 800 DT<\/span><span class=\"rouge\" style=\"margin-right: 20px;\"> 13 000 DT<\/span>\n<div class=\"remarque-tarif\">(Tarif pour 200 personnes, au-del\u00e0 nous consulter)<\/div>\n<div class=\"consultez\">Pour plus d'infos sur les tarifs applicables selon la date, consultez la page <a href=\"http:\/\/www.forum.com.tn\/particulier\/selecteur-de-date\/\">Selecteur de Date<\/a><\/div>\n&nbsp;\n<p style=\"font-size: 12px;\">* Basse Saison : D'octobre \u00e0 mai \u00e0 l'exclusion des p\u00e9riodes du 15 \u00e0 31 des mois de mars &amp; d\u00e9cembre ainsi que les jours f\u00e9ri\u00e9s et veille de jours f\u00e9ri\u00e9s<\/p>\n** Haute Saison : De juin \u00e0 Septembre et du 15 au 31 des mois de mars &amp; d\u00e9cembre ainsi que les jours f\u00e9ri\u00e9s et veille de jours f\u00e9ri\u00e9s\n\n<\/div>\n<\/div>\n<div class=\"download-section\">\n<div class=\"detail-icons\">\n<div class=\"send-detail\"><a href=\"#myModal\" data-toggle=\"modal\"> <span id=\"hidden-text\">abcd<\/span><\/a><\/div>\n<div class=\"download-detail\"><a href=\"http:\/\/www.forum.com.tn\/particulier\/wp-content\/uploads\/sites\/3\/2017\/03\/1-Brillance.pdf\"> <span id=\"hidden-text\">abcd<\/span><\/a><\/div>\n<div class=\"print-detail\"><a href=\"http:\/\/www.forum.com.tn\/particulier\/wp-content\/uploads\/sites\/3\/2017\/03\/1-Brillance.pdf\"> <span id=\"hidden-text\">abcd<\/span><\/a><\/div>\n<\/div>\n<\/div>\n[\/vc_column_text][\/vc_column][\/vc_row]","protected":false},"excerpt":{"rendered":"[vc_row][vc_column][vc_column_text] Vous avez d\u00e9cid\u00e9 de vous marier et vous souhaitez que votre mariage, cet \u00e9v\u00e9nement unique, soit une r\u00e9ussite totale, organis\u00e9 avec beaucoup de classe et de raffinement par des professionnels du mariage avec un service digne d&rsquo;un h\u00f4tel 5 \u00e9toiles de luxe* * * * * Eau min\u00e9rale \u00e0 volont\u00e9 Th\u00e9 au pignon 2 <a class=\"read-more\" href=\"http:\/\/www.forum.com.tn\/particulier\/Fr\/votre-ceremonie\/formules-mariage-attable\/bonheur\/\">&#8230;<\/a>","protected":false},"author":1,"featured_media":830,"parent":575,"menu_order":0,"comment_status":"closed","ping_status":"closed","template":"single-detail.php","meta":[],"_links":{"self":[{"href":"http:\/\/www.forum.com.tn\/particulier\/Fr\/wp-json\/wp\/v2\/pages\/1119"}],"collection":[{"href":"http:\/\/www.forum.com.tn\/particulier\/Fr\/wp-json\/wp\/v2\/pages"}],"about":[{"href":"http:\/\/www.forum.com.tn\/particulier\/Fr\/wp-json\/wp\/v2\/types\/page"}],"author":[{"embeddable":true,"href":"http:\/\/www.forum.com.tn\/particulier\/Fr\/wp-json\/wp\/v2\/users\/1"}],"replies":[{"embeddable":true,"href":"http:\/\/www.forum.com.tn\/particulier\/Fr\/wp-json\/wp\/v2\/comments?post=1119"}],"version-history":[{"count":36,"href":"http:\/\/www.forum.com.tn\/particulier\/Fr\/wp-json\/wp\/v2\/pages\/1119\/revisions"}],"predecessor-version":[{"id":5186,"href":"http:\/\/www.forum.com.tn\/particulier\/Fr\/wp-json\/wp\/v2\/pages\/1119\/revisions\/5186"}],"up":[{"embeddable":true,"href":"http:\/\/www.forum.com.tn\/particulier\/Fr\/wp-json\/wp\/v2\/pages\/575"}],"wp:featuredmedia":[{"embeddable":true,"href":"http:\/\/www.forum.com.tn\/particulier\/Fr\/wp-json\/wp\/v2\/media\/830"}],"wp:attachment":[{"href":"http:\/\/www.forum.com.tn\/particulier\/Fr\/wp-json\/wp\/v2\/media?parent=1119"}],"curies":[{"name":"wp","href":"https:\/\/api.w.org\/{rel}","templated":true}]}}