{"id":1121,"date":"2016-12-23T11:42:49","date_gmt":"2016-12-23T10:42:49","guid":{"rendered":"http:\/\/particulier.forum.com.tn\/?page_id=1121"},"modified":"2022-01-19T17:05:30","modified_gmt":"2022-01-19T16:05:30","slug":"passion","status":"publish","type":"page","link":"http:\/\/www.forum.com.tn\/particulier\/Fr\/votre-ceremonie\/formules-mariage-attable\/passion\/","title":{"rendered":"PASSION"},"content":{"rendered":"[vc_row][vc_column][vc_column_text]\n<div class=\"inner-detail-text container\">\n\nQuand la passion est au c\u0153ur de votre amour, rien n\u2019est plus excitant que le jour du mariage. Au Forum : Place au grand standing. Mus par une passion de la perfection, nous vous offrons des prestations de luxe incluant de fines bouch\u00e9es raffin\u00e9es et de d\u00e9licieux &amp; succulents g\u00e2teaux. Nous vous proposons au choix une d\u00e9coration fleurie ou lumineuse avec beaucoup de lumi\u00e8re pour \u00e9claircir votre soir\u00e9e. Romantisme assur\u00e9 ! Des souvenirs inoubliables en perspective. Passionn\u00e9ment vraiment !\n<div class=\"liste\">\n<ul style=\"margin-top: 20px;\">\n \t<li style=\"list-style-type: none;\">\n<ul style=\"margin-top: 20px;\">\n \t<li>Eau min\u00e9rale \u00e0 volont\u00e9<\/li>\n \t<li>Th\u00e9 au pignon<\/li>\n \t<li>2 Services de Jus de fruits frais (kiwi, fraise, citronnade fraiche, autre parfum au choix selon saison)<\/li>\n \t<li>Fruits secs (25g \/ pax)<\/li>\n \t<li>G\u00e2teaux tunisiens (3 \/ pax) de chez GOURMANDISE<\/li>\n<\/ul>\n<\/li>\n<\/ul>\n<div class=\"liste-interne\">\n<ul style=\"padding-top: 10px; padding-bottom: 10px;\">\n \t<li style=\"list-style-type: none;\">\n<ul style=\"padding-top: 10px; padding-bottom: 10px; padding-left: 30px;\">\n \t<li>Baklaoua noisette amande<\/li>\n \t<li>Kaak warka amande<\/li>\n \t<li>G\u00e2teaux Mixtes<\/li>\n<\/ul>\n<\/li>\n<\/ul>\n<div class=\"liste-interne-third\">\n<ul style=\"padding-top: 10px; padding-bottom: 10px; padding-left: 160px;\">\n \t<li>carr\u00e9 pignon<\/li>\n \t<li>bourgeoise noix<\/li>\n \t<li>kaak mrachek pistache<\/li>\n \t<li>Bjaouia amande<\/li>\n \t<li>Mlabess amande cru<\/li>\n<\/ul>\n<\/div>\n<\/div>\n<ul style=\"margin-top: 10px; padding-top: 10px; padding-bottom: 10px;\">\n \t<li>Pi\u00e8ce mont\u00e9e mod\u00e8le et parfum au choix de chez GOURMANDISE<\/li>\n \t<li>Brochettes Poulet marin\u00e9 aux \u00e9pices, pruneau ou ananas au choix<\/li>\n \t<li>Verrines sucr\u00e9es(Tiramisu, Fraise, Chocolat, autre parfum au choix)<\/li>\n \t<li>Notre S\u00e9lection de d\u00e9licieuses bouch\u00e9es Sal\u00e9es de chez GOURMANDISE (3 \/ pax)<\/li>\n \t<li>Crevette malsouka croquante<\/li>\n \t<li>Podium mari\u00e9s ou table d\u2019honneur fourni am\u00e9nag\u00e9 avec d\u00e9coration florale ou lumineuse au choix<\/li>\n \t<li>Nappage Tables au choix argent, blanc ou dor\u00e9<\/li>\n \t<li>D\u00e9coration centre de table fleurie<\/li>\n \t<li>D\u00e9coration florale de la rampe d\u2019escalier (Supr\u00eame) ou de l\u2019entr\u00e9e de l\u2019espace (Prestige)<\/li>\n \t<li>Maitre d'h\u00f4tel exp\u00e9riment\u00e9 et serveurs qualifi\u00e9s selon le nombre d'invit\u00e9s<\/li>\n \t<li>Ambiance lumi\u00e8re de couleur au choix<\/li>\n \t<li>S\u00e9curit\u00e9 renforc\u00e9e \u00e0 l'ext\u00e9rieur<\/li>\n \t<li>Nuit de noces dans un palace 5 \u00e9toiles de luxe * * * * * \u00e0 Gammarth en LPD chambre Double Ex\u00e9cutive vue mer avec d\u00e9coration florale.<\/li>\n<\/ul>\n<\/div>\n<div class=\"more-options\">\n<div id=\"personnalisez\" class=\"personnalisez-formule\">PERSONNALISEZ VOTRE FORMULE<\/div>\n<div id=\"tarifs\" class=\"tarif-formule\">Tarif<\/div>\n<\/div>\n<div id=\"options-formule\" class=\"toggle-content\">\n<div class=\"liste\">\n<ul>\n \t<li style=\"list-style-type: none;\">\n<ul>\n \t<li><strong>Pour l\u2019euphorie, rajoutez en plus les options suivantes<\/strong><\/li>\n \t<li>Fruits secs (40g\/pax)<\/li>\n \t<li>Canap\u00e9s froids (2\/pax)<\/li>\n \t<li>Notre S\u00e9lection de d\u00e9licieuses bouch\u00e9es Sal\u00e9es de chez GOURMANDISE (6 \/ pax)<\/li>\n \t<li>Bnadek piqu\u00e9s<\/li>\n \t<li>Mini-Brochette B\u0153uf<\/li>\n \t<li>Verrines du chef volaille, viande, crevette, ou saumon au choix<\/li>\n \t<li>Tiramisu (1 \/ pax)<\/li>\n \t<li>Verrines sucr\u00e9es<\/li>\n<\/ul>\n<\/li>\n<\/ul>\n<div class=\"liste-interne\">\n<ul style=\"padding-top: 10px;\">\n \t<li>Fraise<\/li>\n \t<li>Chocolat<\/li>\n \t<li>Citron meringu\u00e9<\/li>\n \t<li>autre parfum au choix<\/li>\n<\/ul>\n<\/div>\n<\/div>\n<\/div>\n<div id=\"tarif\" class=\"toggle-content\">\n<ul>\n \t<li style=\"list-style-type: none;\">\n<ul>Tarifs pour 200 personnes Espace PRESTIGE RDC (maximum 300 pax) :\n \t<li style=\"margin-top: 20px;\">* Basse Saison<\/li>\n<\/ul>\n<\/li>\n<\/ul>\n<span class=\"azur\" style=\"margin-right: 20px;\">9 930DT<\/span><span class=\"orange\" style=\"margin-right: 20px;\"> 11 125 DT<\/span><span class=\"rouge\"> 12 340 DT<\/span>\n<ul>\n \t<li style=\"list-style-type: none;\">\n<ul>\n \t<li style=\"margin-top: 20px;\">** Haute Saison<\/li>\n<\/ul>\n<\/li>\n<\/ul>\n<span class=\"orange\" style=\"margin-right: 20px;\">12 125 DT <\/span><span class=\"rouge\" style=\"margin-right: 20px;\"> 13 340 DT<\/span>\n<ul style=\"margin-top: 20px;\">\n \t<li style=\"list-style-type: none;\">\n<ul style=\"margin-top: 20px;\">Tarifs pour 200 personnes Espace SUPREME 1er (maximum 600 pax) :\n \t<li style=\"margin-top: 20px;\">* Basse Saison<\/li>\n<\/ul>\n<\/li>\n<\/ul>\n<span class=\"azur\" style=\"margin-right: 20px;\">11 530 DT <\/span><span class=\"orange\" style=\"margin-right: 20px;\"> 12 945 DT <\/span><span class=\"rouge\" style=\"margin-right: 20px;\"> 14 340 DT <\/span>\n<ul style=\"margin-top: 20px;\">\n \t<li style=\"list-style-type: none;\">\n<ul style=\"margin-top: 20px;\">\n \t<li style=\"margin-top: 20px;\">** Haute Saison<\/li>\n<\/ul>\n<\/li>\n<\/ul>\n<span class=\"orange\" style=\"margin-right: 20px;\">13 800 DT<\/span><span class=\"rouge\" style=\"margin-right: 20px;\"> 15 200 DT<\/span>\n<div class=\"remarque-tarif\">(Tarif pour 200 personnes, au-del\u00e0 nous consulter)<\/div>\n<div class=\"consultez\">Pour plus d'infos sur les tarifs applicables selon la date, consultez la page <a href=\"http:\/\/www.forum.com.tn\/particulier\/selecteur-de-date\/\">Selecteur de Date<\/a><\/div>\n&nbsp;\n<p style=\"font-size: 12px;\">* Basse Saison : D'octobre \u00e0 mai \u00e0 l'exclusion des p\u00e9riodes du 15 \u00e0 31 des mois de mars &amp; d\u00e9cembre ainsi que les jours f\u00e9ri\u00e9s et veille de jours f\u00e9ri\u00e9s<\/p>\n** Haute Saison : De juin \u00e0 Septembre et du 15 au 31 des mois de mars &amp; d\u00e9cembre ainsi que les jours f\u00e9ri\u00e9s et veille de jours f\u00e9ri\u00e9s\n\n<\/div>\n<div class=\"bottom-footer\"><\/div>\n<\/div>\n<div class=\"download-section\">\n<div class=\"detail-icons\">\n<div class=\"send-detail\"><a href=\"#myModal\" data-toggle=\"modal\"> <span id=\"hidden-text\">abcd<\/span><\/a><\/div>\n<div class=\"download-detail\"><a href=\"http:\/\/www.forum.com.tn\/particulier\/wp-content\/uploads\/sites\/3\/2017\/03\/4-Passion.pdf\" target=\"_blank\" rel=\"noopener\"> <span id=\"hidden-text\">abcd<\/span><\/a><\/div>\n<div class=\"print-detail\"><a href=\"http:\/\/www.forum.com.tn\/particulier\/wp-content\/uploads\/sites\/3\/2017\/03\/4-Passion.pdf\" target=\"_blank\" rel=\"noopener\"> <span id=\"hidden-text\">abcd<\/span><\/a><\/div>\n<\/div>\n<\/div>\n[\/vc_column_text][\/vc_column][\/vc_row]","protected":false},"excerpt":{"rendered":"[vc_row][vc_column][vc_column_text] Quand la passion est au c\u0153ur de votre amour, rien n\u2019est plus excitant que le jour du mariage. Au Forum : Place au grand standing. Mus par une passion de la perfection, nous vous offrons des prestations de luxe incluant de fines bouch\u00e9es raffin\u00e9es et de d\u00e9licieux &amp; succulents g\u00e2teaux. Nous vous proposons au <a class=\"read-more\" href=\"http:\/\/www.forum.com.tn\/particulier\/Fr\/votre-ceremonie\/formules-mariage-attable\/passion\/\">&#8230;<\/a>","protected":false},"author":1,"featured_media":622,"parent":575,"menu_order":0,"comment_status":"closed","ping_status":"closed","template":"single-detail.php","meta":[],"_links":{"self":[{"href":"http:\/\/www.forum.com.tn\/particulier\/Fr\/wp-json\/wp\/v2\/pages\/1121"}],"collection":[{"href":"http:\/\/www.forum.com.tn\/particulier\/Fr\/wp-json\/wp\/v2\/pages"}],"about":[{"href":"http:\/\/www.forum.com.tn\/particulier\/Fr\/wp-json\/wp\/v2\/types\/page"}],"author":[{"embeddable":true,"href":"http:\/\/www.forum.com.tn\/particulier\/Fr\/wp-json\/wp\/v2\/users\/1"}],"replies":[{"embeddable":true,"href":"http:\/\/www.forum.com.tn\/particulier\/Fr\/wp-json\/wp\/v2\/comments?post=1121"}],"version-history":[{"count":58,"href":"http:\/\/www.forum.com.tn\/particulier\/Fr\/wp-json\/wp\/v2\/pages\/1121\/revisions"}],"predecessor-version":[{"id":5054,"href":"http:\/\/www.forum.com.tn\/particulier\/Fr\/wp-json\/wp\/v2\/pages\/1121\/revisions\/5054"}],"up":[{"embeddable":true,"href":"http:\/\/www.forum.com.tn\/particulier\/Fr\/wp-json\/wp\/v2\/pages\/575"}],"wp:featuredmedia":[{"embeddable":true,"href":"http:\/\/www.forum.com.tn\/particulier\/Fr\/wp-json\/wp\/v2\/media\/622"}],"wp:attachment":[{"href":"http:\/\/www.forum.com.tn\/particulier\/Fr\/wp-json\/wp\/v2\/media?parent=1121"}],"curies":[{"name":"wp","href":"https:\/\/api.w.org\/{rel}","templated":true}]}}