{"id":1123,"date":"2016-12-23T11:57:05","date_gmt":"2016-12-23T10:57:05","guid":{"rendered":"http:\/\/particulier.forum.com.tn\/?page_id=1123"},"modified":"2023-11-04T10:20:30","modified_gmt":"2023-11-04T09:20:30","slug":"euphorie","status":"publish","type":"page","link":"http:\/\/www.forum.com.tn\/particulier\/Fr\/votre-ceremonie\/formules-mariage-attable\/euphorie\/","title":{"rendered":"EUPHORIE"},"content":{"rendered":"[vc_row][vc_column][vc_column_text]\n<div class=\"inner-detail-text container\">\n\nVous souhaitez inviter vos convives \u00e0 un cocktail dinatoire d\u00e9licieux et g\u00e9n\u00e9reux. Go\u00fbtez aux plaisirs d\u00e9licats d'une cuisine raffin\u00e9e en profitant de moments de bonheur. Des mets classiques interpr\u00e9t\u00e9s avec inventivit\u00e9. Des traditions gastronomiques internationales m\u00ealant saveurs et cuisines. Des tendances modernes et contemporaines des quatre coins du globe. Laissez-vous tenter par un d\u00e9licieux cocktail pr\u00e9par\u00e9 par un chef exp\u00e9riment\u00e9 pour un diner de mariage inoubliable.\n<div class=\"liste\">\n<ul>\n \t<li style=\"list-style-type: none;\">\n<ul>\n \t<li>Eau min\u00e9rale \u00e0 volont\u00e9<\/li>\n \t<li>2 Services de Jus de fruits frais (kiwi, fraise, citronnade fraiche, autre parfum au choix selon saison)<\/li>\n \t<li>Th\u00e9 au pignon<\/li>\n \t<li>Fruits secs (40g \/ pax)<\/li>\n \t<li>Canap\u00e9s froids (2\/pax)<\/li>\n \t<li>Notre S\u00e9lection de d\u00e9licieuses bouch\u00e9es Sal\u00e9es de chez GOURMANDISE (6 \/ pax)<\/li>\n \t<li>Bnadek piqu\u00e9s<\/li>\n \t<li>Mini-Brochette B\u0153uf<\/li>\n \t<li>Brochettes Poulet marin\u00e9 aux \u00e9pices, pruneau ou ananas au choix<\/li>\n \t<li>Crevette malsouka croquante<\/li>\n \t<li>Verrines du chef volaille, viande, crevette, ou saumon au choix<\/li>\n \t<li>Pi\u00e8ce mont\u00e9e mod\u00e8le et parfum au choix de chez GOURMANDISE<\/li>\n \t<li>Verrines sucr\u00e9es (Fraise, Chocolat, Citron meringu\u00e9, autre parfum au choix)<\/li>\n \t<li>Tiramisu (1 \/ pax)<\/li>\n \t<li>G\u00e2teaux tunisiens (3 \/ pax) de GOURMANDISE<\/li>\n<\/ul>\n<\/li>\n<\/ul>\n<div class=\"liste-interne\">\n<ul style=\"padding-top: 10px; padding-bottom: 10px;\">\n \t<li style=\"list-style-type: none;\">\n<ul style=\"padding-top: 10px; padding-bottom: 10px; padding-left: 30px;\">\n \t<li>Baklaoua noisette amande<\/li>\n \t<li>Kaak warka amande<\/li>\n \t<li>G\u00e2teaux Mixtes<\/li>\n<\/ul>\n<\/li>\n<\/ul>\n<div class=\"liste-interne-third\">\n<ul style=\"padding-top: 10px; padding-bottom: 10px; padding-left: 160px;\">\n \t<li>carr\u00e9 pignon<\/li>\n \t<li>bourgeoise noix<\/li>\n \t<li>kaak mrachek pistache<\/li>\n \t<li>Bjaouia amande<\/li>\n \t<li>Mlabess amande cru<\/li>\n<\/ul>\n<\/div>\n<\/div>\n<ul style=\"margin-top: 10px;\">\n \t<li style=\"list-style-type: none;\">\n<ul style=\"margin-top: 10px;\">\n \t<li>Podium mari\u00e9s ou table d\u2019honneur fourni am\u00e9nag\u00e9 avec d\u00e9coration florale ou lumineuse au choix<\/li>\n \t<li>Nappage Tables au choix argent, blanc ou dor\u00e9<\/li>\n \t<li>D\u00e9coration centre de table fleurie<\/li>\n \t<li>D\u00e9coration florale de la rampe d\u2019escalier (Supr\u00eame) ou de l\u2019entr\u00e9e de l\u2019espace (Prestige)<\/li>\n \t<li>Maitre d'h\u00f4tel exp\u00e9riment\u00e9 et serveurs qualifi\u00e9s selon le nombre d'invit\u00e9s<\/li>\n \t<li>Ambiance lumi\u00e8re de couleur au choix<\/li>\n \t<li>S\u00e9curit\u00e9 renforc\u00e9e \u00e0 l'ext\u00e9rieur<\/li>\n \t<li>Nuit de noces dans un palace 5 \u00e9toiles de luxe * * * * * \u00e0 Gammarth en LPD chambre Double Ex\u00e9cutive vue mer avec d\u00e9coration florale.<\/li>\n<\/ul>\n<\/li>\n<\/ul>\n<\/div>\n<div class=\"more-options\">\n<div id=\"personnalisez\" class=\"personnalisez-formule\">PERSONNALISEZ VOTRE FORMULE<\/div>\n<div id=\"tarifs\" class=\"tarif-formule\">Tarif<\/div>\n<\/div>\n<div id=\"options-formule\" class=\"toggle-content\">\n<div class=\"liste\">\n\n<strong>LE FORUM vous propose, \u00e0 la carte un large choix de d\u00e9licieuses fines bouch\u00e9es pour composer ou compl\u00e9ter par vous-m\u00eame votre propre formule de mariage.<\/strong>\n<ul>\n \t<li style=\"list-style-type: none;\">\n<ul>\n \t<li><strong>Cot\u00e9 l\u00e9gumes &amp; fromage<\/strong><\/li>\n \t<li>Boulettes de Fromages aux \u00e9pices, tomates s\u00e9ch\u00e9es et herbes<\/li>\n \t<li>Camembert pan\u00e9<\/li>\n \t<li>Duo de mousse v\u00e9g\u00e9tarien parmesan gorgonzola<\/li>\n<\/ul>\n<\/li>\n<\/ul>\n<\/div>\n<div class=\"liste\">\n<ul>\n \t<li style=\"list-style-type: none;\">\n<ul>\n \t<li><strong>Cot\u00e9 Volaille <\/strong><\/li>\n \t<li>Vermicelles chinoises aux crevettes, poulet soya et gingembre<\/li>\n \t<li>Nems au poulet<\/li>\n \t<li>Boulette Cordon bleu<\/li>\n \t<li>Brochette poulet marin\u00e9 aux \u00e9pices, pruneau ou ananas<\/li>\n \t<li>Poulet grill\u00e9 parmesan roquette<\/li>\n<\/ul>\n<\/li>\n<\/ul>\n<\/div>\n<div class=\"liste\">\n<ul>\n \t<li style=\"list-style-type: none;\">\n<ul>\n \t<li><strong>Cot\u00e9 Viande<\/strong><\/li>\n \t<li>Bresaola parmesan roquette balsamique en verrine ou en bouquet<\/li>\n \t<li>Brochettes de b\u0153uf \u00e0 la citronnelle *<\/li>\n \t<li>Nems \u00e0 l'agneau<\/li>\n \t<li>Boulette de b\u0153uf parmesan coriandre fraiche sur nid de roquette<\/li>\n \t<li>Filet champignon &amp; oignon caram\u00e9lis\u00e9<\/li>\n \t<li>Filet mignon au saumon<\/li>\n \t<li>Brochette Bnadek aux l\u00e9gumes<\/li>\n<\/ul>\n<\/li>\n<\/ul>\n<\/div>\n<div class=\"liste\">\n<ul>\n \t<li style=\"list-style-type: none;\">\n<ul>\n \t<li><strong>Cot\u00e9 Poisson<\/strong><\/li>\n \t<li>Carpaccio de poulpe au coulis de violettes<\/li>\n \t<li>Nems au crevette &amp; filet de poisson*<\/li>\n \t<li>Enroul\u00e9 de sole farcie *<\/li>\n \t<li>Seiche farcie<\/li>\n \t<li>Enroul\u00e9 de m\u00e9rou farci<\/li>\n \t<li>D\u00e9 de m\u00e9rou \u00e0 l\u2019aneth<\/li>\n<\/ul>\n<\/li>\n<\/ul>\n<\/div>\n<div class=\"liste\">\n<ul>\n \t<li style=\"list-style-type: none;\">\n<ul>\n \t<li><strong>Cot\u00e9 Saumon *<\/strong><\/li>\n \t<li>Terrine de saumon fum\u00e9 au mascarpone et herbes<\/li>\n \t<li>Tartare saumon avocat<\/li>\n \t<li>Guacamole avocat saumon<\/li>\n<\/ul>\n<\/li>\n<\/ul>\n<\/div>\n<div class=\"liste\">\n<ul style=\"margin-top: 10px;\">\n \t<li style=\"list-style-type: none;\">\n<ul style=\"margin-top: 10px;\">\n \t<li><strong>Cot\u00e9 Crevette<\/strong><\/li>\n \t<li>Crevette Guacamole<\/li>\n \t<li>Crispy hot and sweet shrimp<\/li>\n \t<li>Crevettes saut\u00e9es herbes et ail<\/li>\n \t<li>Crevette ananas<\/li>\n \t<li>Crumble crevette<\/li>\n \t<li>Crevette farcie au Saumon<\/li>\n<\/ul>\n<\/li>\n<\/ul>\n<\/div>\n<div class=\"liste\">\n<ul>\n \t<li style=\"list-style-type: none;\">\n<ul>\n \t<li><strong>Cot\u00e9 Foie Gras *<\/strong><\/li>\n \t<li>Cro\u00fbte de champignons et foie-gras<\/li>\n \t<li>Foie gras po\u00eal\u00e9 aux dattes<\/li>\n<\/ul>\n<\/li>\n<\/ul>\n<\/div>\n<div class=\"liste\">\n<ul>\n \t<li style=\"list-style-type: none;\">\n<ul>\n \t<li><strong>Cot\u00e9 Saint Jacques *<\/strong><\/li>\n \t<li>Gratin aux fruits de mer \u00e0 la st jacques<\/li>\n<\/ul>\n<\/li>\n<\/ul>\n<\/div>\n<div class=\"remarque\">*Selon disponibilit\u00e9<\/div>\n<\/div>\n<div id=\"tarif\" class=\"toggle-content\">\n<ul>\n \t<li style=\"list-style-type: none;\">\n<ul>Tarifs pour 200 personnes Espace PRESTIGE RDC (maximum 300 pax) :\n \t<li style=\"margin-top: 20px;\">* Basse Saison<\/li>\n<\/ul>\n<\/li>\n<\/ul>\n<span class=\"azur\" style=\"margin-right: 20px;\">12 750DT<\/span><span class=\"orange\" style=\"margin-right: 20px;\"> 14 165 DT<\/span><span class=\"rouge\"> 15 560 DT<\/span>\n<ul>\n \t<li style=\"list-style-type: none;\">\n<ul>\n \t<li style=\"margin-top: 20px;\">** Haute Saison<\/li>\n<\/ul>\n<\/li>\n<\/ul>\n<span class=\"orange\" style=\"margin-right: 20px;\">15 165 DT <\/span><span class=\"rouge\" style=\"margin-right: 20px;\"> 16 560 DT<\/span>\n<ul style=\"margin-top: 20px;\">\n \t<li style=\"list-style-type: none;\">\n<ul style=\"margin-top: 20px;\">Tarifs pour 200 personnes Espace SUPREME 1er (maximum 600 pax) :\n \t<li style=\"margin-top: 20px;\">* Basse Saison<\/li>\n<\/ul>\n<\/li>\n<\/ul>\n<span class=\"azur\" style=\"margin-right: 20px;\">14 350 DT <\/span><span class=\"orange\" style=\"margin-right: 20px;\"> 15 985 DT <\/span><span class=\"rouge\" style=\"margin-right: 20px;\"> 17 580 DT <\/span>\n<ul style=\"margin-top: 20px;\">\n \t<li style=\"list-style-type: none;\">\n<ul style=\"margin-top: 20px;\">\n \t<li style=\"margin-top: 20px;\">** Haute Saison<\/li>\n<\/ul>\n<\/li>\n<\/ul>\n<span class=\"orange\" style=\"margin-right: 20px;\">16 800 DT<\/span><span class=\"rouge\" style=\"margin-right: 20px;\"> 18 400 DT<\/span>\n<div class=\"remarque-tarif\">(Tarif pour 200 personnes, au-del\u00e0 nous consulter)<\/div>\n<div class=\"consultez\">Pour plus d'infos sur les tarifs applicables selon la date, consultez la page <a href=\"http:\/\/www.forum.com.tn\/particulier\/selecteur-de-date\/\">Selecteur de Date<\/a><\/div>\n&nbsp;\n<p style=\"font-size: 12px;\">* Basse Saison : D'octobre \u00e0 mai \u00e0 l'exclusion des p\u00e9riodes du 15 \u00e0 31 des mois de mars &amp; d\u00e9cembre ainsi que les jours f\u00e9ri\u00e9s et veille de jours f\u00e9ri\u00e9s<\/p>\n** Haute Saison : De juin \u00e0 Septembre et du 15 au 31 des mois de mars &amp; d\u00e9cembre ainsi que les jours f\u00e9ri\u00e9s et veille de jours f\u00e9ri\u00e9s\n\n<\/div>\n<div class=\"bottom-footer\"><\/div>\n<\/div>\n<div class=\"download-section\">\n<div class=\"detail-icons\">\n<div class=\"send-detail\"><a href=\"#myModal\" data-toggle=\"modal\"> <span id=\"hidden-text\">abcd<\/span><\/a><\/div>\n<div class=\"download-detail\"><a href=\"http:\/\/www.forum.com.tn\/particulier\/wp-content\/uploads\/sites\/3\/2017\/03\/5-Euphorie.pdf\" target=\"_blank\" rel=\"noopener\"> <span id=\"hidden-text\">abcd<\/span><\/a><\/div>\n<div class=\"print-detail\"><a href=\"http:\/\/www.forum.com.tn\/particulier\/wp-content\/uploads\/sites\/3\/2017\/03\/5-Euphorie.pdf\" target=\"_blank\" rel=\"noopener\"> <span id=\"hidden-text\">abcd<\/span><\/a><\/div>\n<\/div>\n<\/div>\n&nbsp;[\/vc_column_text][\/vc_column][\/vc_row]","protected":false},"excerpt":{"rendered":"[vc_row][vc_column][vc_column_text] Vous souhaitez inviter vos convives \u00e0 un cocktail dinatoire d\u00e9licieux et g\u00e9n\u00e9reux. Go\u00fbtez aux plaisirs d\u00e9licats d&rsquo;une cuisine raffin\u00e9e en profitant de moments de bonheur. Des mets classiques interpr\u00e9t\u00e9s avec inventivit\u00e9. Des traditions gastronomiques internationales m\u00ealant saveurs et cuisines. Des tendances modernes et contemporaines des quatre coins du globe. Laissez-vous tenter par un d\u00e9licieux <a class=\"read-more\" href=\"http:\/\/www.forum.com.tn\/particulier\/Fr\/votre-ceremonie\/formules-mariage-attable\/euphorie\/\">&#8230;<\/a>","protected":false},"author":1,"featured_media":832,"parent":575,"menu_order":0,"comment_status":"closed","ping_status":"closed","template":"single-detail.php","meta":[],"_links":{"self":[{"href":"http:\/\/www.forum.com.tn\/particulier\/Fr\/wp-json\/wp\/v2\/pages\/1123"}],"collection":[{"href":"http:\/\/www.forum.com.tn\/particulier\/Fr\/wp-json\/wp\/v2\/pages"}],"about":[{"href":"http:\/\/www.forum.com.tn\/particulier\/Fr\/wp-json\/wp\/v2\/types\/page"}],"author":[{"embeddable":true,"href":"http:\/\/www.forum.com.tn\/particulier\/Fr\/wp-json\/wp\/v2\/users\/1"}],"replies":[{"embeddable":true,"href":"http:\/\/www.forum.com.tn\/particulier\/Fr\/wp-json\/wp\/v2\/comments?post=1123"}],"version-history":[{"count":38,"href":"http:\/\/www.forum.com.tn\/particulier\/Fr\/wp-json\/wp\/v2\/pages\/1123\/revisions"}],"predecessor-version":[{"id":5056,"href":"http:\/\/www.forum.com.tn\/particulier\/Fr\/wp-json\/wp\/v2\/pages\/1123\/revisions\/5056"}],"up":[{"embeddable":true,"href":"http:\/\/www.forum.com.tn\/particulier\/Fr\/wp-json\/wp\/v2\/pages\/575"}],"wp:featuredmedia":[{"embeddable":true,"href":"http:\/\/www.forum.com.tn\/particulier\/Fr\/wp-json\/wp\/v2\/media\/832"}],"wp:attachment":[{"href":"http:\/\/www.forum.com.tn\/particulier\/Fr\/wp-json\/wp\/v2\/media?parent=1123"}],"curies":[{"name":"wp","href":"https:\/\/api.w.org\/{rel}","templated":true}]}}