{"id":1127,"date":"2016-12-23T12:26:12","date_gmt":"2016-12-23T11:26:12","guid":{"rendered":"http:\/\/particulier.forum.com.tn\/?page_id=1127"},"modified":"2018-05-16T13:10:15","modified_gmt":"2018-05-16T11:10:15","slug":"fine-bouchees","status":"publish","type":"page","link":"http:\/\/www.forum.com.tn\/particulier\/Fr\/votre-ceremonie\/formules-mariage-attable\/fine-bouchees\/","title":{"rendered":"FINE BOUCH\u00c9ES"},"content":{"rendered":"<div class=\"inner-detail-text container\">LE FORUM vous propose \u00e0 la carte un large choix de d\u00e9licieuses fines bouch\u00e9es pour composer ou compl\u00e9ter par vous-m\u00eame votre propre formule de mariage.\r\n<div class=\"liste-fine-bouch\u00e9es\">\r\n<ul>\r\n \t<li><strong>Cot\u00e9 l\u00e9gumes &amp; fromage<\/strong><\/li>\r\n \t<li>Boulettes de Fromages aux \u00e9pices, tomates s\u00e9ch\u00e9es et herbes<\/li>\r\n \t<li>Camembert pan\u00e9<\/li>\r\n \t<li>Duo de mousse v\u00e9g\u00e9tarien parmesan gorgonzola<\/li>\r\n \t<li>***<\/li>\r\n<\/ul>\r\n<\/div>\r\n<div class=\"liste-fine-bouch\u00e9es\">\r\n<ul>\r\n \t<li><strong>Cot\u00e9 Volaille<\/strong><\/li>\r\n \t<li>Vermicelles chinoises aux crevettes, poulet soya et gingembre<\/li>\r\n \t<li>Nems au poulet<\/li>\r\n \t<li>Boulette Cordon bleu<\/li>\r\n \t<li>Brochette poulet marin\u00e9 aux \u00e9pices, pruneau ou ananas<\/li>\r\n \t<li>Poulet grill\u00e9 parmesan roquette<\/li>\r\n \t<li>***<\/li>\r\n<\/ul>\r\n<\/div>\r\n<div class=\"liste-fine-bouch\u00e9es\">\r\n<ul>\r\n \t<li><strong>Cot\u00e9 Viande<\/strong><\/li>\r\n \t<li>Bresaola parmesan roquette balsamique en verrine ou en bouquet<\/li>\r\n \t<li>Brochettes de b\u0153uf \u00e0 la citronnelle *<\/li>\r\n \t<li>Nems \u00e0 l'agneau<\/li>\r\n \t<li>Boulette de b\u0153uf parmesan coriandre fraiche sur nid de roquette<\/li>\r\n \t<li>Filet champignon &amp; oignon caram\u00e9lis\u00e9<\/li>\r\n \t<li>Filet mignon au saumon<\/li>\r\n \t<li>Brochette Bnadek aux l\u00e9gumes<\/li>\r\n \t<li>***<\/li>\r\n<\/ul>\r\n<\/div>\r\n<div class=\"liste-fine-bouch\u00e9es\">\r\n<ul>\r\n \t<li><strong>Cot\u00e9 Poisson<\/strong><\/li>\r\n \t<li>Carpaccio de poulpe au coulis de violettes<\/li>\r\n \t<li>Nems au crevette &amp; filet de poisson<\/li>\r\n \t<li>Enroul\u00e9 de sole farcie *<\/li>\r\n \t<li>Seiche farcie<\/li>\r\n \t<li>Enroul\u00e9 de m\u00e9rou farci<\/li>\r\n \t<li>D\u00e9 de m\u00e9rou \u00e0 l\u2019aneth<\/li>\r\n \t<li>***<\/li>\r\n<\/ul>\r\n<\/div>\r\n<div class=\"liste-fine-bouch\u00e9es\">\r\n<ul>\r\n \t<li><strong>Cot\u00e9 Saumon *<\/strong><\/li>\r\n \t<li>Terrine de saumon fum\u00e9 au mascarpone et herbes<\/li>\r\n \t<li>Tartare saumon avocat<\/li>\r\n \t<li>Guacamole avocat saumon<\/li>\r\n \t<li>***<\/li>\r\n<\/ul>\r\n<\/div>\r\n<div class=\"liste-fine-bouch\u00e9es\">\r\n<ul>\r\n \t<li><strong>Cot\u00e9 Crevette<\/strong><\/li>\r\n \t<li>Crevette Guacamole<\/li>\r\n \t<li>Crispy hot and sweet shrimp<\/li>\r\n \t<li>Crevettes saut\u00e9es herbes et ail<\/li>\r\n \t<li>Crevette ananas<\/li>\r\n \t<li>Crumble crevette<\/li>\r\n \t<li>Crevette farcie au Saumon<\/li>\r\n \t<li>***<\/li>\r\n<\/ul>\r\n<\/div>\r\n<div class=\"liste-fine-bouch\u00e9es\">\r\n<ul>\r\n \t<li><strong>Cot\u00e9 Foie Gras *<\/strong><\/li>\r\n \t<li>Cro\u00fbte de champignons et foie-gras<\/li>\r\n \t<li>Foie gras po\u00eal\u00e9 aux dattes<\/li>\r\n \t<li>***<\/li>\r\n<\/ul>\r\n<\/div>\r\n<div class=\"liste-fine-bouch\u00e9es\">\r\n<ul>\r\n \t<li><strong>Cot\u00e9 Saint Jacques *<\/strong><\/li>\r\n \t<li>Gratin aux fruits de mer \u00e0 la st jacques<\/li>\r\n \t<li>***<\/li>\r\n<\/ul>\r\n<\/div>\r\n<div class=\"remarque\">*Selon disponibilit\u00e9<\/div>\r\n<\/div>\r\n<div class=\"download-section\">\r\n<div class=\"detail-icons\">\r\n<div class=\"send-detail\"><a href=\"#myModal\" data-toggle=\"modal\"> <span id=\"hidden-text\">abcd<\/span><\/a><\/div>\r\n<div class=\"download-detail\"><a href=\"http:\/\/particulier.forum.com.tn\/wp-content\/uploads\/sites\/3\/2017\/03\/6-Fine-Bouchees.pdf\" target=\"_blank\"> <span id=\"hidden-text\">abcd<\/span><\/a><\/div>\r\n<div class=\"print-detail\"><a href=\"http:\/\/particulier.forum.com.tn\/wp-content\/uploads\/sites\/3\/2017\/03\/6-Fine-Bouchees.pdf\" target=\"_blank\"> <span id=\"hidden-text\">abcd<\/span><\/a><\/div>\r\n<\/div>\r\n<\/div>","protected":false},"excerpt":{"rendered":"LE FORUM vous propose \u00e0 la carte un large choix de d\u00e9licieuses fines bouch\u00e9es pour composer ou compl\u00e9ter par vous-m\u00eame votre propre formule de mariage. Cot\u00e9 l\u00e9gumes &amp; fromage Boulettes de Fromages aux \u00e9pices, tomates s\u00e9ch\u00e9es et herbes Camembert pan\u00e9 Duo de mousse v\u00e9g\u00e9tarien parmesan gorgonzola *** Cot\u00e9 Volaille Vermicelles chinoises aux crevettes, poulet soya <a class=\"read-more\" href=\"http:\/\/www.forum.com.tn\/particulier\/Fr\/votre-ceremonie\/formules-mariage-attable\/fine-bouchees\/\">&#8230;<\/a>","protected":false},"author":1,"featured_media":833,"parent":575,"menu_order":0,"comment_status":"closed","ping_status":"closed","template":"single-detail.php","meta":[],"_links":{"self":[{"href":"http:\/\/www.forum.com.tn\/particulier\/Fr\/wp-json\/wp\/v2\/pages\/1127"}],"collection":[{"href":"http:\/\/www.forum.com.tn\/particulier\/Fr\/wp-json\/wp\/v2\/pages"}],"about":[{"href":"http:\/\/www.forum.com.tn\/particulier\/Fr\/wp-json\/wp\/v2\/types\/page"}],"author":[{"embeddable":true,"href":"http:\/\/www.forum.com.tn\/particulier\/Fr\/wp-json\/wp\/v2\/users\/1"}],"replies":[{"embeddable":true,"href":"http:\/\/www.forum.com.tn\/particulier\/Fr\/wp-json\/wp\/v2\/comments?post=1127"}],"version-history":[{"count":17,"href":"http:\/\/www.forum.com.tn\/particulier\/Fr\/wp-json\/wp\/v2\/pages\/1127\/revisions"}],"predecessor-version":[{"id":3380,"href":"http:\/\/www.forum.com.tn\/particulier\/Fr\/wp-json\/wp\/v2\/pages\/1127\/revisions\/3380"}],"up":[{"embeddable":true,"href":"http:\/\/www.forum.com.tn\/particulier\/Fr\/wp-json\/wp\/v2\/pages\/575"}],"wp:featuredmedia":[{"embeddable":true,"href":"http:\/\/www.forum.com.tn\/particulier\/Fr\/wp-json\/wp\/v2\/media\/833"}],"wp:attachment":[{"href":"http:\/\/www.forum.com.tn\/particulier\/Fr\/wp-json\/wp\/v2\/media?parent=1127"}],"curies":[{"name":"wp","href":"https:\/\/api.w.org\/{rel}","templated":true}]}}