{"id":1133,"date":"2016-12-23T15:04:11","date_gmt":"2016-12-23T14:04:11","guid":{"rendered":"http:\/\/particulier.forum.com.tn\/?page_id=1133"},"modified":"2023-11-04T10:14:08","modified_gmt":"2023-11-04T09:14:08","slug":"joie","status":"publish","type":"page","link":"http:\/\/www.forum.com.tn\/particulier\/Fr\/votre-ceremonie\/formule-reception-buffet\/joie\/","title":{"rendered":"JOIE"},"content":{"rendered":"[vc_row][vc_column][vc_column_text]\n<div class=\"inner-detail-text container\">\n\nVous souhaitez r\u00e9ussir votre r\u00e9ception de mariage et en faire une c\u00e9r\u00e9monie inoubliable. L'\u00e9quipe du FORUM s'engage \u00e0 vous faire vivre un mariage unique organis\u00e9 avec beaucoup de classe et de professionnalisme et vous garantit un service sup\u00e9rieur \u00e0 celui d'un h\u00f4tel 5 \u00e9toiles * * * * *\n<div class=\"liste\">\n<ul>\n \t<li>Eau min\u00e9rale<\/li>\n \t<li>2 services de Jus de fruits frais (fraise, citronnade fraiche, cocktail)<\/li>\n \t<li>Fruits secs (25g\/pax)<\/li>\n \t<li>Canap\u00e9s froids (2\/pax)<\/li>\n \t<li>Notre S\u00e9lection de d\u00e9licieuses bouch\u00e9es Sal\u00e9s de chez GOURMANDISE (3\/ pax)<\/li>\n \t<li>Verrines du Chef volaille, viande, crevette, ou saumon au choix<\/li>\n \t<li>Bnadek piqu\u00e9s<\/li>\n \t<li>Brochettes Poulet marin\u00e9 aux \u00e9pices, pruneau ou ananas au choix<\/li>\n \t<li>Verrines sucr\u00e9es (Tiramisu, Fraise, Chocolat, autre parfum au choix)<\/li>\n \t<li>Assortiment d\u2019entremets &amp; G\u00e2teaux<\/li>\n \t<li>Fauteuil mari\u00e9s fourni (sans d\u00e9coration)<\/li>\n \t<li>Buffet dress\u00e9, nappage et scorting sans d\u00e9coration florale<\/li>\n \t<li>Tables Cocktail d\u00e9cor\u00e9es, Vaisselle et serviettes sigl\u00e9es<\/li>\n \t<li>Maitre d'h\u00f4tel exp\u00e9riment\u00e9 et serveurs qualifi\u00e9s selon le nombre d'invit\u00e9s<\/li>\n \t<li>S\u00e9curit\u00e9 renforc\u00e9e \u00e0 l\u2019ext\u00e9rieur<\/li>\n<\/ul>\n<\/div>\n<div class=\"more-options\">\n<div id=\"personnalisez\" class=\"personnalisez-formule\">PERSONNALISEZ VOTRE FORMULE<\/div>\n<div id=\"tarifs\" class=\"tarif-formule\">Tarif<\/div>\n<\/div>\n<div id=\"options-formule\" class=\"toggle-content\">\n<div class=\"liste\">\n<ul>\n \t<li style=\"list-style-type: none;\">\n<ul>\n \t<li><strong>Pour une r\u00e9ception plus intense, rajoutez les options suivantes <\/strong><\/li>\n \t<li>2 Services de Jus de fruits frais<\/li>\n<\/ul>\n<\/li>\n<\/ul>\n<div class=\"liste-interne\">\n<ul>\n \t<li>kiwi<\/li>\n \t<li>fraise<\/li>\n \t<li>citronnade fraiche<\/li>\n \t<li>autre parfum au choix selon saison<\/li>\n<\/ul>\n<\/div>\n<ul>\n \t<li>2 Services de Boissons gazeuses<\/li>\n \t<li>Fruits secs (40g\/pax)<\/li>\n \t<li>Notre S\u00e9lection de d\u00e9licieuses bouch\u00e9es Sal\u00e9es de GOURMANDISE (6 \/ pax)<\/li>\n \t<li>Crevette malsouka croquante<\/li>\n \t<li>Mini-Brochette B\u0153uf<\/li>\n \t<li>Fontaine de chocolat et ses brochettes de fruits<\/li>\n \t<li>Podium mari\u00e9s ou table d\u2019honneur fourni am\u00e9nag\u00e9 avec d\u00e9coration florale ou lumineuse au choix<\/li>\n \t<li>Buffet dress\u00e9, nappage et scorting avec d\u00e9coration florale ou lumineuse<\/li>\n \t<li>Tables Cocktail d\u00e9cor\u00e9es<\/li>\n \t<li>D\u00e9coration florale de la rampe d\u2019escalier (Supr\u00eame) ou de l\u2019entr\u00e9e de l\u2019espace (Prestige)<\/li>\n \t<li>Nuit de noces dans un palace 5 \u00e9toiles de luxe * * * * * \u00e0 Gammarth en LPD chambre double Ex\u00e9cutive vue mer avec d\u00e9coration florale.<\/li>\n<\/ul>\n<\/div>\n<\/div>\n<div id=\"tarif\" class=\"toggle-content\">\n<ul>\n \t<li style=\"list-style-type: none;\">\n<ul>Tarifs pour 200 personnes Espace PRESTIGE RDC (maximum 300 pax) :\n \t<li style=\"margin-top: 20px;\">* Basse Saison<\/li>\n<\/ul>\n<\/li>\n<\/ul>\n<span class=\"azur\" style=\"margin-right: 20px;\"> 8 110DT<\/span><span class=\"orange\" style=\"margin-right: 20px;\">9 105 DT<\/span><span class=\"rouge\"> 10 120 DT<\/span>\n<ul>\n \t<li style=\"list-style-type: none;\">\n<ul>\n \t<li style=\"margin-top: 20px;\">** Haute Saison<\/li>\n<\/ul>\n<\/li>\n<\/ul>\n<span class=\"orange\" style=\"margin-right: 20px;\">10 105 DT <\/span><span class=\"rouge\" style=\"margin-right: 20px;\"> 11 120 DT<\/span>\n<ul style=\"margin-top: 20px;\">\n \t<li style=\"list-style-type: none;\">\n<ul style=\"margin-top: 20px;\">Tarifs pour 200 personnes Espace SUPREME 1er (maximum 600 pax) :\n \t<li style=\"margin-top: 20px;\">* Basse Saison<\/li>\n<\/ul>\n<\/li>\n<\/ul>\n<span class=\"azur\" style=\"margin-right: 20px;\">9 710 DT <\/span><span class=\"orange\" style=\"margin-right: 20px;\"> 10 925 DT <\/span><span class=\"rouge\" style=\"margin-right: 20px;\"> 12 140 DT <\/span>\n<ul style=\"margin-top: 20px;\">\n \t<li style=\"list-style-type: none;\">\n<ul style=\"margin-top: 20px;\">\n \t<li style=\"margin-top: 20px;\">** Haute Saison<\/li>\n<\/ul>\n<\/li>\n<\/ul>\n<span class=\"orange\" style=\"margin-right: 20px;\">11 800 DT<\/span><span class=\"rouge\" style=\"margin-right: 20px;\"> 13 000 DT<\/span>\n<div class=\"remarque-tarif\">(Tarif pour 200 personnes, au-del\u00e0 nous consulter)<\/div>\n<div class=\"consultez\">Pour plus d'infos sur les tarifs applicables selon la date, consultez la page <a href=\"http:\/\/www.forum.com.tn\/particulier\/selecteur-de-date\/\">Selecteur de Date<\/a><\/div>\n&nbsp;\n<p style=\"font-size: 12px;\">* Basse Saison : D'octobre \u00e0 mai \u00e0 l'exclusion des p\u00e9riodes du 15 \u00e0 31 des mois de mars &amp; d\u00e9cembre ainsi que les jours f\u00e9ri\u00e9s et veille de jours f\u00e9ri\u00e9s<\/p>\n** Haute Saison : De juin \u00e0 Septembre et du 15 au 31 des mois de mars &amp; d\u00e9cembre ainsi que les jours f\u00e9ri\u00e9s et veille de jours f\u00e9ri\u00e9s\n\n<\/div>\n<div class=\"bottom-footer\"><\/div>\n<\/div>\n<div class=\"download-section\">\n<div class=\"detail-icons\">\n<div class=\"send-detail\"><a href=\"#myModal\" data-toggle=\"modal\"> <span id=\"hidden-text\">abcd<\/span><\/a><\/div>\n<div class=\"download-detail\"><a href=\"http:\/\/www.forum.com.tn\/particulier\/wp-content\/uploads\/sites\/3\/2017\/03\/2-Joie.pdf\" target=\"_blank\" rel=\"noopener\"> <span id=\"hidden-text\">abcd<\/span><\/a><\/div>\n<div class=\"print-detail\"><a href=\"http:\/\/www.forum.com.tn\/particulier\/wp-content\/uploads\/sites\/3\/2017\/03\/2-Joie.pdf\" target=\"_blank\" rel=\"noopener\"> <span id=\"hidden-text\">abcd<\/span><\/a><\/div>\n<\/div>\n<\/div>\n[\/vc_column_text][\/vc_column][\/vc_row]","protected":false},"excerpt":{"rendered":"[vc_row][vc_column][vc_column_text] Vous souhaitez r\u00e9ussir votre r\u00e9ception de mariage et en faire une c\u00e9r\u00e9monie inoubliable. L&rsquo;\u00e9quipe du FORUM s&rsquo;engage \u00e0 vous faire vivre un mariage unique organis\u00e9 avec beaucoup de classe et de professionnalisme et vous garantit un service sup\u00e9rieur \u00e0 celui d&rsquo;un h\u00f4tel 5 \u00e9toiles * * * * * Eau min\u00e9rale 2 services de <a class=\"read-more\" href=\"http:\/\/www.forum.com.tn\/particulier\/Fr\/votre-ceremonie\/formule-reception-buffet\/joie\/\">&#8230;<\/a>","protected":false},"author":1,"featured_media":874,"parent":635,"menu_order":0,"comment_status":"closed","ping_status":"closed","template":"single-detail.php","meta":[],"_links":{"self":[{"href":"http:\/\/www.forum.com.tn\/particulier\/Fr\/wp-json\/wp\/v2\/pages\/1133"}],"collection":[{"href":"http:\/\/www.forum.com.tn\/particulier\/Fr\/wp-json\/wp\/v2\/pages"}],"about":[{"href":"http:\/\/www.forum.com.tn\/particulier\/Fr\/wp-json\/wp\/v2\/types\/page"}],"author":[{"embeddable":true,"href":"http:\/\/www.forum.com.tn\/particulier\/Fr\/wp-json\/wp\/v2\/users\/1"}],"replies":[{"embeddable":true,"href":"http:\/\/www.forum.com.tn\/particulier\/Fr\/wp-json\/wp\/v2\/comments?post=1133"}],"version-history":[{"count":37,"href":"http:\/\/www.forum.com.tn\/particulier\/Fr\/wp-json\/wp\/v2\/pages\/1133\/revisions"}],"predecessor-version":[{"id":5184,"href":"http:\/\/www.forum.com.tn\/particulier\/Fr\/wp-json\/wp\/v2\/pages\/1133\/revisions\/5184"}],"up":[{"embeddable":true,"href":"http:\/\/www.forum.com.tn\/particulier\/Fr\/wp-json\/wp\/v2\/pages\/635"}],"wp:featuredmedia":[{"embeddable":true,"href":"http:\/\/www.forum.com.tn\/particulier\/Fr\/wp-json\/wp\/v2\/media\/874"}],"wp:attachment":[{"href":"http:\/\/www.forum.com.tn\/particulier\/Fr\/wp-json\/wp\/v2\/media?parent=1133"}],"curies":[{"name":"wp","href":"https:\/\/api.w.org\/{rel}","templated":true}]}}