{"id":1136,"date":"2016-12-23T15:18:18","date_gmt":"2016-12-23T14:18:18","guid":{"rendered":"http:\/\/particulier.forum.com.tn\/?page_id=1136"},"modified":"2023-11-04T10:17:42","modified_gmt":"2023-11-04T09:17:42","slug":"intense","status":"publish","type":"page","link":"http:\/\/www.forum.com.tn\/particulier\/Fr\/votre-ceremonie\/formule-reception-buffet\/intense\/","title":{"rendered":"INTENSE"},"content":{"rendered":"[vc_row][vc_column][vc_column_text]\n<div class=\"inner-detail-text container\">\n\nQuel que soit le style que vous souhaitez donner \u00e0 votre r\u00e9ception de mariage, cet \u00e9v\u00e9nement unique, l'\u00e9quipe du FORUM est \u00e0 votre disposition pour vous satisfaire et organiser pour vous une r\u00e9ception m\u00e9morable et distingu\u00e9e avec une prestation de service \u00e9quivalente \u00e0 celle d\u2019un Palace * * * * *\n<div class=\"liste\">\n<ul>\n \t<li>Eau min\u00e9rale<\/li>\n \t<li>2 Services de Jus de fruits frais (kiwi, fraise, citronnade fraiche, autre parfum au choix selon saison)<\/li>\n \t<li>2 Services de Boissons gazeuses<\/li>\n \t<li>Fruits secs (40g\/pax)<\/li>\n \t<li>Canap\u00e9s froids (2\/pax)<\/li>\n \t<li>Notre S\u00e9lection de d\u00e9licieuses bouch\u00e9es Sal\u00e9es de chez GOURMANDISE (6 \/ pax)<\/li>\n \t<li>Bnadek piqu\u00e9s<\/li>\n \t<li>Mini-Brochette B\u0153uf<\/li>\n \t<li>Brochettes Poulet marin\u00e9 aux \u00e9pices, pruneau ou ananas au choix<\/li>\n \t<li>Verrines du Chef volaille, viande, crevette, ou saumon au choix<\/li>\n \t<li>Verrines sucr\u00e9es (Tiramisu, Fraise, Chocolat, autre parfum au choix)<\/li>\n \t<li>Assortiment d\u2019entremets &amp; G\u00e2teaux<\/li>\n \t<li>Podium mari\u00e9s ou table d\u2019honneur fourni am\u00e9nag\u00e9 avec d\u00e9coration florale ou lumineuse au choix<\/li>\n \t<li>Buffet dress\u00e9, nappage et scorting avec d\u00e9coration florale ou lumineuse<\/li>\n \t<li>Tables Cocktail d\u00e9cor\u00e9es, Vaisselle et serviettes sigl\u00e9es<\/li>\n \t<li>D\u00e9coration florale de la rampe d\u2019escalier (Supr\u00eame) ou de l\u2019entr\u00e9e de l\u2019espace (Prestige)<\/li>\n \t<li>Ma\u00eetre d'h\u00f4tel exp\u00e9riment\u00e9 et serveurs qualifi\u00e9s selon le nombre d'invit\u00e9s<\/li>\n \t<li>S\u00e9curit\u00e9 renforc\u00e9e \u00e0 l\u2019ext\u00e9rieur<\/li>\n \t<li>Nuit de noces dans un palace 5 \u00e9toiles de luxe * * * * * \u00e0 Gammarth en LPD chambre double Ex\u00e9cutive vue mer avec d\u00e9coration florale.<\/li>\n<\/ul>\n<\/div>\n<div class=\"more-options\">\n<div id=\"personnalisez\" class=\"personnalisez-formule\">PERSONNALISEZ VOTRE FORMULE<\/div>\n<div id=\"tarifs\" class=\"tarif-formule\">Tarif<\/div>\n<\/div>\n<div id=\"options-formule\" class=\"toggle-content\">\n<div class=\"liste\">\n\n<strong> FORUM vous propose \u00e0 la carte un large choix de d\u00e9licieuses amuse-bouche pour composer votre buffet ou compl\u00e9ter par vous-m\u00eame votre propre formule de r\u00e9ception. <\/strong>\n<ul>\n \t<li style=\"list-style-type: none;\">\n<ul>\n \t<li><strong>Cot\u00e9 l\u00e9gumes &amp; fromage<\/strong><\/li>\n \t<li>Bruschetta tomate camembert ou au brie<\/li>\n \t<li>Brochette caprese tomate mozzarella pistou<\/li>\n \t<li>Dattes farcies au roquefort<\/li>\n<\/ul>\n<\/li>\n<\/ul>\n&lt;li***\n\n<\/div>\n<div class=\"liste\">\n<ul>\n \t<li style=\"list-style-type: none;\">\n<ul>\n \t<li><strong>Cot\u00e9 Volaille <\/strong><\/li>\n \t<li>Enroul\u00e9s d'ananas et jambon de dinde<\/li>\n \t<li>Poulet champignon abricot pruneau grain s\u00e9same au miel<\/li>\n \t<li>Chicken wings caram\u00e9lis\u00e9s<\/li>\n \t<li>Mini-Chawarma<\/li>\n \t<li>Poulet champignon noix cajou<\/li>\n<\/ul>\n<\/li>\n<\/ul>\n&lt;li***\n\n<\/div>\n<div class=\"liste\">\n<ul>\n \t<li style=\"list-style-type: none;\">\n<ul>\n \t<li><strong>Cot\u00e9 Viande<\/strong><\/li>\n \t<li>Canap\u00e9 ou tartine croquante au bresaola<\/li>\n \t<li>Brochette chorizo fromage olive vert<\/li>\n \t<li>B\u0153uf asiatique champignon noir vermicelle chinoise aux l\u00e9gumes croquantes<\/li>\n \t<li>Duo Brochette B\u0153uf poulet<\/li>\n \t<li>Filet mignon gratin\u00e9<\/li>\n \t<li>Dattes catalanes farcies au chorizo de b\u0153uf &amp; amandes saut\u00e9es<\/li>\n \t<li>Veteloni tapenade parmesan sauce poivre vert<\/li>\n<\/ul>\n<\/li>\n<\/ul>\n&lt;li***\n\n<\/div>\n<div class=\"liste\">\n<ul>\n \t<li style=\"list-style-type: none;\">\n<ul>\n \t<li><strong>Cot\u00e9 Poisson<\/strong><\/li>\n \t<li>Canap\u00e9 ou tartine croquante aux \u0153ufs de lompe<\/li>\n \t<li>Filet de maquereau marin\u00e9 avec ses l\u00e9gumes grill\u00e9s<\/li>\n \t<li>Poulpe marin\u00e9<\/li>\n \t<li>Nems poulet crevettes<\/li>\n \t<li>Brochette M\u00e9rou grill\u00e9 citron<\/li>\n \t<li>Seiche crevette en brochette ou en verrine<\/li>\n<\/ul>\n<\/li>\n<\/ul>\n&lt;li***\n\n<\/div>\n<div class=\"liste\">\n<ul>\n \t<li style=\"list-style-type: none;\">\n<ul>\n \t<li><strong>Cot\u00e9 Saumon *<\/strong><\/li>\n \t<li>Concombre scandinave au saumon fum\u00e9 et \u0153ufs de lompe<\/li>\n \t<li>Canap\u00e9 ou tartine croquante au saumon fum\u00e9<\/li>\n \t<li>Crumble Saumon<\/li>\n<\/ul>\n<\/li>\n<\/ul>\n&lt;li***\n\n<\/div>\n<div class=\"liste\">\n<ul>\n \t<li style=\"list-style-type: none;\">\n<ul>\n \t<li><strong>Cot\u00e9 Crevette<\/strong><\/li>\n \t<li>Canap\u00e9 ou tartine croquante \u00e0 la crevette<\/li>\n \t<li>Crevettes tempura<\/li>\n \t<li>Crevettes saut\u00e9es au pesto sicilien<\/li>\n \t<li>Crevette malsouka<\/li>\n \t<li>Ceviche de crevette<\/li>\n \t<li>Duo de mousse crevette avocat<\/li>\n<\/ul>\n<\/li>\n<\/ul>\n&lt;li***\n\n<\/div>\n<div class=\"liste\">\n<ul>\n \t<li style=\"list-style-type: none;\">\n<ul>\n \t<li><strong>Cot\u00e9 Foie Gras *<\/strong><\/li>\n \t<li>Tartine de foie-gras, herbes et coulis de framboises<\/li>\n \t<li>Verrine de foie gras, pain d'\u00e9pices et sa compote de figues<\/li>\n<\/ul>\n<\/li>\n<\/ul>\n&lt;li***\n\n<\/div>\n<div class=\"liste\">\n<ul>\n \t<li style=\"list-style-type: none;\">\n<ul>\n \t<li><strong>Cot\u00e9 Saint Jacques *<\/strong><\/li>\n \t<li>Ceviche de Saint-Jacques<\/li>\n<\/ul>\n<\/li>\n<\/ul>\n&lt;li***\n\n<\/div>\n<div class=\"remarque\">*Selon disponibilit\u00e9<\/div>\n<\/div>\n<div id=\"tarif\" class=\"toggle-content\">\n<ul>\n \t<li style=\"list-style-type: none;\">\n<ul>Tarifs pour 200 personnes Espace PRESTIGE RDC (maximum 300 pax) :\n \t<li style=\"margin-top: 20px;\">* Basse Saison<\/li>\n<\/ul>\n<\/li>\n<\/ul>\n<span class=\"azur\" style=\"margin-right: 20px;\"> 9 930 DT<\/span><span class=\"orange\" style=\"margin-right: 20px;\">11 125 DT<\/span><span class=\"rouge\"> 12 340 DT<\/span>\n<ul>\n \t<li style=\"list-style-type: none;\">\n<ul>\n \t<li style=\"margin-top: 20px;\">** Haute Saison<\/li>\n<\/ul>\n<\/li>\n<\/ul>\n<span class=\"orange\" style=\"margin-right: 20px;\">12 125 DT <\/span><span class=\"rouge\" style=\"margin-right: 20px;\"> 13 340 DT<\/span>\n<ul style=\"margin-top: 20px;\">\n \t<li style=\"list-style-type: none;\">\n<ul style=\"margin-top: 20px;\">Tarifs pour 200 personnes Espace SUPREME 1er (maximum 600 pax) :\n \t<li style=\"margin-top: 20px;\">* Basse Saison<\/li>\n<\/ul>\n<\/li>\n<\/ul>\n<span class=\"azur\" style=\"margin-right: 20px;\">11 530 DT <\/span><span class=\"orange\" style=\"margin-right: 20px;\"> 12 945 DT <\/span><span class=\"rouge\" style=\"margin-right: 20px;\"> 14 340 DT <\/span>\n<ul style=\"margin-top: 20px;\">\n \t<li style=\"list-style-type: none;\">\n<ul style=\"margin-top: 20px;\">\n \t<li style=\"margin-top: 20px;\">** Haute Saison<\/li>\n<\/ul>\n<\/li>\n<\/ul>\n<span class=\"orange\" style=\"margin-right: 20px;\">13 800 DT<\/span><span class=\"rouge\" style=\"margin-right: 20px;\"> 15 200 DT<\/span>\n<div class=\"remarque-tarif\">(Tarif pour 200 personnes, au-del\u00e0 nous consulter)<\/div>\n<div class=\"consultez\">Pour plus d'infos sur les tarifs applicables selon la date, consultez la page <a href=\"http:\/\/www.forum.com.tn\/particulier\/selecteur-de-date\/\">Selecteur de Date<\/a><\/div>\n&nbsp;\n<p style=\"font-size: 12px;\">* Basse Saison : D'octobre \u00e0 mai \u00e0 l'exclusion des p\u00e9riodes du 15 \u00e0 31 des mois de mars &amp; d\u00e9cembre ainsi que les jours f\u00e9ri\u00e9s et veille de jours f\u00e9ri\u00e9s<\/p>\n** Haute Saison : De juin \u00e0 Septembre et du 15 au 31 des mois de mars &amp; d\u00e9cembre ainsi que les jours f\u00e9ri\u00e9s et veille de jours f\u00e9ri\u00e9s\n\n<\/div>\n<div class=\"bottom-footer\"><\/div>\n<\/div>\n<div class=\"download-section\">\n<div class=\"detail-icons\">\n<div class=\"send-detail\"><a href=\"#myModal\" data-toggle=\"modal\"> <span id=\"hidden-text\">abcd<\/span><\/a><\/div>\n<div class=\"download-detail\"><a href=\"http:\/\/particulier.forum.com.tn\/wp-content\/uploads\/sites\/3\/2017\/03\/3-Intense.pdf\" target=\"_blank\" rel=\"noopener\"> <span id=\"hidden-text\">abcd<\/span><\/a><\/div>\n<div class=\"print-detail\"><a href=\"http:\/\/particulier.forum.com.tn\/wp-content\/uploads\/sites\/3\/2017\/03\/3-Intense.pdf\" target=\"_blank\" rel=\"noopener\"> <span id=\"hidden-text\">abcd<\/span><\/a><\/div>\n<\/div>\n<\/div>\n[\/vc_column_text][\/vc_column][\/vc_row]","protected":false},"excerpt":{"rendered":"[vc_row][vc_column][vc_column_text] Quel que soit le style que vous souhaitez donner \u00e0 votre r\u00e9ception de mariage, cet \u00e9v\u00e9nement unique, l&rsquo;\u00e9quipe du FORUM est \u00e0 votre disposition pour vous satisfaire et organiser pour vous une r\u00e9ception m\u00e9morable et distingu\u00e9e avec une prestation de service \u00e9quivalente \u00e0 celle d\u2019un Palace * * * * * Eau min\u00e9rale 2 <a class=\"read-more\" href=\"http:\/\/www.forum.com.tn\/particulier\/Fr\/votre-ceremonie\/formule-reception-buffet\/intense\/\">&#8230;<\/a>","protected":false},"author":1,"featured_media":873,"parent":635,"menu_order":0,"comment_status":"closed","ping_status":"closed","template":"single-detail.php","meta":[],"_links":{"self":[{"href":"http:\/\/www.forum.com.tn\/particulier\/Fr\/wp-json\/wp\/v2\/pages\/1136"}],"collection":[{"href":"http:\/\/www.forum.com.tn\/particulier\/Fr\/wp-json\/wp\/v2\/pages"}],"about":[{"href":"http:\/\/www.forum.com.tn\/particulier\/Fr\/wp-json\/wp\/v2\/types\/page"}],"author":[{"embeddable":true,"href":"http:\/\/www.forum.com.tn\/particulier\/Fr\/wp-json\/wp\/v2\/users\/1"}],"replies":[{"embeddable":true,"href":"http:\/\/www.forum.com.tn\/particulier\/Fr\/wp-json\/wp\/v2\/comments?post=1136"}],"version-history":[{"count":27,"href":"http:\/\/www.forum.com.tn\/particulier\/Fr\/wp-json\/wp\/v2\/pages\/1136\/revisions"}],"predecessor-version":[{"id":5185,"href":"http:\/\/www.forum.com.tn\/particulier\/Fr\/wp-json\/wp\/v2\/pages\/1136\/revisions\/5185"}],"up":[{"embeddable":true,"href":"http:\/\/www.forum.com.tn\/particulier\/Fr\/wp-json\/wp\/v2\/pages\/635"}],"wp:featuredmedia":[{"embeddable":true,"href":"http:\/\/www.forum.com.tn\/particulier\/Fr\/wp-json\/wp\/v2\/media\/873"}],"wp:attachment":[{"href":"http:\/\/www.forum.com.tn\/particulier\/Fr\/wp-json\/wp\/v2\/media?parent=1136"}],"curies":[{"name":"wp","href":"https:\/\/api.w.org\/{rel}","templated":true}]}}