{"id":1138,"date":"2016-12-23T15:26:05","date_gmt":"2016-12-23T14:26:05","guid":{"rendered":"http:\/\/particulier.forum.com.tn\/?page_id=1138"},"modified":"2018-05-16T15:35:43","modified_gmt":"2018-05-16T13:35:43","slug":"amuse-bouches","status":"publish","type":"page","link":"http:\/\/www.forum.com.tn\/particulier\/Fr\/votre-ceremonie\/formule-reception-buffet\/amuse-bouches\/","title":{"rendered":"AMUSE-BOUCHES"},"content":{"rendered":"<div class=\"inner-detail-text container\">\r\n\r\nLE FORUM vous propose \u00e0 la carte un large choix de d\u00e9licieuses amuse-bouche pour composer votre buffet ou compl\u00e9ter par vous-m\u00eame votre propre formule de r\u00e9ception.\r\n<div class=\"liste-fine-bouch\u00e9es\">\r\n<ul>\r\n \t<li><strong>Cot\u00e9 l\u00e9gumes &amp; fromage<\/strong><\/li>\r\n \t<li>Bruschetta tomate camembert ou au brie<\/li>\r\n \t<li>Brochette caprese tomate mozzarella pistou<\/li>\r\n \t<li>Dattes farcies au roquefort<\/li>\r\n \t<li>***<\/li>\r\n<\/ul>\r\n<\/div>\r\n<div class=\"liste-fine-bouch\u00e9es\">\r\n<ul>\r\n \t<li><strong>Cot\u00e9 Volaille<\/strong><\/li>\r\n \t<li>Enroul\u00e9s d'ananas et jambon de dinde<\/li>\r\n \t<li>Poulet champignon abricot pruneau grain s\u00e9same au miel<\/li>\r\n \t<li>Chicken wings caram\u00e9lis\u00e9s<\/li>\r\n \t<li>Mini-Chawarma<\/li>\r\n \t<li>Poulet champignon noix cajou<\/li>\r\n \t<li>***<\/li>\r\n<\/ul>\r\n<\/div>\r\n<div class=\"liste-fine-bouch\u00e9es\">\r\n<ul>\r\n \t<li><strong>Cot\u00e9 Viande<\/strong><\/li>\r\n \t<li>Canap\u00e9 ou tartine croquante au bresaola<\/li>\r\n \t<li>Brochette chorizo fromage olive vert<\/li>\r\n \t<li>B\u0153uf asiatique champignon noir vermicelle chinoise aux l\u00e9gumes croquantes<\/li>\r\n \t<li>Duo Brochette B\u0153uf poulet<\/li>\r\n \t<li>Filet mignon gratin\u00e9<\/li>\r\n \t<li>Dattes catalanes farcies au chorizo de b\u0153uf &amp; amandes saut\u00e9es<\/li>\r\n \t<li>Veteloni tapenade parmesan sauce poivre vert<\/li>\r\n \t<li>***<\/li>\r\n<\/ul>\r\n<\/div>\r\n<div class=\"liste-fine-bouch\u00e9es\">\r\n<ul>\r\n \t<li><strong>Cot\u00e9 Poisson<\/strong><\/li>\r\n \t<li>Canap\u00e9 ou tartine croquante aux \u0153ufs de lompe<\/li>\r\n \t<li>Filet de maquereau marin\u00e9 avec ses l\u00e9gumes grill\u00e9s<\/li>\r\n \t<li>Poulpe marin\u00e9<\/li>\r\n \t<li>Nems poulet crevettes<\/li>\r\n \t<li>Brochette M\u00e9rou grill\u00e9 citron<\/li>\r\n \t<li>Seiche crevette en brochette ou en verrine<\/li>\r\n \t<li>***<\/li>\r\n<\/ul>\r\n<\/div>\r\n<div class=\"liste-fine-bouch\u00e9es\">\r\n<ul>\r\n \t<li><strong>Cot\u00e9 Saumon *<\/strong><\/li>\r\n \t<li>Concombre scandinave au saumon fum\u00e9 et \u0153ufs de lompe<\/li>\r\n \t<li>Canap\u00e9 ou tartine croquante au saumon fum\u00e9<\/li>\r\n \t<li>Crumble Saumon<\/li>\r\n \t<li>***<\/li>\r\n<\/ul>\r\n<\/div>\r\n<div class=\"liste-fine-bouch\u00e9es\">\r\n<ul>\r\n \t<li><strong>Cot\u00e9 Crevette<\/strong><\/li>\r\n \t<li>Canap\u00e9 ou tartine croquante \u00e0 la crevette<\/li>\r\n \t<li>Crevettes tempura<\/li>\r\n \t<li>Crevettes saut\u00e9es au pesto sicilien<\/li>\r\n \t<li>Crevette malsouka<\/li>\r\n \t<li>Ceviche de crevette<\/li>\r\n \t<li>Duo de mousse crevette avocat<\/li>\r\n \t<li>***<\/li>\r\n<\/ul>\r\n<\/div>\r\n<div class=\"liste-fine-bouch\u00e9es\">\r\n<ul>\r\n \t<li><strong>Cot\u00e9 Foie Gras *<\/strong><\/li>\r\n \t<li>Tartine de foie-gras, herbes et coulis de framboises<\/li>\r\n \t<li>Verrine de foie gras, pain d'\u00e9pices et sa compote de figues<\/li>\r\n \t<li>***<\/li>\r\n<\/ul>\r\n<\/div>\r\n<div class=\"liste-fine-bouch\u00e9es\">\r\n<ul>\r\n \t<li><strong>Cot\u00e9 Saint Jacques *<\/strong><\/li>\r\n \t<li>Ceviche de Saint-Jacques<\/li>\r\n \t<li>***<\/li>\r\n<\/ul>\r\n<\/div>\r\n<div class=\"remarque\">*Selon disponibilit\u00e9<\/div>\r\n<div class=\"personnalisez-formule-fine-bouchees\"><\/div>\r\n<div class=\"tarif\"><\/div>\r\n<div class=\"bottom-footer\"><\/div>\r\n<\/div>\r\n<div class=\"download-section\">\r\n<div class=\"detail-icons\">\r\n<div class=\"send-detail\"><a href=\"#myModal\" data-toggle=\"modal\"> <span id=\"hidden-text\">abcd<\/span><\/a><\/div>\r\n<div class=\"download-detail\"><a href=\"http:\/\/particulier.forum.com.tn\/wp-content\/uploads\/sites\/3\/2017\/03\/4-Amuse-bouches.pdf\" target=\"_blank\"> <span id=\"hidden-text\">abcd<\/span><\/a><\/div>\r\n<div class=\"print-detail\"><a href=\"http:\/\/particulier.forum.com.tn\/wp-content\/uploads\/sites\/3\/2017\/03\/4-Amuse-bouches.pdf\" target=\"_blank\"> <span id=\"hidden-text\">abcd<\/span><\/a><\/div>\r\n<\/div>\r\n<\/div>","protected":false},"excerpt":{"rendered":"LE FORUM vous propose \u00e0 la carte un large choix de d\u00e9licieuses amuse-bouche pour composer votre buffet ou compl\u00e9ter par vous-m\u00eame votre propre formule de r\u00e9ception. Cot\u00e9 l\u00e9gumes &amp; fromage Bruschetta tomate camembert ou au brie Brochette caprese tomate mozzarella pistou Dattes farcies au roquefort *** Cot\u00e9 Volaille Enroul\u00e9s d&rsquo;ananas et jambon de dinde Poulet <a class=\"read-more\" href=\"http:\/\/www.forum.com.tn\/particulier\/Fr\/votre-ceremonie\/formule-reception-buffet\/amuse-bouches\/\">&#8230;<\/a>","protected":false},"author":1,"featured_media":871,"parent":635,"menu_order":0,"comment_status":"closed","ping_status":"closed","template":"single-detail.php","meta":[],"_links":{"self":[{"href":"http:\/\/www.forum.com.tn\/particulier\/Fr\/wp-json\/wp\/v2\/pages\/1138"}],"collection":[{"href":"http:\/\/www.forum.com.tn\/particulier\/Fr\/wp-json\/wp\/v2\/pages"}],"about":[{"href":"http:\/\/www.forum.com.tn\/particulier\/Fr\/wp-json\/wp\/v2\/types\/page"}],"author":[{"embeddable":true,"href":"http:\/\/www.forum.com.tn\/particulier\/Fr\/wp-json\/wp\/v2\/users\/1"}],"replies":[{"embeddable":true,"href":"http:\/\/www.forum.com.tn\/particulier\/Fr\/wp-json\/wp\/v2\/comments?post=1138"}],"version-history":[{"count":16,"href":"http:\/\/www.forum.com.tn\/particulier\/Fr\/wp-json\/wp\/v2\/pages\/1138\/revisions"}],"predecessor-version":[{"id":3387,"href":"http:\/\/www.forum.com.tn\/particulier\/Fr\/wp-json\/wp\/v2\/pages\/1138\/revisions\/3387"}],"up":[{"embeddable":true,"href":"http:\/\/www.forum.com.tn\/particulier\/Fr\/wp-json\/wp\/v2\/pages\/635"}],"wp:featuredmedia":[{"embeddable":true,"href":"http:\/\/www.forum.com.tn\/particulier\/Fr\/wp-json\/wp\/v2\/media\/871"}],"wp:attachment":[{"href":"http:\/\/www.forum.com.tn\/particulier\/Fr\/wp-json\/wp\/v2\/media?parent=1138"}],"curies":[{"name":"wp","href":"https:\/\/api.w.org\/{rel}","templated":true}]}}