{"id":1140,"date":"2016-12-23T15:56:16","date_gmt":"2016-12-23T14:56:16","guid":{"rendered":"http:\/\/particulier.forum.com.tn\/?page_id=1140"},"modified":"2018-05-16T15:47:41","modified_gmt":"2018-05-16T13:47:41","slug":"top","status":"publish","type":"page","link":"http:\/\/www.forum.com.tn\/particulier\/Fr\/banquets\/cocktail\/top\/","title":{"rendered":"TOP"},"content":{"rendered":"<div class=\"inner-detail-text container\">\r\n                          \r\n <div class=\"liste-fine-bouch\u00e9es\">\r\n  <ul>\r\n \t<li><strong>Nos Canap\u00e9s Froids <\/strong><\/li>\r\n<li> \t*** <\/li>\r\n   <\/ul>\r\n  <\/div>\r\n<div class=\"liste-fine-bouch\u00e9es\">\r\n  <ul>\r\n \t<li><strong>Canap\u00e9s Chauds <\/strong><\/li>\r\n        <li>Notre S\u00e9lection de D\u00e9licieuses bouch\u00e9es gourmandes Monte \/ Mare<\/li>\r\n \t<li>Duo de Mini pizzas  & Mini fricass\u00e9s<\/li>\r\n\r\n<li> \t*** <\/li>\r\n   <\/ul>\r\n  <\/div>\r\n<div class=\"liste-fine-bouch\u00e9es\">\r\n  <ul>\r\n \t<li><strong>Nos Condiments <\/strong><\/li>\r\n        <li>Bols de Fruits Secs sal\u00e9s<\/li>\r\n \t<li>(Amandes, Pistaches, Noix de Cajou)<\/li>\r\n<li> B\u00e2tonnets de concombre et carotte fromage a\u00e9r\u00e9<\/li>\r\n<li> \t*** <\/li>\r\n   <\/ul>\r\n  <\/div>\r\n<div class=\"liste-fine-bouch\u00e9es\">\r\n  <ul>\r\n \t<li><strong>En passaround<\/strong><\/li>\r\n        <li>Mini Brochettes de  Bnadek aux l\u00e9gumes <\/li>\r\n<li> \t*** <\/li>\r\n   <\/ul>\r\n  <\/div>\r\n<div class=\"liste-fine-bouch\u00e9es\">\r\n  <ul>\r\n \t<li><strong>Nos Boissons non Alcoolis\u00e9es \u00e0 Volont\u00e9 <\/strong><\/li>\r\n        <li>Eau Min\u00e9rale, Sodas<\/li>\r\n \t<li>Jus de fruits frais (fraise, citronnade fraiche)<\/li>\r\n\r\n<li> \t*** <\/li>\r\n   <\/ul>\r\n  <\/div>\r\n\r\n<div class=\"tarif\">\r\n<span class=\"consulter\"> Tarif (nous consulter)<\/span>\r\n<\/div>\r\n<div class=\"bottom-footer\">\r\n <\/div>\r\n\r\n\r\n <\/div>\r\n<div class=\"download-section\">\r\n        <div class=\"detail-icons\">\r\n\r\n          <div class=\"send-detail\" >\r\n                <a href=\"#myModal\"  data-toggle=\"modal\"> <span id=\"hidden-text\">abcd<\/span><\/a>\r\n            <\/div>\r\n\r\n            <div class=\"download-detail\">\r\n                <a href=\"http:\/\/particulier.forum.com.tn\/wp-content\/uploads\/sites\/3\/2017\/03\/1-TOP.pdf\" target=\"_blank\"> <span id=\"hidden-text\">abcd<\/span><\/a>\r\n            <\/div>\r\n\r\n            <div class=\"print-detail\">\r\n                <a href=\"http:\/\/particulier.forum.com.tn\/wp-content\/uploads\/sites\/3\/2017\/03\/1-TOP.pdf\" target=\"_blank\"> <span id=\"hidden-text\">abcd<\/span><\/a>\r\n            <\/div>\r\n\r\n        <\/div>\r\n    <\/div>","protected":false},"excerpt":{"rendered":"Nos Canap\u00e9s Froids *** Canap\u00e9s Chauds Notre S\u00e9lection de D\u00e9licieuses bouch\u00e9es gourmandes Monte \/ Mare Duo de Mini pizzas &#038; Mini fricass\u00e9s *** Nos Condiments Bols de Fruits Secs sal\u00e9s (Amandes, Pistaches, Noix de Cajou) B\u00e2tonnets de concombre et carotte fromage a\u00e9r\u00e9 *** En passaround Mini Brochettes de Bnadek aux l\u00e9gumes *** Nos Boissons non <a class=\"read-more\" href=\"http:\/\/www.forum.com.tn\/particulier\/Fr\/banquets\/cocktail\/top\/\">&#8230;<\/a>","protected":false},"author":1,"featured_media":1159,"parent":652,"menu_order":0,"comment_status":"closed","ping_status":"closed","template":"single-detail.php","meta":[],"_links":{"self":[{"href":"http:\/\/www.forum.com.tn\/particulier\/Fr\/wp-json\/wp\/v2\/pages\/1140"}],"collection":[{"href":"http:\/\/www.forum.com.tn\/particulier\/Fr\/wp-json\/wp\/v2\/pages"}],"about":[{"href":"http:\/\/www.forum.com.tn\/particulier\/Fr\/wp-json\/wp\/v2\/types\/page"}],"author":[{"embeddable":true,"href":"http:\/\/www.forum.com.tn\/particulier\/Fr\/wp-json\/wp\/v2\/users\/1"}],"replies":[{"embeddable":true,"href":"http:\/\/www.forum.com.tn\/particulier\/Fr\/wp-json\/wp\/v2\/comments?post=1140"}],"version-history":[{"count":16,"href":"http:\/\/www.forum.com.tn\/particulier\/Fr\/wp-json\/wp\/v2\/pages\/1140\/revisions"}],"predecessor-version":[{"id":3388,"href":"http:\/\/www.forum.com.tn\/particulier\/Fr\/wp-json\/wp\/v2\/pages\/1140\/revisions\/3388"}],"up":[{"embeddable":true,"href":"http:\/\/www.forum.com.tn\/particulier\/Fr\/wp-json\/wp\/v2\/pages\/652"}],"wp:featuredmedia":[{"embeddable":true,"href":"http:\/\/www.forum.com.tn\/particulier\/Fr\/wp-json\/wp\/v2\/media\/1159"}],"wp:attachment":[{"href":"http:\/\/www.forum.com.tn\/particulier\/Fr\/wp-json\/wp\/v2\/media?parent=1140"}],"curies":[{"name":"wp","href":"https:\/\/api.w.org\/{rel}","templated":true}]}}