{"id":1161,"date":"2016-12-23T16:00:43","date_gmt":"2016-12-23T15:00:43","guid":{"rendered":"http:\/\/particulier.forum.com.tn\/?page_id=1161"},"modified":"2018-05-16T15:52:56","modified_gmt":"2018-05-16T13:52:56","slug":"elite","status":"publish","type":"page","link":"http:\/\/www.forum.com.tn\/particulier\/Fr\/banquets\/cocktail\/elite\/","title":{"rendered":"ELITE"},"content":{"rendered":"<div class=\"inner-detail-text container\">\r\n                          \r\n <div class=\"liste-fine-bouch\u00e9es\">\r\n  <ul>\r\n \t<li><strong>Nos Canap\u00e9s Froids <\/strong><\/li>\r\n<li> \t*** <\/li>\r\n   <\/ul>\r\n  <\/div>\r\n<div class=\"liste-fine-bouch\u00e9es\">\r\n  <ul>\r\n \t<li><strong>Notre s\u00e9lection d\u2019amuse bouches gourmandes<\/strong><\/li>\r\n        <li>Tartelette b\u0153uf<\/li>\r\n \t<li>Tartelette aux 4 fromages<\/li>\r\n<li>Poulet champignon<\/li>\r\n<li>Nems poulet crevettes<\/li>\r\n<li>Brochettes de b\u0153uf \u00e0 la citronnelle<\/li>\r\n<li>Dattes farcies au roquefort<\/li>\r\n<li>Carpaccio de poulpes<\/li>\r\n<li>Cocktail de verrines du Chef<\/li>\r\n\r\n<li> \t*** <\/li>\r\n   <\/ul>\r\n  <\/div>\r\n<div class=\"liste-fine-bouch\u00e9es\">\r\n  <ul>\r\n \t<li><strong>Cot\u00e9 Douceur<\/strong><\/li>\r\n        <li>Tartes aux fruits<\/li>\r\n \t<li>Entremets &  g\u00e2teaux soir\u00e9es<\/li>\r\n<li>Tiramisu<\/li>\r\n<li>Mousse aux fruits<\/li>\r\n<li> \t*** <\/li>\r\n   <\/ul>\r\n  <\/div>\r\n<div class=\"liste-fine-bouch\u00e9es\">\r\n  <ul>\r\n \t<li><strong>En passaround<\/strong><\/li>\r\n        <li>Mini Brochettes de  Bnadek aux l\u00e9gumes <\/li>\r\n<li> \t*** <\/li>\r\n   <\/ul>\r\n  <\/div>\r\n<div class=\"liste-fine-bouch\u00e9es\">\r\n  <ul>\r\n \t<li><strong>Nos Boissons non Alcoolis\u00e9es \u00e0 Volont\u00e9 <\/strong><\/li>\r\n        <li>Eau Min\u00e9rale, Sodas<\/li>\r\n \t<li>Jus de fruits frais (fraise, citronnade fraiche<\/li>\r\n<li>autre parfum au choix selon saison)<\/li>\r\n\r\n<li> \t*** <\/li>\r\n   <\/ul>\r\n  <\/div>\r\n\r\n<div class=\"tarif\">\r\n<span class=\"consulter\">Tarif (nous consulter)<\/span>\r\n<\/div>\r\n<div class=\"bottom-footer\">\r\n <\/div>\r\n\r\n <\/div>\r\n<div class=\"download-section\">\r\n        <div class=\"detail-icons\">\r\n\r\n           <div class=\"send-detail\" >\r\n                <a href=\"#myModal\"  data-toggle=\"modal\"> <span id=\"hidden-text\">abcd<\/span><\/a>\r\n            <\/div>\r\n\r\n            <div class=\"download-detail\">\r\n                <a href=\"http:\/\/particulier.forum.com.tn\/wp-content\/uploads\/sites\/3\/2017\/03\/2-ELITE.pdf\" target=\"_blank\"> <span id=\"hidden-text\">abcd<\/span><\/a>\r\n            <\/div>\r\n\r\n            <div class=\"print-detail\">\r\n                <a href=\"http:\/\/particulier.forum.com.tn\/wp-content\/uploads\/sites\/3\/2017\/03\/2-ELITE.pdf\" target=\"_blank\"> <span id=\"hidden-text\">abcd<\/span><\/a>\r\n            <\/div>\r\n\r\n        <\/div>\r\n    <\/div>","protected":false},"excerpt":{"rendered":"Nos Canap\u00e9s Froids *** Notre s\u00e9lection d\u2019amuse bouches gourmandes Tartelette b\u0153uf Tartelette aux 4 fromages Poulet champignon Nems poulet crevettes Brochettes de b\u0153uf \u00e0 la citronnelle Dattes farcies au roquefort Carpaccio de poulpes Cocktail de verrines du Chef *** Cot\u00e9 Douceur Tartes aux fruits Entremets &#038; g\u00e2teaux soir\u00e9es Tiramisu Mousse aux fruits *** En passaround <a class=\"read-more\" href=\"http:\/\/www.forum.com.tn\/particulier\/Fr\/banquets\/cocktail\/elite\/\">&#8230;<\/a>","protected":false},"author":1,"featured_media":2972,"parent":652,"menu_order":0,"comment_status":"closed","ping_status":"closed","template":"single-detail.php","meta":[],"_links":{"self":[{"href":"http:\/\/www.forum.com.tn\/particulier\/Fr\/wp-json\/wp\/v2\/pages\/1161"}],"collection":[{"href":"http:\/\/www.forum.com.tn\/particulier\/Fr\/wp-json\/wp\/v2\/pages"}],"about":[{"href":"http:\/\/www.forum.com.tn\/particulier\/Fr\/wp-json\/wp\/v2\/types\/page"}],"author":[{"embeddable":true,"href":"http:\/\/www.forum.com.tn\/particulier\/Fr\/wp-json\/wp\/v2\/users\/1"}],"replies":[{"embeddable":true,"href":"http:\/\/www.forum.com.tn\/particulier\/Fr\/wp-json\/wp\/v2\/comments?post=1161"}],"version-history":[{"count":16,"href":"http:\/\/www.forum.com.tn\/particulier\/Fr\/wp-json\/wp\/v2\/pages\/1161\/revisions"}],"predecessor-version":[{"id":3390,"href":"http:\/\/www.forum.com.tn\/particulier\/Fr\/wp-json\/wp\/v2\/pages\/1161\/revisions\/3390"}],"up":[{"embeddable":true,"href":"http:\/\/www.forum.com.tn\/particulier\/Fr\/wp-json\/wp\/v2\/pages\/652"}],"wp:featuredmedia":[{"embeddable":true,"href":"http:\/\/www.forum.com.tn\/particulier\/Fr\/wp-json\/wp\/v2\/media\/2972"}],"wp:attachment":[{"href":"http:\/\/www.forum.com.tn\/particulier\/Fr\/wp-json\/wp\/v2\/media?parent=1161"}],"curies":[{"name":"wp","href":"https:\/\/api.w.org\/{rel}","templated":true}]}}