{"id":1165,"date":"2016-12-23T16:14:30","date_gmt":"2016-12-23T15:14:30","guid":{"rendered":"http:\/\/particulier.forum.com.tn\/?page_id=1165"},"modified":"2018-05-16T15:55:00","modified_gmt":"2018-05-16T13:55:00","slug":"v-i-p","status":"publish","type":"page","link":"http:\/\/www.forum.com.tn\/particulier\/Fr\/banquets\/cocktail\/v-i-p\/","title":{"rendered":"V.I.P"},"content":{"rendered":"<div class=\"inner-detail-text container\">\r\n                          \r\n <div class=\"liste-fine-bouch\u00e9es\">\r\n  <ul>\r\n \t<li><strong>Nos Canap\u00e9s Froids <\/strong><\/li>\r\n<li> \t*** <\/li>\r\n   <\/ul>\r\n  <\/div>\r\n<div class=\"liste-fine-bouch\u00e9es\">\r\n  <ul>\r\n \t<li><strong>La palette froide <\/strong><\/li>\r\n        <li>Palette de Mini-Brochette Fromage-Olive <\/li>\r\n \t<li>Brochette Jambon et ses Fruits <\/li>\r\n\r\n\r\n<li> \t*** <\/li>\r\n   <\/ul>\r\n  <\/div>\r\n<div class=\"liste-fine-bouch\u00e9es\">\r\n  <ul>\r\n \t<li><strong>Canap\u00e9s Chauds <\/strong><\/li>\r\n        <li>Notre S\u00e9lection de D\u00e9licieuses bouch\u00e9es gourmandes de chez GOURMANDISE<\/li>\r\n \t<li>Duo de Tartelettes<\/li>\r\n\r\n<li> \t*** <\/li>\r\n   <\/ul>\r\n  <\/div>\r\n<div class=\"liste-fine-bouch\u00e9es\">\r\n  <ul>\r\n \t<li><strong>En passaround<\/strong><\/li>\r\n        <li>Mini Brochettes de  Bnadek aux l\u00e9gumes <\/li>\r\n<li> \t*** <\/li>\r\n   <\/ul>\r\n  <\/div>\r\n<div class=\"liste-fine-bouch\u00e9es\">\r\n  <ul>\r\n \t<li><strong>Notre Sp\u00e9cialit\u00e9 <\/strong><\/li>\r\n        <li>Verrine du Chef au choix <\/li>\r\n \t<li>(Poulet \/ champignon - Seiche\/l\u00e9gume  -  Tomate \/ mozzarella - Verrine Risotto fruits de mer)  <\/li>\r\n<li>Verrine Exotique au choix   (Crevette\/ananas - Nouille chinoise au poulet & crevette)<\/li>\r\n\r\n<li> \t*** <\/li>\r\n   <\/ul>\r\n  <\/div>\r\n<div class=\"liste-fine-bouch\u00e9es\">\r\n  <ul>\r\n \t<li><strong>En passaround<\/strong><\/li>\r\n        <li>Crevette Malsouka <\/li>\r\n<li>Mini Brochette Viande<\/li>\r\n<li>Mini Brochette Poulet <\/li>\r\n<li>Mini Brochettes de Bnadek aux l\u00e9gumes<\/li>\r\n<li> \t*** <\/li>\r\n   <\/ul>\r\n  <\/div>\r\n<div class=\"liste-fine-bouch\u00e9es\">\r\n  <ul>\r\n \t<li><strong>Nos Condiments <\/strong><\/li>\r\n        <li>Bols de Fruits Secs (Amandes Sal\u00e9es, Pistaches, Noix de Cajou)<\/li>\r\n<li>B\u00e2tonnet concombre carotte fromage a\u00e9r\u00e9<\/li>\r\n<li> \t*** <\/li>\r\n   <\/ul>\r\n  <\/div>\r\n<div class=\"liste-fine-bouch\u00e9es\">\r\n  <ul>\r\n \t<li><strong>Nos Entremets<\/strong><\/li>\r\n        <li>Mini Tartelettes aux Fruits,  G\u00e2teaux Soir\u00e9es <\/li>\r\n<li>Verrines de Mousses Diverses<\/li>\r\n<li> \t*** <\/li>\r\n   <\/ul>\r\n  <\/div>\r\n<div class=\"liste-fine-bouch\u00e9es\">\r\n  <ul>\r\n \t<li><strong>Nos Fruits<\/strong><\/li>\r\n        <li>Crevette Malsouka <\/li>\r\n<li>Fontaine de Chocolat & Ses Mini Brochettes de Fruits Frais & Exotiques <\/li>\r\n<li> \t*** <\/li>\r\n   <\/ul>\r\n  <\/div>\r\n\r\n<div class=\"tarif\">\r\n <span class=\"consulter\"> Tarif (nous consulter)<\/span>\r\n<\/div>\r\n<div class=\"bottom-footer\">\r\n <\/div>\r\n\r\n\r\n <\/div>\r\n<div class=\"download-section\">\r\n        <div class=\"detail-icons\">\r\n\r\n           <div class=\"send-detail\" >\r\n                <a href=\"#myModal\"  data-toggle=\"modal\"> <span id=\"hidden-text\">abcd<\/span><\/a>\r\n            <\/div>\r\n\r\n\r\n            <div class=\"download-detail\">\r\n                <a href=\"http:\/\/particulier.forum.com.tn\/wp-content\/uploads\/sites\/3\/2017\/03\/3-VIP.pdf\" target=\"_blank\"> <span id=\"hidden-text\">abcd<\/span><\/a>\r\n            <\/div>\r\n\r\n            <div class=\"print-detail\">\r\n                <a href=\"http:\/\/particulier.forum.com.tn\/wp-content\/uploads\/sites\/3\/2017\/03\/3-VIP.pdf\" target=\"_blank\"> <span id=\"hidden-text\">abcd<\/span><\/a>\r\n            <\/div>\r\n\r\n        <\/div>\r\n    <\/div>","protected":false},"excerpt":{"rendered":"Nos Canap\u00e9s Froids *** La palette froide Palette de Mini-Brochette Fromage-Olive Brochette Jambon et ses Fruits *** Canap\u00e9s Chauds Notre S\u00e9lection de D\u00e9licieuses bouch\u00e9es gourmandes de chez GOURMANDISE Duo de Tartelettes *** En passaround Mini Brochettes de Bnadek aux l\u00e9gumes *** Notre Sp\u00e9cialit\u00e9 Verrine du Chef au choix (Poulet \/ champignon &#8211; Seiche\/l\u00e9gume &#8211; Tomate <a class=\"read-more\" href=\"http:\/\/www.forum.com.tn\/particulier\/Fr\/banquets\/cocktail\/v-i-p\/\">&#8230;<\/a>","protected":false},"author":1,"featured_media":1149,"parent":652,"menu_order":0,"comment_status":"closed","ping_status":"closed","template":"single-detail.php","meta":[],"_links":{"self":[{"href":"http:\/\/www.forum.com.tn\/particulier\/Fr\/wp-json\/wp\/v2\/pages\/1165"}],"collection":[{"href":"http:\/\/www.forum.com.tn\/particulier\/Fr\/wp-json\/wp\/v2\/pages"}],"about":[{"href":"http:\/\/www.forum.com.tn\/particulier\/Fr\/wp-json\/wp\/v2\/types\/page"}],"author":[{"embeddable":true,"href":"http:\/\/www.forum.com.tn\/particulier\/Fr\/wp-json\/wp\/v2\/users\/1"}],"replies":[{"embeddable":true,"href":"http:\/\/www.forum.com.tn\/particulier\/Fr\/wp-json\/wp\/v2\/comments?post=1165"}],"version-history":[{"count":14,"href":"http:\/\/www.forum.com.tn\/particulier\/Fr\/wp-json\/wp\/v2\/pages\/1165\/revisions"}],"predecessor-version":[{"id":3392,"href":"http:\/\/www.forum.com.tn\/particulier\/Fr\/wp-json\/wp\/v2\/pages\/1165\/revisions\/3392"}],"up":[{"embeddable":true,"href":"http:\/\/www.forum.com.tn\/particulier\/Fr\/wp-json\/wp\/v2\/pages\/652"}],"wp:featuredmedia":[{"embeddable":true,"href":"http:\/\/www.forum.com.tn\/particulier\/Fr\/wp-json\/wp\/v2\/media\/1149"}],"wp:attachment":[{"href":"http:\/\/www.forum.com.tn\/particulier\/Fr\/wp-json\/wp\/v2\/media?parent=1165"}],"curies":[{"name":"wp","href":"https:\/\/api.w.org\/{rel}","templated":true}]}}