{"id":1167,"date":"2016-12-23T16:24:01","date_gmt":"2016-12-23T15:24:01","guid":{"rendered":"http:\/\/particulier.forum.com.tn\/?page_id=1167"},"modified":"2018-05-16T15:56:12","modified_gmt":"2018-05-16T13:56:12","slug":"jet-set","status":"publish","type":"page","link":"http:\/\/www.forum.com.tn\/particulier\/Fr\/banquets\/cocktail\/jet-set\/","title":{"rendered":"JET SET"},"content":{"rendered":"<div class=\"inner-detail-text container\">\r\n                          \r\n <div class=\"liste-fine-bouch\u00e9es\">\r\n  <ul>\r\n \t<li><strong>Nos Canap\u00e9s Froids <\/strong><\/li>\r\n<li> \t*** <\/li>\r\n   <\/ul>\r\n  <\/div>\r\n<div class=\"liste-fine-bouch\u00e9es\">\r\n  <ul>\r\n \t<li><strong>Canap\u00e9s Chauds <\/strong><\/li>\r\n        <li>Notre S\u00e9lection de D\u00e9licieuses bouch\u00e9es terre &  mer de chez GOURMANDISE<\/li>\r\n \t\r\n\r\n\r\n<li> \t*** <\/li>\r\n   <\/ul>\r\n  <\/div>\r\n<div class=\"liste-fine-bouch\u00e9es\">\r\n  <ul>\r\n \t<li><strong>Notre Sp\u00e9cialit\u00e9<\/strong><\/li>\r\n        <li>Carpaccio de poulpe au coulis de violettes<\/li>\r\n \t<li>Tataki de b\u0153uf au s\u00e9same<\/li>\r\n<li>Crispy hot and sweet shrimp<\/li>\r\n<li>Filet sauce fromage poivre vert<\/li>\r\n\r\n<li> \t*** <\/li>\r\n   <\/ul>\r\n  <\/div>\r\n<div class=\"liste-fine-bouch\u00e9es\">\r\n  <ul>\r\n \t<li><strong>En passaround<\/strong><\/li>\r\n        <li>Croquettes de m\u00e9rou, crevettes<\/li>\r\n<li>Nems crevettes<\/li>\r\n<li>Roulade poulet cordon bleu<\/li>\r\n<li>Brochettes de b\u0153uf \u00e0 la citronnelle <\/li>\r\n<li>Verrine Saumon avocat <\/li>\r\n<li>Crevettes sauce tomates, fromage f\u00e9ta marin\u00e9 \u00e0 l'origan et c\u00e2pres<\/li>\r\n<li> \t*** <\/li>\r\n   <\/ul>\r\n  <\/div>\r\n<div class=\"liste-fine-bouch\u00e9es\">\r\n  <ul>\r\n \t<li><strong>Nos Condiments <\/strong><\/li>\r\n        <li>Bols de Fruits Secs (Amandes Sal\u00e9es, Pistaches, Noix de Cajou)<\/li>\r\n \t<li>B\u00e2tonnet concombre carotte fromage a\u00e9r\u00e9 <\/li>\r\n\r\n<li> \t*** <\/li>\r\n   <\/ul>\r\n  <\/div>\r\n<div class=\"liste-fine-bouch\u00e9es\">\r\n  <ul>\r\n \t<li><strong>Nos Entremets<\/strong><\/li>\r\n        <li>Mini Tartelettes aux Fruits,  G\u00e2teaux Soir\u00e9es<\/li>\r\n<li>Verrines de Mousses Diverses<\/li>\r\n\r\n<li> \t*** <\/li>\r\n   <\/ul>\r\n  <\/div>\r\n<div class=\"liste-fine-bouch\u00e9es\">\r\n  <ul>\r\n \t<li><strong>Nos Condiments <\/strong><\/li>\r\n        <li>Bols de Fruits Secs (Amandes Sal\u00e9es, Pistaches, Noix de Cajou)<\/li>\r\n<li>B\u00e2tonnet concombre carotte fromage a\u00e9r\u00e9<\/li>\r\n<li> \t*** <\/li>\r\n   <\/ul>\r\n  <\/div>\r\n<div class=\"liste-fine-bouch\u00e9es\">\r\n  <ul>\r\n \t<li><strong>Nos Entremets<\/strong><\/li>\r\n        <li>Mini Tartelettes aux Fruits,  G\u00e2teaux Soir\u00e9es <\/li>\r\n<li>Verrines de Mousses Diverses<\/li>\r\n<li> \t*** <\/li>\r\n   <\/ul>\r\n  <\/div>\r\n<div class=\"liste-fine-bouch\u00e9es\">\r\n  <ul>\r\n \t<li><strong>Nos Fruits<\/strong><\/li>\r\n        <li>Crevette Malsouka <\/li>\r\n<li>Fontaine de Chocolat & Ses Mini Brochettes de Fruits Frais & Exotiques <\/li>\r\n<li> \t*** <\/li>\r\n   <\/ul>\r\n  <\/div>\r\n\r\n<div class=\"tarif\">\r\n<span class=\"consulter\"> Tarif (nous consulter)<\/span>\r\n<\/div>\r\n<div class=\"bottom-footer\">\r\n <\/div>\r\n\r\n <\/div>\r\n<div class=\"download-section\">\r\n        <div class=\"detail-icons\">\r\n\r\n           <div class=\"send-detail\" >\r\n                <a href=\"#myModal\"  data-toggle=\"modal\"> <span id=\"hidden-text\">abcd<\/span><\/a>\r\n            <\/div>\r\n\r\n\r\n            <div class=\"download-detail\">\r\n                <a href=\"http:\/\/particulier.forum.com.tn\/wp-content\/uploads\/sites\/3\/2017\/03\/4-JET-SET.pdf\" target=\"_blank\"> <span id=\"hidden-text\">abcd<\/span><\/a>\r\n            <\/div>\r\n\r\n            <div class=\"print-detail\">\r\n                <a href=\"http:\/\/particulier.forum.com.tn\/wp-content\/uploads\/sites\/3\/2017\/03\/4-JET-SET.pdf\" target=\"_blank\"> <span id=\"hidden-text\">abcd<\/span><\/a>\r\n            <\/div>\r\n\r\n        <\/div>\r\n    <\/div>","protected":false},"excerpt":{"rendered":"Nos Canap\u00e9s Froids *** Canap\u00e9s Chauds Notre S\u00e9lection de D\u00e9licieuses bouch\u00e9es terre &#038; mer de chez GOURMANDISE *** Notre Sp\u00e9cialit\u00e9 Carpaccio de poulpe au coulis de violettes Tataki de b\u0153uf au s\u00e9same Crispy hot and sweet shrimp Filet sauce fromage poivre vert *** En passaround Croquettes de m\u00e9rou, crevettes Nems crevettes Roulade poulet cordon bleu <a class=\"read-more\" href=\"http:\/\/www.forum.com.tn\/particulier\/Fr\/banquets\/cocktail\/jet-set\/\">&#8230;<\/a>","protected":false},"author":1,"featured_media":1147,"parent":652,"menu_order":0,"comment_status":"closed","ping_status":"closed","template":"single-detail.php","meta":[],"_links":{"self":[{"href":"http:\/\/www.forum.com.tn\/particulier\/Fr\/wp-json\/wp\/v2\/pages\/1167"}],"collection":[{"href":"http:\/\/www.forum.com.tn\/particulier\/Fr\/wp-json\/wp\/v2\/pages"}],"about":[{"href":"http:\/\/www.forum.com.tn\/particulier\/Fr\/wp-json\/wp\/v2\/types\/page"}],"author":[{"embeddable":true,"href":"http:\/\/www.forum.com.tn\/particulier\/Fr\/wp-json\/wp\/v2\/users\/1"}],"replies":[{"embeddable":true,"href":"http:\/\/www.forum.com.tn\/particulier\/Fr\/wp-json\/wp\/v2\/comments?post=1167"}],"version-history":[{"count":14,"href":"http:\/\/www.forum.com.tn\/particulier\/Fr\/wp-json\/wp\/v2\/pages\/1167\/revisions"}],"predecessor-version":[{"id":3394,"href":"http:\/\/www.forum.com.tn\/particulier\/Fr\/wp-json\/wp\/v2\/pages\/1167\/revisions\/3394"}],"up":[{"embeddable":true,"href":"http:\/\/www.forum.com.tn\/particulier\/Fr\/wp-json\/wp\/v2\/pages\/652"}],"wp:featuredmedia":[{"embeddable":true,"href":"http:\/\/www.forum.com.tn\/particulier\/Fr\/wp-json\/wp\/v2\/media\/1147"}],"wp:attachment":[{"href":"http:\/\/www.forum.com.tn\/particulier\/Fr\/wp-json\/wp\/v2\/media?parent=1167"}],"curies":[{"name":"wp","href":"https:\/\/api.w.org\/{rel}","templated":true}]}}