{"id":1171,"date":"2016-12-23T17:04:19","date_gmt":"2016-12-23T16:04:19","guid":{"rendered":"http:\/\/particulier.forum.com.tn\/?page_id=1171"},"modified":"2017-04-27T16:11:42","modified_gmt":"2017-04-27T14:11:42","slug":"quatre-etoiles","status":"publish","type":"page","link":"http:\/\/www.forum.com.tn\/particulier\/Fr\/banquets\/diner-gala\/quatre-etoiles\/","title":{"rendered":"QUATRE \u00c9TOILES"},"content":{"rendered":"<div class=\"inner-detail-text container\">\r\n                          \r\n <div class=\"liste-fine-bouch\u00e9es\">\r\n  <ul>\r\n \t<li><strong>Nos condiments <\/strong><\/li>\r\n        <li>B\u00e2tonnet concombre carotte sur fromage a\u00e9r\u00e9 <\/li>\r\n \t<li>Mini-Brochette Fromage-Olive    <\/li>\r\n<li>Mini Brochette Jambon-Ananas  <\/li>\r\n<li> \t*** <\/li>\r\n   <\/ul>\r\n  <\/div>\r\n<div class=\"liste-fine-bouch\u00e9es\">\r\n  <ul>\r\n \t<li><strong>Nos Canap\u00e9s Froids  <\/strong><\/li>\r\n        <li>Toast d\u2019\u0152ufs de Lompe Rouge & Noir et Zeste de Citron<\/li>\r\n <li>Tr\u00e8fle de Mousse de Fromage & Fines Herbes<\/li>\r\n <li>Carr\u00e9 d\u2019As de Chevrettes<\/li>\r\n<li> \t*** <\/li>\r\n   <\/ul>\r\n  <\/div>\r\n<div class=\"liste-fine-bouch\u00e9es\">\r\n  <ul>\r\n \t<li><strong>Jardin de fruits de mer<\/strong><\/li>\r\n        <li>Carpaccio de poulpe au coulis de violettes<\/li>\r\n \t<li>Tataki de b\u0153uf au s\u00e9same<\/li>\r\n<li>Crispy hot and sweet shrimp<\/li>\r\n<li>Filet sauce fromage poivre vert<\/li>\r\n\r\n<li> \t*** <\/li>\r\n   <\/ul>\r\n  <\/div>\r\n<div class=\"liste-fine-bouch\u00e9es\">\r\n  <ul>\r\n \t<li><strong>En passaround<\/strong><\/li>\r\n        <li>Crevettes, seiches, calamars et moules saut\u00e9s au beurre, ail, citron, persil et <\/li>\r\n<li>paprika espagnole, sur nid de roquettes, laitue et tomates cerises marin\u00e9es, \u00e0 la<\/li>\r\n<li>moutarde verte<\/li>\r\n\r\n<li> \t*** <\/li>\r\n   <\/ul>\r\n  <\/div>\r\n<div class=\"liste-fine-bouch\u00e9es\">\r\n  <ul>\r\n \t<li><strong>On the Grill<\/strong><\/li>\r\n        <li>Filet de b\u0153uf charolais, bouquet de l\u00e9gumes saut\u00e9s aux herbes de Provence et <\/li>\r\n \t<li>ships de pommes de terre  <\/li>\r\n\r\n<li> \t*** <\/li>\r\n   <\/ul>\r\n  <\/div>\r\n<div class=\"liste-fine-bouch\u00e9es\">\r\n  <ul>\r\n \t<li><strong>Fondant au chocolat \u00e0 la mode<\/strong><\/li>\r\n        <li>et boule de glace \u00e0 la vanille de Madagascar<\/li>\r\n\r\n\r\n<li> \t*** <\/li>\r\n   <\/ul>\r\n  <\/div>\r\n\r\n<div class=\"tarif\">\r\n <span class=\"consulter\">Tarif (nous consulter)<\/span>\r\n<\/div>\r\n<div class=\"bottom-footer\">\r\n <\/div>\r\n\r\n\r\n <\/div>\r\n<div class=\"download-section\">\r\n        <div class=\"detail-icons\">\r\n\r\n          <div class=\"send-detail\" >\r\n                <a href=\"#myModal\"  data-toggle=\"modal\"> <span id=\"hidden-text\">abcd<\/span><\/a>\r\n            <\/div>\r\n\r\n\r\n            <div class=\"download-detail\">\r\n                <a href=\"http:\/\/particulier.forum.com.tn\/wp-content\/uploads\/sites\/3\/2017\/03\/2-4-Etoiles.pdf\" target=\"_blank\"> <span id=\"hidden-text\">abcd<\/span><\/a>\r\n            <\/div>\r\n\r\n            <div class=\"print-detail\">\r\n                <a href=\"http:\/\/particulier.forum.com.tn\/wp-content\/uploads\/sites\/3\/2017\/03\/2-4-Etoiles.pdf\" target=\"_blank\"> <span id=\"hidden-text\">abcd<\/span><\/a>\r\n            <\/div>\r\n\r\n        <\/div>\r\n    <\/div>","protected":false},"excerpt":{"rendered":"Nos condiments B\u00e2tonnet concombre carotte sur fromage a\u00e9r\u00e9 Mini-Brochette Fromage-Olive Mini Brochette Jambon-Ananas *** Nos Canap\u00e9s Froids Toast d\u2019\u0152ufs de Lompe Rouge &#038; Noir et Zeste de Citron Tr\u00e8fle de Mousse de Fromage &#038; Fines Herbes Carr\u00e9 d\u2019As de Chevrettes *** Jardin de fruits de mer Carpaccio de poulpe au coulis de violettes Tataki de <a class=\"read-more\" href=\"http:\/\/www.forum.com.tn\/particulier\/Fr\/banquets\/diner-gala\/quatre-etoiles\/\">&#8230;<\/a>","protected":false},"author":1,"featured_media":1156,"parent":666,"menu_order":0,"comment_status":"closed","ping_status":"closed","template":"single-detail.php","meta":[],"_links":{"self":[{"href":"http:\/\/www.forum.com.tn\/particulier\/Fr\/wp-json\/wp\/v2\/pages\/1171"}],"collection":[{"href":"http:\/\/www.forum.com.tn\/particulier\/Fr\/wp-json\/wp\/v2\/pages"}],"about":[{"href":"http:\/\/www.forum.com.tn\/particulier\/Fr\/wp-json\/wp\/v2\/types\/page"}],"author":[{"embeddable":true,"href":"http:\/\/www.forum.com.tn\/particulier\/Fr\/wp-json\/wp\/v2\/users\/1"}],"replies":[{"embeddable":true,"href":"http:\/\/www.forum.com.tn\/particulier\/Fr\/wp-json\/wp\/v2\/comments?post=1171"}],"version-history":[{"count":12,"href":"http:\/\/www.forum.com.tn\/particulier\/Fr\/wp-json\/wp\/v2\/pages\/1171\/revisions"}],"predecessor-version":[{"id":2993,"href":"http:\/\/www.forum.com.tn\/particulier\/Fr\/wp-json\/wp\/v2\/pages\/1171\/revisions\/2993"}],"up":[{"embeddable":true,"href":"http:\/\/www.forum.com.tn\/particulier\/Fr\/wp-json\/wp\/v2\/pages\/666"}],"wp:featuredmedia":[{"embeddable":true,"href":"http:\/\/www.forum.com.tn\/particulier\/Fr\/wp-json\/wp\/v2\/media\/1156"}],"wp:attachment":[{"href":"http:\/\/www.forum.com.tn\/particulier\/Fr\/wp-json\/wp\/v2\/media?parent=1171"}],"curies":[{"name":"wp","href":"https:\/\/api.w.org\/{rel}","templated":true}]}}