{"id":1177,"date":"2016-12-23T17:36:32","date_gmt":"2016-12-23T16:36:32","guid":{"rendered":"http:\/\/particulier.forum.com.tn\/?page_id=1177"},"modified":"2017-04-27T16:32:15","modified_gmt":"2017-04-27T14:32:15","slug":"entrees","status":"publish","type":"page","link":"http:\/\/www.forum.com.tn\/particulier\/Fr\/banquets\/menu-a-la-carte\/entrees\/","title":{"rendered":"ENTR\u00c9ES"},"content":{"rendered":"<div class=\"inner-detail-text container\">\r\n                          \r\n <div class=\"liste-fine-bouch\u00e9es\">\r\n  <ul>\r\n \t<li><strong>Cot\u00e9 l\u00e9gumes & fromage<\/strong><\/li>\r\n        <li>Tomate mozzarella basilic<\/li>\r\n \t<li>Camembert pan\u00e9<\/li>\r\n<li>L\u00e9gumes tempura <\/li>\r\n<li>Lamelle de poivron rouge & vert marin\u00e9 \u00e0 l'huile d'olive<\/li>\r\n<li> \t*** <\/li>\r\n   <\/ul>\r\n  <\/div>\r\n<div class=\"liste-fine-bouch\u00e9es\">\r\n  <ul>\r\n \t<li><strong>Cot\u00e9 volaille \u00e0 l'asiatique <\/strong><\/li>\r\n        <li>Chicken wings caram\u00e9lis\u00e9s<\/li>\r\n<li>Poulet aux 15 \u00e9pices<\/li>\r\n<li>Vermicelles chinoises aux crevettes, poulet soya et gingembre<\/li>\r\n<li>Nems au poulet<\/li>\r\n<li>Poulet grill\u00e9 parmesan roquette<\/li>\r\n\r\n<li> \t*** <\/li>\r\n   <\/ul>\r\n  <\/div>\r\n<div class=\"liste-fine-bouch\u00e9es\">\r\n  <ul>\r\n \t<li><strong>Cot\u00e9 viande<\/strong><\/li>\r\n        <li> Bresaola parmesan roquette balsamique  <\/li>\r\n \t <li> Brochettes de b\u0153uf \u00e0 la citronnelle <\/li>\r\n <li> Brochettes agneaux aux l\u00e9gumes <\/li>\r\n <li>Brochette Bnadek aux l\u00e9gumes   <\/li>\r\n <li>Duo Brochette Boeuf poulet<\/li>\r\n <li>Nems \u00e0 l'agneau<\/li>\r\n <li> Boulette de b\u0153uf parmesan coriandre fraiche sur nid de roquette<\/li>\r\n <li>B\u0153uf asiatique champignon noir vermicelle chinoise aux l\u00e9gumes croquantes<\/li>\r\n<li> \t*** <\/li>\r\n   <\/ul>\r\n  <\/div>\r\n<div class=\"liste-fine-bouch\u00e9es\">\r\n  <ul>\r\n \t<li><strong>Cot\u00e9 Poisson <\/strong><\/li>\r\n        <li>Filet de maquereau marin\u00e9 avec ses l\u00e9gumes grill\u00e9s <\/li>\r\n<li>Carpaccio de poulpe au coulis de violettes <\/li>\r\n<li>Poulpe brais\u00e9 \u00e0 la grecque au r\u00e9duit de balsamique \u00e0 la framboise <\/li>\r\n<li>Trio de brochettes crevette b\u0153uf poulet<\/li>\r\n<li>Duo de brochette Seiche crevette  <\/li>\r\n<li>Brochette M\u00e9rou grill\u00e9 citron <\/li>\r\n<li>Nems au crevette & filet de poisson <\/li>\r\n<li>Nems poulet crevettes<\/li>\r\n<li>Enroul\u00e9 de sole farcie * <\/li>\r\n<li>Seiche farcie <\/li>\r\n<li>Enroul\u00e9 de m\u00e9rou farci<\/li>\r\n\r\n<li> \t*** <\/li>\r\n   <\/ul>\r\n  <\/div>\r\n<div class=\"liste-fine-bouch\u00e9es\">\r\n  <ul>\r\n \t<li><strong>Cot\u00e9 Saumon * <\/strong><\/li>\r\n       <li>Terrine de saumon fum\u00e9 \u00e0 la mascarpone et herbes<\/li>\r\n<li>Tartare saumon avocat <\/li>\r\n<li>Guacamole avocat saumon fum\u00e9<\/li>\r\n<li>Crumble Saumon <\/li>\r\n<li> \t*** <\/li>\r\n   <\/ul>\r\n  <\/div>\r\n<div class=\"liste-fine-bouch\u00e9es\">\r\n  <ul>\r\n \t<li><strong>Cot\u00e9 Crevette <\/strong><\/li>\r\n        <li>Crispy hot and sweet shrimp <\/li>\r\n<li>Crevettes saut\u00e9es au pesto sicilien<\/li>\r\n<li>Crevettes saut\u00e9es herbes et ail<\/li>\r\n<li>Crumble crevette<\/li>\r\n<li>Crevette malsouka<\/li>\r\n<li>Ceviche de crevette<\/li>\r\n\r\n\r\n<li> \t*** <\/li>\r\n   <\/ul>\r\n  <\/div>\r\n<div class=\"liste-fine-bouch\u00e9es\">\r\n  <ul>\r\n \t<li><strong>Cot\u00e9 Foie Gras *<\/strong><\/li>\r\n        <li>Foie gras po\u00eal\u00e9 aux dattes  <\/li>\r\n<li>Cro\u00fbte de champignons et foie-gras<\/li>\r\n<li>Duo de foie-gras  (Tartine  coulis de framboises, Verrine pain d'\u00e9pices et sa compote de figues)<\/li>\r\n\r\n\r\n<li> \t*** <\/li>\r\n   <\/ul>\r\n  <\/div>\r\n<div class=\"liste-fine-bouch\u00e9es\">\r\n  <ul>\r\n \t<li><strong>Cot\u00e9 Saint Jacques *<\/strong><\/li>\r\n        <li>Gratin aux fruits de mer au saint jacques<\/li>\r\n<li>Ceviche de Saint-Jacques<\/li>\r\n\r\n\r\n\r\n<li> \t*** <\/li>\r\n   <\/ul>\r\n  <\/div>\r\n\r\n<div class=\"remarque\">\r\n  *Selon disponibilit\u00e9\r\n<\/div>\r\n<div class=\"tarif\">\r\n<span class=\"consulter\">Tarif (nous consulter)<\/span>\r\n<\/div>\r\n<div class=\"bottom-footer\">\r\n <\/div>\r\n\r\n\r\n <\/div>\r\n<div class=\"download-section\">\r\n        <div class=\"detail-icons\">\r\n\r\n            <div class=\"send-detail\" >\r\n                <a href=\"#myModal\"  data-toggle=\"modal\"> <span id=\"hidden-text\">abcd<\/span><\/a>\r\n            <\/div>\r\n\r\n\r\n            <div class=\"download-detail\">\r\n                <a href=\"http:\/\/particulier.forum.com.tn\/wp-content\/uploads\/sites\/3\/2017\/03\/1-Entree.pdf\" target=\"_blank\"> <span id=\"hidden-text\">abcd<\/span><\/a>\r\n            <\/div>\r\n\r\n            <div class=\"print-detail\">\r\n                <a href=\"http:\/\/particulier.forum.com.tn\/wp-content\/uploads\/sites\/3\/2017\/03\/1-Entree.pdf\" target=\"_blank\"> <span id=\"hidden-text\">abcd<\/span><\/a>\r\n            <\/div>\r\n\r\n        <\/div>\r\n    <\/div>","protected":false},"excerpt":{"rendered":"Cot\u00e9 l\u00e9gumes &#038; fromage Tomate mozzarella basilic Camembert pan\u00e9 L\u00e9gumes tempura Lamelle de poivron rouge &#038; vert marin\u00e9 \u00e0 l&rsquo;huile d&rsquo;olive *** Cot\u00e9 volaille \u00e0 l&rsquo;asiatique Chicken wings caram\u00e9lis\u00e9s Poulet aux 15 \u00e9pices Vermicelles chinoises aux crevettes, poulet soya et gingembre Nems au poulet Poulet grill\u00e9 parmesan roquette *** Cot\u00e9 viande Bresaola parmesan roquette balsamique <a class=\"read-more\" href=\"http:\/\/www.forum.com.tn\/particulier\/Fr\/banquets\/menu-a-la-carte\/entrees\/\">&#8230;<\/a>","protected":false},"author":1,"featured_media":818,"parent":682,"menu_order":0,"comment_status":"closed","ping_status":"closed","template":"single-detail.php","meta":[],"_links":{"self":[{"href":"http:\/\/www.forum.com.tn\/particulier\/Fr\/wp-json\/wp\/v2\/pages\/1177"}],"collection":[{"href":"http:\/\/www.forum.com.tn\/particulier\/Fr\/wp-json\/wp\/v2\/pages"}],"about":[{"href":"http:\/\/www.forum.com.tn\/particulier\/Fr\/wp-json\/wp\/v2\/types\/page"}],"author":[{"embeddable":true,"href":"http:\/\/www.forum.com.tn\/particulier\/Fr\/wp-json\/wp\/v2\/users\/1"}],"replies":[{"embeddable":true,"href":"http:\/\/www.forum.com.tn\/particulier\/Fr\/wp-json\/wp\/v2\/comments?post=1177"}],"version-history":[{"count":12,"href":"http:\/\/www.forum.com.tn\/particulier\/Fr\/wp-json\/wp\/v2\/pages\/1177\/revisions"}],"predecessor-version":[{"id":3003,"href":"http:\/\/www.forum.com.tn\/particulier\/Fr\/wp-json\/wp\/v2\/pages\/1177\/revisions\/3003"}],"up":[{"embeddable":true,"href":"http:\/\/www.forum.com.tn\/particulier\/Fr\/wp-json\/wp\/v2\/pages\/682"}],"wp:featuredmedia":[{"embeddable":true,"href":"http:\/\/www.forum.com.tn\/particulier\/Fr\/wp-json\/wp\/v2\/media\/818"}],"wp:attachment":[{"href":"http:\/\/www.forum.com.tn\/particulier\/Fr\/wp-json\/wp\/v2\/media?parent=1177"}],"curies":[{"name":"wp","href":"https:\/\/api.w.org\/{rel}","templated":true}]}}