{"id":1179,"date":"2016-12-25T14:36:05","date_gmt":"2016-12-25T13:36:05","guid":{"rendered":"http:\/\/particulier.forum.com.tn\/?page_id=1179"},"modified":"2017-04-27T16:32:39","modified_gmt":"2017-04-27T14:32:39","slug":"salades","status":"publish","type":"page","link":"http:\/\/www.forum.com.tn\/particulier\/Fr\/banquets\/menu-a-la-carte\/salades\/","title":{"rendered":"SALADES"},"content":{"rendered":"<div class=\"inner-detail-text container\">\r\n                          \r\n <div class=\"liste-fine-bouch\u00e9es\">\r\n  <ul>\r\n \t<li><strong>Salade Grecque<\/strong><\/li>\r\n        <li>Concombre, tomate, poivron, oignon rouge et fromage feta en mac\u00e9doine, thon, <\/li>\r\n \t<li>olives violettes <\/li>\r\n<li>vinaigrette a l\u2019Oregon<\/li>\r\n<li> \t*** <\/li>\r\n   <\/ul>\r\n  <\/div>\r\n<div class=\"liste-fine-bouch\u00e9es\">\r\n  <ul>\r\n \t<li><strong>Poulet-c\u00e9sar<\/strong><\/li>\r\n        <li>C\u0153ur de laitue romaine, poulet marin\u00e9 grill\u00e9, cr\u00e9meuse de c\u00e9sar, crouton et <\/li>\r\n<li>parmesan<\/li>\r\n<li> \t*** <\/li>\r\n   <\/ul>\r\n  <\/div>\r\n<div class=\"liste-fine-bouch\u00e9es\">\r\n  <ul>\r\n \t<li><strong>Caprese<\/strong><\/li>\r\n        <li> Tomate, mozzarella, basilic, huile d\u2019olive balsamique et parmesan<\/li>\r\n<li> \t*** <\/li>\r\n   <\/ul>\r\n  <\/div>\r\n<div class=\"liste-fine-bouch\u00e9es\">\r\n  <ul>\r\n \t<li><strong>Salade de Roquette<\/strong><\/li>\r\n        <li>Parmesan, noix de Grenoble, bacon, vinaigrette \u00e0 l'orange<\/li>\r\n<li> \t*** <\/li>\r\n   <\/ul>\r\n  <\/div>\r\n<div class=\"liste-fine-bouch\u00e9es\">\r\n  <ul>\r\n \t<li><strong>Salade Fruit de mer<\/strong><\/li>\r\n       <li>Crevettes, seiches, calamars et moules saut\u00e9s au beurre, ail, citron, persil et <\/li>\r\n<li>paprika espagnole, sur nid de roquettes, laitue et tomates cerises marin\u00e9es, \u00e0 la  <\/li>\r\n<li>moutarde verte<\/li>\r\n<li> \t*** <\/li>\r\n   <\/ul>\r\n  <\/div>\r\n<div class=\"liste-fine-bouch\u00e9es\">\r\n  <ul>\r\n \t<li><strong>Saumon avocat<\/strong><\/li>\r\n        <li>M\u00e9lange de mesclun, mangue , avocat, olive noire, tomate cerise, coriandre et <\/li>\r\n<li>saumon grill\u00e9<\/li>\r\n<li> \t*** <\/li>\r\n   <\/ul>\r\n  <\/div>\r\n\r\n<div class=\"tarif\">\r\n<span class=\"consulter\"> Tarif (nous consulter)<\/span>\r\n<\/div>\r\n<div class=\"bottom-footer\">\r\n <\/div>\r\n\r\n\r\n <\/div>\r\n<div class=\"download-section\">\r\n        <div class=\"detail-icons\">\r\n\r\n           <div class=\"send-detail\" >\r\n                <a href=\"#myModal\"  data-toggle=\"modal\"> <span id=\"hidden-text\">abcd<\/span><\/a>\r\n            <\/div>\r\n\r\n            <div class=\"download-detail\">\r\n                <a href=\"http:\/\/particulier.forum.com.tn\/wp-content\/uploads\/sites\/3\/2017\/03\/2-Salade.pdf\" target=\"_blank\"> <span id=\"hidden-text\">abcd<\/span><\/a>\r\n            <\/div>\r\n\r\n            <div class=\"print-detail\">\r\n                <a href=\"http:\/\/particulier.forum.com.tn\/wp-content\/uploads\/sites\/3\/2017\/03\/2-Salade.pdf\" target=\"_blank\"> <span id=\"hidden-text\">abcd<\/span><\/a>\r\n            <\/div>\r\n\r\n        <\/div>\r\n    <\/div>","protected":false},"excerpt":{"rendered":"Salade Grecque Concombre, tomate, poivron, oignon rouge et fromage feta en mac\u00e9doine, thon, olives violettes vinaigrette a l\u2019Oregon *** Poulet-c\u00e9sar C\u0153ur de laitue romaine, poulet marin\u00e9 grill\u00e9, cr\u00e9meuse de c\u00e9sar, crouton et parmesan *** Caprese Tomate, mozzarella, basilic, huile d\u2019olive balsamique et parmesan *** Salade de Roquette Parmesan, noix de Grenoble, bacon, vinaigrette \u00e0 l&rsquo;orange <a class=\"read-more\" href=\"http:\/\/www.forum.com.tn\/particulier\/Fr\/banquets\/menu-a-la-carte\/salades\/\">&#8230;<\/a>","protected":false},"author":1,"featured_media":822,"parent":682,"menu_order":0,"comment_status":"closed","ping_status":"closed","template":"single-detail.php","meta":[],"_links":{"self":[{"href":"http:\/\/www.forum.com.tn\/particulier\/Fr\/wp-json\/wp\/v2\/pages\/1179"}],"collection":[{"href":"http:\/\/www.forum.com.tn\/particulier\/Fr\/wp-json\/wp\/v2\/pages"}],"about":[{"href":"http:\/\/www.forum.com.tn\/particulier\/Fr\/wp-json\/wp\/v2\/types\/page"}],"author":[{"embeddable":true,"href":"http:\/\/www.forum.com.tn\/particulier\/Fr\/wp-json\/wp\/v2\/users\/1"}],"replies":[{"embeddable":true,"href":"http:\/\/www.forum.com.tn\/particulier\/Fr\/wp-json\/wp\/v2\/comments?post=1179"}],"version-history":[{"count":13,"href":"http:\/\/www.forum.com.tn\/particulier\/Fr\/wp-json\/wp\/v2\/pages\/1179\/revisions"}],"predecessor-version":[{"id":3004,"href":"http:\/\/www.forum.com.tn\/particulier\/Fr\/wp-json\/wp\/v2\/pages\/1179\/revisions\/3004"}],"up":[{"embeddable":true,"href":"http:\/\/www.forum.com.tn\/particulier\/Fr\/wp-json\/wp\/v2\/pages\/682"}],"wp:featuredmedia":[{"embeddable":true,"href":"http:\/\/www.forum.com.tn\/particulier\/Fr\/wp-json\/wp\/v2\/media\/822"}],"wp:attachment":[{"href":"http:\/\/www.forum.com.tn\/particulier\/Fr\/wp-json\/wp\/v2\/media?parent=1179"}],"curies":[{"name":"wp","href":"https:\/\/api.w.org\/{rel}","templated":true}]}}