{"id":1181,"date":"2016-12-25T15:27:47","date_gmt":"2016-12-25T14:27:47","guid":{"rendered":"http:\/\/particulier.forum.com.tn\/?page_id=1181"},"modified":"2017-04-27T16:33:00","modified_gmt":"2017-04-27T14:33:00","slug":"pates","status":"publish","type":"page","link":"http:\/\/www.forum.com.tn\/particulier\/Fr\/banquets\/menu-a-la-carte\/pates\/","title":{"rendered":"P\u00c2TES"},"content":{"rendered":"<div class=\"inner-detail-text container\">\r\n                          \r\n <div class=\"liste-fine-bouch\u00e9es\">\r\n  <ul>\r\n \t<li>Spaghetti p\u00e9cheur  <\/li>\r\n<li> \t*** <\/li>\r\n        \r\n \t<li>Penne \u00e0 la creme saumon fum\u00e9  <\/li>\r\n<li> \t*** <\/li>\r\n<li>Farfalli monte mare crevette champignon<\/li>\r\n<li> \t*** <\/li>\r\n<li>Spaghetti clovisse boutargue<\/li>\r\n<li> \t*** <\/li>\r\n<li>Fettucini 4 fromages <\/li>\r\n<li> \t*** <\/li>\r\n<li>Spaghetti \u00e0 la Rag\u00f9 <\/li>\r\n<li> \t*** <\/li>\r\n<li>Spaghetti boulette de viande permiggiano <\/li>\r\n<li> \t*** <\/li>\r\n<li>Scaloppini parmiggiano  <\/li>\r\n<li> \t*** <\/li>\r\n<li>Scaloppini al fungi  <\/li>\r\n<li> \t*** <\/li>\r\n<li>Linguine poulet pesto verde <\/li>\r\n<li> \t*** <\/li>\r\n<li>Al fungi gorgonzola<\/li>\r\n<li> \t*** <\/li>\r\n\r\n   <\/ul>\r\n  <\/div>\r\n\r\n<div class=\"tarif\">\r\n <span class=\"consulter\"> Tarif (nous consulter)<\/span>\r\n<\/div>\r\n<div class=\"bottom-footer\">\r\n <\/div>\r\n\r\n\r\n <\/div>\r\n<div class=\"download-section\">\r\n        <div class=\"detail-icons\">\r\n\r\n           <div class=\"send-detail\" >\r\n                <a href=\"#myModal\"  data-toggle=\"modal\"> <span id=\"hidden-text\">abcd<\/span><\/a>\r\n            <\/div>\r\n\r\n\r\n            <div class=\"download-detail\">\r\n                <a href=\"http:\/\/particulier.forum.com.tn\/wp-content\/uploads\/sites\/3\/2017\/03\/3-Pates.pdf\" target=\"_blank\"> <span id=\"hidden-text\">abcd<\/span><\/a>\r\n            <\/div>\r\n\r\n            <div class=\"print-detail\">\r\n                <a href=\"http:\/\/particulier.forum.com.tn\/wp-content\/uploads\/sites\/3\/2017\/03\/3-Pates.pdf\" target=\"_blank\"> <span id=\"hidden-text\">abcd<\/span><\/a>\r\n            <\/div>\r\n\r\n        <\/div>\r\n    <\/div>","protected":false},"excerpt":{"rendered":"Spaghetti p\u00e9cheur *** Penne \u00e0 la creme saumon fum\u00e9 *** Farfalli monte mare crevette champignon *** Spaghetti clovisse boutargue *** Fettucini 4 fromages *** Spaghetti \u00e0 la Rag\u00f9 *** Spaghetti boulette de viande permiggiano *** Scaloppini parmiggiano *** Scaloppini al fungi *** Linguine poulet pesto verde *** Al fungi gorgonzola *** Tarif (nous consulter) abcd <a class=\"read-more\" href=\"http:\/\/www.forum.com.tn\/particulier\/Fr\/banquets\/menu-a-la-carte\/pates\/\">&#8230;<\/a>","protected":false},"author":1,"featured_media":820,"parent":682,"menu_order":0,"comment_status":"closed","ping_status":"closed","template":"single-detail.php","meta":[],"_links":{"self":[{"href":"http:\/\/www.forum.com.tn\/particulier\/Fr\/wp-json\/wp\/v2\/pages\/1181"}],"collection":[{"href":"http:\/\/www.forum.com.tn\/particulier\/Fr\/wp-json\/wp\/v2\/pages"}],"about":[{"href":"http:\/\/www.forum.com.tn\/particulier\/Fr\/wp-json\/wp\/v2\/types\/page"}],"author":[{"embeddable":true,"href":"http:\/\/www.forum.com.tn\/particulier\/Fr\/wp-json\/wp\/v2\/users\/1"}],"replies":[{"embeddable":true,"href":"http:\/\/www.forum.com.tn\/particulier\/Fr\/wp-json\/wp\/v2\/comments?post=1181"}],"version-history":[{"count":12,"href":"http:\/\/www.forum.com.tn\/particulier\/Fr\/wp-json\/wp\/v2\/pages\/1181\/revisions"}],"predecessor-version":[{"id":3005,"href":"http:\/\/www.forum.com.tn\/particulier\/Fr\/wp-json\/wp\/v2\/pages\/1181\/revisions\/3005"}],"up":[{"embeddable":true,"href":"http:\/\/www.forum.com.tn\/particulier\/Fr\/wp-json\/wp\/v2\/pages\/682"}],"wp:featuredmedia":[{"embeddable":true,"href":"http:\/\/www.forum.com.tn\/particulier\/Fr\/wp-json\/wp\/v2\/media\/820"}],"wp:attachment":[{"href":"http:\/\/www.forum.com.tn\/particulier\/Fr\/wp-json\/wp\/v2\/media?parent=1181"}],"curies":[{"name":"wp","href":"https:\/\/api.w.org\/{rel}","templated":true}]}}