{"id":1184,"date":"2016-12-25T15:37:03","date_gmt":"2016-12-25T14:37:03","guid":{"rendered":"http:\/\/particulier.forum.com.tn\/?page_id=1184"},"modified":"2017-04-27T16:35:17","modified_gmt":"2017-04-27T14:35:17","slug":"plat-principal","status":"publish","type":"page","link":"http:\/\/www.forum.com.tn\/particulier\/Fr\/banquets\/menu-a-la-carte\/plat-principal\/","title":{"rendered":"PLAT PRINCIPAL"},"content":{"rendered":"<div class=\"inner-detail-text container\">\r\n                          \r\n <div class=\"liste-fine-bouch\u00e9es\">\r\n  <ul>\r\n \t<li>Escalope cordon bleu \u00e0 l\u2019emmental et dinde fum\u00e9    <\/li>\r\n<li> \t*** <\/li>\r\n        \r\n \t<li>Poitrine de poulet farci parmesan fruits secs & coriandre fraiche   <\/li>\r\n<li> \t*** <\/li>\r\n<li>Cuisse de poulet abricot pruneau & amandes en tajine  <\/li>\r\n<li> \t*** <\/li>\r\n<li>Cuisse de poulet grill\u00e9 \u00e0 la portugaise et ses 3 sauces        <\/li>\r\n<li> \t*** <\/li>\r\n<li>Coquelet farci \u00e0 la marocaine<\/li>\r\n<li> \t*** <\/li>\r\n<li>Caille farcie au foie gras<\/li>\r\n<li> \t*** <\/li>\r\n<li>Eminc\u00e9s de b\u0153uf, Filet \u00e9minc\u00e9s sauce au choix: bleu, Dijon ou poivre<\/li>\r\n<li> \t*** <\/li>\r\n<li>Entrec\u00f4te de b\u0153uf grill\u00e9e sauce au choix: bleu, Dijon ou poivre<\/li>\r\n<li> \t*** <\/li>\r\n<li>Filet de b\u0153uf sauce au choix: bleu, Dijon ou poivre <\/li>\r\n<li> \t*** <\/li>\r\n<li>Filet de charolais au bacon fum\u00e9, Sauce gorgonzola poireau <\/li>\r\n<li> \t*** <\/li>\r\n<li>Filet Rossini et sa confiture d'oignons et champignons<\/li>\r\n<li> \t*** <\/li>\r\n<li>Onglet de b\u0153uf grill\u00e9 beurre, \u00e9chalotes<\/li>\r\n<li> \t*** <\/li>\r\n<li>Jarret d'agneau brais\u00e9 9 heures aux herbes et mad\u00e8re<\/li>\r\n<li> \t*** <\/li>\r\n<li>Gigot d'agneau \u00e0 l'ancienne, herbes fruits secs, miel et safran<\/li>\r\n<li> \t*** <\/li>\r\n<li>Boeuf brais\u00e9 estragon, cardamome et moutarde<\/li>\r\n<li> \t*** <\/li>\r\n<li>Rossini Burger \u00e0 la confiture d\u2019oignon & champignon    <\/li>\r\n<li> \t*** <\/li>\r\n<li>Assiette terre (poulet aux 15 \u00e9pices, poulet asiatique, b\u0153uf \u00e0 la citronnelle, <\/li>\r\n<li>agneau \u00e0 l\u2019ancienne) grill\u00e9 en brochette  & sauces  <\/li>\r\n<li> \t*** <\/li>\r\n<li>Assiette terre et mer<\/li>\r\n<li>Assiette mer  (seiche, calamar, crevette, m\u00e9rou, thon, saumon) en brochette et <\/li>\r\n<li>leur sauce <\/li>\r\n<li> \t*** <\/li>\r\n<li>Filet de thon au s\u00e9same   <\/li>\r\n<li> \t*** <\/li>\r\n<li>Paella terre et mer <\/li>\r\n<li> \t*** <\/li>\r\n<li>Loup, daurade grill\u00e9 ou en papillote ( piece de 250 g)<\/li>\r\n<li> \t*** <\/li>\r\n<li>Saumon, m\u00e9rou grill\u00e9 ou en papillote ( filet de 200 g )<\/li>\r\n<li> \t*** <\/li>\r\n<li>Langouste grill\u00e9e au beurre \u00e0 l'ail, sauce au cari rouge et lait de coco   les 100 g <\/li>\r\n<li> \t*** <\/li>\r\n\r\n   <\/ul>\r\n  <\/div>\r\n\r\n\r\n<div class=\"tarif\">\r\n <span class=\"consulter\"> Tarif (nous consulter)<\/span>\r\n<\/div>\r\n<div class=\"bottom-footer\">\r\n <\/div>\r\n\r\n\r\n <\/div>\r\n<div class=\"download-section\">\r\n        <div class=\"detail-icons\">\r\n\r\n            <div class=\"send-detail\" >\r\n                <a href=\"#myModal\"  data-toggle=\"modal\"> <span id=\"hidden-text\">abcd<\/span><\/a>\r\n            <\/div>\r\n\r\n\r\n            <div class=\"download-detail\">\r\n                <a href=\"http:\/\/particulier.forum.com.tn\/wp-content\/uploads\/sites\/3\/2017\/03\/5-Plat-Principal.pdf\" target=\"_blank\"> <span id=\"hidden-text\">abcd<\/span><\/a>\r\n            <\/div>\r\n\r\n            <div class=\"print-detail\">\r\n                <a href=\"http:\/\/particulier.forum.com.tn\/wp-content\/uploads\/sites\/3\/2017\/03\/5-Plat-Principal.pdf\" target=\"_blank\"> <span id=\"hidden-text\">abcd<\/span><\/a>\r\n            <\/div>\r\n\r\n        <\/div>\r\n    <\/div>","protected":false},"excerpt":{"rendered":"Escalope cordon bleu \u00e0 l\u2019emmental et dinde fum\u00e9 *** Poitrine de poulet farci parmesan fruits secs &#038; coriandre fraiche *** Cuisse de poulet abricot pruneau &#038; amandes en tajine *** Cuisse de poulet grill\u00e9 \u00e0 la portugaise et ses 3 sauces *** Coquelet farci \u00e0 la marocaine *** Caille farcie au foie gras *** Eminc\u00e9s <a class=\"read-more\" href=\"http:\/\/www.forum.com.tn\/particulier\/Fr\/banquets\/menu-a-la-carte\/plat-principal\/\">&#8230;<\/a>","protected":false},"author":1,"featured_media":821,"parent":682,"menu_order":0,"comment_status":"closed","ping_status":"closed","template":"single-detail.php","meta":[],"_links":{"self":[{"href":"http:\/\/www.forum.com.tn\/particulier\/Fr\/wp-json\/wp\/v2\/pages\/1184"}],"collection":[{"href":"http:\/\/www.forum.com.tn\/particulier\/Fr\/wp-json\/wp\/v2\/pages"}],"about":[{"href":"http:\/\/www.forum.com.tn\/particulier\/Fr\/wp-json\/wp\/v2\/types\/page"}],"author":[{"embeddable":true,"href":"http:\/\/www.forum.com.tn\/particulier\/Fr\/wp-json\/wp\/v2\/users\/1"}],"replies":[{"embeddable":true,"href":"http:\/\/www.forum.com.tn\/particulier\/Fr\/wp-json\/wp\/v2\/comments?post=1184"}],"version-history":[{"count":13,"href":"http:\/\/www.forum.com.tn\/particulier\/Fr\/wp-json\/wp\/v2\/pages\/1184\/revisions"}],"predecessor-version":[{"id":3007,"href":"http:\/\/www.forum.com.tn\/particulier\/Fr\/wp-json\/wp\/v2\/pages\/1184\/revisions\/3007"}],"up":[{"embeddable":true,"href":"http:\/\/www.forum.com.tn\/particulier\/Fr\/wp-json\/wp\/v2\/pages\/682"}],"wp:featuredmedia":[{"embeddable":true,"href":"http:\/\/www.forum.com.tn\/particulier\/Fr\/wp-json\/wp\/v2\/media\/821"}],"wp:attachment":[{"href":"http:\/\/www.forum.com.tn\/particulier\/Fr\/wp-json\/wp\/v2\/media?parent=1184"}],"curies":[{"name":"wp","href":"https:\/\/api.w.org\/{rel}","templated":true}]}}