{"id":1186,"date":"2016-12-25T15:44:27","date_gmt":"2016-12-25T14:44:27","guid":{"rendered":"http:\/\/particulier.forum.com.tn\/?page_id=1186"},"modified":"2017-04-27T16:34:16","modified_gmt":"2017-04-27T14:34:16","slug":"garnitures","status":"publish","type":"page","link":"http:\/\/www.forum.com.tn\/particulier\/Fr\/banquets\/menu-a-la-carte\/garnitures\/","title":{"rendered":"GARNITURES"},"content":{"rendered":"<div class=\"inner-detail-text container\">\r\n                          \r\n <div class=\"liste-fine-bouch\u00e9es\">\r\n  <ul>\r\n \t<li>Riz Basmati au beurre safran\u00e9 et fruits secs \u00e0 la perse<\/li>\r\n<li> \t*** <\/li>\r\n        \r\n \t<li>L\u00e9gumes saut\u00e9s aux herbes et ail  <\/li>\r\n<li> \t*** <\/li>\r\n<li>Patate au four au beurre<\/li>\r\n<li> \t*** <\/li>\r\n<li>Gratin de pommes de terre<\/li>\r\n<li> \t*** <\/li>\r\n<li>Gratin de fenouil<\/li>\r\n<li> \t*** <\/li>\r\n<li>Petite salade verte<\/li>\r\n<li> \t*** <\/li>\r\n<li>Penne (blanche, ros\u00e9e, rouge)<\/li>\r\n<li> \t*** <\/li>\r\n<li>Vermicelles chinoises l\u00e9gumes et crevettes<\/li>\r\n<li> \t*** <\/li>\r\n<li>Orgeotto cr\u00e8me parmesan <\/li>\r\n<li> \t*** <\/li>\r\n<li>Confiture d'oignons et champignons<\/li>\r\n<li> \t*** <\/li>\r\n<li>Confiture d'oignons et pruneaux<\/li>\r\n<li> \t*** <\/li>\r\n<li>Mini pomme de terre saut\u00e9 au gras de canard et herbes de province<\/li>\r\n<li> \t*** <\/li>\r\n<li> Champignons sauvages saut\u00e9s*<\/li>\r\n<li> \t*** <\/li>\r\n\r\n   <\/ul>\r\n  <\/div>\r\n\r\n\r\n<div class=\"remarque\">\r\n  *Selon disponibilit\u00e9\r\n<\/div>\r\n\r\n<div class=\"tarif\">\r\n<span class=\"consulter\"> Tarif (nous consulter)<\/span>\r\n<\/div>\r\n<div class=\"bottom-footer\">\r\n <\/div>\r\n\r\n\r\n\r\n <\/div>\r\n<div class=\"download-section\">\r\n        <div class=\"detail-icons\">\r\n<div class=\"send-detail\" >\r\n                <a href=\"#myModal\"  data-toggle=\"modal\"> <span id=\"hidden-text\">abcd<\/span><\/a>\r\n            <\/div>\r\n\r\n\r\n            <div class=\"download-detail\">\r\n                <a href=\"http:\/\/particulier.forum.com.tn\/wp-content\/uploads\/sites\/3\/2017\/03\/4-Garniture.pdf\" target=\"_blank\"> <span id=\"hidden-text\">abcd<\/span><\/a>\r\n            <\/div>\r\n\r\n            <div class=\"print-detail\">\r\n                <a href=\"http:\/\/particulier.forum.com.tn\/wp-content\/uploads\/sites\/3\/2017\/03\/4-Garniture.pdf\" target=\"_blank\"> <span id=\"hidden-text\">abcd<\/span><\/a>\r\n            <\/div>\r\n\r\n        <\/div>\r\n    <\/div>","protected":false},"excerpt":{"rendered":"Riz Basmati au beurre safran\u00e9 et fruits secs \u00e0 la perse *** L\u00e9gumes saut\u00e9s aux herbes et ail *** Patate au four au beurre *** Gratin de pommes de terre *** Gratin de fenouil *** Petite salade verte *** Penne (blanche, ros\u00e9e, rouge) *** Vermicelles chinoises l\u00e9gumes et crevettes *** Orgeotto cr\u00e8me parmesan *** Confiture <a class=\"read-more\" href=\"http:\/\/www.forum.com.tn\/particulier\/Fr\/banquets\/menu-a-la-carte\/garnitures\/\">&#8230;<\/a>","protected":false},"author":1,"featured_media":819,"parent":682,"menu_order":0,"comment_status":"closed","ping_status":"closed","template":"single-detail.php","meta":[],"_links":{"self":[{"href":"http:\/\/www.forum.com.tn\/particulier\/Fr\/wp-json\/wp\/v2\/pages\/1186"}],"collection":[{"href":"http:\/\/www.forum.com.tn\/particulier\/Fr\/wp-json\/wp\/v2\/pages"}],"about":[{"href":"http:\/\/www.forum.com.tn\/particulier\/Fr\/wp-json\/wp\/v2\/types\/page"}],"author":[{"embeddable":true,"href":"http:\/\/www.forum.com.tn\/particulier\/Fr\/wp-json\/wp\/v2\/users\/1"}],"replies":[{"embeddable":true,"href":"http:\/\/www.forum.com.tn\/particulier\/Fr\/wp-json\/wp\/v2\/comments?post=1186"}],"version-history":[{"count":14,"href":"http:\/\/www.forum.com.tn\/particulier\/Fr\/wp-json\/wp\/v2\/pages\/1186\/revisions"}],"predecessor-version":[{"id":3006,"href":"http:\/\/www.forum.com.tn\/particulier\/Fr\/wp-json\/wp\/v2\/pages\/1186\/revisions\/3006"}],"up":[{"embeddable":true,"href":"http:\/\/www.forum.com.tn\/particulier\/Fr\/wp-json\/wp\/v2\/pages\/682"}],"wp:featuredmedia":[{"embeddable":true,"href":"http:\/\/www.forum.com.tn\/particulier\/Fr\/wp-json\/wp\/v2\/media\/819"}],"wp:attachment":[{"href":"http:\/\/www.forum.com.tn\/particulier\/Fr\/wp-json\/wp\/v2\/media?parent=1186"}],"curies":[{"name":"wp","href":"https:\/\/api.w.org\/{rel}","templated":true}]}}