{"id":1196,"date":"2016-12-26T10:37:55","date_gmt":"2016-12-26T09:37:55","guid":{"rendered":"http:\/\/particulier.forum.com.tn\/?page_id=1196"},"modified":"2017-04-27T15:43:50","modified_gmt":"2017-04-27T13:43:50","slug":"les-bouchees-chaudes-froides","status":"publish","type":"page","link":"http:\/\/www.forum.com.tn\/particulier\/Fr\/banquets\/le-sale-fin\/les-bouchees-chaudes-froides\/","title":{"rendered":"LES BOUCH\u00c9ES CHAUDES &#038; FROIDES"},"content":{"rendered":"<div class=\"inner-detail-text container\">\r\n                          \r\n <div class=\"liste-fine-bouch\u00e9es\">\r\n  <ul>\r\n \t<li>Baton \u00e0 la Tomate<\/li>\r\n<li> \t*** <\/li>\r\n        \r\n \t<li>Briochette aux Fruits de Mer <\/li>\r\n<li> \t*** <\/li>\r\n<li>Canap\u00e9 Empire <\/li>\r\n<li> \t*** <\/li>\r\n<li>Canap\u00e9 Sicilien<\/li>\r\n<li> \t*** <\/li>\r\n<li>Canap\u00e9 tout Saumon<\/li>\r\n<li> \t*** <\/li>\r\n<li>Canap\u00e9 Vari\u00e9s<\/li>\r\n<li> \t*** <\/li>\r\n<li>Carr\u00e9 au Thon<\/li>\r\n<li> \t*** <\/li>\r\n<li>Carr\u00e9 aux Graines de Nigel<\/li>\r\n<li> \t*** <\/li>\r\n<li>Chausson Poulet C\u00e2pre Harissa<\/li>\r\n<li> \t*** <\/li>\r\n<li>Chausson Poulet Parfum\u00e9<\/li>\r\n<li> \t*** <\/li>\r\n<li>Chausson Poulet Thon<\/li>\r\n<li> \t*** <\/li>\r\n<li>Diamants Parmesan<\/li>\r\n<li> \t*** <\/li>\r\n<li> Donuts Thon<\/li>\r\n<li> \t*** <\/li>\r\n<li>Pizza Plate<\/li>\r\n<li> \t*** <\/li>\r\n<li> Poulet-Epinard<\/li>\r\n<li> \t*** <\/li>\r\n<li> Poulet-Gruyere<\/li>\r\n<li> \t*** <\/li>\r\n<li> Tuile Fois Gras Chatney d'Ognions<\/li>\r\n<li> \t*** <\/li>\r\n\r\n   <\/ul>\r\n  <\/div>\r\n\r\n<div class=\"personnalisez-formule\">\r\n              \r\n            <\/div>\r\n\r\n<div class=\"tarif\">\r\n <span class=\"consulter\"> Tarif(nous consulter)<\/span>\r\n<\/div>\r\n<div class=\"bottom-footer\">\r\n <\/div>\r\n\r\n <\/div>\r\n<div class=\"download-section\">\r\n        <div class=\"detail-icons\">\r\n<div class=\"send-detail\" >\r\n                <a href=\"#myModal\"  data-toggle=\"modal\"> <span id=\"hidden-text\">abcd<\/span><\/a>\r\n            <\/div>\r\n\r\n            <div class=\"download-detail\">\r\n                <a href=\"http:\/\/particulier.forum.com.tn\/wp-content\/uploads\/sites\/3\/2017\/03\/1-Les-Bouchees-chaudes-Froides.pdf\" target=\"_blank\"> <span id=\"hidden-text\">abcd<\/span><\/a>\r\n            <\/div>\r\n\r\n            <div class=\"print-detail\">\r\n                <a href=\"http:\/\/particulier.forum.com.tn\/wp-content\/uploads\/sites\/3\/2017\/03\/1-Les-Bouchees-chaudes-Froides.pdf\" target=\"_blank\"> <span id=\"hidden-text\">abcd<\/span><\/a>\r\n            <\/div>\r\n\r\n        <\/div>\r\n    <\/div>","protected":false},"excerpt":{"rendered":"Baton \u00e0 la Tomate *** Briochette aux Fruits de Mer *** Canap\u00e9 Empire *** Canap\u00e9 Sicilien *** Canap\u00e9 tout Saumon *** Canap\u00e9 Vari\u00e9s *** Carr\u00e9 au Thon *** Carr\u00e9 aux Graines de Nigel *** Chausson Poulet C\u00e2pre Harissa *** Chausson Poulet Parfum\u00e9 *** Chausson Poulet Thon *** Diamants Parmesan *** Donuts Thon *** Pizza Plate <a class=\"read-more\" href=\"http:\/\/www.forum.com.tn\/particulier\/Fr\/banquets\/le-sale-fin\/les-bouchees-chaudes-froides\/\">&#8230;<\/a>","protected":false},"author":1,"featured_media":1142,"parent":542,"menu_order":0,"comment_status":"closed","ping_status":"closed","template":"single-detail.php","meta":[],"_links":{"self":[{"href":"http:\/\/www.forum.com.tn\/particulier\/Fr\/wp-json\/wp\/v2\/pages\/1196"}],"collection":[{"href":"http:\/\/www.forum.com.tn\/particulier\/Fr\/wp-json\/wp\/v2\/pages"}],"about":[{"href":"http:\/\/www.forum.com.tn\/particulier\/Fr\/wp-json\/wp\/v2\/types\/page"}],"author":[{"embeddable":true,"href":"http:\/\/www.forum.com.tn\/particulier\/Fr\/wp-json\/wp\/v2\/users\/1"}],"replies":[{"embeddable":true,"href":"http:\/\/www.forum.com.tn\/particulier\/Fr\/wp-json\/wp\/v2\/comments?post=1196"}],"version-history":[{"count":53,"href":"http:\/\/www.forum.com.tn\/particulier\/Fr\/wp-json\/wp\/v2\/pages\/1196\/revisions"}],"predecessor-version":[{"id":2980,"href":"http:\/\/www.forum.com.tn\/particulier\/Fr\/wp-json\/wp\/v2\/pages\/1196\/revisions\/2980"}],"up":[{"embeddable":true,"href":"http:\/\/www.forum.com.tn\/particulier\/Fr\/wp-json\/wp\/v2\/pages\/542"}],"wp:featuredmedia":[{"embeddable":true,"href":"http:\/\/www.forum.com.tn\/particulier\/Fr\/wp-json\/wp\/v2\/media\/1142"}],"wp:attachment":[{"href":"http:\/\/www.forum.com.tn\/particulier\/Fr\/wp-json\/wp\/v2\/media?parent=1196"}],"curies":[{"name":"wp","href":"https:\/\/api.w.org\/{rel}","templated":true}]}}