{"id":1202,"date":"2016-12-26T10:50:08","date_gmt":"2016-12-26T09:50:08","guid":{"rendered":"http:\/\/particulier.forum.com.tn\/?page_id=1202"},"modified":"2017-04-27T15:48:37","modified_gmt":"2017-04-27T13:48:37","slug":"les-brochettes","status":"publish","type":"page","link":"http:\/\/www.forum.com.tn\/particulier\/Fr\/banquets\/le-sale-fin\/les-brochettes\/","title":{"rendered":"LES BROCHETTES"},"content":{"rendered":"<div class=\"inner-detail-text container\">\r\n<div class=\"liste-fine-bouch\u00e9es\">\r\n<ul>\r\n \t<li>Asiatika<\/li>\r\n \t<li>***<\/li>\r\n \t<li>Brochette asiatique filet de boeuf<\/li>\r\n \t<li>***<\/li>\r\n \t<li>Brochette asiatique poulet<\/li>\r\n \t<li>***<\/li>\r\n \t<li>Brochette crevettes zeste de citron<\/li>\r\n \t<li>***<\/li>\r\n \t<li>Brochette poulet pruneaux<\/li>\r\n \t<li>***<\/li>\r\n \t<li>Croisette<\/li>\r\n \t<li>***<\/li>\r\n \t<li>Fricadelle<\/li>\r\n \t<li>***<\/li>\r\n \t<li>Jardini\u00e8re au saumon<\/li>\r\n \t<li>***<\/li>\r\n \t<li>Poignet br\u00e9saola parmesan<\/li>\r\n \t<li>***<\/li>\r\n \t<li>Poulet \u00e0 l'orange<\/li>\r\n \t<li>***<\/li>\r\n \t<li>Roulades de cr\u00eapes vari\u00e9es<\/li>\r\n \t<li>***<\/li>\r\n \t<li>Seiches farcies aux crevettes<\/li>\r\n \t<li>***<\/li>\r\n \t<li>Symphonie<\/li>\r\n \t<li>***<\/li>\r\n<\/ul>\r\n<\/div>\r\n<div class=\"tarif\">\r\n <span class=\"consulter\"> Tarif (nous consulter)<\/span>\r\n<\/div>\r\n<div class=\"bottom-footer\">\r\n <\/div>\r\n<\/div>\r\n<div class=\"download-section\">\r\n<div class=\"detail-icons\">\r\n<div class=\"send-detail\" >\r\n                <a href=\"#myModal\"  data-toggle=\"modal\"> <span id=\"hidden-text\">abcd<\/span><\/a>\r\n            <\/div><div class=\"download-detail\"><a href=\"http:\/\/particulier.forum.com.tn\/wp-content\/uploads\/sites\/3\/2017\/03\/4-Les-Brochettes.pdf\" target=\"_blank\"> <span id=\"hidden-text\">abcd<\/span><\/a><\/div>\r\n<div class=\"print-detail\"><a href=\"http:\/\/particulier.forum.com.tn\/wp-content\/uploads\/sites\/3\/2017\/03\/4-Les-Brochettes.pdf\" target=\"_blank\"> <span id=\"hidden-text\">abcd<\/span><\/a><\/div>\r\n<\/div>\r\n<\/div>","protected":false},"excerpt":{"rendered":"Asiatika *** Brochette asiatique filet de boeuf *** Brochette asiatique poulet *** Brochette crevettes zeste de citron *** Brochette poulet pruneaux *** Croisette *** Fricadelle *** Jardini\u00e8re au saumon *** Poignet br\u00e9saola parmesan *** Poulet \u00e0 l&rsquo;orange *** Roulades de cr\u00eapes vari\u00e9es *** Seiches farcies aux crevettes *** Symphonie *** Tarif (nous consulter) abcd abcd <a class=\"read-more\" href=\"http:\/\/www.forum.com.tn\/particulier\/Fr\/banquets\/le-sale-fin\/les-brochettes\/\">&#8230;<\/a>","protected":false},"author":1,"featured_media":1144,"parent":542,"menu_order":0,"comment_status":"closed","ping_status":"closed","template":"single-detail.php","meta":[],"_links":{"self":[{"href":"http:\/\/www.forum.com.tn\/particulier\/Fr\/wp-json\/wp\/v2\/pages\/1202"}],"collection":[{"href":"http:\/\/www.forum.com.tn\/particulier\/Fr\/wp-json\/wp\/v2\/pages"}],"about":[{"href":"http:\/\/www.forum.com.tn\/particulier\/Fr\/wp-json\/wp\/v2\/types\/page"}],"author":[{"embeddable":true,"href":"http:\/\/www.forum.com.tn\/particulier\/Fr\/wp-json\/wp\/v2\/users\/1"}],"replies":[{"embeddable":true,"href":"http:\/\/www.forum.com.tn\/particulier\/Fr\/wp-json\/wp\/v2\/comments?post=1202"}],"version-history":[{"count":14,"href":"http:\/\/www.forum.com.tn\/particulier\/Fr\/wp-json\/wp\/v2\/pages\/1202\/revisions"}],"predecessor-version":[{"id":2982,"href":"http:\/\/www.forum.com.tn\/particulier\/Fr\/wp-json\/wp\/v2\/pages\/1202\/revisions\/2982"}],"up":[{"embeddable":true,"href":"http:\/\/www.forum.com.tn\/particulier\/Fr\/wp-json\/wp\/v2\/pages\/542"}],"wp:featuredmedia":[{"embeddable":true,"href":"http:\/\/www.forum.com.tn\/particulier\/Fr\/wp-json\/wp\/v2\/media\/1144"}],"wp:attachment":[{"href":"http:\/\/www.forum.com.tn\/particulier\/Fr\/wp-json\/wp\/v2\/media?parent=1202"}],"curies":[{"name":"wp","href":"https:\/\/api.w.org\/{rel}","templated":true}]}}